{"id":22304,"date":"2022-07-29T15:26:29","date_gmt":"2022-07-29T13:26:29","guid":{"rendered":"https:\/\/www.pharmathek.com\/?page_id=22304"},"modified":"2022-07-29T15:26:46","modified_gmt":"2022-07-29T13:26:46","slug":"pharmacie-n-s-montallegro","status":"publish","type":"page","link":"https:\/\/www.pharmathek.com\/fr\/pharmacie-n-s-montallegro\/","title":{"rendered":"Pharmacie N.S. Montallegro"},"content":{"rendered":"<div class=\"wpb-content-wrapper\"><p>[vc_row full_width=\u00a0\u00bbstretch_row_content\u00a0\u00bb equal_height=\u00a0\u00bbyes\u00a0\u00bb content_placement=\u00a0\u00bbmiddle\u00a0\u00bb bg_type=\u00a0\u00bbbg_color\u00a0\u00bb bg_override=\u00a0\u00bbfull\u00a0\u00bb bg_color_value=\u00a0\u00bb#eeeeef\u00a0\u00bb][vc_column width=\u00a0\u00bb1\/2&Prime; css=\u00a0\u00bb.vc_custom_1523960820222{padding-right: 0px !important;padding-left: 0px !important;}\u00a0\u00bb offset=\u00a0\u00bbvc_hidden-md vc_hidden-sm vc_hidden-xs\u00a0\u00bb][vc_single_image image=\u00a0\u00bb7179&Prime; img_size=\u00a0\u00bbfull\u00a0\u00bb][\/vc_column][vc_column width=\u00a0\u00bb1\/2&Prime; css=\u00a0\u00bb.vc_custom_1523961149466{padding-right: 100px !important;padding-left: 100px !important;}\u00a0\u00bb offset=\u00a0\u00bbvc_hidden-md vc_hidden-sm vc_hidden-xs\u00a0\u00bb][vc_empty_space]<div id=\"ultimate-heading-48516a09ed2ae5610\" class=\"uvc-heading ult-adjust-bottom-margin ultimate-heading-48516a09ed2ae5610 uvc-6404 head-section-title uvc-heading-default-font-sizes\" data-hspacer=\"no_spacer\"  data-halign=\"center\" style=\"text-align:center\"><div class=\"uvc-heading-spacer no_spacer\" style=\"top\"><\/div><div class=\"uvc-main-heading ult-responsive\"  data-ultimate-target='.uvc-heading.ultimate-heading-48516a09ed2ae5610 p'  data-responsive-json-new='{\"font-size\":\"\",\"line-height\":\"\"}' ><p style=\"--font-weight:theme;\">PHARMACIE N.S. MONTALLEGRO <\/p><\/div><\/div>[vc_empty_space][vc_column_text el_class=\u00a0\u00bbtext-justify\u00a0\u00bb]La Pharmacie N.S. di Montallegro est \u00e9quip\u00e9e d&rsquo;un robot d&rsquo;entrep\u00f4t Pharmathek.<\/p>\n<p>Plus pr\u00e9cis\u00e9ment, il s&rsquo;agit d&rsquo;un robot mod\u00e8le <a href=\"https:\/\/www.pharmathek.com\/fr\/installez-un-robot-pharmathek\/\">Sintesi<\/a> install\u00e9 derri\u00e8re le comptoir de la pharmacie qui pr\u00e9sente deux caract\u00e9ristiques particuli\u00e8res.<\/p>\n<p>Tout d&rsquo;abord, c&rsquo;est un robot bicolore : l&rsquo;entrep\u00f4t robotis\u00e9 est en fait blanc \u00e0 l&rsquo;exception des panneaux de couleur beige faisant face \u00e0 l&rsquo;int\u00e9rieur de la pharmacie, afin de se s\u2019int\u00e9grer parfaitement avec les couleurs de la pharmacie.<\/p>\n<p>Deuxi\u00e8mement, l&rsquo;un des petits c\u00f4t\u00e9s du robot est constitu\u00e9 d&rsquo;une paroi de cristal. Cela est d\u00fb au fait que, puisque ce c\u00f4t\u00e9 est visible depuis l&rsquo;une des vitrines de la pharmacie, il \u00e9tait destin\u00e9 \u00e0 permettre aux passants de voir le robot en action depuis la rue. En plus de cela, la pr\u00e9sence du robot a \u00e9t\u00e9 soulign\u00e9e par le choix d&rsquo;enrichir l&rsquo;int\u00e9rieur du robot avec un syst\u00e8me d&rsquo;\u00e9clairage LED qui change continuellement de couleur.<\/p>\n<p>Le robot dispose de trois sorties dans l&rsquo;espace de vente : deux derri\u00e8re le comptoir et une pr\u00e8s de l&rsquo;espace d\u00e9di\u00e9 \u00e0 la dermocosm\u00e9tique.[\/vc_column_text][vc_empty_space][\/vc_column][\/vc_row][vc_row full_width=\u00a0\u00bbstretch_row_content\u00a0\u00bb equal_height=\u00a0\u00bbyes\u00a0\u00bb content_placement=\u00a0\u00bbmiddle\u00a0\u00bb bg_type=\u00a0\u00bbbg_color\u00a0\u00bb bg_override=\u00a0\u00bbfull\u00a0\u00bb bg_color_value=\u00a0\u00bb#eeeeef\u00a0\u00bb][vc_column css=\u00a0\u00bb.vc_custom_1524126751494{padding-right: 0px !important;padding-left: 0px !important;}\u00a0\u00bb offset=\u00a0\u00bbvc_hidden-lg\u00a0\u00bb el_class=\u00a0\u00bbfull-width-no-padding\u00a0\u00bb][vc_single_image image=\u00a0\u00bb7179&Prime; img_size=\u00a0\u00bbfull\u00a0\u00bb][vc_empty_space]<div id=\"ultimate-heading-99456a09ed2ae56de\" class=\"uvc-heading ult-adjust-bottom-margin ultimate-heading-99456a09ed2ae56de uvc-1611 head-section-title uvc-heading-default-font-sizes\" data-hspacer=\"no_spacer\"  data-halign=\"center\" style=\"text-align:center\"><div class=\"uvc-heading-spacer no_spacer\" style=\"top\"><\/div><div class=\"uvc-main-heading ult-responsive\"  data-ultimate-target='.uvc-heading.ultimate-heading-99456a09ed2ae56de p'  data-responsive-json-new='{\"font-size\":\"\",\"line-height\":\"\"}' ><p style=\"--font-weight:theme;\">PHARMACIE N.S. MONTALLEGRO <\/p><\/div><\/div>[vc_empty_space][vc_column_text el_class=\u00a0\u00bbtext-justify\u00a0\u00bb]La Pharmacie N.S. di Montallegro est \u00e9quip\u00e9e d&rsquo;un robot d&rsquo;entrep\u00f4t Pharmathek.<\/p>\n<p>Plus pr\u00e9cis\u00e9ment, il s&rsquo;agit d&rsquo;un robot mod\u00e8le <a href=\"https:\/\/www.pharmathek.com\/fr\/installez-un-robot-pharmathek\/\">Sintesi<\/a> install\u00e9 derri\u00e8re le comptoir de la pharmacie qui pr\u00e9sente deux caract\u00e9ristiques particuli\u00e8res.<\/p>\n<p>Tout d&rsquo;abord, c&rsquo;est un robot bicolore : l&rsquo;entrep\u00f4t robotis\u00e9 est en fait blanc \u00e0 l&rsquo;exception des panneaux de couleur beige faisant face \u00e0 l&rsquo;int\u00e9rieur de la pharmacie, afin de se s\u2019int\u00e9grer parfaitement avec les couleurs de la pharmacie.<\/p>\n<p>Deuxi\u00e8mement, l&rsquo;un des petits c\u00f4t\u00e9s du robot est constitu\u00e9 d&rsquo;une paroi de cristal. Cela est d\u00fb au fait que, puisque ce c\u00f4t\u00e9 est visible depuis l&rsquo;une des vitrines de la pharmacie, il \u00e9tait destin\u00e9 \u00e0 permettre aux passants de voir le robot en action depuis la rue. En plus de cela, la pr\u00e9sence du robot a \u00e9t\u00e9 soulign\u00e9e par le choix d&rsquo;enrichir l&rsquo;int\u00e9rieur du robot avec un syst\u00e8me d&rsquo;\u00e9clairage LED qui change continuellement de couleur.<\/p>\n<p>Le robot dispose de trois sorties dans l&rsquo;espace de vente : deux derri\u00e8re le comptoir et une pr\u00e8s de l&rsquo;espace d\u00e9di\u00e9 \u00e0 la dermocosm\u00e9tique.[\/vc_column_text][vc_empty_space][\/vc_column][\/vc_row][vc_row][vc_column offset=\u00a0\u00bbvc_hidden-md vc_hidden-sm vc_hidden-xs\u00a0\u00bb][vc_empty_space height=\u00a0\u00bb100px\u00a0\u00bb][vc_single_image image=\u00a0\u00bb7174&Prime; img_size=\u00a0\u00bbfull\u00a0\u00bb alignment=\u00a0\u00bbcenter\u00a0\u00bb][vc_empty_space]<div id=\"ultimate-heading-68356a09ed2ae575e\" class=\"uvc-heading ult-adjust-bottom-margin ultimate-heading-68356a09ed2ae575e uvc-8025 head-section-title uvc-heading-default-font-sizes\" data-hspacer=\"no_spacer\"  data-halign=\"center\" style=\"text-align:center\"><div class=\"uvc-heading-spacer no_spacer\" style=\"top\"><\/div><div class=\"uvc-main-heading ult-responsive\"  data-ultimate-target='.uvc-heading.ultimate-heading-68356a09ed2ae575e p'  data-responsive-json-new='{\"font-size\":\"\",\"line-height\":\"\"}' ><p style=\"--font-weight:theme;\">LA PAROLE AU PHARMACIEN<\/p><\/div><\/div>[vc_empty_space][vc_column_text el_class=\u00a0\u00bbtext-justify\u00a0\u00bb]<strong>Pourquoi avez-vous choisi de robotiser la pharmacie ?<\/strong><\/p>\n<p>Nous \u00e9tions int\u00e9ress\u00e9s par l&rsquo;automatisation depuis un certain temps mais ce qui nous a pouss\u00e9s \u00e0 prendre l&rsquo;initiative, c&rsquo;\u00e9tait la pr\u00e9sence d&rsquo;avantages fiscaux qui nous ont permis d&rsquo;installer notre robot avec un investissement rentable.<\/p>\n<p>En plus de cela, nous savions que l&rsquo;installation d&rsquo;un robot pour les pharmacies nous permettrait de travailler de mani\u00e8re plus rapide et plus moderne, tant du point de vue de la gestion des entrep\u00f4ts que du point de vue de plus de temps pass\u00e9 en contact avec clients.<\/p>\n<p>&nbsp;<\/p>\n<p><strong>Qu&rsquo;est-ce qui vous a amen\u00e9 \u00e0 choisir Pharmathek pour l&rsquo;automatisation de votre pharmacie ?<\/strong><\/p>\n<p>Apr\u00e8s avoir compar\u00e9 diff\u00e9rents robots de pharmacie sur le march\u00e9, nous avons identifi\u00e9 Pharmathek comme l&rsquo;entreprise qui proposait la solution d&rsquo;automatisation la plus performante. En particulier, nous avons appr\u00e9ci\u00e9 le bras m\u00e9canique Euclid3D, un brevet qui pr\u00e9sente des caract\u00e9ristiques et des fonctionnalit\u00e9s sup\u00e9rieures par rapport aux syst\u00e8mes de pr\u00e9hension d&rsquo;autres personnes.<\/p>\n<p>&nbsp;<\/p>\n<p><strong>Comment les clients ont-ils r\u00e9agi \u00e0 la robotisation de la pharmacie ?<\/strong><\/p>\n<p>Tr\u00e8s bien ! L&rsquo;installation d&rsquo;un robot permet aux clients d&rsquo;am\u00e9liorer significativement l&rsquo;image per\u00e7ue de la pharmacie. D&rsquo;une part, ils appr\u00e9cient le choix, le fait d&rsquo;\u00eatre une pharmacie pr\u00eate \u00e0 se renouveler pour offrir un service toujours plus moderne. En revanche, ils appr\u00e9cient les r\u00e9sultats, c&rsquo;est-\u00e0-dire le fait que d\u00e9sormais nos services sont plus rapides et avec plus de temps d\u00e9di\u00e9 au conseil client.<\/p>\n<p>C&rsquo;est pourquoi, lors de l&rsquo;automatisation de la pharmacie, nous avons choisi de rendre l&rsquo;int\u00e9rieur du robot visible de la rue \u00e0 travers la fen\u00eatre, ainsi que d&rsquo;enrichir le mur du robot faisant face \u00e0 l&rsquo;int\u00e9rieur de la pharmacie de panneaux de verre.<\/p>\n<p>Les clients ont imm\u00e9diatement fait preuve de curiosit\u00e9 et cela s&rsquo;est rapidement transform\u00e9 en appr\u00e9ciation d&rsquo;avoir une pharmacie de confiance qui est \u00e9galement \u00e0 la pointe de la technologie.<\/p>\n<p>&nbsp;<\/p>\n<p><strong>Recommanderiez-vous Pharmathek \u00e0 vos coll\u00e8gues ?<\/strong><\/p>\n<p>Oui ! Nous sommes tr\u00e8s satisfaits de notre robot, tant du point de vue d&rsquo;une meilleure gestion des stocks que de l&rsquo;impact qu&rsquo;il nous a permis d&rsquo;avoir sur notre communaut\u00e9.[\/vc_column_text][vc_empty_space height=\u00a0\u00bb100px\u00a0\u00bb][\/vc_column][\/vc_row][vc_row][vc_column offset=\u00a0\u00bbvc_hidden-lg\u00a0\u00bb][vc_empty_space height=\u00a0\u00bb50px\u00a0\u00bb][vc_single_image image=\u00a0\u00bb7174&Prime; img_size=\u00a0\u00bbfull\u00a0\u00bb alignment=\u00a0\u00bbcenter\u00a0\u00bb][vc_empty_space]<div id=\"ultimate-heading-86676a09ed2ae57db\" class=\"uvc-heading ult-adjust-bottom-margin ultimate-heading-86676a09ed2ae57db uvc-5481 head-section-title uvc-heading-default-font-sizes\" data-hspacer=\"no_spacer\"  data-halign=\"center\" style=\"text-align:center\"><div class=\"uvc-heading-spacer no_spacer\" style=\"top\"><\/div><div class=\"uvc-main-heading ult-responsive\"  data-ultimate-target='.uvc-heading.ultimate-heading-86676a09ed2ae57db p'  data-responsive-json-new='{\"font-size\":\"\",\"line-height\":\"\"}' ><p style=\"--font-weight:theme;\">LA PAROLE AU PHARMACIEN<\/p><\/div><\/div>[vc_empty_space][vc_column_text el_class=\u00a0\u00bbtext-justify\u00a0\u00bb]<strong>Pourquoi avez-vous choisi de robotiser la pharmacie ?<\/strong><\/p>\n<p>Nous \u00e9tions int\u00e9ress\u00e9s par l&rsquo;automatisation depuis un certain temps mais ce qui nous a pouss\u00e9s \u00e0 prendre l&rsquo;initiative, c&rsquo;\u00e9tait la pr\u00e9sence d&rsquo;avantages fiscaux qui nous ont permis d&rsquo;installer notre robot avec un investissement rentable.<\/p>\n<p>En plus de cela, nous savions que l&rsquo;installation d&rsquo;un robot pour les pharmacies nous permettrait de travailler de mani\u00e8re plus rapide et plus moderne, tant du point de vue de la gestion des entrep\u00f4ts que du point de vue de plus de temps pass\u00e9 en contact avec clients.<\/p>\n<p>&nbsp;<\/p>\n<p><strong>Qu&rsquo;est-ce qui vous a amen\u00e9 \u00e0 choisir Pharmathek pour l&rsquo;automatisation de votre pharmacie ?<\/strong><\/p>\n<p>Apr\u00e8s avoir compar\u00e9 diff\u00e9rents robots de pharmacie sur le march\u00e9, nous avons identifi\u00e9 Pharmathek comme l&rsquo;entreprise qui proposait la solution d&rsquo;automatisation la plus performante. En particulier, nous avons appr\u00e9ci\u00e9 le bras m\u00e9canique Euclid3D, un brevet qui pr\u00e9sente des caract\u00e9ristiques et des fonctionnalit\u00e9s sup\u00e9rieures par rapport aux syst\u00e8mes de pr\u00e9hension d&rsquo;autres personnes.<\/p>\n<p>&nbsp;<\/p>\n<p><strong>Comment les clients ont-ils r\u00e9agi \u00e0 la robotisation de la pharmacie ?<\/strong><\/p>\n<p>Tr\u00e8s bien ! L&rsquo;installation d&rsquo;un robot permet aux clients d&rsquo;am\u00e9liorer significativement l&rsquo;image per\u00e7ue de la pharmacie. D&rsquo;une part, ils appr\u00e9cient le choix, le fait d&rsquo;\u00eatre une pharmacie pr\u00eate \u00e0 se renouveler pour offrir un service toujours plus moderne. En revanche, ils appr\u00e9cient les r\u00e9sultats, c&rsquo;est-\u00e0-dire le fait que d\u00e9sormais nos services sont plus rapides et avec plus de temps d\u00e9di\u00e9 au conseil client.<\/p>\n<p>C&rsquo;est pourquoi, lors de l&rsquo;automatisation de la pharmacie, nous avons choisi de rendre l&rsquo;int\u00e9rieur du robot visible de la rue \u00e0 travers la fen\u00eatre, ainsi que d&rsquo;enrichir le mur du robot faisant face \u00e0 l&rsquo;int\u00e9rieur de la pharmacie de panneaux de verre.<\/p>\n<p>Les clients ont imm\u00e9diatement fait preuve de curiosit\u00e9 et cela s&rsquo;est rapidement transform\u00e9 en appr\u00e9ciation d&rsquo;avoir une pharmacie de confiance qui est \u00e9galement \u00e0 la pointe de la technologie.<\/p>\n<p>&nbsp;<\/p>\n<p><strong>Recommanderiez-vous Pharmathek \u00e0 vos coll\u00e8gues ?<\/strong><\/p>\n<p>Oui ! Nous sommes tr\u00e8s satisfaits de notre robot, tant du point de vue d&rsquo;une meilleure gestion des stocks que de l&rsquo;impact qu&rsquo;il nous a permis d&rsquo;avoir sur notre communaut\u00e9.[\/vc_column_text][vc_empty_space height=\u00a0\u00bb50px\u00a0\u00bb][\/vc_column][\/vc_row][vc_row full_width=\u00a0\u00bbstretch_row\u00a0\u00bb bg_type=\u00a0\u00bbbg_color\u00a0\u00bb bg_override=\u00a0\u00bbfull\u00a0\u00bb bg_color_value=\u00a0\u00bb#eeeeef\u00a0\u00bb][vc_column offset=\u00a0\u00bbvc_hidden-md vc_hidden-sm vc_hidden-xs\u00a0\u00bb][vc_empty_space height=\u00a0\u00bb100px\u00a0\u00bb]<div id=\"ultimate-heading-50706a09ed2ae5873\" class=\"uvc-heading ult-adjust-bottom-margin ultimate-heading-50706a09ed2ae5873 uvc-9787 head-section-title uvc-heading-default-font-sizes\" data-hspacer=\"no_spacer\"  data-halign=\"center\" style=\"text-align:center\"><div class=\"uvc-heading-spacer no_spacer\" style=\"top\"><\/div><div class=\"uvc-main-heading ult-responsive\"  data-ultimate-target='.uvc-heading.ultimate-heading-50706a09ed2ae5873 h2'  data-responsive-json-new='{\"font-size\":\"\",\"line-height\":\"\"}' ><h2 style=\"--font-weight:theme;\">GALERIE<\/h2><\/div><\/div>[vc_empty_space height=\u00a0\u00bb50px\u00a0\u00bb][vc_masonry_media_grid element_width=\u00a0\u00bb3&Prime; gap=\u00a0\u00bb10&Prime; grid_id=\u00a0\u00bbvc_gid:1659098772579-fa6e6df0-ded8-2&Prime; include=\u00a0\u00bb7164,7169,7154,7139,7149,7174,7144,7159&Prime;][vc_empty_space height=\u00a0\u00bb100px\u00a0\u00bb][\/vc_column][\/vc_row][vc_row full_width=\u00a0\u00bbstretch_row\u00a0\u00bb bg_type=\u00a0\u00bbbg_color\u00a0\u00bb bg_override=\u00a0\u00bbfull\u00a0\u00bb bg_color_value=\u00a0\u00bb#eeeeef\u00a0\u00bb][vc_column offset=\u00a0\u00bbvc_hidden-lg\u00a0\u00bb][vc_empty_space height=\u00a0\u00bb50px\u00a0\u00bb]<div id=\"ultimate-heading-79866a09ed2ae58ee\" class=\"uvc-heading ult-adjust-bottom-margin ultimate-heading-79866a09ed2ae58ee uvc-3003 head-section-title uvc-heading-default-font-sizes\" data-hspacer=\"no_spacer\"  data-halign=\"center\" style=\"text-align:center\"><div class=\"uvc-heading-spacer no_spacer\" style=\"top\"><\/div><div class=\"uvc-main-heading ult-responsive\"  data-ultimate-target='.uvc-heading.ultimate-heading-79866a09ed2ae58ee h2'  data-responsive-json-new='{\"font-size\":\"\",\"line-height\":\"\"}' ><h2 style=\"--font-weight:theme;\">GALERIE<\/h2><\/div><\/div>[vc_empty_space height=\u00a0\u00bb50px\u00a0\u00bb][vc_masonry_media_grid element_width=\u00a0\u00bb3&Prime; gap=\u00a0\u00bb10&Prime; grid_id=\u00a0\u00bbvc_gid:1659098772585-fc984523-de9b-7&Prime; include=\u00a0\u00bb7164,7169,7154,7139,7149,7174,7144,7159&Prime;][vc_empty_space height=\u00a0\u00bb50px\u00a0\u00bb][\/vc_column][\/vc_row][vc_row full_width=\u00a0\u00bbstretch_row\u00a0\u00bb bg_type=\u00a0\u00bbimage\u00a0\u00bb parallax_style=\u00a0\u00bbvcpb-default\u00a0\u00bb bg_image_new=\u00a0\u00bbid^1166|url^http:\/\/www.pharmathek.com\/wp-content\/uploads\/2018\/03\/farmacia-specifiche-background.jpg|caption^null|alt^null|title^farmacia-specifiche-background|description^null\u00a0\u00bb bg_image_repeat=\u00a0\u00bbno-repeat\u00a0\u00bb bg_override=\u00a0\u00bbfull\u00a0\u00bb][vc_column][vc_empty_space height=\u00a0\u00bb100px\u00a0\u00bb]<div id=\"ultimate-heading-34276a09ed2ae5965\" class=\"uvc-heading ult-adjust-bottom-margin ultimate-heading-34276a09ed2ae5965 uvc-6601 head-section-title text-white uvc-heading-default-font-sizes\" data-hspacer=\"no_spacer\"  data-halign=\"center\" style=\"text-align:center\"><div class=\"uvc-heading-spacer no_spacer\" style=\"top\"><\/div><div class=\"uvc-main-heading ult-responsive\"  data-ultimate-target='.uvc-heading.ultimate-heading-34276a09ed2ae5965 h2'  data-responsive-json-new='{\"font-size\":\"\",\"line-height\":\"\"}' ><h2 style=\"--font-weight:theme;\">LE PROJET<\/h2><\/div><\/div>[vc_empty_space height=\u00a0\u00bb50px\u00a0\u00bb][vc_separator color=\u00a0\u00bbwhite\u00a0\u00bb][vc_separator color=\u00a0\u00bbwhite\u00a0\u00bb][vc_row_inner][vc_column_inner width=\u00a0\u00bb1\/2&Prime;][vc_column_text el_class=\u00a0\u00bbprogetto-voci\u00a0\u00bb]SOLUTIONS PHARMATHEK[\/vc_column_text][\/vc_column_inner][vc_column_inner width=\u00a0\u00bb1\/2&Prime;][vc_column_text el_class=\u00a0\u00bbprogetto-voci-valori\u00a0\u00bb]SINTESI + PHARMALOAD + EUCLID3D[\/vc_column_text][\/vc_column_inner][\/vc_row_inner][vc_separator color=\u00a0\u00bbwhite\u00a0\u00bb][vc_row_inner][vc_column_inner width=\u00a0\u00bb1\/2&Prime;][vc_column_text el_class=\u00a0\u00bbprogetto-voci\u00a0\u00bb]DIMENSIONS ROBOT[\/vc_column_text][\/vc_column_inner][vc_column_inner width=\u00a0\u00bb1\/2&Prime;][vc_column_text el_class=\u00a0\u00bbprogetto-voci-valori\u00a0\u00bb]<\/p>\n<p>L 7.547 x H 2.900 mm<\/p>\n<p>[\/vc_column_text][\/vc_column_inner][\/vc_row_inner][vc_separator color=\u00a0\u00bbwhite\u00a0\u00bb][vc_row_inner][vc_column_inner width=\u00a0\u00bb1\/2&Prime;][vc_column_text el_class=\u00a0\u00bbprogetto-voci\u00a0\u00bb]CAPACIT\u00c9 BO\u00ceTES[\/vc_column_text][\/vc_column_inner][vc_column_inner width=\u00a0\u00bb1\/2&Prime;][vc_column_text el_class=\u00a0\u00bbprogetto-voci-valori\u00a0\u00bb]19.000[\/vc_column_text][\/vc_column_inner][\/vc_row_inner][vc_separator color=\u00a0\u00bbwhite\u00a0\u00bb][vc_row_inner][vc_column_inner width=\u00a0\u00bb1\/2&Prime;][vc_column_text el_class=\u00a0\u00bbprogetto-voci\u00a0\u00bb]POSITION ROBOT PAR RAPPORT AU COMPTOIR[\/vc_column_text][\/vc_column_inner][vc_column_inner width=\u00a0\u00bb1\/2&Prime;][vc_column_text el_class=\u00a0\u00bbprogetto-voci-valori\u00a0\u00bb]DERRI\u00c8RE LE COMPTOIR[\/vc_column_text][\/vc_column_inner][\/vc_row_inner][vc_separator color=\u00a0\u00bbwhite\u00a0\u00bb][vc_row_inner][vc_column_inner width=\u00a0\u00bb1\/2&Prime;][vc_column_text el_class=\u00a0\u00bbprogetto-voci\u00a0\u00bb]PRODUITS EN MOUVEMENT[\/vc_column_text][\/vc_column_inner][vc_column_inner width=\u00a0\u00bb1\/2&Prime;][vc_column_text el_class=\u00a0\u00bbprogetto-voci-valori\u00a0\u00bb]entre 500 et 1000[\/vc_column_text][\/vc_column_inner][\/vc_row_inner][vc_separator color=\u00a0\u00bbwhite\u00a0\u00bb][vc_empty_space height=\u00a0\u00bb100px\u00a0\u00bb][\/vc_column][\/vc_row][vc_row full_width=\u00a0\u00bbstretch_row_content_no_spaces\u00a0\u00bb][vc_column el_class=\u00a0\u00bbfull-width-no-padding\u00a0\u00bb][vc_single_image image=\u00a0\u00bb7134&Prime; img_size=\u00a0\u00bbfull\u00a0\u00bb alignment=\u00a0\u00bbcenter\u00a0\u00bb]<style type=\"text\/css\" data-type=\"the7_shortcodes-inline-css\">#default-btn-0e4e87e5e968b404cd830fa571b9ffc3.ico-right-side > i {\n  margin-right: 0px;\n  margin-left: 8px;\n}\n#default-btn-0e4e87e5e968b404cd830fa571b9ffc3 > i {\n  margin-right: 8px;\n}\n<\/style><div class=\"btn-align-center\"><a href=\"https:\/\/www.pharmathek.com\/fr\/installations\/\" class=\"default-btn-shortcode dt-btn dt-btn-l link-hover-off weight-300 full-width-btn \" id=\"default-btn-0e4e87e5e968b404cd830fa571b9ffc3\" title=\"Installations\"><span>Retour \u00e0 la liste des installations<\/span><\/a><\/div>[\/vc_column][\/vc_row]<\/p>\n<\/div>","protected":false},"excerpt":{"rendered":"<p>Rapallo (Italie)<\/p>\n","protected":false},"author":3,"featured_media":7191,"parent":0,"menu_order":0,"comment_status":"closed","ping_status":"closed","template":"","meta":{"inline_featured_image":false,"footnotes":""},"categories":[45,47],"tags":[],"class_list":["post-22304","page","type-page","status-publish","has-post-thumbnail","hentry","category-installations","category-pharmacies","description-off"],"_links":{"self":[{"href":"https:\/\/www.pharmathek.com\/fr\/wp-json\/wp\/v2\/pages\/22304","targetHints":{"allow":["GET"]}}],"collection":[{"href":"https:\/\/www.pharmathek.com\/fr\/wp-json\/wp\/v2\/pages"}],"about":[{"href":"https:\/\/www.pharmathek.com\/fr\/wp-json\/wp\/v2\/types\/page"}],"author":[{"embeddable":true,"href":"https:\/\/www.pharmathek.com\/fr\/wp-json\/wp\/v2\/users\/3"}],"replies":[{"embeddable":true,"href":"https:\/\/www.pharmathek.com\/fr\/wp-json\/wp\/v2\/comments?post=22304"}],"version-history":[{"count":3,"href":"https:\/\/www.pharmathek.com\/fr\/wp-json\/wp\/v2\/pages\/22304\/revisions"}],"predecessor-version":[{"id":22340,"href":"https:\/\/www.pharmathek.com\/fr\/wp-json\/wp\/v2\/pages\/22304\/revisions\/22340"}],"wp:featuredmedia":[{"embeddable":true,"href":"https:\/\/www.pharmathek.com\/fr\/wp-json\/wp\/v2\/media\/7191"}],"wp:attachment":[{"href":"https:\/\/www.pharmathek.com\/fr\/wp-json\/wp\/v2\/media?parent=22304"}],"wp:term":[{"taxonomy":"category","embeddable":true,"href":"https:\/\/www.pharmathek.com\/fr\/wp-json\/wp\/v2\/categories?post=22304"},{"taxonomy":"post_tag","embeddable":true,"href":"https:\/\/www.pharmathek.com\/fr\/wp-json\/wp\/v2\/tags?post=22304"}],"curies":[{"name":"wp","href":"https:\/\/api.w.org\/{rel}","templated":true}]}}