{"id":22343,"date":"2022-07-29T15:38:25","date_gmt":"2022-07-29T13:38:25","guid":{"rendered":"https:\/\/www.pharmathek.com\/?page_id=22343"},"modified":"2022-07-29T15:40:41","modified_gmt":"2022-07-29T13:40:41","slug":"pharmacie-municipale-travagliato","status":"publish","type":"page","link":"https:\/\/www.pharmathek.com\/fr\/pharmacie-municipale-travagliato\/","title":{"rendered":"Pharmacie Municipale Travagliato"},"content":{"rendered":"<div class=\"wpb-content-wrapper\"><p>[vc_row full_width=\u00a0\u00bbstretch_row_content\u00a0\u00bb equal_height=\u00a0\u00bbyes\u00a0\u00bb content_placement=\u00a0\u00bbmiddle\u00a0\u00bb bg_type=\u00a0\u00bbbg_color\u00a0\u00bb bg_override=\u00a0\u00bbfull\u00a0\u00bb bg_color_value=\u00a0\u00bb#eeeeef\u00a0\u00bb][vc_column width=\u00a0\u00bb1\/2&Prime; css=\u00a0\u00bb.vc_custom_1523960820222{padding-right: 0px !important;padding-left: 0px !important;}\u00a0\u00bb offset=\u00a0\u00bbvc_hidden-md vc_hidden-sm vc_hidden-xs\u00a0\u00bb][vc_single_image image=\u00a0\u00bb7242&Prime; img_size=\u00a0\u00bbfull\u00a0\u00bb][\/vc_column][vc_column width=\u00a0\u00bb1\/2&Prime; css=\u00a0\u00bb.vc_custom_1523961149466{padding-right: 100px !important;padding-left: 100px !important;}\u00a0\u00bb offset=\u00a0\u00bbvc_hidden-md vc_hidden-sm vc_hidden-xs\u00a0\u00bb][vc_empty_space]<div id=\"ultimate-heading-37606a07f9f6acc46\" class=\"uvc-heading ult-adjust-bottom-margin ultimate-heading-37606a07f9f6acc46 uvc-2307 head-section-title uvc-heading-default-font-sizes\" data-hspacer=\"no_spacer\"  data-halign=\"center\" style=\"text-align:center\"><div class=\"uvc-heading-spacer no_spacer\" style=\"top\"><\/div><div class=\"uvc-main-heading ult-responsive\"  data-ultimate-target='.uvc-heading.ultimate-heading-37606a07f9f6acc46 p'  data-responsive-json-new='{\"font-size\":\"\",\"line-height\":\"\"}' ><p style=\"--font-weight:theme;\">PHARMACIE MUNICIPALE TRAVAGLIATO<\/p><\/div><\/div>[vc_empty_space][vc_column_text el_class=\u00a0\u00bbtext-justify\u00a0\u00bb]La Pharmacie municipale de Travagliato est \u00e9quip\u00e9e d&rsquo;un robot d&rsquo;entrep\u00f4t Pharmathek.<\/p>\n<p>Cette r\u00e9alit\u00e9 s&rsquo;est int\u00e9ress\u00e9e \u00e0 l&rsquo;automatisation lorsque les dirigeants, lors de la r\u00e9novation de la pharmacie, ont d\u00e9couvert l&rsquo;espace suppl\u00e9mentaire qu&rsquo;ils pouvaient consacrer \u00e0 la zone de vente et aux cabines de service avec l&rsquo;installation d&rsquo;un entrep\u00f4t robotis\u00e9.<\/p>\n<p>Le robot a \u00e9t\u00e9 install\u00e9 au sous-sol de la pharmacie et les m\u00e9dicaments sont amen\u00e9s au comptoir via des micro-ascenseurs.[\/vc_column_text][vc_empty_space][\/vc_column][\/vc_row][vc_row full_width=\u00a0\u00bbstretch_row_content\u00a0\u00bb equal_height=\u00a0\u00bbyes\u00a0\u00bb content_placement=\u00a0\u00bbmiddle\u00a0\u00bb bg_type=\u00a0\u00bbbg_color\u00a0\u00bb bg_override=\u00a0\u00bbfull\u00a0\u00bb bg_color_value=\u00a0\u00bb#eeeeef\u00a0\u00bb][vc_column css=\u00a0\u00bb.vc_custom_1524126751494{padding-right: 0px !important;padding-left: 0px !important;}\u00a0\u00bb offset=\u00a0\u00bbvc_hidden-lg\u00a0\u00bb el_class=\u00a0\u00bbfull-width-no-padding\u00a0\u00bb][vc_single_image image=\u00a0\u00bb7242&Prime; img_size=\u00a0\u00bbfull\u00a0\u00bb][vc_empty_space]<div id=\"ultimate-heading-82686a07f9f6accf8\" class=\"uvc-heading ult-adjust-bottom-margin ultimate-heading-82686a07f9f6accf8 uvc-5836 head-section-title uvc-heading-default-font-sizes\" data-hspacer=\"no_spacer\"  data-halign=\"center\" style=\"text-align:center\"><div class=\"uvc-heading-spacer no_spacer\" style=\"top\"><\/div><div class=\"uvc-main-heading ult-responsive\"  data-ultimate-target='.uvc-heading.ultimate-heading-82686a07f9f6accf8 p'  data-responsive-json-new='{\"font-size\":\"\",\"line-height\":\"\"}' ><p style=\"--font-weight:theme;\">PHARMACIE MUNICIPALE TRAVAGLIATO<\/p><\/div><\/div>[vc_empty_space][vc_column_text el_class=\u00a0\u00bbtext-justify\u00a0\u00bb]La Pharmacie municipale de Travagliato est \u00e9quip\u00e9e d&rsquo;un robot d&rsquo;entrep\u00f4t Pharmathek.<\/p>\n<p>Cette r\u00e9alit\u00e9 s&rsquo;est int\u00e9ress\u00e9e \u00e0 l&rsquo;automatisation lorsque les dirigeants, lors de la r\u00e9novation de la pharmacie, ont d\u00e9couvert l&rsquo;espace suppl\u00e9mentaire qu&rsquo;ils pouvaient consacrer \u00e0 la zone de vente et aux cabines de service avec l&rsquo;installation d&rsquo;un entrep\u00f4t robotis\u00e9.<\/p>\n<p>Le robot a \u00e9t\u00e9 install\u00e9 au sous-sol de la pharmacie et les m\u00e9dicaments sont amen\u00e9s au comptoir via des micro-ascenseurs.[\/vc_column_text][vc_empty_space][\/vc_column][\/vc_row][vc_row][vc_column offset=\u00a0\u00bbvc_hidden-md vc_hidden-sm vc_hidden-xs\u00a0\u00bb][vc_empty_space height=\u00a0\u00bb100px\u00a0\u00bb][vc_single_image image=\u00a0\u00bb7237&Prime; img_size=\u00a0\u00bbfull\u00a0\u00bb alignment=\u00a0\u00bbcenter\u00a0\u00bb][vc_empty_space]<div id=\"ultimate-heading-44806a07f9f6acd8d\" class=\"uvc-heading ult-adjust-bottom-margin ultimate-heading-44806a07f9f6acd8d uvc-1734 head-section-title uvc-heading-default-font-sizes\" data-hspacer=\"no_spacer\"  data-halign=\"center\" style=\"text-align:center\"><div class=\"uvc-heading-spacer no_spacer\" style=\"top\"><\/div><div class=\"uvc-main-heading ult-responsive\"  data-ultimate-target='.uvc-heading.ultimate-heading-44806a07f9f6acd8d p'  data-responsive-json-new='{\"font-size\":\"\",\"line-height\":\"\"}' ><p style=\"--font-weight:theme;\">LA PAROLE AU PHARMACIEN<\/p><\/div><\/div>[vc_empty_space][vc_column_text el_class=\u00a0\u00bbtext-justify\u00a0\u00bb]<strong>Pourquoi avez-vous choisi de robotiser la pharmacie ?<\/strong><\/p>\n<p>Au d\u00e9part, pure curiosit\u00e9 : nous avions d\u00e9cid\u00e9 de r\u00e9nover et, lors de la phase de conception, le fournisseur nous avait montr\u00e9 l&rsquo;\u00e9norme quantit\u00e9 d&rsquo;espace que nous aurions pu r\u00e9cup\u00e9rer si nous avions install\u00e9 un entrep\u00f4t robotis\u00e9 au niveau inf\u00e9rieur de la pharmacie. L&rsquo;automatisation nous a ouvert les possibilit\u00e9s d&rsquo;une organisation compl\u00e8tement diff\u00e9rente des espaces, avec beaucoup plus de services.<\/p>\n<p>On pourrait donc dire que le premier facteur qui nous a amen\u00e9s \u00e0 nous int\u00e9resser \u00e0 l&rsquo;automatisation a \u00e9t\u00e9 la possibilit\u00e9 de r\u00e9cup\u00e9rer des espaces \u00e0 d\u00e9dier au client. Viennent ensuite les diff\u00e9rents avantages logistiques.<\/p>\n<p>&nbsp;<\/p>\n<p><strong>Qu&rsquo;est-ce qui vous a amen\u00e9 \u00e0 choisir Pharmathek pour l&rsquo;automatisation de votre pharmacie ?<\/strong><\/p>\n<p>Apr\u00e8s avoir \u00e9valu\u00e9 plusieurs fournisseurs, nous avons d\u00e9cid\u00e9 que Pharmathek \u00e9tait l&rsquo;entreprise qui offrait la meilleure solution d&rsquo;automatisation. En plus d&rsquo;avoir un produit avec d&rsquo;excellentes caract\u00e9ristiques, en termes de technologie, de structure de robot et de vitesse, nous avons \u00e9galement appr\u00e9ci\u00e9 le facteur de proximit\u00e9 de l&rsquo;entreprise et de l&rsquo;assistance.<\/p>\n<p>&nbsp;<\/p>\n<p><strong>Outre le gain en termes d&rsquo;espace, quels ont \u00e9t\u00e9 les avantages les plus appr\u00e9ci\u00e9s de l&rsquo;installation du robot ? <\/strong><\/p>\n<p>D&rsquo;un point de vue logistique, les avantages sont vraiment nombreux. Nous avons notamment appr\u00e9ci\u00e9 le fait que, gr\u00e2ce au chargeur automatique, les produits sont ins\u00e9r\u00e9s en toute autonomie \u00e0 l&rsquo;int\u00e9rieur du robot, sans aucune intervention humaine.<\/p>\n<p>Nous avons \u00e9galement appr\u00e9ci\u00e9 la rapidit\u00e9 du robot et son extr\u00eame pr\u00e9cision, tant dans la livraison du produit que dans le suivi des dates de p\u00e9remption.<\/p>\n<p>Enfin et surtout : nous passons d\u00e9sormais beaucoup moins de temps \u00e0 g\u00e9rer les stocks et beaucoup plus avec les clients de la pharmacie, \u00e0 leur offrir des conseils et des services.<\/p>\n<p>&nbsp;<\/p>\n<p><strong>Comment le travail en pharmacie a-t-il chang\u00e9 depuis l&rsquo;installation du robot ? <\/strong><\/p>\n<p>L&rsquo;approche du travail a chang\u00e9, d\u00e9sormais nous ne quittons plus le comptoir, nous restons toujours en contact avec le client pendant que le robot am\u00e8ne le produit au comptoir. Au d\u00e9part mes collaborateurs et moi \u00e9tions un peu inquiets de savoir comment occuper le temps suppl\u00e9mentaire disponible, craignant de n&rsquo;avoir rien \u00e0 dire, mais en r\u00e9alit\u00e9 c&rsquo;\u00e9tait tr\u00e8s naturel d&rsquo;apprendre \u00e0 g\u00e9rer ces secondes suppl\u00e9mentaires : nous proposons davantage de conseils au client, nous donnons des indications sur la th\u00e9rapie et proposons de nouveaux services, etc.<\/p>\n<p>Le robot est facile \u00e0 utiliser et le service d&rsquo;assistance technique de Pharmathek est vraiment exceptionnel : ils sont toujours disponibles et gentils.[\/vc_column_text][vc_empty_space height=\u00a0\u00bb100px\u00a0\u00bb][\/vc_column][\/vc_row][vc_row][vc_column offset=\u00a0\u00bbvc_hidden-lg\u00a0\u00bb][vc_empty_space height=\u00a0\u00bb50px\u00a0\u00bb][vc_single_image image=\u00a0\u00bb7237&Prime; img_size=\u00a0\u00bbfull\u00a0\u00bb alignment=\u00a0\u00bbcenter\u00a0\u00bb][vc_empty_space]<div id=\"ultimate-heading-72536a07f9f6acdfd\" class=\"uvc-heading ult-adjust-bottom-margin ultimate-heading-72536a07f9f6acdfd uvc-5701 head-section-title uvc-heading-default-font-sizes\" data-hspacer=\"no_spacer\"  data-halign=\"center\" style=\"text-align:center\"><div class=\"uvc-heading-spacer no_spacer\" style=\"top\"><\/div><div class=\"uvc-main-heading ult-responsive\"  data-ultimate-target='.uvc-heading.ultimate-heading-72536a07f9f6acdfd p'  data-responsive-json-new='{\"font-size\":\"\",\"line-height\":\"\"}' ><p style=\"--font-weight:theme;\">LA PAROLE AU PHARMACIEN<\/p><\/div><\/div>[vc_empty_space][vc_column_text el_class=\u00a0\u00bbtext-justify\u00a0\u00bb]<\/p>\n<h4>Pourquoi avez-vous choisi de robotiser la pharmacie ?<\/h4>\n<p>Au d\u00e9part, pure curiosit\u00e9 : nous avions d\u00e9cid\u00e9 de r\u00e9nover et, lors de la phase de conception, le fournisseur nous avait montr\u00e9 l&rsquo;\u00e9norme quantit\u00e9 d&rsquo;espace que nous aurions pu r\u00e9cup\u00e9rer si nous avions install\u00e9 un entrep\u00f4t robotis\u00e9 au niveau inf\u00e9rieur de la pharmacie. L&rsquo;automatisation nous a ouvert les possibilit\u00e9s d&rsquo;une organisation compl\u00e8tement diff\u00e9rente des espaces, avec beaucoup plus de services.<\/p>\n<p>On pourrait donc dire que le premier facteur qui nous a amen\u00e9s \u00e0 nous int\u00e9resser \u00e0 l&rsquo;automatisation a \u00e9t\u00e9 la possibilit\u00e9 de r\u00e9cup\u00e9rer des espaces \u00e0 d\u00e9dier au client. Viennent ensuite les diff\u00e9rents avantages logistiques.<\/p>\n<p>&nbsp;<\/p>\n<p><strong>Qu&rsquo;est-ce qui vous a amen\u00e9 \u00e0 choisir Pharmathek pour l&rsquo;automatisation de votre pharmacie ?<\/strong><\/p>\n<p>Apr\u00e8s avoir \u00e9valu\u00e9 plusieurs fournisseurs, nous avons d\u00e9cid\u00e9 que Pharmathek \u00e9tait l&rsquo;entreprise qui offrait la meilleure solution d&rsquo;automatisation. En plus d&rsquo;avoir un produit avec d&rsquo;excellentes caract\u00e9ristiques, en termes de technologie, de structure de robot et de vitesse, nous avons \u00e9galement appr\u00e9ci\u00e9 le facteur de proximit\u00e9 de l&rsquo;entreprise et de l&rsquo;assistance.<\/p>\n<p>&nbsp;<\/p>\n<p><strong>Outre le gain en termes d&rsquo;espace, quels ont \u00e9t\u00e9 les avantages les plus appr\u00e9ci\u00e9s de l&rsquo;installation du robot ? <\/strong><\/p>\n<p>D&rsquo;un point de vue logistique, les avantages sont vraiment nombreux. Nous avons notamment appr\u00e9ci\u00e9 le fait que, gr\u00e2ce au chargeur automatique, les produits sont ins\u00e9r\u00e9s en toute autonomie \u00e0 l&rsquo;int\u00e9rieur du robot, sans aucune intervention humaine.<\/p>\n<p>Nous avons \u00e9galement appr\u00e9ci\u00e9 la rapidit\u00e9 du robot et son extr\u00eame pr\u00e9cision, tant dans la livraison du produit que dans le suivi des dates de p\u00e9remption.<\/p>\n<p>Enfin et surtout : nous passons d\u00e9sormais beaucoup moins de temps \u00e0 g\u00e9rer les stocks et beaucoup plus avec les clients de la pharmacie, \u00e0 leur offrir des conseils et des services.<\/p>\n<p>&nbsp;<\/p>\n<p><strong>Comment le travail en pharmacie a-t-il chang\u00e9 depuis l&rsquo;installation du robot ? <\/strong><\/p>\n<p>L&rsquo;approche du travail a chang\u00e9, d\u00e9sormais nous ne quittons plus le comptoir, nous restons toujours en contact avec le client pendant que le robot am\u00e8ne le produit au comptoir. Au d\u00e9part mes collaborateurs et moi \u00e9tions un peu inquiets de savoir comment occuper le temps suppl\u00e9mentaire disponible, craignant de n&rsquo;avoir rien \u00e0 dire, mais en r\u00e9alit\u00e9 c&rsquo;\u00e9tait tr\u00e8s naturel d&rsquo;apprendre \u00e0 g\u00e9rer ces secondes suppl\u00e9mentaires : nous proposons davantage de conseils au client, nous donnons des indications sur la th\u00e9rapie et proposons de nouveaux services, etc.<\/p>\n<p>Le robot est facile \u00e0 utiliser et le service d&rsquo;assistance technique de Pharmathek est vraiment exceptionnel : ils sont toujours disponibles et gentils.[\/vc_column_text][vc_empty_space height=\u00a0\u00bb50px\u00a0\u00bb][\/vc_column][\/vc_row][vc_row full_width=\u00a0\u00bbstretch_row\u00a0\u00bb bg_type=\u00a0\u00bbbg_color\u00a0\u00bb bg_override=\u00a0\u00bbfull\u00a0\u00bb bg_color_value=\u00a0\u00bb#eeeeef\u00a0\u00bb][vc_column offset=\u00a0\u00bbvc_hidden-md vc_hidden-sm vc_hidden-xs\u00a0\u00bb][vc_empty_space height=\u00a0\u00bb100px\u00a0\u00bb]<div id=\"ultimate-heading-55186a07f9f6ace6c\" class=\"uvc-heading ult-adjust-bottom-margin ultimate-heading-55186a07f9f6ace6c uvc-6395 head-section-title uvc-heading-default-font-sizes\" data-hspacer=\"no_spacer\"  data-halign=\"center\" style=\"text-align:center\"><div class=\"uvc-heading-spacer no_spacer\" style=\"top\"><\/div><div class=\"uvc-main-heading ult-responsive\"  data-ultimate-target='.uvc-heading.ultimate-heading-55186a07f9f6ace6c h2'  data-responsive-json-new='{\"font-size\":\"\",\"line-height\":\"\"}' ><h2 style=\"--font-weight:theme;\">GALERIE<\/h2><\/div><\/div>[vc_empty_space height=\u00a0\u00bb50px\u00a0\u00bb][vc_masonry_media_grid element_width=\u00a0\u00bb3&Prime; gap=\u00a0\u00bb10&Prime; grid_id=\u00a0\u00bbvc_gid:1659102010078-05d2d37d-2166-7&Prime; include=\u00a0\u00bb7217,7222,7227,7232&Prime;][vc_empty_space height=\u00a0\u00bb100px\u00a0\u00bb][\/vc_column][\/vc_row][vc_row full_width=\u00a0\u00bbstretch_row\u00a0\u00bb bg_type=\u00a0\u00bbbg_color\u00a0\u00bb bg_override=\u00a0\u00bbfull\u00a0\u00bb bg_color_value=\u00a0\u00bb#eeeeef\u00a0\u00bb][vc_column offset=\u00a0\u00bbvc_hidden-lg\u00a0\u00bb][vc_empty_space height=\u00a0\u00bb50px\u00a0\u00bb]<div id=\"ultimate-heading-95556a07f9f6acee4\" class=\"uvc-heading ult-adjust-bottom-margin ultimate-heading-95556a07f9f6acee4 uvc-2135 head-section-title uvc-heading-default-font-sizes\" data-hspacer=\"no_spacer\"  data-halign=\"center\" style=\"text-align:center\"><div class=\"uvc-heading-spacer no_spacer\" style=\"top\"><\/div><div class=\"uvc-main-heading ult-responsive\"  data-ultimate-target='.uvc-heading.ultimate-heading-95556a07f9f6acee4 h2'  data-responsive-json-new='{\"font-size\":\"\",\"line-height\":\"\"}' ><h2 style=\"--font-weight:theme;\">GALERIE<\/h2><\/div><\/div>[vc_empty_space height=\u00a0\u00bb50px\u00a0\u00bb][vc_masonry_media_grid element_width=\u00a0\u00bb3&Prime; gap=\u00a0\u00bb10&Prime; grid_id=\u00a0\u00bbvc_gid:1659102010080-4cbffbde-996b-9&Prime; include=\u00a0\u00bb7217,7222,7227,7232&Prime;][vc_empty_space height=\u00a0\u00bb50px\u00a0\u00bb][\/vc_column][\/vc_row][vc_row full_width=\u00a0\u00bbstretch_row\u00a0\u00bb bg_type=\u00a0\u00bbimage\u00a0\u00bb parallax_style=\u00a0\u00bbvcpb-default\u00a0\u00bb bg_image_new=\u00a0\u00bbid^1166|url^http:\/\/www.pharmathek.com\/wp-content\/uploads\/2018\/03\/farmacia-specifiche-background.jpg|caption^null|alt^null|title^farmacia-specifiche-background|description^null\u00a0\u00bb bg_image_repeat=\u00a0\u00bbno-repeat\u00a0\u00bb bg_override=\u00a0\u00bbfull\u00a0\u00bb][vc_column][vc_empty_space height=\u00a0\u00bb100px\u00a0\u00bb]<div id=\"ultimate-heading-10136a07f9f6acf5e\" class=\"uvc-heading ult-adjust-bottom-margin ultimate-heading-10136a07f9f6acf5e uvc-5344 head-section-title text-white uvc-heading-default-font-sizes\" data-hspacer=\"no_spacer\"  data-halign=\"center\" style=\"text-align:center\"><div class=\"uvc-heading-spacer no_spacer\" style=\"top\"><\/div><div class=\"uvc-main-heading ult-responsive\"  data-ultimate-target='.uvc-heading.ultimate-heading-10136a07f9f6acf5e h2'  data-responsive-json-new='{\"font-size\":\"\",\"line-height\":\"\"}' ><h2 style=\"--font-weight:theme;\">LE PROJET<\/h2><\/div><\/div>[vc_empty_space height=\u00a0\u00bb50px\u00a0\u00bb][vc_separator color=\u00a0\u00bbwhite\u00a0\u00bb][vc_separator color=\u00a0\u00bbwhite\u00a0\u00bb][vc_row_inner][vc_column_inner width=\u00a0\u00bb1\/2&Prime;][vc_column_text el_class=\u00a0\u00bbprogetto-voci\u00a0\u00bb]SOLUTIONS PHARMATHEK[\/vc_column_text][\/vc_column_inner][vc_column_inner width=\u00a0\u00bb1\/2&Prime;][vc_column_text el_class=\u00a0\u00bbprogetto-voci-valori\u00a0\u00bb]SINTESI + PHARMALOAD + EUCLID3D[\/vc_column_text][\/vc_column_inner][\/vc_row_inner][vc_separator color=\u00a0\u00bbwhite\u00a0\u00bb][vc_row_inner][vc_column_inner width=\u00a0\u00bb1\/2&Prime;][vc_column_text el_class=\u00a0\u00bbprogetto-voci\u00a0\u00bb]DIMENSIONS ROBOT[\/vc_column_text][\/vc_column_inner][vc_column_inner width=\u00a0\u00bb1\/2&Prime;][vc_column_text el_class=\u00a0\u00bbprogetto-voci-valori\u00a0\u00bb]<\/p>\n<p>L\u00a07.047 x H 2.400 mm<\/p>\n<p>[\/vc_column_text][\/vc_column_inner][\/vc_row_inner][vc_separator color=\u00a0\u00bbwhite\u00a0\u00bb][vc_row_inner][vc_column_inner width=\u00a0\u00bb1\/2&Prime;][vc_column_text el_class=\u00a0\u00bbprogetto-voci\u00a0\u00bb]CAPACIT\u00c9 BO\u00ceTES[\/vc_column_text][\/vc_column_inner][vc_column_inner width=\u00a0\u00bb1\/2&Prime;][vc_column_text el_class=\u00a0\u00bbprogetto-voci-valori\u00a0\u00bb]13.500[\/vc_column_text][\/vc_column_inner][\/vc_row_inner][vc_separator color=\u00a0\u00bbwhite\u00a0\u00bb][vc_row_inner][vc_column_inner width=\u00a0\u00bb1\/2&Prime;][vc_column_text el_class=\u00a0\u00bbprogetto-voci\u00a0\u00bb]POSITION ROBOT PAR RAPPORT AU COMPTOIR[\/vc_column_text][\/vc_column_inner][vc_column_inner width=\u00a0\u00bb1\/2&Prime;][vc_column_text el_class=\u00a0\u00bbprogetto-voci-valori\u00a0\u00bb]AU SOUS-SOL[\/vc_column_text][\/vc_column_inner][\/vc_row_inner][vc_separator color=\u00a0\u00bbwhite\u00a0\u00bb][vc_row_inner][vc_column_inner width=\u00a0\u00bb1\/2&Prime;][vc_column_text el_class=\u00a0\u00bbprogetto-voci\u00a0\u00bb]PRODUITS EN MOUVEMENT[\/vc_column_text][\/vc_column_inner][vc_column_inner width=\u00a0\u00bb1\/2&Prime;][vc_column_text el_class=\u00a0\u00bbprogetto-voci-valori\u00a0\u00bb]entre 500 et 1000[\/vc_column_text][\/vc_column_inner][\/vc_row_inner][vc_separator color=\u00a0\u00bbwhite\u00a0\u00bb][vc_empty_space height=\u00a0\u00bb100px\u00a0\u00bb][\/vc_column][\/vc_row][vc_row full_width=\u00a0\u00bbstretch_row_content_no_spaces\u00a0\u00bb][vc_column el_class=\u00a0\u00bbfull-width-no-padding\u00a0\u00bb][vc_single_image image=\u00a0\u00bb7212&Prime; img_size=\u00a0\u00bbfull\u00a0\u00bb alignment=\u00a0\u00bbcenter\u00a0\u00bb]<style type=\"text\/css\" data-type=\"the7_shortcodes-inline-css\">#default-btn-0e4e87e5e968b404cd830fa571b9ffc3.ico-right-side > i {\n  margin-right: 0px;\n  margin-left: 8px;\n}\n#default-btn-0e4e87e5e968b404cd830fa571b9ffc3 > i {\n  margin-right: 8px;\n}\n<\/style><div class=\"btn-align-center\"><a href=\"https:\/\/www.pharmathek.com\/fr\/installations\/\" class=\"default-btn-shortcode dt-btn dt-btn-l link-hover-off weight-300 full-width-btn \" id=\"default-btn-0e4e87e5e968b404cd830fa571b9ffc3\" title=\"Installations\"><span>Retour \u00e0 la liste des installations<\/span><\/a><\/div>[\/vc_column][\/vc_row]<\/p>\n<\/div>","protected":false},"excerpt":{"rendered":"<p>Travagliato (Italie)<\/p>\n","protected":false},"author":3,"featured_media":7204,"parent":0,"menu_order":0,"comment_status":"closed","ping_status":"closed","template":"","meta":{"inline_featured_image":false,"footnotes":""},"categories":[45,47],"tags":[],"class_list":["post-22343","page","type-page","status-publish","has-post-thumbnail","hentry","category-installations","category-pharmacies","description-off"],"_links":{"self":[{"href":"https:\/\/www.pharmathek.com\/fr\/wp-json\/wp\/v2\/pages\/22343","targetHints":{"allow":["GET"]}}],"collection":[{"href":"https:\/\/www.pharmathek.com\/fr\/wp-json\/wp\/v2\/pages"}],"about":[{"href":"https:\/\/www.pharmathek.com\/fr\/wp-json\/wp\/v2\/types\/page"}],"author":[{"embeddable":true,"href":"https:\/\/www.pharmathek.com\/fr\/wp-json\/wp\/v2\/users\/3"}],"replies":[{"embeddable":true,"href":"https:\/\/www.pharmathek.com\/fr\/wp-json\/wp\/v2\/comments?post=22343"}],"version-history":[{"count":6,"href":"https:\/\/www.pharmathek.com\/fr\/wp-json\/wp\/v2\/pages\/22343\/revisions"}],"predecessor-version":[{"id":22366,"href":"https:\/\/www.pharmathek.com\/fr\/wp-json\/wp\/v2\/pages\/22343\/revisions\/22366"}],"wp:featuredmedia":[{"embeddable":true,"href":"https:\/\/www.pharmathek.com\/fr\/wp-json\/wp\/v2\/media\/7204"}],"wp:attachment":[{"href":"https:\/\/www.pharmathek.com\/fr\/wp-json\/wp\/v2\/media?parent=22343"}],"wp:term":[{"taxonomy":"category","embeddable":true,"href":"https:\/\/www.pharmathek.com\/fr\/wp-json\/wp\/v2\/categories?post=22343"},{"taxonomy":"post_tag","embeddable":true,"href":"https:\/\/www.pharmathek.com\/fr\/wp-json\/wp\/v2\/tags?post=22343"}],"curies":[{"name":"wp","href":"https:\/\/api.w.org\/{rel}","templated":true}]}}