{"id":22393,"date":"2022-07-29T16:02:30","date_gmt":"2022-07-29T14:02:30","guid":{"rendered":"https:\/\/www.pharmathek.com\/?page_id=22393"},"modified":"2022-07-29T16:02:30","modified_gmt":"2022-07-29T14:02:30","slug":"pharmacie-san-martino","status":"publish","type":"page","link":"https:\/\/www.pharmathek.com\/fr\/pharmacie-san-martino\/","title":{"rendered":"Pharmacie San Martino"},"content":{"rendered":"<div class=\"wpb-content-wrapper\"><p>[vc_row full_width=\u00a0\u00bbstretch_row_content\u00a0\u00bb equal_height=\u00a0\u00bbyes\u00a0\u00bb content_placement=\u00a0\u00bbmiddle\u00a0\u00bb bg_type=\u00a0\u00bbbg_color\u00a0\u00bb bg_override=\u00a0\u00bbfull\u00a0\u00bb bg_color_value=\u00a0\u00bb#eeeeef\u00a0\u00bb][vc_column width=\u00a0\u00bb1\/2&Prime; css=\u00a0\u00bb.vc_custom_1523960820222{padding-right: 0px !important;padding-left: 0px !important;}\u00a0\u00bb offset=\u00a0\u00bbvc_hidden-md vc_hidden-sm vc_hidden-xs\u00a0\u00bb][vc_single_image image=\u00a0\u00bb6716&Prime; img_size=\u00a0\u00bbfull\u00a0\u00bb][\/vc_column][vc_column width=\u00a0\u00bb1\/2&Prime; css=\u00a0\u00bb.vc_custom_1523961149466{padding-right: 100px !important;padding-left: 100px !important;}\u00a0\u00bb offset=\u00a0\u00bbvc_hidden-md vc_hidden-sm vc_hidden-xs\u00a0\u00bb][vc_empty_space]<div id=\"ultimate-heading-444969f9d606af2f5\" class=\"uvc-heading ult-adjust-bottom-margin ultimate-heading-444969f9d606af2f5 uvc-129 head-section-title uvc-heading-default-font-sizes\" data-hspacer=\"no_spacer\"  data-halign=\"center\" style=\"text-align:center\"><div class=\"uvc-heading-spacer no_spacer\" style=\"top\"><\/div><div class=\"uvc-main-heading ult-responsive\"  data-ultimate-target='.uvc-heading.ultimate-heading-444969f9d606af2f5 p'  data-responsive-json-new='{\"font-size\":\"\",\"line-height\":\"\"}' ><p style=\"--font-weight:theme;\">PHARMACIE SAN MARTINO<\/p><\/div><\/div>[vc_empty_space][vc_column_text el_class=\u00a0\u00bbtext-justify\u00a0\u00bb]La pharmacie San Martino de Forl\u00ec du docteur Genesi est \u00e9quip\u00e9e d&rsquo;un robot d&rsquo;entrep\u00f4t Pharmathek.<\/p>\n<p>Un entrep\u00f4t automatis\u00e9 <a href=\"https:\/\/www.pharmathek.com\/fr\/sintesi\/\">Sintesi <\/a>a \u00e9t\u00e9 install\u00e9 pour cette pharmacie, avec un brevet exclusif <a href=\"https:\/\/www.pharmathek.com\/fr\/euclid3d\/\">Euclid3D<\/a>, le seul bras m\u00e9canique du march\u00e9 avec stockage temporaire brevet\u00e9 par Pharmathek.<\/p>\n<p>L&rsquo;entrep\u00f4t automatis\u00e9, ainsi que le chargeur automatique <a href=\"https:\/\/www.pharmathek.com\/fr\/pharmaload\/\">Pharmaload<\/a>, sont positionn\u00e9s derri\u00e8re le comptoir des prescriptions. Depuis le comptoir, il est en effet possible de voir les bacs de sortie des produits.[\/vc_column_text][vc_empty_space][\/vc_column][\/vc_row][vc_row full_width=\u00a0\u00bbstretch_row_content\u00a0\u00bb equal_height=\u00a0\u00bbyes\u00a0\u00bb content_placement=\u00a0\u00bbmiddle\u00a0\u00bb bg_type=\u00a0\u00bbbg_color\u00a0\u00bb bg_override=\u00a0\u00bbfull\u00a0\u00bb bg_color_value=\u00a0\u00bb#eeeeef\u00a0\u00bb][vc_column css=\u00a0\u00bb.vc_custom_1524126751494{padding-right: 0px !important;padding-left: 0px !important;}\u00a0\u00bb offset=\u00a0\u00bbvc_hidden-lg\u00a0\u00bb el_class=\u00a0\u00bbfull-width-no-padding\u00a0\u00bb][vc_single_image image=\u00a0\u00bb6716&Prime; img_size=\u00a0\u00bbfull\u00a0\u00bb][vc_empty_space]<div id=\"ultimate-heading-93769f9d606af397\" class=\"uvc-heading ult-adjust-bottom-margin ultimate-heading-93769f9d606af397 uvc-2172 head-section-title uvc-heading-default-font-sizes\" data-hspacer=\"no_spacer\"  data-halign=\"center\" style=\"text-align:center\"><div class=\"uvc-heading-spacer no_spacer\" style=\"top\"><\/div><div class=\"uvc-main-heading ult-responsive\"  data-ultimate-target='.uvc-heading.ultimate-heading-93769f9d606af397 p'  data-responsive-json-new='{\"font-size\":\"\",\"line-height\":\"\"}' ><p style=\"--font-weight:theme;\">PHARMACIE SAN MARTINO<\/p><\/div><\/div>[vc_empty_space][vc_column_text el_class=\u00a0\u00bbtext-justify\u00a0\u00bb]La pharmacie San Martino de Forl\u00ec du docteur Genesi est \u00e9quip\u00e9e d&rsquo;un robot d&rsquo;entrep\u00f4t Pharmathek.<\/p>\n<p>Un entrep\u00f4t automatis\u00e9 <a href=\"https:\/\/www.pharmathek.com\/fr\/sintesi\/\">Sintesi <\/a>a \u00e9t\u00e9 install\u00e9 pour cette pharmacie, avec un brevet exclusif <a href=\"https:\/\/www.pharmathek.com\/fr\/euclid3d\/\">Euclid3D<\/a>, le seul bras m\u00e9canique du march\u00e9 avec stockage temporaire brevet\u00e9 par Pharmathek.<\/p>\n<p>L&rsquo;entrep\u00f4t automatis\u00e9, ainsi que le chargeur automatique <a href=\"https:\/\/www.pharmathek.com\/fr\/pharmaload\/\">Pharmaload<\/a>, sont positionn\u00e9s derri\u00e8re le comptoir des prescriptions. Depuis le comptoir, il est en effet possible de voir les bacs de sortie des produits.[\/vc_column_text][vc_empty_space][\/vc_column][\/vc_row][vc_row][vc_column offset=\u00a0\u00bbvc_hidden-md vc_hidden-sm vc_hidden-xs\u00a0\u00bb][vc_empty_space height=\u00a0\u00bb100px\u00a0\u00bb][vc_single_image image=\u00a0\u00bb6695&Prime; img_size=\u00a0\u00bbfull\u00a0\u00bb alignment=\u00a0\u00bbcenter\u00a0\u00bb][vc_empty_space]<div id=\"ultimate-heading-934969f9d606af429\" class=\"uvc-heading ult-adjust-bottom-margin ultimate-heading-934969f9d606af429 uvc-409 head-section-title uvc-heading-default-font-sizes\" data-hspacer=\"no_spacer\"  data-halign=\"center\" style=\"text-align:center\"><div class=\"uvc-heading-spacer no_spacer\" style=\"top\"><\/div><div class=\"uvc-main-heading ult-responsive\"  data-ultimate-target='.uvc-heading.ultimate-heading-934969f9d606af429 p'  data-responsive-json-new='{\"font-size\":\"\",\"line-height\":\"\"}' ><p style=\"--font-weight:theme;\">LA PAROLE AU PHARMACIEN<\/p><\/div><\/div>[vc_empty_space][vc_column_text el_class=\u00a0\u00bbtext-justify\u00a0\u00bb]<\/p>\n<h4><strong>Pourquoi avez-vous choisi de robotiser la pharmacie ?<\/strong><\/h4>\n<p>Nous avons d\u00e9cid\u00e9 d&rsquo;automatiser la pharmacie pour suivre le rythme du temps, avec un regard tourn\u00e9 vers l&rsquo;avenir. En effet, nous avons un personnel enti\u00e8rement compos\u00e9 de pharmaciens et, comme il n&rsquo;y a donc pas de chiffre d\u00e9di\u00e9 \u00e0 la gestion de l&rsquo;entrep\u00f4t, avec l&rsquo;installation d&rsquo;un entrep\u00f4t robotis\u00e9, nous avons pu r\u00e9duire consid\u00e9rablement le temps consacr\u00e9 \u00e0 la gestion des stocks. Je peux dire que c&rsquo;\u00e9tait un tr\u00e8s bon choix.<\/p>\n<p>&nbsp;<\/p>\n<h4><strong>\u00a0Qu&rsquo;est-ce qui vous a amen\u00e9 \u00e0 choisir Pharmathek pour l&rsquo;automatisation de votre pharmacie ?<\/strong><\/h4>\n<p>Nous avons choisi de faire confiance \u00e0 Pharmathek car le robot est extr\u00eamement rapide et performant, et dispose d&rsquo;un logiciel de gestion tr\u00e8s simple \u00e0 utiliser.<\/p>\n<p>Mais ce qui m&rsquo;a le plus impressionn\u00e9, c&rsquo;est certainement le brevet exclusif \u00ab Euclid3D \u00bb, le seul bras m\u00e9canique du march\u00e9 qui, m\u00eame en configuration mono-manipulateur, a des performances remarquables car il permet de livrer de nombreux produits en un seul trajet.<\/p>\n<p>&nbsp;<\/p>\n<h4><strong>Quels sont les principaux avantages que vous avez trouv\u00e9s d&rsquo;un point de vue logistique ? Et du point de vue du travail ?<\/strong><\/h4>\n<p>Au niveau logistique, nous avons constat\u00e9 une augmentation du contr\u00f4le et de l&rsquo;efficacit\u00e9 tant sur les stocks que sur les dates de p\u00e9remption. Dans le m\u00eame temps, nous avons consid\u00e9rablement r\u00e9duit le temps pass\u00e9 \u00e0 g\u00e9rer l&rsquo;entrep\u00f4t.<\/p>\n<p>L&rsquo;automatisation m&rsquo;a permis, ainsi qu&rsquo;\u00e0 mes collaborateurs, d&rsquo;avoir plus de temps \u00e0 consacrer au comptoir pour conseiller le client. Cela avait \u00e9videmment d&rsquo;excellentes implications pour le travail en officine, tant d&rsquo;un point de vue professionnel, car nous pouvons nous consacrer enti\u00e8rement \u00e0 l&rsquo;\u00e9coute et au conseil du client, que commercial, car nous avons plus de temps pour proposer des services compl\u00e9mentaires et faire conna\u00eetre les initiatives de la pharmacie.<\/p>\n<p>&nbsp;<\/p>\n<h4><strong>Comment les clients ont-ils accueilli la nouveaut\u00e9 de l&rsquo;automatisation ?<\/strong><\/h4>\n<p>Les clients ont r\u00e9agi tr\u00e8s positivement, ils montrent qu&rsquo;ils appr\u00e9cient le temps suppl\u00e9mentaire pass\u00e9 avec eux au comptoir, les conseillant sur les produits et les traitements.<\/p>\n<p>&nbsp;<\/p>\n<h4><strong>Recommanderiez-vous Pharmathek \u00e0 vos coll\u00e8gues ? Si oui, pourquoi ?<\/strong><\/h4>\n<p>Je recommande sans h\u00e9sitation Pharmathek : en discutant avec certains confr\u00e8res pharmaciens, on est parfois incertain des avantages offerts par la robotisation car ces syst\u00e8mes sophistiqu\u00e9s font peur, ils sont per\u00e7us comme trop compliqu\u00e9s. Au lieu de cela, une fois que vous l&rsquo;essayez, vous comprenez imm\u00e9diatement \u00e0 quel point ils sont simples \u00e0 g\u00e9rer ![\/vc_column_text][vc_empty_space height=\u00a0\u00bb100px\u00a0\u00bb][\/vc_column][\/vc_row][vc_row][vc_column offset=\u00a0\u00bbvc_hidden-lg\u00a0\u00bb][vc_empty_space height=\u00a0\u00bb50px\u00a0\u00bb][vc_single_image image=\u00a0\u00bb6695&Prime; img_size=\u00a0\u00bbfull\u00a0\u00bb alignment=\u00a0\u00bbcenter\u00a0\u00bb][vc_empty_space]<div id=\"ultimate-heading-491269f9d606af499\" class=\"uvc-heading ult-adjust-bottom-margin ultimate-heading-491269f9d606af499 uvc-7812 head-section-title uvc-heading-default-font-sizes\" data-hspacer=\"no_spacer\"  data-halign=\"center\" style=\"text-align:center\"><div class=\"uvc-heading-spacer no_spacer\" style=\"top\"><\/div><div class=\"uvc-main-heading ult-responsive\"  data-ultimate-target='.uvc-heading.ultimate-heading-491269f9d606af499 p'  data-responsive-json-new='{\"font-size\":\"\",\"line-height\":\"\"}' ><p style=\"--font-weight:theme;\">LA PAROLE AU PHARMACIEN<\/p><\/div><\/div>[vc_empty_space][vc_column_text el_class=\u00a0\u00bbtext-justify\u00a0\u00bb]<\/p>\n<h4><strong>Pourquoi avez-vous choisi de robotiser la pharmacie ?<\/strong><\/h4>\n<p>Nous avons d\u00e9cid\u00e9 d&rsquo;automatiser la pharmacie pour suivre le rythme du temps, avec un regard tourn\u00e9 vers l&rsquo;avenir. En effet, nous avons un personnel enti\u00e8rement compos\u00e9 de pharmaciens et, comme il n&rsquo;y a donc pas de chiffre d\u00e9di\u00e9 \u00e0 la gestion de l&rsquo;entrep\u00f4t, avec l&rsquo;installation d&rsquo;un entrep\u00f4t robotis\u00e9, nous avons pu r\u00e9duire consid\u00e9rablement le temps consacr\u00e9 \u00e0 la gestion des stocks. Je peux dire que c&rsquo;\u00e9tait un tr\u00e8s bon choix.<\/p>\n<p>&nbsp;<\/p>\n<h4><strong>\u00a0Qu&rsquo;est-ce qui vous a amen\u00e9 \u00e0 choisir Pharmathek pour l&rsquo;automatisation de votre pharmacie ?<\/strong><\/h4>\n<p>Nous avons choisi de faire confiance \u00e0 Pharmathek car le robot est extr\u00eamement rapide et performant, et dispose d&rsquo;un logiciel de gestion tr\u00e8s simple \u00e0 utiliser.<\/p>\n<p>Mais ce qui m&rsquo;a le plus impressionn\u00e9, c&rsquo;est certainement le brevet exclusif \u00ab Euclid3D \u00bb, le seul bras m\u00e9canique du march\u00e9 qui, m\u00eame en configuration mono-manipulateur, a des performances remarquables car il permet de livrer de nombreux produits en un seul trajet.<\/p>\n<p>&nbsp;<\/p>\n<h4><strong>Quels sont les principaux avantages que vous avez trouv\u00e9s d&rsquo;un point de vue logistique ? Et du point de vue du travail ?<\/strong><\/h4>\n<p>Au niveau logistique, nous avons constat\u00e9 une augmentation du contr\u00f4le et de l&rsquo;efficacit\u00e9 tant sur les stocks que sur les dates de p\u00e9remption. Dans le m\u00eame temps, nous avons consid\u00e9rablement r\u00e9duit le temps pass\u00e9 \u00e0 g\u00e9rer l&rsquo;entrep\u00f4t.<\/p>\n<p>L&rsquo;automatisation m&rsquo;a permis, ainsi qu&rsquo;\u00e0 mes collaborateurs, d&rsquo;avoir plus de temps \u00e0 consacrer au comptoir pour conseiller le client. Cela avait \u00e9videmment d&rsquo;excellentes implications pour le travail en officine, tant d&rsquo;un point de vue professionnel, car nous pouvons nous consacrer enti\u00e8rement \u00e0 l&rsquo;\u00e9coute et au conseil du client, que commercial, car nous avons plus de temps pour proposer des services compl\u00e9mentaires et faire conna\u00eetre les initiatives de la pharmacie.<\/p>\n<p>&nbsp;<\/p>\n<h4><strong>Comment les clients ont-ils accueilli la nouveaut\u00e9 de l&rsquo;automatisation ?<\/strong><\/h4>\n<p>Les clients ont r\u00e9agi tr\u00e8s positivement, ils montrent qu&rsquo;ils appr\u00e9cient le temps suppl\u00e9mentaire pass\u00e9 avec eux au comptoir, les conseillant sur les produits et les traitements.<\/p>\n<p>&nbsp;<\/p>\n<h4><strong>Recommanderiez-vous Pharmathek \u00e0 vos coll\u00e8gues ? Si oui, pourquoi ?<\/strong><\/h4>\n<p>Je recommande sans h\u00e9sitation Pharmathek : en discutant avec certains confr\u00e8res pharmaciens, on est parfois incertain des avantages offerts par la robotisation car ces syst\u00e8mes sophistiqu\u00e9s font peur, ils sont per\u00e7us comme trop compliqu\u00e9s. Au lieu de cela, une fois que vous l&rsquo;essayez, vous comprenez imm\u00e9diatement \u00e0 quel point ils sont simples \u00e0 g\u00e9rer ![\/vc_column_text][vc_empty_space height=\u00a0\u00bb50px\u00a0\u00bb][\/vc_column][\/vc_row][vc_row full_width=\u00a0\u00bbstretch_row\u00a0\u00bb bg_type=\u00a0\u00bbbg_color\u00a0\u00bb bg_override=\u00a0\u00bbfull\u00a0\u00bb bg_color_value=\u00a0\u00bb#eeeeef\u00a0\u00bb][vc_column offset=\u00a0\u00bbvc_hidden-md vc_hidden-sm vc_hidden-xs\u00a0\u00bb][vc_empty_space height=\u00a0\u00bb100px\u00a0\u00bb]<div id=\"ultimate-heading-255269f9d606af507\" class=\"uvc-heading ult-adjust-bottom-margin ultimate-heading-255269f9d606af507 uvc-8335 head-section-title uvc-heading-default-font-sizes\" data-hspacer=\"no_spacer\"  data-halign=\"center\" style=\"text-align:center\"><div class=\"uvc-heading-spacer no_spacer\" style=\"top\"><\/div><div class=\"uvc-main-heading ult-responsive\"  data-ultimate-target='.uvc-heading.ultimate-heading-255269f9d606af507 h2'  data-responsive-json-new='{\"font-size\":\"\",\"line-height\":\"\"}' ><h2 style=\"--font-weight:theme;\">GALERIE<\/h2><\/div><\/div>[vc_empty_space height=\u00a0\u00bb50px\u00a0\u00bb][vc_masonry_media_grid element_width=\u00a0\u00bb3&Prime; gap=\u00a0\u00bb10&Prime; grid_id=\u00a0\u00bbvc_gid:1659102881378-6ab5f5d4-ade2-9&Prime; include=\u00a0\u00bb6690,6680,6685,6675&Prime;][vc_empty_space height=\u00a0\u00bb100px\u00a0\u00bb][\/vc_column][\/vc_row][vc_row full_width=\u00a0\u00bbstretch_row\u00a0\u00bb bg_type=\u00a0\u00bbbg_color\u00a0\u00bb bg_override=\u00a0\u00bbfull\u00a0\u00bb bg_color_value=\u00a0\u00bb#eeeeef\u00a0\u00bb][vc_column offset=\u00a0\u00bbvc_hidden-lg\u00a0\u00bb][vc_empty_space height=\u00a0\u00bb50px\u00a0\u00bb]<div id=\"ultimate-heading-286669f9d606af571\" class=\"uvc-heading ult-adjust-bottom-margin ultimate-heading-286669f9d606af571 uvc-5530 head-section-title uvc-heading-default-font-sizes\" data-hspacer=\"no_spacer\"  data-halign=\"center\" style=\"text-align:center\"><div class=\"uvc-heading-spacer no_spacer\" style=\"top\"><\/div><div class=\"uvc-main-heading ult-responsive\"  data-ultimate-target='.uvc-heading.ultimate-heading-286669f9d606af571 h2'  data-responsive-json-new='{\"font-size\":\"\",\"line-height\":\"\"}' ><h2 style=\"--font-weight:theme;\">GALERIE<\/h2><\/div><\/div>[vc_empty_space height=\u00a0\u00bb50px\u00a0\u00bb][vc_masonry_media_grid element_width=\u00a0\u00bb3&Prime; gap=\u00a0\u00bb10&Prime; grid_id=\u00a0\u00bbvc_gid:1659102881383-d42cbf7a-e75f-0&Prime; include=\u00a0\u00bb6690,6680,6675,6685&Prime;][vc_empty_space height=\u00a0\u00bb50px\u00a0\u00bb][\/vc_column][\/vc_row][vc_row full_width=\u00a0\u00bbstretch_row\u00a0\u00bb bg_type=\u00a0\u00bbimage\u00a0\u00bb parallax_style=\u00a0\u00bbvcpb-default\u00a0\u00bb bg_image_new=\u00a0\u00bbid^1166|url^http:\/\/www.pharmathek.com\/wp-content\/uploads\/2018\/03\/farmacia-specifiche-background.jpg|caption^null|alt^null|title^farmacia-specifiche-background|description^null\u00a0\u00bb bg_image_repeat=\u00a0\u00bbno-repeat\u00a0\u00bb bg_override=\u00a0\u00bbfull\u00a0\u00bb][vc_column][vc_empty_space height=\u00a0\u00bb100px\u00a0\u00bb]<div id=\"ultimate-heading-547969f9d606af5da\" class=\"uvc-heading ult-adjust-bottom-margin ultimate-heading-547969f9d606af5da uvc-5170 head-section-title text-white uvc-heading-default-font-sizes\" data-hspacer=\"no_spacer\"  data-halign=\"center\" style=\"text-align:center\"><div class=\"uvc-heading-spacer no_spacer\" style=\"top\"><\/div><div class=\"uvc-main-heading ult-responsive\"  data-ultimate-target='.uvc-heading.ultimate-heading-547969f9d606af5da h2'  data-responsive-json-new='{\"font-size\":\"\",\"line-height\":\"\"}' ><h2 style=\"--font-weight:theme;\">LE PROJET<\/h2><\/div><\/div>[vc_empty_space height=\u00a0\u00bb50px\u00a0\u00bb][vc_separator color=\u00a0\u00bbwhite\u00a0\u00bb][vc_separator color=\u00a0\u00bbwhite\u00a0\u00bb][vc_row_inner][vc_column_inner width=\u00a0\u00bb1\/2&Prime;][vc_column_text el_class=\u00a0\u00bbprogetto-voci\u00a0\u00bb]SOLUTIONS PHARMATHEK[\/vc_column_text][\/vc_column_inner][vc_column_inner width=\u00a0\u00bb1\/2&Prime;][vc_column_text el_class=\u00a0\u00bbprogetto-voci-valori\u00a0\u00bb]SINTESI + PHARMALOAD + EUCLID3D[\/vc_column_text][\/vc_column_inner][\/vc_row_inner][vc_separator color=\u00a0\u00bbwhite\u00a0\u00bb][vc_row_inner][vc_column_inner width=\u00a0\u00bb1\/2&Prime;][vc_column_text el_class=\u00a0\u00bbprogetto-voci\u00a0\u00bb]DIMENSIONS ROBOT[\/vc_column_text][\/vc_column_inner][vc_column_inner width=\u00a0\u00bb1\/2&Prime;][vc_column_text el_class=\u00a0\u00bbprogetto-voci-valori\u00a0\u00bb]<\/p>\n<p>L 6.047 x H 3.100 mm<\/p>\n<p>[\/vc_column_text][\/vc_column_inner][\/vc_row_inner][vc_separator color=\u00a0\u00bbwhite\u00a0\u00bb][vc_row_inner][vc_column_inner width=\u00a0\u00bb1\/2&Prime;][vc_column_text el_class=\u00a0\u00bbprogetto-voci\u00a0\u00bb]CAPACIT\u00c9 BO\u00ceTES[\/vc_column_text][\/vc_column_inner][vc_column_inner width=\u00a0\u00bb1\/2&Prime;][vc_column_text el_class=\u00a0\u00bbprogetto-voci-valori\u00a0\u00bb]<\/p>\n<p>15.500<\/p>\n<p>[\/vc_column_text][\/vc_column_inner][\/vc_row_inner][vc_separator color=\u00a0\u00bbwhite\u00a0\u00bb][vc_row_inner][vc_column_inner width=\u00a0\u00bb1\/2&Prime;][vc_column_text el_class=\u00a0\u00bbprogetto-voci\u00a0\u00bb]POSITION ROBOT PAR RAPPORT AU COMPTOIR[\/vc_column_text][\/vc_column_inner][vc_column_inner width=\u00a0\u00bb1\/2&Prime;][vc_column_text el_class=\u00a0\u00bbprogetto-voci-valori\u00a0\u00bb]DERRI\u00c8RE LE COMPTOIR[\/vc_column_text][\/vc_column_inner][\/vc_row_inner][vc_separator color=\u00a0\u00bbwhite\u00a0\u00bb][vc_row_inner][vc_column_inner width=\u00a0\u00bb1\/2&Prime;][vc_column_text el_class=\u00a0\u00bbprogetto-voci\u00a0\u00bb]PRODUITS EN MOUVEMENT[\/vc_column_text][\/vc_column_inner][vc_column_inner width=\u00a0\u00bb1\/2&Prime;][vc_column_text el_class=\u00a0\u00bbprogetto-voci-valori\u00a0\u00bb]entre 500 et 1000[\/vc_column_text][\/vc_column_inner][\/vc_row_inner][vc_separator color=\u00a0\u00bbwhite\u00a0\u00bb][vc_empty_space height=\u00a0\u00bb100px\u00a0\u00bb][\/vc_column][\/vc_row][vc_row full_width=\u00a0\u00bbstretch_row_content_no_spaces\u00a0\u00bb][vc_column el_class=\u00a0\u00bbfull-width-no-padding\u00a0\u00bb][vc_single_image image=\u00a0\u00bb6670&Prime; img_size=\u00a0\u00bbfull\u00a0\u00bb alignment=\u00a0\u00bbcenter\u00a0\u00bb]<style type=\"text\/css\" data-type=\"the7_shortcodes-inline-css\">#default-btn-0e4e87e5e968b404cd830fa571b9ffc3.ico-right-side > i {\n  margin-right: 0px;\n  margin-left: 8px;\n}\n#default-btn-0e4e87e5e968b404cd830fa571b9ffc3 > i {\n  margin-right: 8px;\n}\n<\/style><div class=\"btn-align-center\"><a href=\"https:\/\/www.pharmathek.com\/fr\/installations\/\" class=\"default-btn-shortcode dt-btn dt-btn-l link-hover-off weight-300 full-width-btn \" id=\"default-btn-0e4e87e5e968b404cd830fa571b9ffc3\" title=\"Installations\"><span>Retour \u00e0 la liste des installations<\/span><\/a><\/div>[\/vc_column][\/vc_row]<\/p>\n<\/div>","protected":false},"excerpt":{"rendered":"<p>Forl\u00ec (Italie)<\/p>\n","protected":false},"author":3,"featured_media":6667,"parent":0,"menu_order":0,"comment_status":"closed","ping_status":"closed","template":"","meta":{"inline_featured_image":false,"footnotes":""},"categories":[45,47],"tags":[],"class_list":["post-22393","page","type-page","status-publish","has-post-thumbnail","hentry","category-installations","category-pharmacies","description-off"],"_links":{"self":[{"href":"https:\/\/www.pharmathek.com\/fr\/wp-json\/wp\/v2\/pages\/22393","targetHints":{"allow":["GET"]}}],"collection":[{"href":"https:\/\/www.pharmathek.com\/fr\/wp-json\/wp\/v2\/pages"}],"about":[{"href":"https:\/\/www.pharmathek.com\/fr\/wp-json\/wp\/v2\/types\/page"}],"author":[{"embeddable":true,"href":"https:\/\/www.pharmathek.com\/fr\/wp-json\/wp\/v2\/users\/3"}],"replies":[{"embeddable":true,"href":"https:\/\/www.pharmathek.com\/fr\/wp-json\/wp\/v2\/comments?post=22393"}],"version-history":[{"count":4,"href":"https:\/\/www.pharmathek.com\/fr\/wp-json\/wp\/v2\/pages\/22393\/revisions"}],"predecessor-version":[{"id":22422,"href":"https:\/\/www.pharmathek.com\/fr\/wp-json\/wp\/v2\/pages\/22393\/revisions\/22422"}],"wp:featuredmedia":[{"embeddable":true,"href":"https:\/\/www.pharmathek.com\/fr\/wp-json\/wp\/v2\/media\/6667"}],"wp:attachment":[{"href":"https:\/\/www.pharmathek.com\/fr\/wp-json\/wp\/v2\/media?parent=22393"}],"wp:term":[{"taxonomy":"category","embeddable":true,"href":"https:\/\/www.pharmathek.com\/fr\/wp-json\/wp\/v2\/categories?post=22393"},{"taxonomy":"post_tag","embeddable":true,"href":"https:\/\/www.pharmathek.com\/fr\/wp-json\/wp\/v2\/tags?post=22393"}],"curies":[{"name":"wp","href":"https:\/\/api.w.org\/{rel}","templated":true}]}}