{"id":22489,"date":"2022-07-29T16:31:48","date_gmt":"2022-07-29T14:31:48","guid":{"rendered":"https:\/\/www.pharmathek.com\/?page_id=22489"},"modified":"2022-07-29T17:27:30","modified_gmt":"2022-07-29T15:27:30","slug":"pharmacie-clapes-1925","status":"publish","type":"page","link":"https:\/\/www.pharmathek.com\/fr\/pharmacie-clapes-1925\/","title":{"rendered":"Pharmacie Clap\u00e9s 1925"},"content":{"rendered":"<div class=\"wpb-content-wrapper\"><p>[vc_row full_width=\u00a0\u00bbstretch_row_content\u00a0\u00bb equal_height=\u00a0\u00bbyes\u00a0\u00bb content_placement=\u00a0\u00bbmiddle\u00a0\u00bb bg_type=\u00a0\u00bbbg_color\u00a0\u00bb bg_override=\u00a0\u00bbfull\u00a0\u00bb bg_color_value=\u00a0\u00bb#eeeeef\u00a0\u00bb][vc_column width=\u00a0\u00bb1\/2&Prime; css=\u00a0\u00bb.vc_custom_1523960338488{padding-right: 0px !important;padding-left: 0px !important;}\u00a0\u00bb offset=\u00a0\u00bbvc_hidden-md vc_hidden-sm vc_hidden-xs\u00a0\u00bb][vc_single_image image=\u00a0\u00bb5877&Prime; img_size=\u00a0\u00bbfull\u00a0\u00bb][\/vc_column][vc_column width=\u00a0\u00bb1\/2&Prime; css=\u00a0\u00bb.vc_custom_1523960343032{padding-right: 100px !important;padding-left: 100px !important;}\u00a0\u00bb offset=\u00a0\u00bbvc_hidden-md vc_hidden-sm vc_hidden-xs\u00a0\u00bb][vc_empty_space]<div id=\"ultimate-heading-886169f3574683a13\" class=\"uvc-heading ult-adjust-bottom-margin ultimate-heading-886169f3574683a13 uvc-9461 head-section-title uvc-heading-default-font-sizes\" data-hspacer=\"no_spacer\"  data-halign=\"center\" style=\"text-align:center\"><div class=\"uvc-heading-spacer no_spacer\" style=\"top\"><\/div><div class=\"uvc-main-heading ult-responsive\"  data-ultimate-target='.uvc-heading.ultimate-heading-886169f3574683a13 p'  data-responsive-json-new='{\"font-size\":\"\",\"line-height\":\"\"}' ><p style=\"--font-weight:theme;\">PHARMACIE CLAP\u00c9S 1925<\/p><\/div><\/div>[vc_empty_space][vc_column_text el_class=\u00a0\u00bbtext-justify\u00a0\u00bb]La pharmacie Clap\u00e9s 1925 est \u00e9quip\u00e9e de deux robots Pharmathek.<\/p>\n<p>En effet, la pharmacie, r\u00e9partie sur deux \u00e9tages, a un volume de ventes tr\u00e8s important et le syst\u00e8me d&rsquo;entrep\u00f4t automatis\u00e9 install\u00e9 devait \u00eatre \u00e0 la hauteur des exigences.<\/p>\n<p>D&rsquo;o\u00f9 la d\u00e9cision d&rsquo;installer deux robots Sintesi tr\u00e8s longs. Les deux robots ont \u00e9t\u00e9 plac\u00e9s c\u00f4te \u00e0 c\u00f4te, afin de partager le chargeur automatique Pharmaload pour un chargement optimal des produits.<\/p>\n<p>Ce syst\u00e8me a la particularit\u00e9 d&rsquo;avoir \u00e0 l&rsquo;int\u00e9rieur la premi\u00e8re configuration au monde du manipulateur Double Euclid3D, auparavant uniquement pr\u00e9sent dans la configuration \u00e0 bras unique.[\/vc_column_text][vc_empty_space][\/vc_column][\/vc_row][vc_row full_width=\u00a0\u00bbstretch_row_content\u00a0\u00bb equal_height=\u00a0\u00bbyes\u00a0\u00bb content_placement=\u00a0\u00bbmiddle\u00a0\u00bb bg_type=\u00a0\u00bbbg_color\u00a0\u00bb bg_override=\u00a0\u00bbfull\u00a0\u00bb bg_color_value=\u00a0\u00bb#eeeeef\u00a0\u00bb][vc_column css=\u00a0\u00bb.vc_custom_1524126670718{padding-right: 0px !important;padding-left: 0px !important;}\u00a0\u00bb offset=\u00a0\u00bbvc_hidden-lg\u00a0\u00bb el_class=\u00a0\u00bbfull-width-no-padding\u00a0\u00bb][vc_single_image image=\u00a0\u00bb5877&Prime; img_size=\u00a0\u00bbfull\u00a0\u00bb][vc_empty_space]<div id=\"ultimate-heading-212969f3574683aca\" class=\"uvc-heading ult-adjust-bottom-margin ultimate-heading-212969f3574683aca uvc-3499 head-section-title uvc-heading-default-font-sizes\" data-hspacer=\"no_spacer\"  data-halign=\"center\" style=\"text-align:center\"><div class=\"uvc-heading-spacer no_spacer\" style=\"top\"><\/div><div class=\"uvc-main-heading ult-responsive\"  data-ultimate-target='.uvc-heading.ultimate-heading-212969f3574683aca p'  data-responsive-json-new='{\"font-size\":\"\",\"line-height\":\"\"}' ><p style=\"--font-weight:theme;\">PHARMACIE CLAP\u00c9S 1925<\/p><\/div><\/div>[vc_empty_space][vc_column_text el_class=\u00a0\u00bbtext-justify\u00a0\u00bb]La pharmacie Clap\u00e9s 1925 est \u00e9quip\u00e9e de deux robots Pharmathek.<\/p>\n<p>En effet, la pharmacie, r\u00e9partie sur deux \u00e9tages, a un volume de ventes tr\u00e8s important et le syst\u00e8me d&rsquo;entrep\u00f4t automatis\u00e9 install\u00e9 devait \u00eatre \u00e0 la hauteur des exigences.<\/p>\n<p>D&rsquo;o\u00f9 la d\u00e9cision d&rsquo;installer deux robots Sintesi tr\u00e8s longs. Les deux robots ont \u00e9t\u00e9 plac\u00e9s c\u00f4te \u00e0 c\u00f4te, afin de partager le chargeur automatique Pharmaload pour un chargement optimal des produits.<\/p>\n<p>Ce syst\u00e8me a la particularit\u00e9 d&rsquo;avoir \u00e0 l&rsquo;int\u00e9rieur la premi\u00e8re configuration au monde du manipulateur Double Euclid3D, auparavant uniquement pr\u00e9sent dans la configuration \u00e0 bras unique.[\/vc_column_text][vc_empty_space][\/vc_column][\/vc_row][vc_row][vc_column offset=\u00a0\u00bbvc_hidden-md vc_hidden-sm vc_hidden-xs\u00a0\u00bb][vc_empty_space height=\u00a0\u00bb100px\u00a0\u00bb]<div id=\"ultimate-heading-995169f3574683b4c\" class=\"uvc-heading ult-adjust-bottom-margin ultimate-heading-995169f3574683b4c uvc-8071 head-section-title uvc-heading-default-font-sizes\" data-hspacer=\"no_spacer\"  data-halign=\"center\" style=\"text-align:center\"><div class=\"uvc-heading-spacer no_spacer\" style=\"top\"><\/div><div class=\"uvc-main-heading ult-responsive\"  data-ultimate-target='.uvc-heading.ultimate-heading-995169f3574683b4c p'  data-responsive-json-new='{\"font-size\":\"\",\"line-height\":\"\"}' ><p style=\"--font-weight:theme;\">LA PAROLE AU PHARMACIEN<\/p><\/div><\/div>[vc_empty_space][vc_column_text el_class=\u00a0\u00bbtext-justify\u00a0\u00bb]<\/p>\n<h4>Dre Clap\u00e9s, d&rsquo;o\u00f9 vient le besoin d&rsquo;installer deux robots Pharmathek ?<\/h4>\n<p>Avant Pharmathek, j&rsquo;avais un autre robot dans la pharmacie, mais il \u00e9tait devenu obsol\u00e8te au vu de la restructuration que j&rsquo;avais d\u00e9cid\u00e9 de mener, qui a compl\u00e8tement chang\u00e9 l&rsquo;agencement de ma pharmacie.<\/p>\n<p>Ce qui m&rsquo;a impressionn\u00e9 chez Pharmathek, c&rsquo;est le traitement personnalis\u00e9 qu&rsquo;ils m&rsquo;ont offert. Ils m&rsquo;ont fait un projet d&rsquo;automatisation sur mesure capable de r\u00e9pondre aux besoins de la nouvelle organisation que je voulais donner \u00e0 ma pharmacie.<\/p>\n<p>&nbsp;<\/p>\n<h4><strong>Quels \u00e9taient vos besoins ?<\/strong><\/h4>\n<p>J&rsquo;ai une pharmacie sur trois \u00e9tages et avec des volumes de ventes \u00e9lev\u00e9s, j&rsquo;avais donc besoin d&rsquo;un syst\u00e8me avec une capacit\u00e9 de confinement \u00e9lev\u00e9e et capable d&rsquo;acheminer les produits \u00e0 l&rsquo;\u00e9tage requis par plusieurs sorties.<\/p>\n<p>&nbsp;<\/p>\n<h4><strong>Je peux donc dire que j&rsquo;ai choisi Pharmathek parce qu&rsquo;elle m&rsquo;offrait des services que d&rsquo;autres entreprises ne pouvaient pas offrir.<\/strong><\/h4>\n<p>Le syst\u00e8me d&rsquo;entrep\u00f4t cr\u00e9\u00e9 pour moi comprend deux unit\u00e9s robotiques <a href=\"https:\/\/www.pharmathek.com\/fr\/sintesi\/\">Sintesi<\/a> qui partagent un seul chargeur automatique <a href=\"https:\/\/www.pharmathek.com\/fr\/pharmaload\/\">Pharmaload<\/a>, dans la configuration avec tr\u00e9mie de chargement \u00e9tendue afin qu&rsquo;un plus grand nombre de produits puissent y \u00eatre vers\u00e9s.<\/p>\n<p>Le manipulateur \u00e0 l&rsquo;int\u00e9rieur des unit\u00e9s robotiques est <a href=\"https:\/\/www.pharmathek.com\/fr\/euclid3d\/\">Euclid3D<\/a>, un bras robotis\u00e9 que je trouve personnellement parfait, pr\u00e9sent dans la configuration \u00e0 double manipulateur.<\/p>\n<p>&nbsp;<\/p>\n<h4>Quels sont les avantages que vous avez trouv\u00e9s ?<\/h4>\n<p>Comme on le sait, le robot permet de consacrer plus de temps et d&rsquo;attention au client et moins \u00e0 la gestion des produits : au service au comptoir, nous sommes maintenant beaucoup plus d\u00e9tendus et calmes.<\/p>\n<p>Au niveau de l&rsquo;organisation logistique, je crois que le robot nous permet d&rsquo;avoir tout en plus sous contr\u00f4le et ordonn\u00e9, notamment en ce qui concerne la gestion des d\u00e9lais.[\/vc_column_text][vc_empty_space height=\u00a0\u00bb100px\u00a0\u00bb][\/vc_column][\/vc_row][vc_row][vc_column offset=\u00a0\u00bbvc_hidden-lg\u00a0\u00bb][vc_empty_space height=\u00a0\u00bb50px\u00a0\u00bb]<div id=\"ultimate-heading-85969f3574683bcb\" class=\"uvc-heading ult-adjust-bottom-margin ultimate-heading-85969f3574683bcb uvc-2803 head-section-title uvc-heading-default-font-sizes\" data-hspacer=\"no_spacer\"  data-halign=\"center\" style=\"text-align:center\"><div class=\"uvc-heading-spacer no_spacer\" style=\"top\"><\/div><div class=\"uvc-main-heading ult-responsive\"  data-ultimate-target='.uvc-heading.ultimate-heading-85969f3574683bcb p'  data-responsive-json-new='{\"font-size\":\"\",\"line-height\":\"\"}' ><p style=\"--font-weight:theme;\">LA PAROLE AU PHARMACIEN<\/p><\/div><\/div>[vc_empty_space][vc_column_text el_class=\u00a0\u00bbtext-justify\u00a0\u00bb]<\/p>\n<h4>Dre Clap\u00e9s, d&rsquo;o\u00f9 vient le besoin d&rsquo;installer deux robots Pharmathek ?<\/h4>\n<p>Avant Pharmathek, j&rsquo;avais un autre robot dans la pharmacie, mais il \u00e9tait devenu obsol\u00e8te au vu de la restructuration que j&rsquo;avais d\u00e9cid\u00e9 de mener, qui a compl\u00e8tement chang\u00e9 l&rsquo;agencement de ma pharmacie.<\/p>\n<p>Ce qui m&rsquo;a impressionn\u00e9 chez Pharmathek, c&rsquo;est le traitement personnalis\u00e9 qu&rsquo;ils m&rsquo;ont offert. Ils m&rsquo;ont fait un projet d&rsquo;automatisation sur mesure capable de r\u00e9pondre aux besoins de la nouvelle organisation que je voulais donner \u00e0 ma pharmacie.<\/p>\n<p>&nbsp;<\/p>\n<p><strong>Quels \u00e9taient ses besoins ?<\/strong><\/p>\n<p>J&rsquo;ai une pharmacie sur trois \u00e9tages et avec des volumes de ventes \u00e9lev\u00e9s, j&rsquo;avais donc besoin d&rsquo;un syst\u00e8me avec une capacit\u00e9 de confinement \u00e9lev\u00e9e et capable d&rsquo;acheminer les produits \u00e0 l&rsquo;\u00e9tage requis par plusieurs sorties.<\/p>\n<p><strong>Je peux donc dire que j&rsquo;ai choisi Pharmathek parce qu&rsquo;elle m&rsquo;offrait des services que d&rsquo;autres entreprises ne pouvaient pas offrir.<\/strong><\/p>\n<p>Le syst\u00e8me d&rsquo;entrep\u00f4t cr\u00e9\u00e9 pour moi comprend deux unit\u00e9s robotiques <a href=\"https:\/\/www.pharmathek.com\/fr\/sintesi\/\">Sintesi<\/a> qui partagent un seul chargeur automatique <a href=\"https:\/\/www.pharmathek.com\/fr\/pharmaload\/\">Pharmaload<\/a>, dans la configuration avec tr\u00e9mie de chargement \u00e9tendue afin qu&rsquo;un plus grand nombre de produits puissent y \u00eatre vers\u00e9s.<\/p>\n<p>Le manipulateur \u00e0 l&rsquo;int\u00e9rieur des unit\u00e9s robotiques est <a href=\"https:\/\/www.pharmathek.com\/fr\/euclid3d\/\">Euclid3D<\/a>, un bras robotis\u00e9 que je trouve personnellement parfait, pr\u00e9sent dans la configuration \u00e0 double manipulateur.<\/p>\n<p>&nbsp;<\/p>\n<h4>Quels sont les avantages que vous avez trouv\u00e9s ?<\/h4>\n<p>Comme on le sait, le robot permet de consacrer plus de temps et d&rsquo;attention au client et moins \u00e0 la gestion des produits : au service au comptoir, nous sommes maintenant beaucoup plus d\u00e9tendus et calmes.<\/p>\n<p>Au niveau de l&rsquo;organisation logistique, je crois que le robot nous permet d&rsquo;avoir tout en plus sous contr\u00f4le et ordonn\u00e9, notamment en ce qui concerne la gestion des d\u00e9lais.[\/vc_column_text][vc_empty_space height=\u00a0\u00bb50px\u00a0\u00bb][\/vc_column][\/vc_row][vc_row full_width=\u00a0\u00bbstretch_row\u00a0\u00bb bg_type=\u00a0\u00bbbg_color\u00a0\u00bb bg_override=\u00a0\u00bbfull\u00a0\u00bb bg_color_value=\u00a0\u00bb#ff6b00&Prime;][vc_column offset=\u00a0\u00bbvc_hidden-md vc_hidden-sm vc_hidden-xs\u00a0\u00bb][vc_empty_space height=\u00a0\u00bb100px\u00a0\u00bb]<div id=\"ultimate-heading-472969f3574683c49\" class=\"uvc-heading ult-adjust-bottom-margin ultimate-heading-472969f3574683c49 uvc-7039 head-section-title text-white uvc-heading-default-font-sizes\" data-hspacer=\"no_spacer\"  data-halign=\"center\" style=\"text-align:center\"><div class=\"uvc-heading-spacer no_spacer\" style=\"top\"><\/div><div class=\"uvc-main-heading ult-responsive\"  data-ultimate-target='.uvc-heading.ultimate-heading-472969f3574683c49 h2'  data-responsive-json-new='{\"font-size\":\"\",\"line-height\":\"\"}' ><h2 style=\"--font-weight:theme;\">VID\u00c9O<\/h2><\/div><div class=\"uvc-sub-heading ult-responsive\"  data-ultimate-target='.uvc-heading.ultimate-heading-472969f3574683c49 .uvc-sub-heading '  data-responsive-json-new='{\"font-size\":\"\",\"line-height\":\"\"}'  style=\"font-weight:normal;\"><\/p>\n<p><\/div><\/div>[vc_empty_space height=\u00a0\u00bb50px\u00a0\u00bb][vc_video link=\u00a0\u00bbhttps:\/\/youtu.be\/8OAOf1nwKHw\u00a0\u00bb el_width=\u00a0\u00bb80&Prime; align=\u00a0\u00bbcenter\u00a0\u00bb][vc_empty_space height=\u00a0\u00bb50px\u00a0\u00bb][vc_video link=\u00a0\u00bbhttps:\/\/youtu.be\/po4lHqdyj08&Prime; el_width=\u00a0\u00bb80&Prime; align=\u00a0\u00bbcenter\u00a0\u00bb][vc_empty_space height=\u00a0\u00bb100px\u00a0\u00bb][\/vc_column][\/vc_row][vc_row full_width=\u00a0\u00bbstretch_row\u00a0\u00bb bg_type=\u00a0\u00bbbg_color\u00a0\u00bb bg_override=\u00a0\u00bbfull\u00a0\u00bb bg_color_value=\u00a0\u00bb#ff6b00&Prime;][vc_column offset=\u00a0\u00bbvc_hidden-lg\u00a0\u00bb][vc_empty_space height=\u00a0\u00bb50px\u00a0\u00bb]<div id=\"ultimate-heading-833969f3574683cc3\" class=\"uvc-heading ult-adjust-bottom-margin ultimate-heading-833969f3574683cc3 uvc-8206 head-section-title text-white uvc-heading-default-font-sizes\" data-hspacer=\"no_spacer\"  data-halign=\"center\" style=\"text-align:center\"><div class=\"uvc-heading-spacer no_spacer\" style=\"top\"><\/div><div class=\"uvc-main-heading ult-responsive\"  data-ultimate-target='.uvc-heading.ultimate-heading-833969f3574683cc3 h2'  data-responsive-json-new='{\"font-size\":\"\",\"line-height\":\"\"}' ><h2 style=\"--font-weight:theme;\">VID\u00c9O<\/h2><\/div><div class=\"uvc-sub-heading ult-responsive\"  data-ultimate-target='.uvc-heading.ultimate-heading-833969f3574683cc3 .uvc-sub-heading '  data-responsive-json-new='{\"font-size\":\"\",\"line-height\":\"\"}'  style=\"font-weight:normal;\"><\/p>\n<p><\/div><\/div>[vc_empty_space height=\u00a0\u00bb50px\u00a0\u00bb][vc_video link=\u00a0\u00bbhttps:\/\/youtu.be\/8OAOf1nwKHw\u00a0\u00bb align=\u00a0\u00bbcenter\u00a0\u00bb][vc_empty_space height=\u00a0\u00bb30px\u00a0\u00bb][vc_video link=\u00a0\u00bbhttps:\/\/youtu.be\/po4lHqdyj08&Prime; align=\u00a0\u00bbcenter\u00a0\u00bb][vc_empty_space height=\u00a0\u00bb50px\u00a0\u00bb][\/vc_column][\/vc_row][vc_row full_width=\u00a0\u00bbstretch_row\u00a0\u00bb bg_type=\u00a0\u00bbbg_color\u00a0\u00bb bg_override=\u00a0\u00bbfull\u00a0\u00bb bg_color_value=\u00a0\u00bb#eeeeef\u00a0\u00bb][vc_column offset=\u00a0\u00bbvc_hidden-md vc_hidden-sm vc_hidden-xs\u00a0\u00bb][vc_empty_space height=\u00a0\u00bb100px\u00a0\u00bb]<div id=\"ultimate-heading-128969f3574683d39\" class=\"uvc-heading ult-adjust-bottom-margin ultimate-heading-128969f3574683d39 uvc-4519 head-section-title uvc-heading-default-font-sizes\" data-hspacer=\"no_spacer\"  data-halign=\"center\" style=\"text-align:center\"><div class=\"uvc-heading-spacer no_spacer\" style=\"top\"><\/div><div class=\"uvc-main-heading ult-responsive\"  data-ultimate-target='.uvc-heading.ultimate-heading-128969f3574683d39 h2'  data-responsive-json-new='{\"font-size\":\"\",\"line-height\":\"\"}' ><h2 style=\"--font-weight:theme;\">GALERIE<\/h2><\/div><\/div>[vc_empty_space height=\u00a0\u00bb50px\u00a0\u00bb][vc_masonry_media_grid element_width=\u00a0\u00bb3&Prime; gap=\u00a0\u00bb10&Prime; grid_id=\u00a0\u00bbvc_gid:1659105432226-5d642a0d-f9a5-0&Prime; include=\u00a0\u00bb5873,5869,5861,5865&Prime;][vc_empty_space height=\u00a0\u00bb100px\u00a0\u00bb][\/vc_column][\/vc_row][vc_row full_width=\u00a0\u00bbstretch_row\u00a0\u00bb bg_type=\u00a0\u00bbbg_color\u00a0\u00bb bg_override=\u00a0\u00bbfull\u00a0\u00bb bg_color_value=\u00a0\u00bb#eeeeef\u00a0\u00bb][vc_column offset=\u00a0\u00bbvc_hidden-lg\u00a0\u00bb][vc_empty_space height=\u00a0\u00bb50px\u00a0\u00bb]<div id=\"ultimate-heading-459569f3574683dac\" class=\"uvc-heading ult-adjust-bottom-margin ultimate-heading-459569f3574683dac uvc-8607 head-section-title uvc-heading-default-font-sizes\" data-hspacer=\"no_spacer\"  data-halign=\"center\" style=\"text-align:center\"><div class=\"uvc-heading-spacer no_spacer\" style=\"top\"><\/div><div class=\"uvc-main-heading ult-responsive\"  data-ultimate-target='.uvc-heading.ultimate-heading-459569f3574683dac h2'  data-responsive-json-new='{\"font-size\":\"\",\"line-height\":\"\"}' ><h2 style=\"--font-weight:theme;\">GALERIE<\/h2><\/div><\/div>[vc_empty_space height=\u00a0\u00bb50px\u00a0\u00bb][vc_masonry_media_grid element_width=\u00a0\u00bb3&Prime; gap=\u00a0\u00bb10&Prime; grid_id=\u00a0\u00bbvc_gid:1659105432234-81e1a27e-541a-2&Prime; include=\u00a0\u00bb5873,5869,5861,5865&Prime;][vc_empty_space height=\u00a0\u00bb50px\u00a0\u00bb][\/vc_column][\/vc_row][vc_row full_width=\u00a0\u00bbstretch_row\u00a0\u00bb bg_type=\u00a0\u00bbimage\u00a0\u00bb parallax_style=\u00a0\u00bbvcpb-default\u00a0\u00bb bg_image_new=\u00a0\u00bbid^1166|url^http:\/\/www.pharmathek.com\/wp-content\/uploads\/2018\/03\/farmacia-specifiche-background.jpg|caption^null|alt^null|title^farmacia-specifiche-background|description^null\u00a0\u00bb bg_image_repeat=\u00a0\u00bbno-repeat\u00a0\u00bb bg_override=\u00a0\u00bbfull\u00a0\u00bb][vc_column][vc_empty_space height=\u00a0\u00bb100px\u00a0\u00bb]<div id=\"ultimate-heading-829569f3574683e29\" class=\"uvc-heading ult-adjust-bottom-margin ultimate-heading-829569f3574683e29 uvc-3530 head-section-title text-white uvc-heading-default-font-sizes\" data-hspacer=\"no_spacer\"  data-halign=\"center\" style=\"text-align:center\"><div class=\"uvc-heading-spacer no_spacer\" style=\"top\"><\/div><div class=\"uvc-main-heading ult-responsive\"  data-ultimate-target='.uvc-heading.ultimate-heading-829569f3574683e29 h2'  data-responsive-json-new='{\"font-size\":\"\",\"line-height\":\"\"}' ><h2 style=\"--font-weight:theme;\">LE PROJET<\/h2><\/div><\/div>[vc_empty_space height=\u00a0\u00bb50px\u00a0\u00bb][vc_separator color=\u00a0\u00bbwhite\u00a0\u00bb][vc_separator color=\u00a0\u00bbwhite\u00a0\u00bb][vc_row_inner][vc_column_inner width=\u00a0\u00bb1\/2&Prime;][vc_column_text el_class=\u00a0\u00bbprogetto-voci\u00a0\u00bb]SOLUTIONS PHARMATHEK[\/vc_column_text][\/vc_column_inner][vc_column_inner width=\u00a0\u00bb1\/2&Prime;][vc_column_text el_class=\u00a0\u00bbprogetto-voci-valori\u00a0\u00bb]2 SINTESI + 2 EUCLID3D + PHARMALOAD[\/vc_column_text][\/vc_column_inner][\/vc_row_inner][vc_separator color=\u00a0\u00bbwhite\u00a0\u00bb][vc_row_inner][vc_column_inner width=\u00a0\u00bb1\/2&Prime;][vc_column_text el_class=\u00a0\u00bbprogetto-voci\u00a0\u00bb]DIMENSIONS ROBOT[\/vc_column_text][\/vc_column_inner][vc_column_inner width=\u00a0\u00bb1\/2&Prime;][vc_column_text el_class=\u00a0\u00bbprogetto-voci-valori\u00a0\u00bb]<span lang=\"ES\">L 14.000 x H 2.600 mm<\/span>[\/vc_column_text][\/vc_column_inner][\/vc_row_inner][vc_separator color=\u00a0\u00bbwhite\u00a0\u00bb][vc_row_inner][vc_column_inner width=\u00a0\u00bb1\/2&Prime;][vc_column_text el_class=\u00a0\u00bbprogetto-voci\u00a0\u00bb]CAPACIT\u00c9 BO\u00ceTES[\/vc_column_text][\/vc_column_inner][vc_column_inner width=\u00a0\u00bb1\/2&Prime;][vc_column_text el_class=\u00a0\u00bbprogetto-voci-valori\u00a0\u00bb]<span lang=\"ES\">50.000<\/span>[\/vc_column_text][\/vc_column_inner][\/vc_row_inner][vc_separator color=\u00a0\u00bbwhite\u00a0\u00bb][vc_row_inner][vc_column_inner width=\u00a0\u00bb1\/2&Prime;][vc_column_text el_class=\u00a0\u00bbprogetto-voci\u00a0\u00bb]POSITION ROBOT PAR RAPPORT AU COMPTOIR[\/vc_column_text][\/vc_column_inner][vc_column_inner width=\u00a0\u00bb1\/2&Prime;][vc_column_text el_class=\u00a0\u00bbprogetto-voci-valori\u00a0\u00bb]AU SOUS-SOL[\/vc_column_text][\/vc_column_inner][\/vc_row_inner][vc_separator color=\u00a0\u00bbwhite\u00a0\u00bb][vc_row_inner][vc_column_inner width=\u00a0\u00bb1\/2&Prime;][vc_column_text el_class=\u00a0\u00bbprogetto-voci\u00a0\u00bb]PRODUITS EN MOUVEMENT[\/vc_column_text][\/vc_column_inner][vc_column_inner width=\u00a0\u00bb1\/2&Prime;][vc_column_text el_class=\u00a0\u00bbprogetto-voci-valori\u00a0\u00bb]<span lang=\"ES\">&gt; 1.500<\/span>[\/vc_column_text][\/vc_column_inner][\/vc_row_inner][vc_separator color=\u00a0\u00bbwhite\u00a0\u00bb][vc_empty_space height=\u00a0\u00bb100px\u00a0\u00bb][\/vc_column][\/vc_row][vc_row full_width=\u00a0\u00bbstretch_row_content_no_spaces\u00a0\u00bb][vc_column el_class=\u00a0\u00bbfull-width-no-padding\u00a0\u00bb][vc_single_image image=\u00a0\u00bb5857&Prime; img_size=\u00a0\u00bbfull\u00a0\u00bb alignment=\u00a0\u00bbcenter\u00a0\u00bb]<style type=\"text\/css\" data-type=\"the7_shortcodes-inline-css\">#default-btn-0e4e87e5e968b404cd830fa571b9ffc3.ico-right-side > i {\n  margin-right: 0px;\n  margin-left: 8px;\n}\n#default-btn-0e4e87e5e968b404cd830fa571b9ffc3 > i {\n  margin-right: 8px;\n}\n<\/style><div class=\"btn-align-center\"><a href=\"https:\/\/www.pharmathek.com\/fr\/installations\/\" class=\"default-btn-shortcode dt-btn dt-btn-l link-hover-off weight-300 full-width-btn \" id=\"default-btn-0e4e87e5e968b404cd830fa571b9ffc3\" title=\"Installations\"><span>Retour \u00e0 la liste des installations<\/span><\/a><\/div>[\/vc_column][\/vc_row]<\/p>\n<\/div>","protected":false},"excerpt":{"rendered":"<p>S. Adri\u00e0 de Bes\u00f2s (Barcellona)<\/p>\n","protected":false},"author":3,"featured_media":5855,"parent":0,"menu_order":0,"comment_status":"closed","ping_status":"closed","template":"","meta":{"inline_featured_image":false,"footnotes":""},"categories":[45,47],"tags":[],"class_list":["post-22489","page","type-page","status-publish","has-post-thumbnail","hentry","category-installations","category-pharmacies","description-off"],"_links":{"self":[{"href":"https:\/\/www.pharmathek.com\/fr\/wp-json\/wp\/v2\/pages\/22489","targetHints":{"allow":["GET"]}}],"collection":[{"href":"https:\/\/www.pharmathek.com\/fr\/wp-json\/wp\/v2\/pages"}],"about":[{"href":"https:\/\/www.pharmathek.com\/fr\/wp-json\/wp\/v2\/types\/page"}],"author":[{"embeddable":true,"href":"https:\/\/www.pharmathek.com\/fr\/wp-json\/wp\/v2\/users\/3"}],"replies":[{"embeddable":true,"href":"https:\/\/www.pharmathek.com\/fr\/wp-json\/wp\/v2\/comments?post=22489"}],"version-history":[{"count":6,"href":"https:\/\/www.pharmathek.com\/fr\/wp-json\/wp\/v2\/pages\/22489\/revisions"}],"predecessor-version":[{"id":22500,"href":"https:\/\/www.pharmathek.com\/fr\/wp-json\/wp\/v2\/pages\/22489\/revisions\/22500"}],"wp:featuredmedia":[{"embeddable":true,"href":"https:\/\/www.pharmathek.com\/fr\/wp-json\/wp\/v2\/media\/5855"}],"wp:attachment":[{"href":"https:\/\/www.pharmathek.com\/fr\/wp-json\/wp\/v2\/media?parent=22489"}],"wp:term":[{"taxonomy":"category","embeddable":true,"href":"https:\/\/www.pharmathek.com\/fr\/wp-json\/wp\/v2\/categories?post=22489"},{"taxonomy":"post_tag","embeddable":true,"href":"https:\/\/www.pharmathek.com\/fr\/wp-json\/wp\/v2\/tags?post=22489"}],"curies":[{"name":"wp","href":"https:\/\/api.w.org\/{rel}","templated":true}]}}