{"id":22960,"date":"2022-08-11T11:05:27","date_gmt":"2022-08-11T09:05:27","guid":{"rendered":"https:\/\/www.pharmathek.com\/?page_id=22960"},"modified":"2022-08-11T11:05:27","modified_gmt":"2022-08-11T09:05:27","slug":"pharmacie-morandi","status":"publish","type":"page","link":"https:\/\/www.pharmathek.com\/fr\/pharmacie-morandi\/","title":{"rendered":"Pharmacie Morandi"},"content":{"rendered":"<div class=\"wpb-content-wrapper\"><p>[vc_row full_width=\u00a0\u00bbstretch_row_content\u00a0\u00bb equal_height=\u00a0\u00bbyes\u00a0\u00bb content_placement=\u00a0\u00bbmiddle\u00a0\u00bb bg_type=\u00a0\u00bbbg_color\u00a0\u00bb bg_override=\u00a0\u00bbfull\u00a0\u00bb bg_color_value=\u00a0\u00bb#eeeeef\u00a0\u00bb][vc_column width=\u00a0\u00bb1\/2&Prime; css=\u00a0\u00bb.vc_custom_1523960338488{padding-right: 0px !important;padding-left: 0px !important;}\u00a0\u00bb offset=\u00a0\u00bbvc_hidden-md vc_hidden-sm vc_hidden-xs\u00a0\u00bb][vc_single_image image=\u00a0\u00bb5365&Prime; img_size=\u00a0\u00bbfull\u00a0\u00bb][\/vc_column][vc_column width=\u00a0\u00bb1\/2&Prime; css=\u00a0\u00bb.vc_custom_1523960343032{padding-right: 100px !important;padding-left: 100px !important;}\u00a0\u00bb offset=\u00a0\u00bbvc_hidden-md vc_hidden-sm vc_hidden-xs\u00a0\u00bb][vc_empty_space]<div id=\"ultimate-heading-488769f9d6c5609a7\" class=\"uvc-heading ult-adjust-bottom-margin ultimate-heading-488769f9d6c5609a7 uvc-1924 head-section-title uvc-heading-default-font-sizes\" data-hspacer=\"no_spacer\"  data-halign=\"center\" style=\"text-align:center\"><div class=\"uvc-heading-spacer no_spacer\" style=\"top\"><\/div><div class=\"uvc-main-heading ult-responsive\"  data-ultimate-target='.uvc-heading.ultimate-heading-488769f9d6c5609a7 p'  data-responsive-json-new='{\"font-size\":\"\",\"line-height\":\"\"}' ><p style=\"--font-weight:theme;\">PHARMACIE MORANDI<\/p><\/div><\/div>[vc_empty_space][vc_column_text el_class=\u00a0\u00bbtext-justify\u00a0\u00bb]La pharmacie Morandi \u00e0 Lonato del Garda s&rsquo;est \u00e9quip\u00e9e d&rsquo;un robot d&rsquo;entrep\u00f4t Pharmathek.<\/p>\n<p>L&rsquo;automatisation de l&rsquo;entrep\u00f4t a \u00e9t\u00e9 r\u00e9alis\u00e9e \u00e0 l&rsquo;occasion d&rsquo;une r\u00e9novation totale de la pharmacie. Le robot, plac\u00e9 derri\u00e8re les postes des op\u00e9rateurs, a \u00e9t\u00e9 personnalis\u00e9 d&rsquo;un point de vue esth\u00e9tique pour rendre sa pr\u00e9sence encore plus \u00e9vidente. En particulier, le mur du c\u00f4t\u00e9 long a \u00e9t\u00e9 enrichi de plusieurs panneaux de verre, \u00e0 travers lesquels les clients peuvent admirer les nombreuses \u00e9tag\u00e8res de m\u00e9dicaments.<\/p>\n<p>Le robot poss\u00e8de 3 sorties lat\u00e9rales (deux sur le c\u00f4t\u00e9 long, une sur le c\u00f4t\u00e9 court) et deux sorties sur le c\u00f4t\u00e9 oppos\u00e9 de la pi\u00e8ce, o\u00f9 les m\u00e9dicaments arrivent via un syst\u00e8me de convoyeurs et de descendeurs.[\/vc_column_text][vc_empty_space][\/vc_column][\/vc_row][vc_row full_width=\u00a0\u00bbstretch_row_content\u00a0\u00bb equal_height=\u00a0\u00bbyes\u00a0\u00bb content_placement=\u00a0\u00bbmiddle\u00a0\u00bb bg_type=\u00a0\u00bbbg_color\u00a0\u00bb bg_override=\u00a0\u00bbfull\u00a0\u00bb bg_color_value=\u00a0\u00bb#eeeeef\u00a0\u00bb][vc_column css=\u00a0\u00bb.vc_custom_1524126670718{padding-right: 0px !important;padding-left: 0px !important;}\u00a0\u00bb offset=\u00a0\u00bbvc_hidden-lg\u00a0\u00bb el_class=\u00a0\u00bbfull-width-no-padding\u00a0\u00bb][vc_single_image image=\u00a0\u00bb5365&Prime; img_size=\u00a0\u00bbfull\u00a0\u00bb][vc_empty_space]<div id=\"ultimate-heading-972669f9d6c560a4b\" class=\"uvc-heading ult-adjust-bottom-margin ultimate-heading-972669f9d6c560a4b uvc-6295 head-section-title uvc-heading-default-font-sizes\" data-hspacer=\"no_spacer\"  data-halign=\"center\" style=\"text-align:center\"><div class=\"uvc-heading-spacer no_spacer\" style=\"top\"><\/div><div class=\"uvc-main-heading ult-responsive\"  data-ultimate-target='.uvc-heading.ultimate-heading-972669f9d6c560a4b p'  data-responsive-json-new='{\"font-size\":\"\",\"line-height\":\"\"}' ><p style=\"--font-weight:theme;\">PHARMACIE MORANDI<\/p><\/div><div class=\"uvc-sub-heading ult-responsive\"  data-ultimate-target='.uvc-heading.ultimate-heading-972669f9d6c560a4b .uvc-sub-heading '  data-responsive-json-new='{\"font-size\":\"\",\"line-height\":\"\"}'  style=\"font-weight:normal;\"><\/p>\n<p><\/div><\/div>[vc_empty_space][vc_column_text el_class=\u00a0\u00bbtext-justify\u00a0\u00bb]La pharmacie Morandi \u00e0 Lonato del Garda s&rsquo;est \u00e9quip\u00e9e d&rsquo;un robot d&rsquo;entrep\u00f4t Pharmathek.<\/p>\n<p>L&rsquo;automatisation de l&rsquo;entrep\u00f4t a \u00e9t\u00e9 r\u00e9alis\u00e9e \u00e0 l&rsquo;occasion d&rsquo;une r\u00e9novation totale de la pharmacie. Le robot, plac\u00e9 derri\u00e8re les postes des op\u00e9rateurs, a \u00e9t\u00e9 personnalis\u00e9 d&rsquo;un point de vue esth\u00e9tique pour rendre sa pr\u00e9sence encore plus \u00e9vidente. En particulier, le mur du c\u00f4t\u00e9 long a \u00e9t\u00e9 enrichi de plusieurs panneaux de verre, \u00e0 travers lesquels les clients peuvent admirer les nombreuses \u00e9tag\u00e8res de m\u00e9dicaments.<\/p>\n<p>Le robot poss\u00e8de 3 sorties lat\u00e9rales (deux sur le c\u00f4t\u00e9 long, une sur le c\u00f4t\u00e9 court) et deux sorties sur le c\u00f4t\u00e9 oppos\u00e9 de la pi\u00e8ce, o\u00f9 les m\u00e9dicaments arrivent via un syst\u00e8me de convoyeurs et de descendeurs.[\/vc_column_text][vc_empty_space][\/vc_column][\/vc_row][vc_row][vc_column offset=\u00a0\u00bbvc_hidden-md vc_hidden-sm vc_hidden-xs\u00a0\u00bb][vc_empty_space height=\u00a0\u00bb100px\u00a0\u00bb][vc_single_image image=\u00a0\u00bb5361&Prime; img_size=\u00a0\u00bbfull\u00a0\u00bb alignment=\u00a0\u00bbcenter\u00a0\u00bb][vc_empty_space]<div id=\"ultimate-heading-514569f9d6c560ad3\" class=\"uvc-heading ult-adjust-bottom-margin ultimate-heading-514569f9d6c560ad3 uvc-1441 head-section-title uvc-heading-default-font-sizes\" data-hspacer=\"no_spacer\"  data-halign=\"center\" style=\"text-align:center\"><div class=\"uvc-heading-spacer no_spacer\" style=\"top\"><\/div><div class=\"uvc-main-heading ult-responsive\"  data-ultimate-target='.uvc-heading.ultimate-heading-514569f9d6c560ad3 p'  data-responsive-json-new='{\"font-size\":\"\",\"line-height\":\"\"}' ><p style=\"--font-weight:theme;\">LA PAROLE AU PHARMACIEN<\/p><\/div><\/div>[vc_empty_space][vc_column_text el_class=\u00a0\u00bbtext-justify\u00a0\u00bb]<\/p>\n<h4>Docteur Swierczynski, qu&rsquo;est-ce qui vous a amen\u00e9 \u00e0 d\u00e9cider d&rsquo;automatiser votre pharmacie ?<\/h4>\n<p>L&rsquo;\u00e9tincelle qui nous a amen\u00e9s \u00e0 \u00e9valuer l\u2019installation d&rsquo;un entrep\u00f4t automatis\u00e9 \u00e9tait la pr\u00e9sence d&rsquo;all\u00e9gements fiscaux, mais nous avons d\u00e9cid\u00e9 d&rsquo;installer un entrep\u00f4t automatis\u00e9 pour ses nombreux avantages, li\u00e9s \u00e0 la fois \u00e0 la gestion de l&rsquo;entrep\u00f4t et \u00e0 la nouvelle et meilleure fa\u00e7on d&rsquo;interagir avec le client. Un autre avantage est l&rsquo;effet que sa pr\u00e9sence aurait produit sur l&rsquo;image de la pharmacie : d\u00e9sormais celle-ci est per\u00e7ue comme plus moderne et dans l&rsquo;air du temps.<\/p>\n<p>&nbsp;<\/p>\n<h4>Qu&rsquo;est-ce qui vous a amen\u00e9 \u00e0 choisir Pharmathek ?<\/h4>\n<p>Je connaissais l&rsquo;entreprise depuis plusieurs ann\u00e9es gr\u00e2ce au consultant de la r\u00e9gion. Et j&rsquo;ai choisi Pharmathek car, apr\u00e8s avoir compar\u00e9 les caract\u00e9ristiques des diff\u00e9rentes solutions disponibles, j&rsquo;ai trouv\u00e9 que c&rsquo;\u00e9tait le meilleur syst\u00e8me du march\u00e9 et le plus adapt\u00e9 \u00e0 mes besoins.<\/p>\n<p>&nbsp;<\/p>\n<h4>Qu&rsquo;est-ce qui a chang\u00e9 dans la pharmacie depuis l&rsquo;installation du robot ?<\/h4>\n<p>Au d\u00e9part, mon \u00e9quipe et moi \u00e9tions un peu pr\u00e9venus parce que nous craignions le changement de notre fa\u00e7on de travailler. Mais c&rsquo;\u00e9tait une peur facilement surmont\u00e9e : en peu de temps, mes collaborateurs et moi avons familiaris\u00e9 avec le robot et il fait maintenant partie \u00e0 100 % de notre syst\u00e8me de travail.<br \/>\nDe plus, nous avons eu la preuve de la rapidit\u00e9 du service d&rsquo;assistance, ce qui nous permet d&rsquo;\u00eatre encore plus rassur\u00e9s.<\/p>\n<p>&nbsp;<\/p>\n<h4>Docteur, votre robot est clairement visible \u00e0 l&rsquo;int\u00e9rieur de votre pharmacie. A quoi est due cette d\u00e9cision ?<\/h4>\n<p>J&rsquo;ai choisi de placer le robot dans un endroit bien en vue. Beaucoup de mes coll\u00e8gues pr\u00e9f\u00e8rent laisser le robot dans l&rsquo;arri\u00e8re-boutique, mais je voulais au contraire qu&rsquo;il soit au centre de ma pharmacie, bien visible et esth\u00e9tique. En fait, nous avons d\u00e9cid\u00e9 de le personnaliser esth\u00e9tiquement avec des panneaux blancs brillants et des parois vitr\u00e9es depuis lesquelles les clients peuvent observer le bras m\u00e9canique en mouvement.<\/p>\n<p>Le client est alors fascin\u00e9 par la pr\u00e9sence du robot, puis le fait de voir le chemin parcouru par le m\u00e9dicament depuis l&rsquo;entrep\u00f4t jusqu&rsquo;au comptoir contribue \u00e0 cr\u00e9er une belle atmosph\u00e8re et de la suspense.<\/p>\n<p>Je suis donc convaincu que l&rsquo;id\u00e9e de mettre le robot au premier plan \u00e9tait une id\u00e9e gagnante, tant pour l&rsquo;image donn\u00e9e \u00e0 la pharmacie que pour l&rsquo;\u00e9tonnement que sa pr\u00e9sence suscite chez le client.[\/vc_column_text][vc_empty_space height=\u00a0\u00bb100px\u00a0\u00bb][\/vc_column][\/vc_row][vc_row][vc_column offset=\u00a0\u00bbvc_hidden-lg\u00a0\u00bb][vc_empty_space height=\u00a0\u00bb50px\u00a0\u00bb][vc_single_image image=\u00a0\u00bb5361&Prime; img_size=\u00a0\u00bbfull\u00a0\u00bb alignment=\u00a0\u00bbcenter\u00a0\u00bb][vc_empty_space]<div id=\"ultimate-heading-759869f9d6c560b55\" class=\"uvc-heading ult-adjust-bottom-margin ultimate-heading-759869f9d6c560b55 uvc-2825 head-section-title uvc-heading-default-font-sizes\" data-hspacer=\"no_spacer\"  data-halign=\"center\" style=\"text-align:center\"><div class=\"uvc-heading-spacer no_spacer\" style=\"top\"><\/div><div class=\"uvc-main-heading ult-responsive\"  data-ultimate-target='.uvc-heading.ultimate-heading-759869f9d6c560b55 p'  data-responsive-json-new='{\"font-size\":\"\",\"line-height\":\"\"}' ><p style=\"--font-weight:theme;\">LA PAROLE AU PHARMACIEN<\/p><\/div><\/div>[vc_empty_space][vc_column_text el_class=\u00a0\u00bbtext-justify\u00a0\u00bb]<\/p>\n<h4>Docteur Swierczynski, qu&rsquo;est-ce qui vous a amen\u00e9 \u00e0 d\u00e9cider d&rsquo;automatiser votre pharmacie ?<\/h4>\n<p>L&rsquo;\u00e9tincelle qui nous a amen\u00e9s \u00e0 \u00e9valuer l\u2019installation d&rsquo;un entrep\u00f4t automatis\u00e9 \u00e9tait la pr\u00e9sence d&rsquo;all\u00e9gements fiscaux, mais nous avons d\u00e9cid\u00e9 d&rsquo;installer un entrep\u00f4t automatis\u00e9 pour ses nombreux avantages, li\u00e9s \u00e0 la fois \u00e0 la gestion de l&rsquo;entrep\u00f4t et \u00e0 la nouvelle et meilleure fa\u00e7on d&rsquo;interagir avec le client. Un autre avantage est l&rsquo;effet que sa pr\u00e9sence aurait produit sur l&rsquo;image de la pharmacie : d\u00e9sormais celle-ci est per\u00e7ue comme plus moderne et dans l&rsquo;air du temps.<\/p>\n<p>&nbsp;<\/p>\n<h4>Qu&rsquo;est-ce qui vous a amen\u00e9 \u00e0 choisir Pharmathek ?<\/h4>\n<p>Je connaissais l&rsquo;entreprise depuis plusieurs ann\u00e9es gr\u00e2ce au consultant de la r\u00e9gion. Et j&rsquo;ai choisi Pharmathek car, apr\u00e8s avoir compar\u00e9 les caract\u00e9ristiques des diff\u00e9rentes solutions disponibles, j&rsquo;ai trouv\u00e9 que c&rsquo;\u00e9tait le meilleur syst\u00e8me du march\u00e9 et le plus adapt\u00e9 \u00e0 mes besoins.<\/p>\n<p>&nbsp;<\/p>\n<h4>Qu&rsquo;est-ce qui a chang\u00e9 dans la pharmacie depuis l&rsquo;installation du robot ?<\/h4>\n<p>Au d\u00e9part, mon \u00e9quipe et moi \u00e9tions un peu pr\u00e9venus parce que nous craignions le changement de notre fa\u00e7on de travailler. Mais c&rsquo;\u00e9tait une peur facilement surmont\u00e9e : en peu de temps, mes collaborateurs et moi avons familiaris\u00e9 avec le robot et il fait maintenant partie \u00e0 100 % de notre syst\u00e8me de travail.<br \/>\nDe plus, nous avons eu la preuve de la rapidit\u00e9 du service d&rsquo;assistance, ce qui nous permet d&rsquo;\u00eatre encore plus rassur\u00e9s.<\/p>\n<p>&nbsp;<\/p>\n<h4>Docteur, votre robot est clairement visible \u00e0 l&rsquo;int\u00e9rieur de votre pharmacie. A quoi est due cette d\u00e9cision ?<\/h4>\n<p>J&rsquo;ai choisi de placer le robot dans un endroit bien en vue. Beaucoup de mes coll\u00e8gues pr\u00e9f\u00e8rent laisser le robot dans l&rsquo;arri\u00e8re-boutique, mais je voulais au contraire qu&rsquo;il soit au centre de ma pharmacie, bien visible et esth\u00e9tique. En fait, nous avons d\u00e9cid\u00e9 de le personnaliser esth\u00e9tiquement avec des panneaux blancs brillants et des parois vitr\u00e9es depuis lesquelles les clients peuvent observer le bras m\u00e9canique en mouvement.<\/p>\n<p>Le client est alors fascin\u00e9 par la pr\u00e9sence du robot, puis le fait de voir le chemin parcouru par le m\u00e9dicament depuis l&rsquo;entrep\u00f4t jusqu&rsquo;au comptoir contribue \u00e0 cr\u00e9er une belle atmosph\u00e8re et de la suspense.[\/vc_column_text][vc_empty_space height=\u00a0\u00bb50px\u00a0\u00bb][\/vc_column][\/vc_row][vc_row full_width=\u00a0\u00bbstretch_row\u00a0\u00bb bg_type=\u00a0\u00bbbg_color\u00a0\u00bb bg_override=\u00a0\u00bbfull\u00a0\u00bb bg_color_value=\u00a0\u00bb#eeeeef\u00a0\u00bb][vc_column offset=\u00a0\u00bbvc_hidden-md vc_hidden-sm vc_hidden-xs\u00a0\u00bb][vc_empty_space height=\u00a0\u00bb100px\u00a0\u00bb]<div id=\"ultimate-heading-295969f9d6c560bd3\" class=\"uvc-heading ult-adjust-bottom-margin ultimate-heading-295969f9d6c560bd3 uvc-3628 head-section-title uvc-heading-default-font-sizes\" data-hspacer=\"no_spacer\"  data-halign=\"center\" style=\"text-align:center\"><div class=\"uvc-heading-spacer no_spacer\" style=\"top\"><\/div><div class=\"uvc-main-heading ult-responsive\"  data-ultimate-target='.uvc-heading.ultimate-heading-295969f9d6c560bd3 h2'  data-responsive-json-new='{\"font-size\":\"\",\"line-height\":\"\"}' ><h2 style=\"--font-weight:theme;\">GALERIE<\/h2><\/div><\/div>[vc_empty_space height=\u00a0\u00bb50px\u00a0\u00bb][vc_masonry_media_grid element_width=\u00a0\u00bb3&Prime; gap=\u00a0\u00bb10&Prime; grid_id=\u00a0\u00bbvc_gid:1660208183317-657a3d06-68fb-0&Prime; include=\u00a0\u00bb5357,5341,5337,5353,5345,5349,5333,5329&Prime;][vc_empty_space height=\u00a0\u00bb100px\u00a0\u00bb][\/vc_column][\/vc_row][vc_row full_width=\u00a0\u00bbstretch_row\u00a0\u00bb bg_type=\u00a0\u00bbbg_color\u00a0\u00bb bg_override=\u00a0\u00bbfull\u00a0\u00bb bg_color_value=\u00a0\u00bb#eeeeef\u00a0\u00bb][vc_column offset=\u00a0\u00bbvc_hidden-lg\u00a0\u00bb][vc_empty_space height=\u00a0\u00bb50px\u00a0\u00bb]<div id=\"ultimate-heading-694569f9d6c560c4c\" class=\"uvc-heading ult-adjust-bottom-margin ultimate-heading-694569f9d6c560c4c uvc-506 head-section-title uvc-heading-default-font-sizes\" data-hspacer=\"no_spacer\"  data-halign=\"center\" style=\"text-align:center\"><div class=\"uvc-heading-spacer no_spacer\" style=\"top\"><\/div><div class=\"uvc-main-heading ult-responsive\"  data-ultimate-target='.uvc-heading.ultimate-heading-694569f9d6c560c4c h2'  data-responsive-json-new='{\"font-size\":\"\",\"line-height\":\"\"}' ><h2 style=\"--font-weight:theme;\">GALERIE<\/h2><\/div><\/div>[vc_empty_space height=\u00a0\u00bb50px\u00a0\u00bb][vc_masonry_media_grid element_width=\u00a0\u00bb3&Prime; gap=\u00a0\u00bb10&Prime; grid_id=\u00a0\u00bbvc_gid:1660208183321-de889ad3-02ed-10&Prime; include=\u00a0\u00bb5357,5341,5353,5337,5349,5345,5333,5329&Prime;][vc_empty_space height=\u00a0\u00bb50px\u00a0\u00bb][\/vc_column][\/vc_row][vc_row full_width=\u00a0\u00bbstretch_row\u00a0\u00bb bg_type=\u00a0\u00bbimage\u00a0\u00bb parallax_style=\u00a0\u00bbvcpb-default\u00a0\u00bb bg_image_new=\u00a0\u00bbid^1166|url^http:\/\/www.pharmathek.com\/wp-content\/uploads\/2018\/03\/farmacia-specifiche-background.jpg|caption^null|alt^null|title^farmacia-specifiche-background|description^null\u00a0\u00bb bg_image_repeat=\u00a0\u00bbno-repeat\u00a0\u00bb bg_override=\u00a0\u00bbfull\u00a0\u00bb][vc_column][vc_empty_space height=\u00a0\u00bb100px\u00a0\u00bb]<div id=\"ultimate-heading-114369f9d6c560cc2\" class=\"uvc-heading ult-adjust-bottom-margin ultimate-heading-114369f9d6c560cc2 uvc-7505 head-section-title text-white uvc-heading-default-font-sizes\" data-hspacer=\"no_spacer\"  data-halign=\"center\" style=\"text-align:center\"><div class=\"uvc-heading-spacer no_spacer\" style=\"top\"><\/div><div class=\"uvc-main-heading ult-responsive\"  data-ultimate-target='.uvc-heading.ultimate-heading-114369f9d6c560cc2 h2'  data-responsive-json-new='{\"font-size\":\"\",\"line-height\":\"\"}' ><h2 style=\"--font-weight:theme;\">LE PROJET<\/h2><\/div><\/div>[vc_empty_space height=\u00a0\u00bb50px\u00a0\u00bb][vc_separator color=\u00a0\u00bbwhite\u00a0\u00bb][vc_row_inner][vc_column_inner width=\u00a0\u00bb1\/2&Prime;][vc_column_text el_class=\u00a0\u00bbprogetto-voci\u00a0\u00bb]SURFACE DE LA PHARMACIE[\/vc_column_text][\/vc_column_inner][vc_column_inner width=\u00a0\u00bb1\/2&Prime;][vc_column_text el_class=\u00a0\u00bbprogetto-voci-valori\u00a0\u00bb]200 m\u00e8tres carr\u00e9s[\/vc_column_text][\/vc_column_inner][\/vc_row_inner][vc_separator color=\u00a0\u00bbwhite\u00a0\u00bb][vc_row_inner][vc_column_inner width=\u00a0\u00bb1\/2&Prime;][vc_column_text el_class=\u00a0\u00bbprogetto-voci\u00a0\u00bb]SOLUTIONS PHARMATHEK[\/vc_column_text][\/vc_column_inner][vc_column_inner width=\u00a0\u00bb1\/2&Prime;][vc_column_text el_class=\u00a0\u00bbprogetto-voci-valori\u00a0\u00bb]SINTESI + PHARMALOAD + EUCLID3D[\/vc_column_text][\/vc_column_inner][\/vc_row_inner][vc_separator color=\u00a0\u00bbwhite\u00a0\u00bb][vc_row_inner][vc_column_inner width=\u00a0\u00bb1\/2&Prime;][vc_column_text el_class=\u00a0\u00bbprogetto-voci\u00a0\u00bb]DIMENSIONS ROBOT[\/vc_column_text][\/vc_column_inner][vc_column_inner width=\u00a0\u00bb1\/2&Prime;][vc_column_text el_class=\u00a0\u00bbprogetto-voci-valori\u00a0\u00bb]<\/p>\n<p>L 5.500 x H 3.600 mm<\/p>\n<p>[\/vc_column_text][\/vc_column_inner][\/vc_row_inner][vc_separator color=\u00a0\u00bbwhite\u00a0\u00bb][vc_row_inner][vc_column_inner width=\u00a0\u00bb1\/2&Prime;][vc_column_text el_class=\u00a0\u00bbprogetto-voci\u00a0\u00bb]CAPACIT\u00c9 BO\u00ceTES[\/vc_column_text][\/vc_column_inner][vc_column_inner width=\u00a0\u00bb1\/2&Prime;][vc_column_text el_class=\u00a0\u00bbprogetto-voci-valori\u00a0\u00bb]<\/p>\n<p>16.000<\/p>\n<p>[\/vc_column_text][\/vc_column_inner][\/vc_row_inner][vc_separator color=\u00a0\u00bbwhite\u00a0\u00bb][vc_row_inner][vc_column_inner width=\u00a0\u00bb1\/2&Prime;][vc_column_text el_class=\u00a0\u00bbprogetto-voci\u00a0\u00bb]POSITION ROBOT PAR RAPPORT AU COMPTOIR[\/vc_column_text][\/vc_column_inner][vc_column_inner width=\u00a0\u00bb1\/2&Prime;][vc_column_text el_class=\u00a0\u00bbprogetto-voci-valori\u00a0\u00bb]M\u00caME \u00c9TAGE DE LA PHARMACIE[\/vc_column_text][\/vc_column_inner][\/vc_row_inner][vc_separator color=\u00a0\u00bbwhite\u00a0\u00bb][vc_row_inner][vc_column_inner width=\u00a0\u00bb1\/2&Prime;][vc_column_text el_class=\u00a0\u00bbprogetto-voci\u00a0\u00bb]PRODUITS EN MOUVEMENT[\/vc_column_text][\/vc_column_inner][vc_column_inner width=\u00a0\u00bb1\/2&Prime;][vc_column_text el_class=\u00a0\u00bbprogetto-voci-valori\u00a0\u00bb]entre 500 et 1000[\/vc_column_text][\/vc_column_inner][\/vc_row_inner][vc_separator color=\u00a0\u00bbwhite\u00a0\u00bb][vc_empty_space height=\u00a0\u00bb100px\u00a0\u00bb][\/vc_column][\/vc_row][vc_row full_width=\u00a0\u00bbstretch_row_content_no_spaces\u00a0\u00bb][vc_column el_class=\u00a0\u00bbfull-width-no-padding\u00a0\u00bb][vc_single_image image=\u00a0\u00bb5321&Prime; img_size=\u00a0\u00bbfull\u00a0\u00bb alignment=\u00a0\u00bbcenter\u00a0\u00bb]<style type=\"text\/css\" data-type=\"the7_shortcodes-inline-css\">#default-btn-0e4e87e5e968b404cd830fa571b9ffc3.ico-right-side > i {\n  margin-right: 0px;\n  margin-left: 8px;\n}\n#default-btn-0e4e87e5e968b404cd830fa571b9ffc3 > i {\n  margin-right: 8px;\n}\n<\/style><div class=\"btn-align-center\"><a href=\"https:\/\/www.pharmathek.com\/fr\/installations\/\" class=\"default-btn-shortcode dt-btn dt-btn-l link-hover-off weight-300 full-width-btn \" id=\"default-btn-0e4e87e5e968b404cd830fa571b9ffc3\" title=\"Installations\"><span>Retour \u00e0 la liste des installations<\/span><\/a><\/div>[\/vc_column][\/vc_row]<\/p>\n<\/div>","protected":false},"excerpt":{"rendered":"<p>Lonato del Garda (Italie)<\/p>\n","protected":false},"author":3,"featured_media":5327,"parent":0,"menu_order":0,"comment_status":"closed","ping_status":"closed","template":"","meta":{"inline_featured_image":false,"footnotes":""},"categories":[45,47],"tags":[],"class_list":["post-22960","page","type-page","status-publish","has-post-thumbnail","hentry","category-installations","category-pharmacies","description-off"],"_links":{"self":[{"href":"https:\/\/www.pharmathek.com\/fr\/wp-json\/wp\/v2\/pages\/22960","targetHints":{"allow":["GET"]}}],"collection":[{"href":"https:\/\/www.pharmathek.com\/fr\/wp-json\/wp\/v2\/pages"}],"about":[{"href":"https:\/\/www.pharmathek.com\/fr\/wp-json\/wp\/v2\/types\/page"}],"author":[{"embeddable":true,"href":"https:\/\/www.pharmathek.com\/fr\/wp-json\/wp\/v2\/users\/3"}],"replies":[{"embeddable":true,"href":"https:\/\/www.pharmathek.com\/fr\/wp-json\/wp\/v2\/comments?post=22960"}],"version-history":[{"count":3,"href":"https:\/\/www.pharmathek.com\/fr\/wp-json\/wp\/v2\/pages\/22960\/revisions"}],"predecessor-version":[{"id":22989,"href":"https:\/\/www.pharmathek.com\/fr\/wp-json\/wp\/v2\/pages\/22960\/revisions\/22989"}],"wp:featuredmedia":[{"embeddable":true,"href":"https:\/\/www.pharmathek.com\/fr\/wp-json\/wp\/v2\/media\/5327"}],"wp:attachment":[{"href":"https:\/\/www.pharmathek.com\/fr\/wp-json\/wp\/v2\/media?parent=22960"}],"wp:term":[{"taxonomy":"category","embeddable":true,"href":"https:\/\/www.pharmathek.com\/fr\/wp-json\/wp\/v2\/categories?post=22960"},{"taxonomy":"post_tag","embeddable":true,"href":"https:\/\/www.pharmathek.com\/fr\/wp-json\/wp\/v2\/tags?post=22960"}],"curies":[{"name":"wp","href":"https:\/\/api.w.org\/{rel}","templated":true}]}}