{"id":23047,"date":"2022-08-11T12:04:20","date_gmt":"2022-08-11T10:04:20","guid":{"rendered":"https:\/\/www.pharmathek.com\/?page_id=23047"},"modified":"2022-08-11T12:04:20","modified_gmt":"2022-08-11T10:04:20","slug":"pharmacie-moretto","status":"publish","type":"page","link":"https:\/\/www.pharmathek.com\/fr\/pharmacie-moretto\/","title":{"rendered":"Pharmacie Moretto"},"content":{"rendered":"<div class=\"wpb-content-wrapper\"><p>[vc_row full_width=\u00a0\u00bbstretch_row_content\u00a0\u00bb equal_height=\u00a0\u00bbyes\u00a0\u00bb content_placement=\u00a0\u00bbmiddle\u00a0\u00bb bg_type=\u00a0\u00bbbg_color\u00a0\u00bb bg_override=\u00a0\u00bbfull\u00a0\u00bb bg_color_value=\u00a0\u00bb#eeeeef\u00a0\u00bb][vc_column width=\u00a0\u00bb1\/2&Prime; css=\u00a0\u00bb.vc_custom_1523960338488{padding-right: 0px !important;padding-left: 0px !important;}\u00a0\u00bb offset=\u00a0\u00bbvc_hidden-md vc_hidden-sm vc_hidden-xs\u00a0\u00bb][vc_single_image image=\u00a0\u00bb4838&Prime; img_size=\u00a0\u00bbfull\u00a0\u00bb][\/vc_column][vc_column width=\u00a0\u00bb1\/2&Prime; css=\u00a0\u00bb.vc_custom_1523960343032{padding-right: 100px !important;padding-left: 100px !important;}\u00a0\u00bb offset=\u00a0\u00bbvc_hidden-md vc_hidden-sm vc_hidden-xs\u00a0\u00bb][vc_empty_space]<div id=\"ultimate-heading-590669f0cf02436a5\" class=\"uvc-heading ult-adjust-bottom-margin ultimate-heading-590669f0cf02436a5 uvc-1006 head-section-title uvc-heading-default-font-sizes\" data-hspacer=\"no_spacer\"  data-halign=\"center\" style=\"text-align:center\"><div class=\"uvc-heading-spacer no_spacer\" style=\"top\"><\/div><div class=\"uvc-main-heading ult-responsive\"  data-ultimate-target='.uvc-heading.ultimate-heading-590669f0cf02436a5 p'  data-responsive-json-new='{\"font-size\":\"\",\"line-height\":\"\"}' ><p style=\"--font-weight:theme;\">PHARMACIE MORETTO<\/p><\/div><\/div>[vc_empty_space][vc_column_text el_class=\u00a0\u00bbtext-justify\u00a0\u00bb]La Pharmacie Moretto a install\u00e9 un robot Pharmathek.<\/p>\n<p>La pharmacie, propri\u00e9t\u00e9 de la famille Moretto, est situ\u00e9e dans une petite ville o\u00f9 l&rsquo;installation du robot a suscit\u00e9 beaucoup de curiosit\u00e9 et d&rsquo;int\u00e9r\u00eat de la part de la communaut\u00e9.<\/p>\n<p>C&rsquo;est aussi parce que l&rsquo;entrep\u00f4t robotis\u00e9 con\u00e7u pour eux ne passe pas inaper\u00e7u : plac\u00e9 derri\u00e8re le comptoir de la pharmacie, le robot dispose de plusieurs panneaux de verre \u00e0 travers lesquels on peut voir l&rsquo;int\u00e9rieur du robot changer continuellement de couleur gr\u00e2ce au syst\u00e8me d&rsquo;\u00e9clairage LED sp\u00e9cialement install\u00e9.[\/vc_column_text][vc_empty_space][\/vc_column][\/vc_row][vc_row full_width=\u00a0\u00bbstretch_row_content\u00a0\u00bb equal_height=\u00a0\u00bbyes\u00a0\u00bb content_placement=\u00a0\u00bbmiddle\u00a0\u00bb bg_type=\u00a0\u00bbbg_color\u00a0\u00bb bg_override=\u00a0\u00bbfull\u00a0\u00bb bg_color_value=\u00a0\u00bb#eeeeef\u00a0\u00bb][vc_column css=\u00a0\u00bb.vc_custom_1524126670718{padding-right: 0px !important;padding-left: 0px !important;}\u00a0\u00bb offset=\u00a0\u00bbvc_hidden-lg\u00a0\u00bb el_class=\u00a0\u00bbfull-width-no-padding\u00a0\u00bb][vc_single_image image=\u00a0\u00bb4838&Prime; img_size=\u00a0\u00bbfull\u00a0\u00bb][vc_empty_space]<div id=\"ultimate-heading-83769f0cf0243746\" class=\"uvc-heading ult-adjust-bottom-margin ultimate-heading-83769f0cf0243746 uvc-4782 head-section-title uvc-heading-default-font-sizes\" data-hspacer=\"no_spacer\"  data-halign=\"center\" style=\"text-align:center\"><div class=\"uvc-heading-spacer no_spacer\" style=\"top\"><\/div><div class=\"uvc-main-heading ult-responsive\"  data-ultimate-target='.uvc-heading.ultimate-heading-83769f0cf0243746 p'  data-responsive-json-new='{\"font-size\":\"\",\"line-height\":\"\"}' ><p style=\"--font-weight:theme;\">PHARMACIE MORETTO<\/p><\/div><div class=\"uvc-sub-heading ult-responsive\"  data-ultimate-target='.uvc-heading.ultimate-heading-83769f0cf0243746 .uvc-sub-heading '  data-responsive-json-new='{\"font-size\":\"\",\"line-height\":\"\"}'  style=\"font-weight:normal;\"><\/p>\n<p><\/div><\/div>[vc_empty_space][vc_column_text el_class=\u00a0\u00bbtext-justify\u00a0\u00bb]La Pharmacie Moretto a install\u00e9 un robot Pharmathek.<\/p>\n<p>La pharmacie, propri\u00e9t\u00e9 de la famille Moretto, est situ\u00e9e dans une petite ville o\u00f9 l&rsquo;installation du robot a suscit\u00e9 beaucoup de curiosit\u00e9 et d&rsquo;int\u00e9r\u00eat de la part de la communaut\u00e9.<\/p>\n<p>C&rsquo;est aussi parce que l&rsquo;entrep\u00f4t robotis\u00e9 con\u00e7u pour eux ne passe pas inaper\u00e7u : plac\u00e9 derri\u00e8re le comptoir de la pharmacie, le robot dispose de plusieurs panneaux de verre \u00e0 travers lesquels on peut voir l&rsquo;int\u00e9rieur du robot changer continuellement de couleur gr\u00e2ce au syst\u00e8me d&rsquo;\u00e9clairage LED sp\u00e9cialement install\u00e9.[\/vc_column_text][vc_empty_space][\/vc_column][\/vc_row][vc_row][vc_column offset=\u00a0\u00bbvc_hidden-md vc_hidden-sm vc_hidden-xs\u00a0\u00bb][vc_empty_space height=\u00a0\u00bb100px\u00a0\u00bb][vc_single_image image=\u00a0\u00bb4842&Prime; img_size=\u00a0\u00bbfull\u00a0\u00bb alignment=\u00a0\u00bbcenter\u00a0\u00bb][vc_empty_space]<div id=\"ultimate-heading-141769f0cf02437cd\" class=\"uvc-heading ult-adjust-bottom-margin ultimate-heading-141769f0cf02437cd uvc-3965 head-section-title uvc-heading-default-font-sizes\" data-hspacer=\"no_spacer\"  data-halign=\"center\" style=\"text-align:center\"><div class=\"uvc-heading-spacer no_spacer\" style=\"top\"><\/div><div class=\"uvc-main-heading ult-responsive\"  data-ultimate-target='.uvc-heading.ultimate-heading-141769f0cf02437cd p'  data-responsive-json-new='{\"font-size\":\"\",\"line-height\":\"\"}' ><p style=\"--font-weight:theme;\">LA PAROLE AU PHARMACIEN<\/p><\/div><\/div>[vc_empty_space][vc_column_text el_class=\u00a0\u00bbtext-justify\u00a0\u00bb]<\/p>\n<h4>Docteur Moretto, qu&rsquo;est-ce qui vous a amen\u00e9 \u00e0 d\u00e9cider d&rsquo;automatiser votre pharmacie ?<\/h4>\n<p>Le d\u00e9sir d&rsquo;innover, ainsi que celui d&rsquo;avoir plus d&rsquo;espace et plus de services.<\/p>\n<p>&nbsp;<\/p>\n<h4>Qu&rsquo;est-ce qui vous a amen\u00e9 \u00e0 choisir de faire confiance \u00e0 Pharmathek pour l&rsquo;automatisation de votre pharmacie ?<\/h4>\n<p>Le fait qu&rsquo;en plus d&rsquo;\u00eatre satisfait d&rsquo;un point de vue technologique, je me sentais \u00e0 l&rsquo;aise avec l&rsquo;entreprise et son \u00e9quipe. J\u2019ai eu le premier contact avec l&rsquo;entreprise \u00e0 Bologne chez Cosmofarma, o\u00f9 j\u2019\u00e9tais all\u00e9 pour me renseigner sur l&rsquo;automatisation des entrep\u00f4ts.<\/p>\n<p>J&rsquo;ai \u00e9t\u00e9 attir\u00e9 par le robot, j\u2019\u00e9tais en train de le regarder quand le responsable des ventes de Pharmathek s&rsquo;est pr\u00e9sent\u00e9 et m&rsquo;a demand\u00e9 s&rsquo;il pouvait m&rsquo;aider. Il m&rsquo;a expliqu\u00e9 les avantages de l&rsquo;automatisation des entrep\u00f4ts et de la technologie Pharmathek, le fonctionnement du bras m\u00e9canique Euclid3D et du chargeur automatique Pharmaload.<\/p>\n<p>Je n\u2019ai eu pas besoin d&rsquo;aller chez d&rsquo;autres fournisseurs : j&rsquo;avais d\u00e9cid\u00e9 d&rsquo;installer un robot Pharmathek dans ma pharmacie.<\/p>\n<p><strong>\u00a0<\/strong><\/p>\n<h4>Qu&rsquo;est-ce qui a chang\u00e9 dans la pharmacie depuis l&rsquo;installation du robot Pharmathek ?<\/h4>\n<p>L&rsquo;installation du robot a certainement chang\u00e9 l&rsquo;image de la pharmacie. Nous op\u00e9rons dans une petite ville, un \u00ab\u00a0hameau\u00a0\u00bb, et l&rsquo;installation du robot a suscit\u00e9 beaucoup de curiosit\u00e9 et d&rsquo;int\u00e9r\u00eat de la part de la communaut\u00e9, et la pharmacie est d\u00e9sormais per\u00e7ue comme tr\u00e8s innovante.<\/p>\n<p>En revanche, en termes de travail, puisque nous n&rsquo;avons plus \u00e0 faire des allers-retours entre le comptoir et les tiroirs, le travail est plus lent, plus calme et plus serein. \u00c0 ce facteur de \u00ab\u00a0commodit\u00e9\u00a0\u00bb s&rsquo;ajoute le fait que le robot permet de tout contr\u00f4ler et constitue donc une garantie de l&rsquo;\u00e9tat actuel du stock.<\/p>\n<p>&nbsp;<\/p>\n<h4>De nombreux pharmaciens ont l&rsquo;habitude de nommer le robot. Est-ce \u00e9galement le cas dans votre pharmacie ?<\/h4>\n<p>Oui, mais il n&rsquo;y en a pas d&rsquo;officiel. Nous l&rsquo;appelons de plusieurs noms, mais le plus populaire semble \u00eatre Gigetto.[\/vc_column_text][vc_empty_space height=\u00a0\u00bb100px\u00a0\u00bb][\/vc_column][\/vc_row][vc_row][vc_column offset=\u00a0\u00bbvc_hidden-lg\u00a0\u00bb][vc_empty_space height=\u00a0\u00bb50px\u00a0\u00bb][vc_single_image image=\u00a0\u00bb4842&Prime; img_size=\u00a0\u00bbfull\u00a0\u00bb alignment=\u00a0\u00bbcenter\u00a0\u00bb][vc_empty_space]<div id=\"ultimate-heading-371769f0cf024384d\" class=\"uvc-heading ult-adjust-bottom-margin ultimate-heading-371769f0cf024384d uvc-9423 head-section-title uvc-heading-default-font-sizes\" data-hspacer=\"no_spacer\"  data-halign=\"center\" style=\"text-align:center\"><div class=\"uvc-heading-spacer no_spacer\" style=\"top\"><\/div><div class=\"uvc-main-heading ult-responsive\"  data-ultimate-target='.uvc-heading.ultimate-heading-371769f0cf024384d p'  data-responsive-json-new='{\"font-size\":\"\",\"line-height\":\"\"}' ><p style=\"--font-weight:theme;\">LA PAROLE AU PHARMACIEN<\/p><\/div><\/div>[vc_empty_space][vc_column_text el_class=\u00a0\u00bbtext-justify\u00a0\u00bb]<\/p>\n<h4>Docteur Moretto, qu&rsquo;est-ce qui vous a amen\u00e9 \u00e0 d\u00e9cider d&rsquo;automatiser votre pharmacie ?<\/h4>\n<p>Le d\u00e9sir d&rsquo;innover, ainsi que celui d&rsquo;avoir plus d&rsquo;espace et plus de services.<\/p>\n<p>&nbsp;<\/p>\n<h4>Qu&rsquo;est-ce qui vous a amen\u00e9 \u00e0 choisir de faire confiance \u00e0 Pharmathek pour l&rsquo;automatisation de votre pharmacie ?<\/h4>\n<p>Le fait qu&rsquo;en plus d&rsquo;\u00eatre satisfait d&rsquo;un point de vue technologique, je me sentais \u00e0 l&rsquo;aise avec l&rsquo;entreprise et son \u00e9quipe. J\u2019ai eu le premier contact avec l&rsquo;entreprise \u00e0 Bologne chez Cosmofarma, o\u00f9 j\u2019\u00e9tais all\u00e9 pour me renseigner sur l&rsquo;automatisation des entrep\u00f4ts.<\/p>\n<p>J&rsquo;ai \u00e9t\u00e9 attir\u00e9 par le robot, j\u2019\u00e9tais en train de le regarder quand le responsable des ventes de Pharmathek s&rsquo;est pr\u00e9sent\u00e9 et m&rsquo;a demand\u00e9 s&rsquo;il pouvait m&rsquo;aider. Il m&rsquo;a expliqu\u00e9 les avantages de l&rsquo;automatisation des entrep\u00f4ts et de la technologie Pharmathek, le fonctionnement du bras m\u00e9canique Euclid3D et du chargeur automatique Pharmaload.<\/p>\n<p>Je n\u2019ai eu pas besoin d&rsquo;aller chez d&rsquo;autres fournisseurs : j&rsquo;avais d\u00e9cid\u00e9 d&rsquo;installer un robot Pharmathek dans ma pharmacie.<\/p>\n<p><strong>\u00a0<\/strong><\/p>\n<h4>Qu&rsquo;est-ce qui a chang\u00e9 dans la pharmacie depuis l&rsquo;installation du robot Pharmathek ?<\/h4>\n<p>L&rsquo;installation du robot a certainement chang\u00e9 l&rsquo;image de la pharmacie. Nous op\u00e9rons dans une petite ville, un \u00ab\u00a0hameau\u00a0\u00bb, et l&rsquo;installation du robot a suscit\u00e9 beaucoup de curiosit\u00e9 et d&rsquo;int\u00e9r\u00eat de la part de la communaut\u00e9, et la pharmacie est d\u00e9sormais per\u00e7ue comme tr\u00e8s innovante.<\/p>\n<p>En revanche, en termes de travail, puisque nous n&rsquo;avons plus \u00e0 faire des allers-retours entre le comptoir et les tiroirs, le travail est plus lent, plus calme et plus serein. \u00c0 ce facteur de \u00ab\u00a0commodit\u00e9\u00a0\u00bb s&rsquo;ajoute le fait que le robot permet de tout contr\u00f4ler et constitue donc une garantie de l&rsquo;\u00e9tat actuel du stock.<\/p>\n<p>&nbsp;<\/p>\n<h4>De nombreux pharmaciens ont l&rsquo;habitude de nommer le robot. Est-ce \u00e9galement le cas dans votre pharmacie ?<\/h4>\n<p>Oui, mais il n&rsquo;y en a pas d&rsquo;officiel. Nous l&rsquo;appelons de plusieurs noms, mais le plus populaire semble \u00eatre Gigetto.[\/vc_column_text][vc_empty_space height=\u00a0\u00bb50px\u00a0\u00bb][\/vc_column][\/vc_row][vc_row full_width=\u00a0\u00bbstretch_row\u00a0\u00bb bg_type=\u00a0\u00bbbg_color\u00a0\u00bb bg_override=\u00a0\u00bbfull\u00a0\u00bb bg_color_value=\u00a0\u00bb#eeeeef\u00a0\u00bb][vc_column offset=\u00a0\u00bbvc_hidden-md vc_hidden-sm vc_hidden-xs\u00a0\u00bb][vc_empty_space height=\u00a0\u00bb100px\u00a0\u00bb]<div id=\"ultimate-heading-95969f0cf02438cc\" class=\"uvc-heading ult-adjust-bottom-margin ultimate-heading-95969f0cf02438cc uvc-299 head-section-title uvc-heading-default-font-sizes\" data-hspacer=\"no_spacer\"  data-halign=\"center\" style=\"text-align:center\"><div class=\"uvc-heading-spacer no_spacer\" style=\"top\"><\/div><div class=\"uvc-main-heading ult-responsive\"  data-ultimate-target='.uvc-heading.ultimate-heading-95969f0cf02438cc h2'  data-responsive-json-new='{\"font-size\":\"\",\"line-height\":\"\"}' ><h2 style=\"--font-weight:theme;\">GALERIE<\/h2><\/div><\/div>[vc_empty_space height=\u00a0\u00bb50px\u00a0\u00bb][vc_masonry_media_grid element_width=\u00a0\u00bb3&Prime; gap=\u00a0\u00bb10&Prime; grid_id=\u00a0\u00bbvc_gid:1660211510400-08ac939d-5e78-3&Prime; include=\u00a0\u00bb4859,4863,4867,4751,4879,4871,4875,4855&Prime;][vc_empty_space height=\u00a0\u00bb100px\u00a0\u00bb][\/vc_column][\/vc_row][vc_row full_width=\u00a0\u00bbstretch_row\u00a0\u00bb bg_type=\u00a0\u00bbbg_color\u00a0\u00bb bg_override=\u00a0\u00bbfull\u00a0\u00bb bg_color_value=\u00a0\u00bb#eeeeef\u00a0\u00bb][vc_column offset=\u00a0\u00bbvc_hidden-lg\u00a0\u00bb][vc_empty_space height=\u00a0\u00bb50px\u00a0\u00bb]<div id=\"ultimate-heading-708269f0cf0243946\" class=\"uvc-heading ult-adjust-bottom-margin ultimate-heading-708269f0cf0243946 uvc-5005 head-section-title uvc-heading-default-font-sizes\" data-hspacer=\"no_spacer\"  data-halign=\"center\" style=\"text-align:center\"><div class=\"uvc-heading-spacer no_spacer\" style=\"top\"><\/div><div class=\"uvc-main-heading ult-responsive\"  data-ultimate-target='.uvc-heading.ultimate-heading-708269f0cf0243946 h2'  data-responsive-json-new='{\"font-size\":\"\",\"line-height\":\"\"}' ><h2 style=\"--font-weight:theme;\">GALERIE<\/h2><\/div><\/div>[vc_empty_space height=\u00a0\u00bb50px\u00a0\u00bb][vc_masonry_media_grid element_width=\u00a0\u00bb3&Prime; gap=\u00a0\u00bb10&Prime; grid_id=\u00a0\u00bbvc_gid:1660211510405-86789e82-f0e4-6&Prime; include=\u00a0\u00bb4867,4863,4859,4751,4879,4875,4871,4855&Prime;][vc_empty_space height=\u00a0\u00bb50px\u00a0\u00bb][\/vc_column][\/vc_row][vc_row full_width=\u00a0\u00bbstretch_row\u00a0\u00bb bg_type=\u00a0\u00bbimage\u00a0\u00bb parallax_style=\u00a0\u00bbvcpb-default\u00a0\u00bb bg_image_new=\u00a0\u00bbid^1166|url^http:\/\/www.pharmathek.com\/wp-content\/uploads\/2018\/03\/farmacia-specifiche-background.jpg|caption^null|alt^null|title^farmacia-specifiche-background|description^null\u00a0\u00bb bg_image_repeat=\u00a0\u00bbno-repeat\u00a0\u00bb bg_override=\u00a0\u00bbfull\u00a0\u00bb][vc_column][vc_empty_space height=\u00a0\u00bb100px\u00a0\u00bb]<div id=\"ultimate-heading-341769f0cf02439bc\" class=\"uvc-heading ult-adjust-bottom-margin ultimate-heading-341769f0cf02439bc uvc-6910 head-section-title text-white uvc-heading-default-font-sizes\" data-hspacer=\"no_spacer\"  data-halign=\"center\" style=\"text-align:center\"><div class=\"uvc-heading-spacer no_spacer\" style=\"top\"><\/div><div class=\"uvc-main-heading ult-responsive\"  data-ultimate-target='.uvc-heading.ultimate-heading-341769f0cf02439bc h2'  data-responsive-json-new='{\"font-size\":\"\",\"line-height\":\"\"}' ><h2 style=\"--font-weight:theme;\">LE PROJET<\/h2><\/div><\/div>[vc_empty_space height=\u00a0\u00bb50px\u00a0\u00bb][vc_separator color=\u00a0\u00bbwhite\u00a0\u00bb][vc_separator color=\u00a0\u00bbwhite\u00a0\u00bb][vc_row_inner][vc_column_inner width=\u00a0\u00bb1\/2&Prime;][vc_column_text el_class=\u00a0\u00bbprogetto-voci\u00a0\u00bb]SOLUTIONS PHARMATHEK[\/vc_column_text][\/vc_column_inner][vc_column_inner width=\u00a0\u00bb1\/2&Prime;][vc_column_text el_class=\u00a0\u00bbprogetto-voci-valori\u00a0\u00bb]SINTESI + PHARMALOAD + EUCLID3D[\/vc_column_text][\/vc_column_inner][\/vc_row_inner][vc_separator color=\u00a0\u00bbwhite\u00a0\u00bb][vc_row_inner][vc_column_inner width=\u00a0\u00bb1\/2&Prime;][vc_column_text el_class=\u00a0\u00bbprogetto-voci\u00a0\u00bb]DIMENSIONS ROBOT[\/vc_column_text][\/vc_column_inner][vc_column_inner width=\u00a0\u00bb1\/2&Prime;][vc_column_text el_class=\u00a0\u00bbprogetto-voci-valori\u00a0\u00bb]<\/p>\n<p>L 6.547 x H 2.900 mm<\/p>\n<p>[\/vc_column_text][\/vc_column_inner][\/vc_row_inner][vc_separator color=\u00a0\u00bbwhite\u00a0\u00bb][vc_row_inner][vc_column_inner width=\u00a0\u00bb1\/2&Prime;][vc_column_text el_class=\u00a0\u00bbprogetto-voci\u00a0\u00bb]CAPACIT\u00c9 BO\u00ceTES[\/vc_column_text][\/vc_column_inner][vc_column_inner width=\u00a0\u00bb1\/2&Prime;][vc_column_text el_class=\u00a0\u00bbprogetto-voci-valori\u00a0\u00bb]15.800[\/vc_column_text][\/vc_column_inner][\/vc_row_inner][vc_separator color=\u00a0\u00bbwhite\u00a0\u00bb][vc_row_inner][vc_column_inner width=\u00a0\u00bb1\/2&Prime;][vc_column_text el_class=\u00a0\u00bbprogetto-voci\u00a0\u00bb]POSITION DU ROBOT PAR RAPPORT AU COMPTOIR[\/vc_column_text][\/vc_column_inner][vc_column_inner width=\u00a0\u00bb1\/2&Prime;][vc_column_text el_class=\u00a0\u00bbprogetto-voci-valori\u00a0\u00bb]DERRI\u00c8RE LE COMPTOIR[\/vc_column_text][\/vc_column_inner][\/vc_row_inner][vc_separator color=\u00a0\u00bbwhite\u00a0\u00bb][vc_row_inner][vc_column_inner width=\u00a0\u00bb1\/2&Prime;][vc_column_text el_class=\u00a0\u00bbprogetto-voci\u00a0\u00bb]PRODUITS EN MOUVEMENT[\/vc_column_text][\/vc_column_inner][vc_column_inner width=\u00a0\u00bb1\/2&Prime;][vc_column_text el_class=\u00a0\u00bbprogetto-voci-valori\u00a0\u00bb]entre 500 et 1.000[\/vc_column_text][\/vc_column_inner][\/vc_row_inner][vc_separator color=\u00a0\u00bbwhite\u00a0\u00bb][vc_empty_space height=\u00a0\u00bb100px\u00a0\u00bb][\/vc_column][\/vc_row][vc_row full_width=\u00a0\u00bbstretch_row_content_no_spaces\u00a0\u00bb][vc_column el_class=\u00a0\u00bbfull-width-no-padding\u00a0\u00bb][vc_single_image image=\u00a0\u00bb4846&Prime; img_size=\u00a0\u00bbfull\u00a0\u00bb alignment=\u00a0\u00bbcenter\u00a0\u00bb]<style type=\"text\/css\" data-type=\"the7_shortcodes-inline-css\">#default-btn-0e4e87e5e968b404cd830fa571b9ffc3.ico-right-side > i {\n  margin-right: 0px;\n  margin-left: 8px;\n}\n#default-btn-0e4e87e5e968b404cd830fa571b9ffc3 > i {\n  margin-right: 8px;\n}\n<\/style><div class=\"btn-align-center\"><a href=\"https:\/\/www.pharmathek.com\/fr\/installations\/\" class=\"default-btn-shortcode dt-btn dt-btn-l link-hover-off weight-300 full-width-btn \" id=\"default-btn-0e4e87e5e968b404cd830fa571b9ffc3\" title=\"Installations\"><span>Retour \u00e0 la liste des installations<\/span><\/a><\/div>[\/vc_column][\/vc_row]<\/p>\n<\/div>","protected":false},"excerpt":{"rendered":"<p>S. Stino di Livenza (Italie)<\/p>\n","protected":false},"author":3,"featured_media":4852,"parent":0,"menu_order":0,"comment_status":"closed","ping_status":"closed","template":"","meta":{"inline_featured_image":false,"footnotes":""},"categories":[45,47],"tags":[],"class_list":["post-23047","page","type-page","status-publish","has-post-thumbnail","hentry","category-installations","category-pharmacies","description-off"],"_links":{"self":[{"href":"https:\/\/www.pharmathek.com\/fr\/wp-json\/wp\/v2\/pages\/23047","targetHints":{"allow":["GET"]}}],"collection":[{"href":"https:\/\/www.pharmathek.com\/fr\/wp-json\/wp\/v2\/pages"}],"about":[{"href":"https:\/\/www.pharmathek.com\/fr\/wp-json\/wp\/v2\/types\/page"}],"author":[{"embeddable":true,"href":"https:\/\/www.pharmathek.com\/fr\/wp-json\/wp\/v2\/users\/3"}],"replies":[{"embeddable":true,"href":"https:\/\/www.pharmathek.com\/fr\/wp-json\/wp\/v2\/comments?post=23047"}],"version-history":[{"count":2,"href":"https:\/\/www.pharmathek.com\/fr\/wp-json\/wp\/v2\/pages\/23047\/revisions"}],"predecessor-version":[{"id":23078,"href":"https:\/\/www.pharmathek.com\/fr\/wp-json\/wp\/v2\/pages\/23047\/revisions\/23078"}],"wp:featuredmedia":[{"embeddable":true,"href":"https:\/\/www.pharmathek.com\/fr\/wp-json\/wp\/v2\/media\/4852"}],"wp:attachment":[{"href":"https:\/\/www.pharmathek.com\/fr\/wp-json\/wp\/v2\/media?parent=23047"}],"wp:term":[{"taxonomy":"category","embeddable":true,"href":"https:\/\/www.pharmathek.com\/fr\/wp-json\/wp\/v2\/categories?post=23047"},{"taxonomy":"post_tag","embeddable":true,"href":"https:\/\/www.pharmathek.com\/fr\/wp-json\/wp\/v2\/tags?post=23047"}],"curies":[{"name":"wp","href":"https:\/\/api.w.org\/{rel}","templated":true}]}}