{"id":23157,"date":"2022-08-11T13:49:53","date_gmt":"2022-08-11T11:49:53","guid":{"rendered":"https:\/\/www.pharmathek.com\/?page_id=23157"},"modified":"2022-08-11T13:49:53","modified_gmt":"2022-08-11T11:49:53","slug":"pharmacie-centrale-de-soave","status":"publish","type":"page","link":"https:\/\/www.pharmathek.com\/fr\/pharmacie-centrale-de-soave\/","title":{"rendered":"Pharmacie Centrale de Soave"},"content":{"rendered":"<div class=\"wpb-content-wrapper\"><p>[vc_row full_width=\u00a0\u00bbstretch_row_content\u00a0\u00bb equal_height=\u00a0\u00bbyes\u00a0\u00bb content_placement=\u00a0\u00bbmiddle\u00a0\u00bb bg_type=\u00a0\u00bbbg_color\u00a0\u00bb bg_override=\u00a0\u00bbfull\u00a0\u00bb bg_color_value=\u00a0\u00bb#eeeeef\u00a0\u00bb][vc_column width=\u00a0\u00bb1\/2&Prime; css=\u00a0\u00bb.vc_custom_1523960338488{padding-right: 0px !important;padding-left: 0px !important;}\u00a0\u00bb offset=\u00a0\u00bbvc_hidden-md vc_hidden-sm vc_hidden-xs\u00a0\u00bb][vc_single_image image=\u00a0\u00bb4783&Prime; img_size=\u00a0\u00bbfull\u00a0\u00bb][\/vc_column][vc_column width=\u00a0\u00bb1\/2&Prime; css=\u00a0\u00bb.vc_custom_1523960343032{padding-right: 100px !important;padding-left: 100px !important;}\u00a0\u00bb offset=\u00a0\u00bbvc_hidden-md vc_hidden-sm vc_hidden-xs\u00a0\u00bb][vc_empty_space]<div id=\"ultimate-heading-562069f486f3793f8\" class=\"uvc-heading ult-adjust-bottom-margin ultimate-heading-562069f486f3793f8 uvc-1477 head-section-title uvc-heading-default-font-sizes\" data-hspacer=\"no_spacer\"  data-halign=\"center\" style=\"text-align:center\"><div class=\"uvc-heading-spacer no_spacer\" style=\"top\"><\/div><div class=\"uvc-main-heading ult-responsive\"  data-ultimate-target='.uvc-heading.ultimate-heading-562069f486f3793f8 p'  data-responsive-json-new='{\"font-size\":\"\",\"line-height\":\"\"}' ><p style=\"--font-weight:theme;\">PHARMACIE CENTRALE DE SOAVE<\/p><\/div><div class=\"uvc-sub-heading ult-responsive\"  data-ultimate-target='.uvc-heading.ultimate-heading-562069f486f3793f8 .uvc-sub-heading '  data-responsive-json-new='{\"font-size\":\"\",\"line-height\":\"\"}'  style=\"font-weight:normal;\"><\/p>\n<p><\/div><\/div>[vc_empty_space][vc_column_text el_class=\u00a0\u00bbtext-justify\u00a0\u00bb]La Pharmacie Centrale de Soave (VR) a install\u00e9 un robot Pharmathek.<\/p>\n<p>\u00c9tant une \u00ab\u00a0Pharmacie de service\u00a0\u00bb, l&rsquo;automatisation a permis de franchir une nouvelle \u00e9tape dans cette direction. D\u00e9sormais le client est suivi en continu du d\u00e9but \u00e0 la fin de la prestation, ce qui permet d&rsquo;une part d&rsquo;investiguer les besoins et de r\u00e9pondre aux questions du client, d&rsquo;autre part cela laisse le temps d&rsquo;informer le client des prestations compl\u00e9mentaires propos\u00e9es par la pharmacie ainsi que des journ\u00e9es d&rsquo;information.<\/p>\n<p>De plus, le robot, comme en t\u00e9moignent les mots du Dr Martini, agit comme une attraction pour \u00e9largir la client\u00e8le de la pharmacie.[\/vc_column_text][vc_empty_space][\/vc_column][\/vc_row][vc_row full_width=\u00a0\u00bbstretch_row_content\u00a0\u00bb equal_height=\u00a0\u00bbyes\u00a0\u00bb content_placement=\u00a0\u00bbmiddle\u00a0\u00bb bg_type=\u00a0\u00bbbg_color\u00a0\u00bb bg_override=\u00a0\u00bbfull\u00a0\u00bb bg_color_value=\u00a0\u00bb#eeeeef\u00a0\u00bb][vc_column css=\u00a0\u00bb.vc_custom_1524126670718{padding-right: 0px !important;padding-left: 0px !important;}\u00a0\u00bb offset=\u00a0\u00bbvc_hidden-lg\u00a0\u00bb el_class=\u00a0\u00bbfull-width-no-padding\u00a0\u00bb][vc_single_image image=\u00a0\u00bb4783&Prime; img_size=\u00a0\u00bbfull\u00a0\u00bb][vc_empty_space]<div id=\"ultimate-heading-796269f486f37949b\" class=\"uvc-heading ult-adjust-bottom-margin ultimate-heading-796269f486f37949b uvc-3583 head-section-title uvc-heading-default-font-sizes\" data-hspacer=\"no_spacer\"  data-halign=\"center\" style=\"text-align:center\"><div class=\"uvc-heading-spacer no_spacer\" style=\"top\"><\/div><div class=\"uvc-main-heading ult-responsive\"  data-ultimate-target='.uvc-heading.ultimate-heading-796269f486f37949b p'  data-responsive-json-new='{\"font-size\":\"\",\"line-height\":\"\"}' ><p style=\"--font-weight:theme;\">PHARMACIE CENTRALE DE SOAVE<\/p><\/div><div class=\"uvc-sub-heading ult-responsive\"  data-ultimate-target='.uvc-heading.ultimate-heading-796269f486f37949b .uvc-sub-heading '  data-responsive-json-new='{\"font-size\":\"\",\"line-height\":\"\"}'  style=\"font-weight:normal;\"><\/p>\n<p><\/div><\/div>[vc_empty_space][vc_column_text el_class=\u00a0\u00bbtext-justify\u00a0\u00bb]La Pharmacie Centrale de Soave (VR) a install\u00e9 un robot Pharmathek.<\/p>\n<p>\u00c9tant une \u00ab\u00a0Pharmacie de service\u00a0\u00bb, l&rsquo;automatisation a permis de franchir une nouvelle \u00e9tape dans cette direction. D\u00e9sormais le client est suivi en continu du d\u00e9but \u00e0 la fin de la prestation, ce qui permet d&rsquo;une part d&rsquo;investiguer les besoins et de r\u00e9pondre aux questions du client, d&rsquo;autre part cela laisse le temps d&rsquo;informer le client des prestations compl\u00e9mentaires propos\u00e9es par la pharmacie ainsi que des journ\u00e9es d&rsquo;information.<\/p>\n<p>De plus, le robot, comme en t\u00e9moignent les mots du Dr Martini, agit comme une attraction pour \u00e9largir la client\u00e8le de la pharmacie.[\/vc_column_text][vc_empty_space][\/vc_column][\/vc_row][vc_row][vc_column offset=\u00a0\u00bbvc_hidden-md vc_hidden-sm vc_hidden-xs\u00a0\u00bb][vc_empty_space height=\u00a0\u00bb100px\u00a0\u00bb][vc_single_image image=\u00a0\u00bb4787&Prime; img_size=\u00a0\u00bbfull\u00a0\u00bb alignment=\u00a0\u00bbcenter\u00a0\u00bb][vc_empty_space]<div id=\"ultimate-heading-384369f486f379526\" class=\"uvc-heading ult-adjust-bottom-margin ultimate-heading-384369f486f379526 uvc-5626 head-section-title uvc-heading-default-font-sizes\" data-hspacer=\"no_spacer\"  data-halign=\"center\" style=\"text-align:center\"><div class=\"uvc-heading-spacer no_spacer\" style=\"top\"><\/div><div class=\"uvc-main-heading ult-responsive\"  data-ultimate-target='.uvc-heading.ultimate-heading-384369f486f379526 p'  data-responsive-json-new='{\"font-size\":\"\",\"line-height\":\"\"}' ><p style=\"--font-weight:theme;\">LA PAROLE AU PHARMACIEN<\/p><\/div><\/div>[vc_empty_space][vc_column_text el_class=\u00a0\u00bbtext-justify\u00a0\u00bb]<\/p>\n<h4>Dr Martini, pourquoi avez-vous choisi de robotiser la pharmacie ?<\/h4>\n<p>Nous avons d\u00e9cid\u00e9 de robotiser notre pharmacie car nous ressentions le besoin d&rsquo;automatiser certains processus internes, comme la gestion des entrep\u00f4ts, c&rsquo;est-\u00e0-dire la cha\u00eene de stockage, les dates de p\u00e9remption, etc.<\/p>\n<p>Nous souhaitions \u00e9galement am\u00e9liorer la qualit\u00e9 du temps pass\u00e9 au comptoir pour les pharmaciens.<\/p>\n<p>&nbsp;<\/p>\n<h4>Qu&rsquo;est-ce qui vous a amen\u00e9 \u00e0 choisir Pharmathek pour l&rsquo;automatisation de votre pharmacie ?<\/h4>\n<p>Les exp\u00e9riences positives ant\u00e9rieures avec l&rsquo;autre soci\u00e9t\u00e9 du groupe, c\u2019est-\u00e0-dire Th.Kohl. Au fil du temps, nous avons d\u00e9velopp\u00e9 une relation de forte estime avec cette entreprise et nous nous sommes sentis confiants de pouvoir compter sur eux \u00e9galement pour l&rsquo;automatisation des entrep\u00f4ts. C&rsquo;est pourquoi nous n&rsquo;avions aucun doute sur l&rsquo;entreprise sur laquelle compter, \u00e9galement soutenu par la bouche \u00e0 oreille qui m&rsquo;a amen\u00e9 \u00e0 entendre de bonnes choses sur le robot lui-m\u00eame.<\/p>\n<p>&nbsp;<\/p>\n<h4>Comment le travail a-t-il chang\u00e9 depuis que vous avez automatis\u00e9 votre pharmacie ?<\/h4>\n<p>Il a chang\u00e9 \u00e0 360 degr\u00e9s. Tant la gestion du back office, d\u00e9sormais beaucoup plus simple et rapide, que la gestion des clients au comptoir a totalement chang\u00e9.<\/p>\n<p>Alors que le robot nous livre les produits au comptoir, nous disposons d\u00e9sormais d&rsquo;un laps de temps qui peut \u00eatre exploit\u00e9 pour augmenter la rentabilit\u00e9 de la pharmacie gr\u00e2ce \u00e0 une pr\u00e9sentation meilleure et plus efficace des services propos\u00e9s en pharmacie.<\/p>\n<p>De plus, le robot agit comme une attraction : non seulement parce qu&rsquo;il nous permet d&rsquo;am\u00e9liorer le service mais aussi \u00e0 cause de la technologie elle-m\u00eame. Les clients sont agr\u00e9ablement surpris, \u00e9merveill\u00e9s et intrigu\u00e9s de voir les m\u00e9dicaments arriver \u00ab\u00a0seuls\u00a0\u00bb au comptoir et nous avons d\u00fb faire plusieurs fois des visites guid\u00e9es du back office pour leur montrer l&rsquo;entrep\u00f4t robotis\u00e9 et son fonctionnement.<\/p>\n<p>&nbsp;<\/p>\n<h4>Question un peu particuli\u00e8re : de nombreux pharmaciens donnent un nom au nouveau venu. Avez-vous donn\u00e9 un nom au robot ?<\/h4>\n<p>Oui, mes collaborateurs l&rsquo;appellent Giga, diminutif de \u00ab Gigante \u00bb (g\u00e9ant).[\/vc_column_text][vc_empty_space height=\u00a0\u00bb100px\u00a0\u00bb][\/vc_column][\/vc_row][vc_row][vc_column offset=\u00a0\u00bbvc_hidden-lg\u00a0\u00bb][vc_empty_space height=\u00a0\u00bb50px\u00a0\u00bb][vc_single_image image=\u00a0\u00bb4787&Prime; img_size=\u00a0\u00bbfull\u00a0\u00bb alignment=\u00a0\u00bbcenter\u00a0\u00bb][vc_empty_space]<div id=\"ultimate-heading-460369f486f3795a0\" class=\"uvc-heading ult-adjust-bottom-margin ultimate-heading-460369f486f3795a0 uvc-2827 head-section-title uvc-heading-default-font-sizes\" data-hspacer=\"no_spacer\"  data-halign=\"center\" style=\"text-align:center\"><div class=\"uvc-heading-spacer no_spacer\" style=\"top\"><\/div><div class=\"uvc-main-heading ult-responsive\"  data-ultimate-target='.uvc-heading.ultimate-heading-460369f486f3795a0 p'  data-responsive-json-new='{\"font-size\":\"\",\"line-height\":\"\"}' ><p style=\"--font-weight:theme;\">LA PAROLE AU PHARMACIEN<\/p><\/div><\/div>[vc_empty_space][vc_column_text el_class=\u00a0\u00bbtext-justify\u00a0\u00bb]<\/p>\n<h4>Dr Martini, pourquoi avez-vous choisi de robotiser la pharmacie ?<\/h4>\n<p>Nous avons d\u00e9cid\u00e9 de robotiser notre pharmacie car nous ressentions le besoin d&rsquo;automatiser certains processus internes, comme la gestion des entrep\u00f4ts, c&rsquo;est-\u00e0-dire la cha\u00eene de stockage, les dates de p\u00e9remption, etc.<\/p>\n<p>Nous souhaitions \u00e9galement am\u00e9liorer la qualit\u00e9 du temps pass\u00e9 au comptoir pour les pharmaciens.<\/p>\n<p>&nbsp;<\/p>\n<h4>Qu&rsquo;est-ce qui vous a amen\u00e9 \u00e0 choisir Pharmathek pour l&rsquo;automatisation de votre pharmacie ?<\/h4>\n<p>Les exp\u00e9riences positives ant\u00e9rieures avec l&rsquo;autre soci\u00e9t\u00e9 du groupe, c\u2019est-\u00e0-dire Th.Kohl. Au fil du temps, nous avons d\u00e9velopp\u00e9 une relation de forte estime avec cette entreprise et nous nous sommes sentis confiants de pouvoir compter sur eux \u00e9galement pour l&rsquo;automatisation des entrep\u00f4ts. C&rsquo;est pourquoi nous n&rsquo;avions aucun doute sur l&rsquo;entreprise sur laquelle compter, \u00e9galement soutenu par la bouche \u00e0 oreille qui m&rsquo;a amen\u00e9 \u00e0 entendre de bonnes choses sur le robot lui-m\u00eame.<\/p>\n<p>&nbsp;<\/p>\n<h4>Comment le travail a-t-il chang\u00e9 depuis que vous avez automatis\u00e9 votre pharmacie ?<\/h4>\n<p>Il a chang\u00e9 \u00e0 360 degr\u00e9s. Tant la gestion du back office, d\u00e9sormais beaucoup plus simple et rapide, que la gestion des clients au comptoir a totalement chang\u00e9.<\/p>\n<p>Alors que le robot nous livre les produits au comptoir, nous disposons d\u00e9sormais d&rsquo;un laps de temps qui peut \u00eatre exploit\u00e9 pour augmenter la rentabilit\u00e9 de la pharmacie gr\u00e2ce \u00e0 une pr\u00e9sentation meilleure et plus efficace des services propos\u00e9s en pharmacie.<\/p>\n<p>De plus, le robot agit comme une attraction : non seulement parce qu&rsquo;il nous permet d&rsquo;am\u00e9liorer le service mais aussi \u00e0 cause de la technologie elle-m\u00eame. Les clients sont agr\u00e9ablement surpris, \u00e9merveill\u00e9s et intrigu\u00e9s de voir les m\u00e9dicaments arriver \u00ab\u00a0seuls\u00a0\u00bb au comptoir et nous avons d\u00fb faire plusieurs fois des visites guid\u00e9es du back office pour leur montrer l&rsquo;entrep\u00f4t robotis\u00e9 et son fonctionnement.<\/p>\n<p>&nbsp;<\/p>\n<h4>Question un peu particuli\u00e8re : de nombreux pharmaciens donnent un nom au nouveau venu. Avez-vous donn\u00e9 un nom au robot ?<\/h4>\n<p>Oui, mes collaborateurs l&rsquo;appellent Giga, diminutif de \u00ab Gigante \u00bb (g\u00e9ant).[\/vc_column_text][vc_empty_space height=\u00a0\u00bb50px\u00a0\u00bb][\/vc_column][\/vc_row][vc_row full_width=\u00a0\u00bbstretch_row\u00a0\u00bb bg_type=\u00a0\u00bbbg_color\u00a0\u00bb bg_override=\u00a0\u00bbfull\u00a0\u00bb bg_color_value=\u00a0\u00bb#eeeeef\u00a0\u00bb][vc_column offset=\u00a0\u00bbvc_hidden-md vc_hidden-sm vc_hidden-xs\u00a0\u00bb][vc_empty_space height=\u00a0\u00bb100px\u00a0\u00bb]<div id=\"ultimate-heading-294069f486f379620\" class=\"uvc-heading ult-adjust-bottom-margin ultimate-heading-294069f486f379620 uvc-2418 head-section-title uvc-heading-default-font-sizes\" data-hspacer=\"no_spacer\"  data-halign=\"center\" style=\"text-align:center\"><div class=\"uvc-heading-spacer no_spacer\" style=\"top\"><\/div><div class=\"uvc-main-heading ult-responsive\"  data-ultimate-target='.uvc-heading.ultimate-heading-294069f486f379620 h2'  data-responsive-json-new='{\"font-size\":\"\",\"line-height\":\"\"}' ><h2 style=\"--font-weight:theme;\">GALERIE<\/h2><\/div><\/div>[vc_empty_space height=\u00a0\u00bb50px\u00a0\u00bb][vc_masonry_media_grid element_width=\u00a0\u00bb3&Prime; gap=\u00a0\u00bb10&Prime; grid_id=\u00a0\u00bbvc_gid:1660218171432-985fc778-3ce7-10&Prime; include=\u00a0\u00bb4800,4804,4796,4812,4808,4816,4820&Prime;][vc_empty_space height=\u00a0\u00bb100px\u00a0\u00bb][\/vc_column][\/vc_row][vc_row full_width=\u00a0\u00bbstretch_row\u00a0\u00bb bg_type=\u00a0\u00bbbg_color\u00a0\u00bb bg_override=\u00a0\u00bbfull\u00a0\u00bb bg_color_value=\u00a0\u00bb#eeeeef\u00a0\u00bb][vc_column offset=\u00a0\u00bbvc_hidden-lg\u00a0\u00bb][vc_empty_space height=\u00a0\u00bb50px\u00a0\u00bb]<div id=\"ultimate-heading-136069f486f379694\" class=\"uvc-heading ult-adjust-bottom-margin ultimate-heading-136069f486f379694 uvc-6927 head-section-title uvc-heading-default-font-sizes\" data-hspacer=\"no_spacer\"  data-halign=\"center\" style=\"text-align:center\"><div class=\"uvc-heading-spacer no_spacer\" style=\"top\"><\/div><div class=\"uvc-main-heading ult-responsive\"  data-ultimate-target='.uvc-heading.ultimate-heading-136069f486f379694 h2'  data-responsive-json-new='{\"font-size\":\"\",\"line-height\":\"\"}' ><h2 style=\"--font-weight:theme;\">GALERIE<\/h2><\/div><\/div>[vc_empty_space height=\u00a0\u00bb50px\u00a0\u00bb][vc_masonry_media_grid element_width=\u00a0\u00bb3&Prime; gap=\u00a0\u00bb10&Prime; grid_id=\u00a0\u00bbvc_gid:1660218171436-6960be69-91d6-4&Prime; include=\u00a0\u00bb4800,4804,4796,4812,4808,4792,4816,4820&Prime;][vc_empty_space height=\u00a0\u00bb50px\u00a0\u00bb][\/vc_column][\/vc_row][vc_row full_width=\u00a0\u00bbstretch_row\u00a0\u00bb bg_type=\u00a0\u00bbimage\u00a0\u00bb parallax_style=\u00a0\u00bbvcpb-default\u00a0\u00bb bg_image_new=\u00a0\u00bbid^1166|url^http:\/\/www.pharmathek.com\/wp-content\/uploads\/2018\/03\/farmacia-specifiche-background.jpg|caption^null|alt^null|title^farmacia-specifiche-background|description^null\u00a0\u00bb bg_image_repeat=\u00a0\u00bbno-repeat\u00a0\u00bb bg_override=\u00a0\u00bbfull\u00a0\u00bb][vc_column][vc_empty_space height=\u00a0\u00bb100px\u00a0\u00bb]<div id=\"ultimate-heading-117269f486f379707\" class=\"uvc-heading ult-adjust-bottom-margin ultimate-heading-117269f486f379707 uvc-3544 head-section-title text-white uvc-heading-default-font-sizes\" data-hspacer=\"no_spacer\"  data-halign=\"center\" style=\"text-align:center\"><div class=\"uvc-heading-spacer no_spacer\" style=\"top\"><\/div><div class=\"uvc-main-heading ult-responsive\"  data-ultimate-target='.uvc-heading.ultimate-heading-117269f486f379707 h2'  data-responsive-json-new='{\"font-size\":\"\",\"line-height\":\"\"}' ><h2 style=\"--font-weight:theme;\">LE PROJET<\/h2><\/div><\/div>[vc_empty_space height=\u00a0\u00bb50px\u00a0\u00bb][vc_separator color=\u00a0\u00bbwhite\u00a0\u00bb][vc_separator color=\u00a0\u00bbwhite\u00a0\u00bb][vc_row_inner][vc_column_inner width=\u00a0\u00bb1\/2&Prime;][vc_column_text el_class=\u00a0\u00bbprogetto-voci\u00a0\u00bb]SOLUTIONS PHARMATHEK[\/vc_column_text][\/vc_column_inner][vc_column_inner width=\u00a0\u00bb1\/2&Prime;][vc_column_text el_class=\u00a0\u00bbprogetto-voci-valori\u00a0\u00bb]SINTESI + PHARMALOAD + EUCLID3D[\/vc_column_text][\/vc_column_inner][\/vc_row_inner][vc_separator color=\u00a0\u00bbwhite\u00a0\u00bb][vc_row_inner][vc_column_inner width=\u00a0\u00bb1\/2&Prime;][vc_column_text el_class=\u00a0\u00bbprogetto-voci\u00a0\u00bb]DIMENSIONS ROBOT[\/vc_column_text][\/vc_column_inner][vc_column_inner width=\u00a0\u00bb1\/2&Prime;][vc_column_text el_class=\u00a0\u00bbprogetto-voci-valori\u00a0\u00bb]<\/p>\n<p>L 5.547 x H 3.000 mm<\/p>\n<p>[\/vc_column_text][\/vc_column_inner][\/vc_row_inner][vc_separator color=\u00a0\u00bbwhite\u00a0\u00bb][vc_row_inner][vc_column_inner width=\u00a0\u00bb1\/2&Prime;][vc_column_text el_class=\u00a0\u00bbprogetto-voci\u00a0\u00bb]CAPACIT\u00c9 BO\u00ceTES[\/vc_column_text][\/vc_column_inner][vc_column_inner width=\u00a0\u00bb1\/2&Prime;][vc_column_text el_class=\u00a0\u00bbprogetto-voci-valori\u00a0\u00bb]13.600[\/vc_column_text][\/vc_column_inner][\/vc_row_inner][vc_separator color=\u00a0\u00bbwhite\u00a0\u00bb][vc_row_inner][vc_column_inner width=\u00a0\u00bb1\/2&Prime;][vc_column_text el_class=\u00a0\u00bbprogetto-voci\u00a0\u00bb]POSITION ROBOT PAR RAPPORT AU COMPTOIR[\/vc_column_text][\/vc_column_inner][vc_column_inner width=\u00a0\u00bb1\/2&Prime;][vc_column_text el_class=\u00a0\u00bbprogetto-voci-valori\u00a0\u00bb]DERRI\u00c8RE LE COMPTOIR[\/vc_column_text][\/vc_column_inner][\/vc_row_inner][vc_separator color=\u00a0\u00bbwhite\u00a0\u00bb][vc_row_inner][vc_column_inner width=\u00a0\u00bb1\/2&Prime;][vc_column_text el_class=\u00a0\u00bbprogetto-voci\u00a0\u00bb]PRODUITS EN MOUVEMENT[\/vc_column_text][\/vc_column_inner][vc_column_inner width=\u00a0\u00bb1\/2&Prime;][vc_column_text el_class=\u00a0\u00bbprogetto-voci-valori\u00a0\u00bb]&lt; 500[\/vc_column_text][\/vc_column_inner][\/vc_row_inner][vc_separator color=\u00a0\u00bbwhite\u00a0\u00bb][vc_empty_space height=\u00a0\u00bb100px\u00a0\u00bb][\/vc_column][\/vc_row][vc_row full_width=\u00a0\u00bbstretch_row_content_no_spaces\u00a0\u00bb][vc_column el_class=\u00a0\u00bbfull-width-no-padding\u00a0\u00bb][vc_single_image image=\u00a0\u00bb4792&Prime; img_size=\u00a0\u00bbfull\u00a0\u00bb alignment=\u00a0\u00bbcenter\u00a0\u00bb]<style type=\"text\/css\" data-type=\"the7_shortcodes-inline-css\">#default-btn-0e4e87e5e968b404cd830fa571b9ffc3.ico-right-side > i {\n  margin-right: 0px;\n  margin-left: 8px;\n}\n#default-btn-0e4e87e5e968b404cd830fa571b9ffc3 > i {\n  margin-right: 8px;\n}\n<\/style><div class=\"btn-align-center\"><a href=\"https:\/\/www.pharmathek.com\/fr\/installations\/\" class=\"default-btn-shortcode dt-btn dt-btn-l link-hover-off weight-300 full-width-btn \" id=\"default-btn-0e4e87e5e968b404cd830fa571b9ffc3\" title=\"Installations\"><span>Retour \u00e0 la liste des installations<\/span><\/a><\/div>[\/vc_column][\/vc_row]<\/p>\n<\/div>","protected":false},"excerpt":{"rendered":"<p>Soave (Italie)<\/p>\n","protected":false},"author":3,"featured_media":4836,"parent":0,"menu_order":0,"comment_status":"closed","ping_status":"closed","template":"","meta":{"inline_featured_image":false,"footnotes":""},"categories":[45,47],"tags":[],"class_list":["post-23157","page","type-page","status-publish","has-post-thumbnail","hentry","category-installations","category-pharmacies","description-off"],"_links":{"self":[{"href":"https:\/\/www.pharmathek.com\/fr\/wp-json\/wp\/v2\/pages\/23157","targetHints":{"allow":["GET"]}}],"collection":[{"href":"https:\/\/www.pharmathek.com\/fr\/wp-json\/wp\/v2\/pages"}],"about":[{"href":"https:\/\/www.pharmathek.com\/fr\/wp-json\/wp\/v2\/types\/page"}],"author":[{"embeddable":true,"href":"https:\/\/www.pharmathek.com\/fr\/wp-json\/wp\/v2\/users\/3"}],"replies":[{"embeddable":true,"href":"https:\/\/www.pharmathek.com\/fr\/wp-json\/wp\/v2\/comments?post=23157"}],"version-history":[{"count":3,"href":"https:\/\/www.pharmathek.com\/fr\/wp-json\/wp\/v2\/pages\/23157\/revisions"}],"predecessor-version":[{"id":23189,"href":"https:\/\/www.pharmathek.com\/fr\/wp-json\/wp\/v2\/pages\/23157\/revisions\/23189"}],"wp:featuredmedia":[{"embeddable":true,"href":"https:\/\/www.pharmathek.com\/fr\/wp-json\/wp\/v2\/media\/4836"}],"wp:attachment":[{"href":"https:\/\/www.pharmathek.com\/fr\/wp-json\/wp\/v2\/media?parent=23157"}],"wp:term":[{"taxonomy":"category","embeddable":true,"href":"https:\/\/www.pharmathek.com\/fr\/wp-json\/wp\/v2\/categories?post=23157"},{"taxonomy":"post_tag","embeddable":true,"href":"https:\/\/www.pharmathek.com\/fr\/wp-json\/wp\/v2\/tags?post=23157"}],"curies":[{"name":"wp","href":"https:\/\/api.w.org\/{rel}","templated":true}]}}