{"id":23190,"date":"2022-08-11T14:25:23","date_gmt":"2022-08-11T12:25:23","guid":{"rendered":"https:\/\/www.pharmathek.com\/?page_id=23190"},"modified":"2022-08-11T14:25:23","modified_gmt":"2022-08-11T12:25:23","slug":"pharmacie-brivio","status":"publish","type":"page","link":"https:\/\/www.pharmathek.com\/fr\/pharmacie-brivio\/","title":{"rendered":"Pharmacie Brivio"},"content":{"rendered":"<div class=\"wpb-content-wrapper\"><p>[vc_row full_width=\u00a0\u00bbstretch_row_content\u00a0\u00bb equal_height=\u00a0\u00bbyes\u00a0\u00bb content_placement=\u00a0\u00bbmiddle\u00a0\u00bb bg_type=\u00a0\u00bbbg_color\u00a0\u00bb bg_override=\u00a0\u00bbfull\u00a0\u00bb bg_color_value=\u00a0\u00bb#eeeeef\u00a0\u00bb][vc_column width=\u00a0\u00bb1\/2&Prime; css=\u00a0\u00bb.vc_custom_1523960338488{padding-right: 0px !important;padding-left: 0px !important;}\u00a0\u00bb offset=\u00a0\u00bbvc_hidden-md vc_hidden-sm vc_hidden-xs\u00a0\u00bb][vc_single_image image=\u00a0\u00bb4725&Prime; img_size=\u00a0\u00bbfull\u00a0\u00bb][\/vc_column][vc_column width=\u00a0\u00bb1\/2&Prime; css=\u00a0\u00bb.vc_custom_1523960343032{padding-right: 100px !important;padding-left: 100px !important;}\u00a0\u00bb offset=\u00a0\u00bbvc_hidden-md vc_hidden-sm vc_hidden-xs\u00a0\u00bb][vc_empty_space]<div id=\"ultimate-heading-557069f4330040768\" class=\"uvc-heading ult-adjust-bottom-margin ultimate-heading-557069f4330040768 uvc-5901 head-section-title uvc-heading-default-font-sizes\" data-hspacer=\"no_spacer\"  data-halign=\"center\" style=\"text-align:center\"><div class=\"uvc-heading-spacer no_spacer\" style=\"top\"><\/div><div class=\"uvc-main-heading ult-responsive\"  data-ultimate-target='.uvc-heading.ultimate-heading-557069f4330040768 p'  data-responsive-json-new='{\"font-size\":\"\",\"line-height\":\"\"}' ><p style=\"--font-weight:theme;\">PHARMACIE BRIVIO<\/p><\/div><\/div>[vc_empty_space][vc_column_text el_class=\u00a0\u00bbtext-justify\u00a0\u00bb]La Pharmacie Brivio a install\u00e9 un robot Pharmathek.<\/p>\n<p>Le choix, de la part du Dr Brivio, d&rsquo;automatiser son activit\u00e9 est n\u00e9 de la n\u00e9cessit\u00e9 de g\u00e9rer avec pr\u00e9cision les stocks.<\/p>\n<p>L&rsquo;automatisation ayant \u00e9t\u00e9 r\u00e9alis\u00e9 lors d&rsquo;une r\u00e9novation, il a \u00e9t\u00e9 possible d&rsquo;\u00e9tudier de mani\u00e8re optimale o\u00f9 placer le robot et ses sorties afin qu&rsquo;ils soient parfaitement int\u00e9gr\u00e9s \u00e0 l&rsquo;environnement.<\/p>\n<p>Ainsi, le client n&rsquo;est pas distrait par sa pr\u00e9sence et peut consacrer toute son attention au pharmacien et \u00e0 ses conseils personnalis\u00e9s.[\/vc_column_text][vc_empty_space][\/vc_column][\/vc_row][vc_row full_width=\u00a0\u00bbstretch_row_content\u00a0\u00bb equal_height=\u00a0\u00bbyes\u00a0\u00bb content_placement=\u00a0\u00bbmiddle\u00a0\u00bb bg_type=\u00a0\u00bbbg_color\u00a0\u00bb bg_override=\u00a0\u00bbfull\u00a0\u00bb bg_color_value=\u00a0\u00bb#eeeeef\u00a0\u00bb][vc_column css=\u00a0\u00bb.vc_custom_1524126670718{padding-right: 0px !important;padding-left: 0px !important;}\u00a0\u00bb offset=\u00a0\u00bbvc_hidden-lg\u00a0\u00bb el_class=\u00a0\u00bbfull-width-no-padding\u00a0\u00bb][vc_single_image image=\u00a0\u00bb4725&Prime; img_size=\u00a0\u00bbfull\u00a0\u00bb][vc_empty_space]<div id=\"ultimate-heading-421469f433004080a\" class=\"uvc-heading ult-adjust-bottom-margin ultimate-heading-421469f433004080a uvc-1161 head-section-title uvc-heading-default-font-sizes\" data-hspacer=\"no_spacer\"  data-halign=\"center\" style=\"text-align:center\"><div class=\"uvc-heading-spacer no_spacer\" style=\"top\"><\/div><div class=\"uvc-main-heading ult-responsive\"  data-ultimate-target='.uvc-heading.ultimate-heading-421469f433004080a p'  data-responsive-json-new='{\"font-size\":\"\",\"line-height\":\"\"}' ><p style=\"--font-weight:theme;\">PHARMACIE BRIVIO<\/p><\/div><div class=\"uvc-sub-heading ult-responsive\"  data-ultimate-target='.uvc-heading.ultimate-heading-421469f433004080a .uvc-sub-heading '  data-responsive-json-new='{\"font-size\":\"\",\"line-height\":\"\"}'  style=\"font-weight:normal;\"><\/p>\n<p><\/div><\/div>[vc_empty_space][vc_column_text el_class=\u00a0\u00bbtext-justify\u00a0\u00bb]La Pharmacie Brivio a install\u00e9 un robot Pharmathek.<\/p>\n<p>Le choix, de la part du Dr Brivio, d&rsquo;automatiser son activit\u00e9 est n\u00e9 de la n\u00e9cessit\u00e9 de g\u00e9rer avec pr\u00e9cision les stocks.<\/p>\n<p>L&rsquo;automatisation ayant \u00e9t\u00e9 r\u00e9alis\u00e9 lors d&rsquo;une r\u00e9novation, il a \u00e9t\u00e9 possible d&rsquo;\u00e9tudier de mani\u00e8re optimale o\u00f9 placer le robot et ses sorties afin qu&rsquo;ils soient parfaitement int\u00e9gr\u00e9s \u00e0 l&rsquo;environnement.<\/p>\n<p>Ainsi, le client n&rsquo;est pas distrait par sa pr\u00e9sence et peut consacrer toute son attention au pharmacien et \u00e0 ses conseils personnalis\u00e9s.[\/vc_column_text][vc_empty_space][\/vc_column][\/vc_row][vc_row][vc_column offset=\u00a0\u00bbvc_hidden-md vc_hidden-sm vc_hidden-xs\u00a0\u00bb][vc_empty_space height=\u00a0\u00bb100px\u00a0\u00bb][vc_single_image image=\u00a0\u00bb4730&Prime; img_size=\u00a0\u00bbfull\u00a0\u00bb alignment=\u00a0\u00bbcenter\u00a0\u00bb][vc_empty_space]<div id=\"ultimate-heading-81469f433004088a\" class=\"uvc-heading ult-adjust-bottom-margin ultimate-heading-81469f433004088a uvc-8996 head-section-title uvc-heading-default-font-sizes\" data-hspacer=\"no_spacer\"  data-halign=\"center\" style=\"text-align:center\"><div class=\"uvc-heading-spacer no_spacer\" style=\"top\"><\/div><div class=\"uvc-main-heading ult-responsive\"  data-ultimate-target='.uvc-heading.ultimate-heading-81469f433004088a p'  data-responsive-json-new='{\"font-size\":\"\",\"line-height\":\"\"}' ><p style=\"--font-weight:theme;\">LA PAROLE AU PHARMACIEN<\/p><\/div><\/div>[vc_empty_space][vc_column_text el_class=\u00a0\u00bbtext-justify\u00a0\u00bb]<\/p>\n<h4>Pourquoi avez-vous d\u00e9cid\u00e9 d&rsquo;automatiser votre pharmacie ?<\/h4>\n<p>La d\u00e9cision d&rsquo;automatiser la pharmacie a \u00e9t\u00e9 prise suite \u00e0 une r\u00e9flexion sur l&rsquo;organisation de l&rsquo;entrep\u00f4t. De nos jours, il est n\u00e9cessaire d&rsquo;avoir une gestion des stocks tr\u00e8s pr\u00e9cise et l&rsquo;automatisation nous a sembl\u00e9 la bonne mani\u00e8re d&rsquo;atteindre cet objectif.<\/p>\n<p>&nbsp;<\/p>\n<h4>Pourquoi avez-vous d\u00e9cid\u00e9 de faire confiance \u00e0 Pharmathek pour l&rsquo;automatisation de votre pharmacie ?<\/h4>\n<p>Parce que c&rsquo;\u00e9tait la solution du march\u00e9 qui convenait le mieux \u00e0 nos besoins et en raison de son appartenance au Groupe Th.Kohl.<\/p>\n<p>Depuis 1990, j&rsquo;ai toujours fait confiance \u00e0 Th.Kohl &#8211; la soci\u00e9t\u00e9 du groupe sp\u00e9cialis\u00e9e dans l&rsquo;ameublement pour pharmacies &#8211; pour les r\u00e9novations de ma pharmacie. Et comme il s&rsquo;agit d&rsquo;une entreprise tr\u00e8s fiable, s\u00e9rieuse et pr\u00e9cise, j&rsquo;ai compris non seulement qu&rsquo;elle garderait ces valeurs \u00e9galement dans la nouvelle voie entrepreneuriale avec Pharmathek, mais aussi que, puisque nous avions d\u00e9cid\u00e9 d&rsquo;y investir, la robotisation \u00e9tait l&rsquo;avenir de la pharmacie.<\/p>\n<p>Ayant acquis cette prise de conscience, nous avons \u00e9valu\u00e9 les diff\u00e9rentes solutions sur le march\u00e9 et avons constat\u00e9 que le robot Pharmathek \u00e9tait celui qui convenait le mieux \u00e0 nos besoins. Et, comme nous avons pu le voir plus tard, il y a une simplicit\u00e9 d&rsquo;utilisation absolue du robot et m\u00eame les membres du personnel peu familiaris\u00e9s avec les nouvelles technologies ont r\u00e9ussi sans probl\u00e8me \u00e0 apprendre \u00e0 s&rsquo;interfacer avec lui.<\/p>\n<p>De plus, en automatisant et r\u00e9novant \u00e0 la fois la pharmacie, nous avons pu b\u00e9n\u00e9ficier des avantages d&rsquo;un projet int\u00e9gr\u00e9.<\/p>\n<p>&nbsp;<\/p>\n<h4>Qu&rsquo;est-ce qui a chang\u00e9 depuis l&rsquo;installation du robot ?<\/h4>\n<p>La fa\u00e7on de travailler a chang\u00e9. Gr\u00e2ce \u00e0 l&rsquo;automatisation, il est possible d\u2019avoir plus de temps \u00e0 consacrer au client, un temps qu&rsquo;il faut apprendre \u00e0 g\u00e9rer correctement afin de profiter pleinement des avantages de l&rsquo;automatisation au profit d&rsquo;un meilleur service client. Et c&rsquo;est certainement l&rsquo;aspect le plus important.<\/p>\n<p>Ensuite, il y a de nombreux autres avantages. Parmi celles-ci, la pr\u00e9cision : la pr\u00e9sence du robot r\u00e9duit l&rsquo;erreur et permet d\u2019avoir sous contr\u00f4le la situation de l&rsquo;entrep\u00f4t, de respecter les d\u00e9lais, ainsi que de mieux g\u00e9rer les stocks en termes de nombres, de r\u00e9f\u00e9rences et aussi en termes de volume \u00e9conomique.[\/vc_column_text][vc_empty_space height=\u00a0\u00bb100px\u00a0\u00bb][\/vc_column][\/vc_row][vc_row][vc_column offset=\u00a0\u00bbvc_hidden-lg\u00a0\u00bb][vc_empty_space height=\u00a0\u00bb50px\u00a0\u00bb][vc_single_image image=\u00a0\u00bb1697&Prime; img_size=\u00a0\u00bbfull\u00a0\u00bb alignment=\u00a0\u00bbcenter\u00a0\u00bb][vc_empty_space]<div id=\"ultimate-heading-925969f4330040905\" class=\"uvc-heading ult-adjust-bottom-margin ultimate-heading-925969f4330040905 uvc-2918 head-section-title uvc-heading-default-font-sizes\" data-hspacer=\"no_spacer\"  data-halign=\"center\" style=\"text-align:center\"><div class=\"uvc-heading-spacer no_spacer\" style=\"top\"><\/div><div class=\"uvc-main-heading ult-responsive\"  data-ultimate-target='.uvc-heading.ultimate-heading-925969f4330040905 p'  data-responsive-json-new='{\"font-size\":\"\",\"line-height\":\"\"}' ><p style=\"--font-weight:theme;\">LA PAROLE AU PHARMACIEN<\/p><\/div><\/div>[vc_empty_space][vc_column_text el_class=\u00a0\u00bbtext-justify\u00a0\u00bb]<\/p>\n<h4>Pourquoi avez-vous d\u00e9cid\u00e9 d&rsquo;automatiser votre pharmacie ?<\/h4>\n<p>La d\u00e9cision d&rsquo;automatiser la pharmacie a \u00e9t\u00e9 prise suite \u00e0 une r\u00e9flexion sur l&rsquo;organisation de l&rsquo;entrep\u00f4t. De nos jours, il est n\u00e9cessaire d&rsquo;avoir une gestion des stocks tr\u00e8s pr\u00e9cise et l&rsquo;automatisation nous a sembl\u00e9 la bonne mani\u00e8re d&rsquo;atteindre cet objectif.<\/p>\n<p>&nbsp;<\/p>\n<h4>Pourquoi avez-vous d\u00e9cid\u00e9 de faire confiance \u00e0 Pharmathek pour l&rsquo;automatisation de votre pharmacie ?<\/h4>\n<p>Parce que c&rsquo;\u00e9tait la solution du march\u00e9 qui convenait le mieux \u00e0 nos besoins et en raison de son appartenance au Groupe Th.Kohl.<\/p>\n<p>Depuis 1990, j&rsquo;ai toujours fait confiance \u00e0 Th.Kohl &#8211; la soci\u00e9t\u00e9 du groupe sp\u00e9cialis\u00e9e dans l&rsquo;ameublement pour pharmacies &#8211; pour les r\u00e9novations de ma pharmacie. Et comme il s&rsquo;agit d&rsquo;une entreprise tr\u00e8s fiable, s\u00e9rieuse et pr\u00e9cise, j&rsquo;ai compris non seulement qu&rsquo;elle garderait ces valeurs \u00e9galement dans la nouvelle voie entrepreneuriale avec Pharmathek, mais aussi que, puisque nous avions d\u00e9cid\u00e9 d&rsquo;y investir, la robotisation \u00e9tait l&rsquo;avenir de la pharmacie.<\/p>\n<p>Ayant acquis cette prise de conscience, nous avons \u00e9valu\u00e9 les diff\u00e9rentes solutions sur le march\u00e9 et avons constat\u00e9 que le robot Pharmathek \u00e9tait celui qui convenait le mieux \u00e0 nos besoins. Et, comme nous avons pu le voir plus tard, il y a une simplicit\u00e9 d&rsquo;utilisation absolue du robot et m\u00eame les membres du personnel peu familiaris\u00e9s avec les nouvelles technologies ont r\u00e9ussi sans probl\u00e8me \u00e0 apprendre \u00e0 s&rsquo;interfacer avec lui.<\/p>\n<p>De plus, en automatisant et r\u00e9novant \u00e0 la fois la pharmacie, nous avons pu b\u00e9n\u00e9ficier des avantages d&rsquo;un projet int\u00e9gr\u00e9.<\/p>\n<p>&nbsp;<\/p>\n<h4>Qu&rsquo;est-ce qui a chang\u00e9 depuis l&rsquo;installation du robot ?<\/h4>\n<p>La fa\u00e7on de travailler a chang\u00e9. Gr\u00e2ce \u00e0 l&rsquo;automatisation, il est possible d\u2019avoir plus de temps \u00e0 consacrer au client, un temps qu&rsquo;il faut apprendre \u00e0 g\u00e9rer correctement afin de profiter pleinement des avantages de l&rsquo;automatisation au profit d&rsquo;un meilleur service client. Et c&rsquo;est certainement l&rsquo;aspect le plus important.<\/p>\n<p>Ensuite, il y a de nombreux autres avantages. Parmi celles-ci, la pr\u00e9cision : la pr\u00e9sence du robot r\u00e9duit l&rsquo;erreur et permet d\u2019avoir sous contr\u00f4le la situation de l&rsquo;entrep\u00f4t, de respecter les d\u00e9lais, ainsi que de mieux g\u00e9rer les stocks en termes de nombres, de r\u00e9f\u00e9rences et aussi en termes de volume \u00e9conomique.[\/vc_column_text][vc_empty_space height=\u00a0\u00bb50px\u00a0\u00bb][\/vc_column][\/vc_row][vc_row full_width=\u00a0\u00bbstretch_row\u00a0\u00bb bg_type=\u00a0\u00bbbg_color\u00a0\u00bb bg_override=\u00a0\u00bbfull\u00a0\u00bb bg_color_value=\u00a0\u00bb#eeeeef\u00a0\u00bb][vc_column offset=\u00a0\u00bbvc_hidden-md vc_hidden-sm vc_hidden-xs\u00a0\u00bb][vc_empty_space height=\u00a0\u00bb100px\u00a0\u00bb]<div id=\"ultimate-heading-316369f433004097d\" class=\"uvc-heading ult-adjust-bottom-margin ultimate-heading-316369f433004097d uvc-3436 head-section-title uvc-heading-default-font-sizes\" data-hspacer=\"no_spacer\"  data-halign=\"center\" style=\"text-align:center\"><div class=\"uvc-heading-spacer no_spacer\" style=\"top\"><\/div><div class=\"uvc-main-heading ult-responsive\"  data-ultimate-target='.uvc-heading.ultimate-heading-316369f433004097d h2'  data-responsive-json-new='{\"font-size\":\"\",\"line-height\":\"\"}' ><h2 style=\"--font-weight:theme;\">GALERIE<\/h2><\/div><\/div>[vc_empty_space height=\u00a0\u00bb50px\u00a0\u00bb][vc_masonry_media_grid element_width=\u00a0\u00bb3&Prime; gap=\u00a0\u00bb10&Prime; grid_id=\u00a0\u00bbvc_gid:1660218842285-c91cac54-225d-0&Prime; include=\u00a0\u00bb4739,4743,4735,4747,4763,4751,4755,4759&Prime;][vc_empty_space height=\u00a0\u00bb100px\u00a0\u00bb][\/vc_column][\/vc_row][vc_row full_width=\u00a0\u00bbstretch_row\u00a0\u00bb bg_type=\u00a0\u00bbbg_color\u00a0\u00bb bg_override=\u00a0\u00bbfull\u00a0\u00bb bg_color_value=\u00a0\u00bb#eeeeef\u00a0\u00bb][vc_column offset=\u00a0\u00bbvc_hidden-lg\u00a0\u00bb][vc_empty_space height=\u00a0\u00bb50px\u00a0\u00bb]<div id=\"ultimate-heading-465269f43300409f1\" class=\"uvc-heading ult-adjust-bottom-margin ultimate-heading-465269f43300409f1 uvc-2207 head-section-title uvc-heading-default-font-sizes\" data-hspacer=\"no_spacer\"  data-halign=\"center\" style=\"text-align:center\"><div class=\"uvc-heading-spacer no_spacer\" style=\"top\"><\/div><div class=\"uvc-main-heading ult-responsive\"  data-ultimate-target='.uvc-heading.ultimate-heading-465269f43300409f1 h2'  data-responsive-json-new='{\"font-size\":\"\",\"line-height\":\"\"}' ><h2 style=\"--font-weight:theme;\">GALERIE<\/h2><\/div><\/div>[vc_empty_space height=\u00a0\u00bb50px\u00a0\u00bb][vc_masonry_media_grid element_width=\u00a0\u00bb3&Prime; gap=\u00a0\u00bb10&Prime; grid_id=\u00a0\u00bbvc_gid:1660218842291-9cdf9693-e191-9&Prime; include=\u00a0\u00bb4763,4759,4755,4751,4747,4743,4735,4739&Prime;][vc_empty_space height=\u00a0\u00bb50px\u00a0\u00bb][\/vc_column][\/vc_row][vc_row full_width=\u00a0\u00bbstretch_row\u00a0\u00bb bg_type=\u00a0\u00bbimage\u00a0\u00bb parallax_style=\u00a0\u00bbvcpb-default\u00a0\u00bb bg_image_new=\u00a0\u00bbid^1166|url^http:\/\/www.pharmathek.com\/wp-content\/uploads\/2018\/03\/farmacia-specifiche-background.jpg|caption^null|alt^null|title^farmacia-specifiche-background|description^null\u00a0\u00bb bg_image_repeat=\u00a0\u00bbno-repeat\u00a0\u00bb bg_override=\u00a0\u00bbfull\u00a0\u00bb][vc_column][vc_empty_space height=\u00a0\u00bb100px\u00a0\u00bb]<div id=\"ultimate-heading-644369f4330040a63\" class=\"uvc-heading ult-adjust-bottom-margin ultimate-heading-644369f4330040a63 uvc-1781 head-section-title text-white uvc-heading-default-font-sizes\" data-hspacer=\"no_spacer\"  data-halign=\"center\" style=\"text-align:center\"><div class=\"uvc-heading-spacer no_spacer\" style=\"top\"><\/div><div class=\"uvc-main-heading ult-responsive\"  data-ultimate-target='.uvc-heading.ultimate-heading-644369f4330040a63 h2'  data-responsive-json-new='{\"font-size\":\"\",\"line-height\":\"\"}' ><h2 style=\"--font-weight:theme;\">LE PROJET<\/h2><\/div><\/div>[vc_empty_space height=\u00a0\u00bb50px\u00a0\u00bb][vc_separator color=\u00a0\u00bbwhite\u00a0\u00bb][vc_separator color=\u00a0\u00bbwhite\u00a0\u00bb][vc_row_inner][vc_column_inner width=\u00a0\u00bb1\/2&Prime;][vc_column_text el_class=\u00a0\u00bbprogetto-voci\u00a0\u00bb]SOLUTIONS PHARMATHEK[\/vc_column_text][\/vc_column_inner][vc_column_inner width=\u00a0\u00bb1\/2&Prime;][vc_column_text el_class=\u00a0\u00bbprogetto-voci-valori\u00a0\u00bb]SINTESI + PHARMALOAD + EUCLID3D[\/vc_column_text][\/vc_column_inner][\/vc_row_inner][vc_separator color=\u00a0\u00bbwhite\u00a0\u00bb][vc_row_inner][vc_column_inner width=\u00a0\u00bb1\/2&Prime;][vc_column_text el_class=\u00a0\u00bbprogetto-voci\u00a0\u00bb]DIMENSIONS ROBOT[\/vc_column_text][\/vc_column_inner][vc_column_inner width=\u00a0\u00bb1\/2&Prime;][vc_column_text el_class=\u00a0\u00bbprogetto-voci-valori\u00a0\u00bb]<\/p>\n<p>L 5.547 x H 3.000 mm<\/p>\n<p>[\/vc_column_text][\/vc_column_inner][\/vc_row_inner][vc_separator color=\u00a0\u00bbwhite\u00a0\u00bb][vc_row_inner][vc_column_inner width=\u00a0\u00bb1\/2&Prime;][vc_column_text el_class=\u00a0\u00bbprogetto-voci\u00a0\u00bb]CAPACIT\u00c9 BO\u00ceTES[\/vc_column_text][\/vc_column_inner][vc_column_inner width=\u00a0\u00bb1\/2&Prime;][vc_column_text el_class=\u00a0\u00bbprogetto-voci-valori\u00a0\u00bb]<\/p>\n<p>13.600<\/p>\n<p>[\/vc_column_text][\/vc_column_inner][\/vc_row_inner][vc_separator color=\u00a0\u00bbwhite\u00a0\u00bb][vc_row_inner][vc_column_inner width=\u00a0\u00bb1\/2&Prime;][vc_column_text el_class=\u00a0\u00bbprogetto-voci\u00a0\u00bb]POSITION ROBOT PAR RAPPORT AU COMPTOIR[\/vc_column_text][\/vc_column_inner][vc_column_inner width=\u00a0\u00bb1\/2&Prime;][vc_column_text el_class=\u00a0\u00bbprogetto-voci-valori\u00a0\u00bb]M\u00caME \u00c9TAGE DE LA PHARMACIE[\/vc_column_text][\/vc_column_inner][\/vc_row_inner][vc_separator color=\u00a0\u00bbwhite\u00a0\u00bb][vc_row_inner][vc_column_inner width=\u00a0\u00bb1\/2&Prime;][vc_column_text el_class=\u00a0\u00bbprogetto-voci\u00a0\u00bb]PRODUITS EN MOUVEMENT[\/vc_column_text][\/vc_column_inner][vc_column_inner width=\u00a0\u00bb1\/2&Prime;][vc_column_text el_class=\u00a0\u00bbprogetto-voci-valori\u00a0\u00bb]entre 500 et 1000[\/vc_column_text][\/vc_column_inner][\/vc_row_inner][vc_separator color=\u00a0\u00bbwhite\u00a0\u00bb][vc_empty_space height=\u00a0\u00bb100px\u00a0\u00bb][\/vc_column][\/vc_row][vc_row full_width=\u00a0\u00bbstretch_row_content_no_spaces\u00a0\u00bb][vc_column el_class=\u00a0\u00bbfull-width-no-padding\u00a0\u00bb][vc_single_image image=\u00a0\u00bb4767&Prime; img_size=\u00a0\u00bbfull\u00a0\u00bb alignment=\u00a0\u00bbcenter\u00a0\u00bb]<style type=\"text\/css\" data-type=\"the7_shortcodes-inline-css\">#default-btn-0e4e87e5e968b404cd830fa571b9ffc3.ico-right-side > i {\n  margin-right: 0px;\n  margin-left: 8px;\n}\n#default-btn-0e4e87e5e968b404cd830fa571b9ffc3 > i {\n  margin-right: 8px;\n}\n<\/style><div class=\"btn-align-center\"><a href=\"https:\/\/www.pharmathek.com\/fr\/installations\/\" class=\"default-btn-shortcode dt-btn dt-btn-l link-hover-off weight-300 full-width-btn \" id=\"default-btn-0e4e87e5e968b404cd830fa571b9ffc3\" title=\"Installations\"><span>Retour \u00e0 la liste des installations<\/span><\/a><\/div>[\/vc_column][\/vc_row]<\/p>\n<\/div>","protected":false},"excerpt":{"rendered":"<p>Erba (Italie)<\/p>\n","protected":false},"author":3,"featured_media":4723,"parent":0,"menu_order":0,"comment_status":"closed","ping_status":"closed","template":"","meta":{"inline_featured_image":false,"footnotes":""},"categories":[45,47],"tags":[],"class_list":["post-23190","page","type-page","status-publish","has-post-thumbnail","hentry","category-installations","category-pharmacies","description-off"],"_links":{"self":[{"href":"https:\/\/www.pharmathek.com\/fr\/wp-json\/wp\/v2\/pages\/23190","targetHints":{"allow":["GET"]}}],"collection":[{"href":"https:\/\/www.pharmathek.com\/fr\/wp-json\/wp\/v2\/pages"}],"about":[{"href":"https:\/\/www.pharmathek.com\/fr\/wp-json\/wp\/v2\/types\/page"}],"author":[{"embeddable":true,"href":"https:\/\/www.pharmathek.com\/fr\/wp-json\/wp\/v2\/users\/3"}],"replies":[{"embeddable":true,"href":"https:\/\/www.pharmathek.com\/fr\/wp-json\/wp\/v2\/comments?post=23190"}],"version-history":[{"count":3,"href":"https:\/\/www.pharmathek.com\/fr\/wp-json\/wp\/v2\/pages\/23190\/revisions"}],"predecessor-version":[{"id":23228,"href":"https:\/\/www.pharmathek.com\/fr\/wp-json\/wp\/v2\/pages\/23190\/revisions\/23228"}],"wp:featuredmedia":[{"embeddable":true,"href":"https:\/\/www.pharmathek.com\/fr\/wp-json\/wp\/v2\/media\/4723"}],"wp:attachment":[{"href":"https:\/\/www.pharmathek.com\/fr\/wp-json\/wp\/v2\/media?parent=23190"}],"wp:term":[{"taxonomy":"category","embeddable":true,"href":"https:\/\/www.pharmathek.com\/fr\/wp-json\/wp\/v2\/categories?post=23190"},{"taxonomy":"post_tag","embeddable":true,"href":"https:\/\/www.pharmathek.com\/fr\/wp-json\/wp\/v2\/tags?post=23190"}],"curies":[{"name":"wp","href":"https:\/\/api.w.org\/{rel}","templated":true}]}}