{"id":23229,"date":"2022-08-11T14:49:31","date_gmt":"2022-08-11T12:49:31","guid":{"rendered":"https:\/\/www.pharmathek.com\/?page_id=23229"},"modified":"2022-08-11T14:49:31","modified_gmt":"2022-08-11T12:49:31","slug":"pharmacie-cali","status":"publish","type":"page","link":"https:\/\/www.pharmathek.com\/fr\/pharmacie-cali\/","title":{"rendered":"Pharmacie Cal\u00ec"},"content":{"rendered":"<div class=\"wpb-content-wrapper\"><p>[vc_row full_width=\u00a0\u00bbstretch_row_content\u00a0\u00bb equal_height=\u00a0\u00bbyes\u00a0\u00bb content_placement=\u00a0\u00bbmiddle\u00a0\u00bb bg_type=\u00a0\u00bbbg_color\u00a0\u00bb bg_override=\u00a0\u00bbfull\u00a0\u00bb bg_color_value=\u00a0\u00bb#eeeeef\u00a0\u00bb][vc_column width=\u00a0\u00bb1\/2&Prime; css=\u00a0\u00bb.vc_custom_1523960338488{padding-right: 0px !important;padding-left: 0px !important;}\u00a0\u00bb offset=\u00a0\u00bbvc_hidden-md vc_hidden-sm vc_hidden-xs\u00a0\u00bb][vc_single_image image=\u00a0\u00bb4660&Prime; img_size=\u00a0\u00bbfull\u00a0\u00bb][\/vc_column][vc_column width=\u00a0\u00bb1\/2&Prime; css=\u00a0\u00bb.vc_custom_1523960343032{padding-right: 100px !important;padding-left: 100px !important;}\u00a0\u00bb offset=\u00a0\u00bbvc_hidden-md vc_hidden-sm vc_hidden-xs\u00a0\u00bb][vc_empty_space]<div id=\"ultimate-heading-658069f9d96961cae\" class=\"uvc-heading ult-adjust-bottom-margin ultimate-heading-658069f9d96961cae uvc-5248 head-section-title uvc-heading-default-font-sizes\" data-hspacer=\"no_spacer\"  data-halign=\"center\" style=\"text-align:center\"><div class=\"uvc-heading-spacer no_spacer\" style=\"top\"><\/div><div class=\"uvc-main-heading ult-responsive\"  data-ultimate-target='.uvc-heading.ultimate-heading-658069f9d96961cae p'  data-responsive-json-new='{\"font-size\":\"\",\"line-height\":\"\"}' ><p style=\"--font-weight:theme;\">PHARMACIE CAL\u00cc<\/p><\/div><\/div>[vc_empty_space][vc_column_text el_class=\u00a0\u00bbtext-justify\u00a0\u00bb]La pharmacie Cal\u00ec a install\u00e9 un robot Pharmathek.<\/p>\n<p>Cette pharmacie, propri\u00e9t\u00e9 du Dre Mancuso, est dispos\u00e9e sur trois \u00e9tages : deux sont d\u00e9di\u00e9s au public pour la pr\u00e9sentation des produits et la prestation de services, un est d\u00e9di\u00e9 aux activit\u00e9s de back-office.<\/p>\n<p>C&rsquo;est pr\u00e9cis\u00e9ment \u00e0 ce niveau, situ\u00e9 au sous-sol de la pharmacie, qu&rsquo;a \u00e9t\u00e9 plac\u00e9 le robot Pharmathek, \u00e9quip\u00e9 d&rsquo;un chargeur automatique et du bras m\u00e9canique exclusif Euclid3D.<\/p>\n<p>Le syst\u00e8me, g\u00e9r\u00e9 par le magasinier, permet de simplifier ses activit\u00e9s quotidiennes ainsi que d&rsquo;avoir plus de temps pour les t\u00e2ches qui ne peuvent pas \u00eatre d\u00e9l\u00e9gu\u00e9es \u00e0 des syst\u00e8mes automatis\u00e9s.[\/vc_column_text][vc_empty_space][\/vc_column][\/vc_row][vc_row full_width=\u00a0\u00bbstretch_row_content\u00a0\u00bb equal_height=\u00a0\u00bbyes\u00a0\u00bb content_placement=\u00a0\u00bbmiddle\u00a0\u00bb bg_type=\u00a0\u00bbbg_color\u00a0\u00bb bg_override=\u00a0\u00bbfull\u00a0\u00bb bg_color_value=\u00a0\u00bb#eeeeef\u00a0\u00bb][vc_column css=\u00a0\u00bb.vc_custom_1524126670718{padding-right: 0px !important;padding-left: 0px !important;}\u00a0\u00bb offset=\u00a0\u00bbvc_hidden-lg\u00a0\u00bb el_class=\u00a0\u00bbfull-width-no-padding\u00a0\u00bb][vc_single_image image=\u00a0\u00bb4660&Prime; img_size=\u00a0\u00bbfull\u00a0\u00bb][vc_empty_space]<div id=\"ultimate-heading-815569f9d96961d4f\" class=\"uvc-heading ult-adjust-bottom-margin ultimate-heading-815569f9d96961d4f uvc-3706 head-section-title uvc-heading-default-font-sizes\" data-hspacer=\"no_spacer\"  data-halign=\"center\" style=\"text-align:center\"><div class=\"uvc-heading-spacer no_spacer\" style=\"top\"><\/div><div class=\"uvc-main-heading ult-responsive\"  data-ultimate-target='.uvc-heading.ultimate-heading-815569f9d96961d4f p'  data-responsive-json-new='{\"font-size\":\"\",\"line-height\":\"\"}' ><p style=\"--font-weight:theme;\">PHARMACIE CAL\u00cc<\/p><\/div><\/div>[vc_empty_space][vc_column_text el_class=\u00a0\u00bbtext-justify\u00a0\u00bb]La pharmacie Cal\u00ec a install\u00e9 un robot Pharmathek.<\/p>\n<p>Cette pharmacie, propri\u00e9t\u00e9 du Dre Mancuso, est dispos\u00e9e sur trois \u00e9tages : deux sont d\u00e9di\u00e9s au public pour la pr\u00e9sentation des produits et la prestation de services, un est d\u00e9di\u00e9 aux activit\u00e9s de back-office.<\/p>\n<p>C&rsquo;est pr\u00e9cis\u00e9ment \u00e0 ce niveau, situ\u00e9 au sous-sol de la pharmacie, qu&rsquo;a \u00e9t\u00e9 plac\u00e9 le robot Pharmathek, \u00e9quip\u00e9 d&rsquo;un chargeur automatique et du bras m\u00e9canique exclusif Euclid3D.<\/p>\n<p>Le syst\u00e8me, g\u00e9r\u00e9 par le magasinier, permet de simplifier ses activit\u00e9s quotidiennes ainsi que d&rsquo;avoir plus de temps pour les t\u00e2ches qui ne peuvent pas \u00eatre d\u00e9l\u00e9gu\u00e9es \u00e0 des syst\u00e8mes automatis\u00e9s.[\/vc_column_text][vc_empty_space][\/vc_column][\/vc_row][vc_row][vc_column offset=\u00a0\u00bbvc_hidden-md vc_hidden-sm vc_hidden-xs\u00a0\u00bb][vc_empty_space height=\u00a0\u00bb100px\u00a0\u00bb][vc_single_image image=\u00a0\u00bb4664&Prime; img_size=\u00a0\u00bbfull\u00a0\u00bb alignment=\u00a0\u00bbcenter\u00a0\u00bb][vc_empty_space]<div id=\"ultimate-heading-779069f9d96961ded\" class=\"uvc-heading ult-adjust-bottom-margin ultimate-heading-779069f9d96961ded uvc-2749 head-section-title uvc-heading-default-font-sizes\" data-hspacer=\"no_spacer\"  data-halign=\"center\" style=\"text-align:center\"><div class=\"uvc-heading-spacer no_spacer\" style=\"top\"><\/div><div class=\"uvc-main-heading ult-responsive\"  data-ultimate-target='.uvc-heading.ultimate-heading-779069f9d96961ded p'  data-responsive-json-new='{\"font-size\":\"\",\"line-height\":\"\"}' ><p style=\"--font-weight:theme;\">LA PAROLE AU PHARMACIEN<\/p><\/div><\/div>[vc_empty_space][vc_column_text el_class=\u00a0\u00bbtext-justify\u00a0\u00bb]Gestion des stocks en entrep\u00f4t ? Avec les tiroirs c&rsquo;\u00e9tait un cauchemar : du fait de la multiplication des r\u00e9f\u00e9rences il \u00e9tait devenu impossible de trouver du premier coup un m\u00e9dicament \u00e0 faible rotation, entre autres sans \u00eatre s\u00fbr de l&rsquo;avoir en stock ou non. Sans parler de l&rsquo;immense travail manuel qu&rsquo;il fallait effectuer pour cr\u00e9er l&rsquo;inventaire quotidien, la liste de r\u00e9approvisionnement, pour stocker et collecter les nombreux m\u00e9dicaments et pour identifier et supprimer ceux qui \u00e9taient p\u00e9rim\u00e9s.<\/p>\n<p>Vraiment, quand je pense \u00e0 tout le temps perdu sur ces t\u00e2ches ennuyeuses, \u00e7a me rend malade ! Mais heureusement c&rsquo;est du pass\u00e9.<\/p>\n<p>De plus, l&rsquo;ordinateur garde une trace de tout ce qui entre et sort de l&rsquo;entrep\u00f4t, assurant un inventaire mis \u00e0 jour en temps r\u00e9el. Cela permet de conserver des donn\u00e9es importantes telles que le taux de rotation surveill\u00e9, ce qui permet d&rsquo;optimiser les r\u00e9approvisionnements et les stocks.<\/p>\n<p>Inoltre il computer tiene traccia di tutto ci\u00f2 che entra ed esce dal magazzino, garantendo un inventario aggiornato in tempo reale. Ci\u00f2 ti permette di tenere monitorati importanti dati tipo l\u2019indice di rotazione, portandoti ad ottimizzare i riordini e le scorte.<\/p>\n<p>Bref, le robot Pharmathek accomplit toutes ces t\u00e2ches avec une telle efficacit\u00e9 qu&rsquo;il semble aujourd&rsquo;hui impensable de travailler sans lui ![\/vc_column_text][vc_empty_space height=\u00a0\u00bb100px\u00a0\u00bb][\/vc_column][\/vc_row][vc_row][vc_column offset=\u00a0\u00bbvc_hidden-lg\u00a0\u00bb][vc_empty_space height=\u00a0\u00bb50px\u00a0\u00bb][vc_single_image image=\u00a0\u00bb4664&Prime; img_size=\u00a0\u00bbfull\u00a0\u00bb alignment=\u00a0\u00bbcenter\u00a0\u00bb][vc_empty_space]<div id=\"ultimate-heading-460169f9d96961e76\" class=\"uvc-heading ult-adjust-bottom-margin ultimate-heading-460169f9d96961e76 uvc-37 head-section-title uvc-heading-default-font-sizes\" data-hspacer=\"no_spacer\"  data-halign=\"center\" style=\"text-align:center\"><div class=\"uvc-heading-spacer no_spacer\" style=\"top\"><\/div><div class=\"uvc-main-heading ult-responsive\"  data-ultimate-target='.uvc-heading.ultimate-heading-460169f9d96961e76 p'  data-responsive-json-new='{\"font-size\":\"\",\"line-height\":\"\"}' ><p style=\"--font-weight:theme;\">LA PAROLE AU PHARMACIEN<\/p><\/div><\/div>[vc_empty_space][vc_column_text el_class=\u00a0\u00bbtext-justify\u00a0\u00bb]Gestion des stocks en entrep\u00f4t ? Avec les tiroirs c&rsquo;\u00e9tait un cauchemar : du fait de la multiplication des r\u00e9f\u00e9rences il \u00e9tait devenu impossible de trouver du premier coup un m\u00e9dicament \u00e0 faible rotation, entre autres sans \u00eatre s\u00fbr de l&rsquo;avoir en stock ou non. Sans parler de l&rsquo;immense travail manuel qu&rsquo;il fallait effectuer pour cr\u00e9er l&rsquo;inventaire quotidien, la liste de r\u00e9approvisionnement, pour stocker et collecter les nombreux m\u00e9dicaments et pour identifier et supprimer ceux qui \u00e9taient p\u00e9rim\u00e9s.<\/p>\n<p>Vraiment, quand je pense \u00e0 tout le temps perdu sur ces t\u00e2ches ennuyeuses, \u00e7a me rend malade ! Mais heureusement c&rsquo;est du pass\u00e9.<\/p>\n<p>De plus, l&rsquo;ordinateur garde une trace de tout ce qui entre et sort de l&rsquo;entrep\u00f4t, assurant un inventaire mis \u00e0 jour en temps r\u00e9el. Cela permet de conserver des donn\u00e9es importantes telles que le taux de rotation surveill\u00e9, ce qui permet d&rsquo;optimiser les r\u00e9approvisionnements et les stocks.<\/p>\n<p>Inoltre il computer tiene traccia di tutto ci\u00f2 che entra ed esce dal magazzino, garantendo un inventario aggiornato in tempo reale. Ci\u00f2 ti permette di tenere monitorati importanti dati tipo l\u2019indice di rotazione, portandoti ad ottimizzare i riordini e le scorte.<\/p>\n<p>Bref, le robot Pharmathek accomplit toutes ces t\u00e2ches avec une telle efficacit\u00e9 qu&rsquo;il semble aujourd&rsquo;hui impensable de travailler sans lui ![\/vc_column_text][vc_empty_space height=\u00a0\u00bb50px\u00a0\u00bb][\/vc_column][\/vc_row][vc_row full_width=\u00a0\u00bbstretch_row\u00a0\u00bb bg_type=\u00a0\u00bbbg_color\u00a0\u00bb bg_override=\u00a0\u00bbfull\u00a0\u00bb bg_color_value=\u00a0\u00bb#eeeeef\u00a0\u00bb][vc_column offset=\u00a0\u00bbvc_hidden-md vc_hidden-sm vc_hidden-xs\u00a0\u00bb][vc_empty_space height=\u00a0\u00bb100px\u00a0\u00bb]<div id=\"ultimate-heading-911169f9d96961f02\" class=\"uvc-heading ult-adjust-bottom-margin ultimate-heading-911169f9d96961f02 uvc-9262 head-section-title uvc-heading-default-font-sizes\" data-hspacer=\"no_spacer\"  data-halign=\"center\" style=\"text-align:center\"><div class=\"uvc-heading-spacer no_spacer\" style=\"top\"><\/div><div class=\"uvc-main-heading ult-responsive\"  data-ultimate-target='.uvc-heading.ultimate-heading-911169f9d96961f02 h2'  data-responsive-json-new='{\"font-size\":\"\",\"line-height\":\"\"}' ><h2 style=\"--font-weight:theme;\">GALERIE<\/h2><\/div><\/div>[vc_empty_space height=\u00a0\u00bb50px\u00a0\u00bb][vc_masonry_media_grid element_width=\u00a0\u00bb3&Prime; gap=\u00a0\u00bb10&Prime; grid_id=\u00a0\u00bbvc_gid:1660221833836-990aa9a8-de55-2&Prime; include=\u00a0\u00bb4688,4684,4680,4676,4672,4668,4698,4702&Prime;][vc_empty_space height=\u00a0\u00bb100px\u00a0\u00bb][\/vc_column][\/vc_row][vc_row full_width=\u00a0\u00bbstretch_row\u00a0\u00bb bg_type=\u00a0\u00bbbg_color\u00a0\u00bb bg_override=\u00a0\u00bbfull\u00a0\u00bb bg_color_value=\u00a0\u00bb#eeeeef\u00a0\u00bb][vc_column offset=\u00a0\u00bbvc_hidden-lg\u00a0\u00bb][vc_empty_space height=\u00a0\u00bb50px\u00a0\u00bb]<div id=\"ultimate-heading-115369f9d96961f7f\" class=\"uvc-heading ult-adjust-bottom-margin ultimate-heading-115369f9d96961f7f uvc-5099 head-section-title uvc-heading-default-font-sizes\" data-hspacer=\"no_spacer\"  data-halign=\"center\" style=\"text-align:center\"><div class=\"uvc-heading-spacer no_spacer\" style=\"top\"><\/div><div class=\"uvc-main-heading ult-responsive\"  data-ultimate-target='.uvc-heading.ultimate-heading-115369f9d96961f7f h2'  data-responsive-json-new='{\"font-size\":\"\",\"line-height\":\"\"}' ><h2 style=\"--font-weight:theme;\">GALERIE<\/h2><\/div><\/div>[vc_empty_space height=\u00a0\u00bb50px\u00a0\u00bb][vc_masonry_media_grid element_width=\u00a0\u00bb3&Prime; gap=\u00a0\u00bb10&Prime; grid_id=\u00a0\u00bbvc_gid:1660221833868-c709b6d4-db10-9&Prime; include=\u00a0\u00bb4684,4698,4668,4676,4672,4702,4680,4688&Prime;][vc_empty_space height=\u00a0\u00bb50px\u00a0\u00bb][\/vc_column][\/vc_row][vc_row full_width=\u00a0\u00bbstretch_row\u00a0\u00bb bg_type=\u00a0\u00bbimage\u00a0\u00bb parallax_style=\u00a0\u00bbvcpb-default\u00a0\u00bb bg_image_new=\u00a0\u00bbid^1166|url^http:\/\/www.pharmathek.com\/wp-content\/uploads\/2018\/03\/farmacia-specifiche-background.jpg|caption^null|alt^null|title^farmacia-specifiche-background|description^null\u00a0\u00bb bg_image_repeat=\u00a0\u00bbno-repeat\u00a0\u00bb bg_override=\u00a0\u00bbfull\u00a0\u00bb][vc_column][vc_empty_space height=\u00a0\u00bb100px\u00a0\u00bb]<div id=\"ultimate-heading-356169f9d96962001\" class=\"uvc-heading ult-adjust-bottom-margin ultimate-heading-356169f9d96962001 uvc-3916 head-section-title text-white uvc-heading-default-font-sizes\" data-hspacer=\"no_spacer\"  data-halign=\"center\" style=\"text-align:center\"><div class=\"uvc-heading-spacer no_spacer\" style=\"top\"><\/div><div class=\"uvc-main-heading ult-responsive\"  data-ultimate-target='.uvc-heading.ultimate-heading-356169f9d96962001 h2'  data-responsive-json-new='{\"font-size\":\"\",\"line-height\":\"\"}' ><h2 style=\"--font-weight:theme;\">LE PROJET<\/h2><\/div><\/div>[vc_empty_space height=\u00a0\u00bb50px\u00a0\u00bb][vc_separator color=\u00a0\u00bbwhite\u00a0\u00bb][vc_separator color=\u00a0\u00bbwhite\u00a0\u00bb][vc_row_inner][vc_column_inner width=\u00a0\u00bb1\/2&Prime;][vc_column_text el_class=\u00a0\u00bbprogetto-voci\u00a0\u00bb]SOLUTIONS PHARMATHEK[\/vc_column_text][\/vc_column_inner][vc_column_inner width=\u00a0\u00bb1\/2&Prime;][vc_column_text el_class=\u00a0\u00bbprogetto-voci-valori\u00a0\u00bb]SINTESI + PHARMALOAD + EUCLID3D[\/vc_column_text][\/vc_column_inner][\/vc_row_inner][vc_separator color=\u00a0\u00bbwhite\u00a0\u00bb][vc_row_inner][vc_column_inner width=\u00a0\u00bb1\/2&Prime;][vc_column_text el_class=\u00a0\u00bbprogetto-voci\u00a0\u00bb]DIMENSIONS ROBOT[\/vc_column_text][\/vc_column_inner][vc_column_inner width=\u00a0\u00bb1\/2&Prime;][vc_column_text el_class=\u00a0\u00bbprogetto-voci-valori\u00a0\u00bb]<\/p>\n<p>L 6.547 x H 2.500 mm<\/p>\n<p>[\/vc_column_text][\/vc_column_inner][\/vc_row_inner][vc_separator color=\u00a0\u00bbwhite\u00a0\u00bb][vc_row_inner][vc_column_inner width=\u00a0\u00bb1\/2&Prime;][vc_column_text el_class=\u00a0\u00bbprogetto-voci\u00a0\u00bb]CAPACIT\u00c9 BO\u00ceTES[\/vc_column_text][\/vc_column_inner][vc_column_inner width=\u00a0\u00bb1\/2&Prime;][vc_column_text el_class=\u00a0\u00bbprogetto-voci-valori\u00a0\u00bb]<\/p>\n<p>13.000<\/p>\n<p>[\/vc_column_text][\/vc_column_inner][\/vc_row_inner][vc_separator color=\u00a0\u00bbwhite\u00a0\u00bb][vc_row_inner][vc_column_inner width=\u00a0\u00bb1\/2&Prime;][vc_column_text el_class=\u00a0\u00bbprogetto-voci\u00a0\u00bb]POSITION ROBOT PAR RAPPORT AU COMPTOIR[\/vc_column_text][\/vc_column_inner][vc_column_inner width=\u00a0\u00bb1\/2&Prime;][vc_column_text el_class=\u00a0\u00bbprogetto-voci-valori\u00a0\u00bb]AU SOUS-SOL[\/vc_column_text][\/vc_column_inner][\/vc_row_inner][vc_separator color=\u00a0\u00bbwhite\u00a0\u00bb][vc_row_inner][vc_column_inner width=\u00a0\u00bb1\/2&Prime;][vc_column_text el_class=\u00a0\u00bbprogetto-voci\u00a0\u00bb]PRODUITS EN MOUVEMENT[\/vc_column_text][\/vc_column_inner][vc_column_inner width=\u00a0\u00bb1\/2&Prime;][vc_column_text el_class=\u00a0\u00bbprogetto-voci-valori\u00a0\u00bb]entre 500 et 1000[\/vc_column_text][\/vc_column_inner][\/vc_row_inner][vc_separator color=\u00a0\u00bbwhite\u00a0\u00bb][vc_empty_space height=\u00a0\u00bb100px\u00a0\u00bb][\/vc_column][\/vc_row][vc_row full_width=\u00a0\u00bbstretch_row_content_no_spaces\u00a0\u00bb][vc_column el_class=\u00a0\u00bbfull-width-no-padding\u00a0\u00bb][vc_single_image image=\u00a0\u00bb4692&Prime; img_size=\u00a0\u00bbfull\u00a0\u00bb alignment=\u00a0\u00bbcenter\u00a0\u00bb]<style type=\"text\/css\" data-type=\"the7_shortcodes-inline-css\">#default-btn-0e4e87e5e968b404cd830fa571b9ffc3.ico-right-side > i {\n  margin-right: 0px;\n  margin-left: 8px;\n}\n#default-btn-0e4e87e5e968b404cd830fa571b9ffc3 > i {\n  margin-right: 8px;\n}\n<\/style><div class=\"btn-align-center\"><a href=\"https:\/\/www.pharmathek.com\/fr\/installations\/\" class=\"default-btn-shortcode dt-btn dt-btn-l link-hover-off weight-300 full-width-btn \" id=\"default-btn-0e4e87e5e968b404cd830fa571b9ffc3\" title=\"Installations\"><span>Retour \u00e0 la liste des installations<\/span><\/a><\/div>[\/vc_column][\/vc_row]<\/p>\n<\/div>","protected":false},"excerpt":{"rendered":"<p>Vittoria (Italie)<\/p>\n","protected":false},"author":3,"featured_media":4709,"parent":0,"menu_order":0,"comment_status":"closed","ping_status":"closed","template":"","meta":{"inline_featured_image":false,"footnotes":""},"categories":[45,47],"tags":[],"class_list":["post-23229","page","type-page","status-publish","has-post-thumbnail","hentry","category-installations","category-pharmacies","description-off"],"_links":{"self":[{"href":"https:\/\/www.pharmathek.com\/fr\/wp-json\/wp\/v2\/pages\/23229","targetHints":{"allow":["GET"]}}],"collection":[{"href":"https:\/\/www.pharmathek.com\/fr\/wp-json\/wp\/v2\/pages"}],"about":[{"href":"https:\/\/www.pharmathek.com\/fr\/wp-json\/wp\/v2\/types\/page"}],"author":[{"embeddable":true,"href":"https:\/\/www.pharmathek.com\/fr\/wp-json\/wp\/v2\/users\/3"}],"replies":[{"embeddable":true,"href":"https:\/\/www.pharmathek.com\/fr\/wp-json\/wp\/v2\/comments?post=23229"}],"version-history":[{"count":3,"href":"https:\/\/www.pharmathek.com\/fr\/wp-json\/wp\/v2\/pages\/23229\/revisions"}],"predecessor-version":[{"id":23264,"href":"https:\/\/www.pharmathek.com\/fr\/wp-json\/wp\/v2\/pages\/23229\/revisions\/23264"}],"wp:featuredmedia":[{"embeddable":true,"href":"https:\/\/www.pharmathek.com\/fr\/wp-json\/wp\/v2\/media\/4709"}],"wp:attachment":[{"href":"https:\/\/www.pharmathek.com\/fr\/wp-json\/wp\/v2\/media?parent=23229"}],"wp:term":[{"taxonomy":"category","embeddable":true,"href":"https:\/\/www.pharmathek.com\/fr\/wp-json\/wp\/v2\/categories?post=23229"},{"taxonomy":"post_tag","embeddable":true,"href":"https:\/\/www.pharmathek.com\/fr\/wp-json\/wp\/v2\/tags?post=23229"}],"curies":[{"name":"wp","href":"https:\/\/api.w.org\/{rel}","templated":true}]}}