{"id":23265,"date":"2022-08-11T15:13:28","date_gmt":"2022-08-11T13:13:28","guid":{"rendered":"https:\/\/www.pharmathek.com\/?page_id=23265"},"modified":"2022-08-11T15:13:28","modified_gmt":"2022-08-11T13:13:28","slug":"pharmacie-capovilla","status":"publish","type":"page","link":"https:\/\/www.pharmathek.com\/fr\/pharmacie-capovilla\/","title":{"rendered":"Pharmacie Capovilla"},"content":{"rendered":"<div class=\"wpb-content-wrapper\"><p>[vc_row full_width=\u00a0\u00bbstretch_row_content\u00a0\u00bb equal_height=\u00a0\u00bbyes\u00a0\u00bb content_placement=\u00a0\u00bbmiddle\u00a0\u00bb bg_type=\u00a0\u00bbbg_color\u00a0\u00bb bg_override=\u00a0\u00bbfull\u00a0\u00bb bg_color_value=\u00a0\u00bb#eeeeef\u00a0\u00bb][vc_column width=\u00a0\u00bb1\/2&Prime; css=\u00a0\u00bb.vc_custom_1523960338488{padding-right: 0px !important;padding-left: 0px !important;}\u00a0\u00bb offset=\u00a0\u00bbvc_hidden-md vc_hidden-sm vc_hidden-xs\u00a0\u00bb][vc_single_image image=\u00a0\u00bb4604&Prime; img_size=\u00a0\u00bbfull\u00a0\u00bb][\/vc_column][vc_column width=\u00a0\u00bb1\/2&Prime; css=\u00a0\u00bb.vc_custom_1523960343032{padding-right: 100px !important;padding-left: 100px !important;}\u00a0\u00bb offset=\u00a0\u00bbvc_hidden-md vc_hidden-sm vc_hidden-xs\u00a0\u00bb][vc_empty_space]<div id=\"ultimate-heading-337169f9d4d347549\" class=\"uvc-heading ult-adjust-bottom-margin ultimate-heading-337169f9d4d347549 uvc-9848 head-section-title uvc-heading-default-font-sizes\" data-hspacer=\"no_spacer\"  data-halign=\"center\" style=\"text-align:center\"><div class=\"uvc-heading-spacer no_spacer\" style=\"top\"><\/div><div class=\"uvc-main-heading ult-responsive\"  data-ultimate-target='.uvc-heading.ultimate-heading-337169f9d4d347549 p'  data-responsive-json-new='{\"font-size\":\"\",\"line-height\":\"\"}' ><p style=\"--font-weight:theme;\">PHARMACIE CAPOVILLA<\/p><\/div><\/div>[vc_empty_space][vc_column_text el_class=\u00a0\u00bbtext-justify\u00a0\u00bb]La pharmacie Capovilla a install\u00e9 un robot Pharmathek.<\/p>\n<p>Puisqu&rsquo;il s&rsquo;agit d&rsquo;une petite pharmacie, un petit entrep\u00f4t robotis\u00e9 a \u00e9t\u00e9 con\u00e7u pour cette r\u00e9alit\u00e9, d&rsquo;un peu plus de 3 m\u00e8tres de long.<\/p>\n<p>Le robot, situ\u00e9 dans la salle adjacente au comptoir de vente et visible par le client au comptoir, a \u00e9t\u00e9 enrichi avec des panneaux de verre \u00e0 partir desquels il est possible d&rsquo;admirer le manipulateur m\u00e9canique en action.<\/p>\n<p>Comme dans tous les robots Pharmathek, le chargement et le pr\u00e9l\u00e8vement peuvent \u00eatre effectu\u00e9s simultan\u00e9ment. Avec le chargement manuel, il est possible de charger jusqu&rsquo;\u00e0 500 boites par heure.[\/vc_column_text][vc_empty_space][\/vc_column][\/vc_row][vc_row full_width=\u00a0\u00bbstretch_row_content\u00a0\u00bb equal_height=\u00a0\u00bbyes\u00a0\u00bb content_placement=\u00a0\u00bbmiddle\u00a0\u00bb bg_type=\u00a0\u00bbbg_color\u00a0\u00bb bg_override=\u00a0\u00bbfull\u00a0\u00bb bg_color_value=\u00a0\u00bb#eeeeef\u00a0\u00bb][vc_column css=\u00a0\u00bb.vc_custom_1524126670718{padding-right: 0px !important;padding-left: 0px !important;}\u00a0\u00bb offset=\u00a0\u00bbvc_hidden-lg\u00a0\u00bb el_class=\u00a0\u00bbfull-width-no-padding\u00a0\u00bb][vc_single_image image=\u00a0\u00bb4604&Prime; img_size=\u00a0\u00bbfull\u00a0\u00bb][vc_empty_space]<div id=\"ultimate-heading-66369f9d4d3475ec\" class=\"uvc-heading ult-adjust-bottom-margin ultimate-heading-66369f9d4d3475ec uvc-9910 head-section-title uvc-heading-default-font-sizes\" data-hspacer=\"no_spacer\"  data-halign=\"center\" style=\"text-align:center\"><div class=\"uvc-heading-spacer no_spacer\" style=\"top\"><\/div><div class=\"uvc-main-heading ult-responsive\"  data-ultimate-target='.uvc-heading.ultimate-heading-66369f9d4d3475ec p'  data-responsive-json-new='{\"font-size\":\"\",\"line-height\":\"\"}' ><p style=\"--font-weight:theme;\">PHARMACIE CAPOVILLA<\/p><\/div><div class=\"uvc-sub-heading ult-responsive\"  data-ultimate-target='.uvc-heading.ultimate-heading-66369f9d4d3475ec .uvc-sub-heading '  data-responsive-json-new='{\"font-size\":\"\",\"line-height\":\"\"}'  style=\"font-weight:normal;\"><\/p>\n<p><\/div><\/div>[vc_empty_space][vc_column_text el_class=\u00a0\u00bbtext-justify\u00a0\u00bb]La pharmacie Capovilla a install\u00e9 un robot Pharmathek.<\/p>\n<p>Puisqu&rsquo;il s&rsquo;agit d&rsquo;une petite pharmacie, un petit entrep\u00f4t robotis\u00e9 a \u00e9t\u00e9 con\u00e7u pour cette r\u00e9alit\u00e9, d&rsquo;un peu plus de 3 m\u00e8tres de long.<\/p>\n<p>Le robot, situ\u00e9 dans la salle adjacente au comptoir de vente et visible par le client au comptoir, a \u00e9t\u00e9 enrichi avec des panneaux de verre \u00e0 partir desquels il est possible d&rsquo;admirer le manipulateur m\u00e9canique en action.<\/p>\n<p>Comme dans tous les robots Pharmathek, le chargement et le pr\u00e9l\u00e8vement peuvent \u00eatre effectu\u00e9s simultan\u00e9ment. Avec le chargement manuel, il est possible de charger jusqu&rsquo;\u00e0 500 boites par heure.[\/vc_column_text][vc_empty_space][\/vc_column][\/vc_row][vc_row][vc_column offset=\u00a0\u00bbvc_hidden-md vc_hidden-sm vc_hidden-xs\u00a0\u00bb][vc_empty_space height=\u00a0\u00bb100px\u00a0\u00bb][vc_single_image image=\u00a0\u00bb4600&Prime; img_size=\u00a0\u00bbfull\u00a0\u00bb alignment=\u00a0\u00bbcenter\u00a0\u00bb][vc_empty_space]<div id=\"ultimate-heading-370069f9d4d34767a\" class=\"uvc-heading ult-adjust-bottom-margin ultimate-heading-370069f9d4d34767a uvc-9062 head-section-title uvc-heading-default-font-sizes\" data-hspacer=\"no_spacer\"  data-halign=\"center\" style=\"text-align:center\"><div class=\"uvc-heading-spacer no_spacer\" style=\"top\"><\/div><div class=\"uvc-main-heading ult-responsive\"  data-ultimate-target='.uvc-heading.ultimate-heading-370069f9d4d34767a p'  data-responsive-json-new='{\"font-size\":\"\",\"line-height\":\"\"}' ><p style=\"--font-weight:theme;\">LA PAROLE AU PHARMACIEN<\/p><\/div><\/div>[vc_empty_space][vc_column_text el_class=\u00a0\u00bbtext-justify\u00a0\u00bb]<\/p>\n<h4>Dre Boaretto, pourquoi avez-vous choisi d\u2019automatiser votre pharmacie ?<\/h4>\n<p>J&rsquo;ai d\u00e9cid\u00e9 d&rsquo;automatiser ma pharmacie car les tiroirs sont un syst\u00e8me de rangement obsol\u00e8te. Je ne pouvais pas penser \u00e0 continuer \u00e0 voir mes coll\u00e8gues qui devaient monter sur des tabourets pour prendre les m\u00e9dicaments plus hauts.<\/p>\n<p>Bien s\u00fbr, l&rsquo;installation du robot repr\u00e9sente une r\u00e9volution dans la pharmacie et aussi le personnel doit apprendre \u00e0 profiter du temps r\u00e9cup\u00e9r\u00e9 pour communiquer avec le client et enqu\u00eater sur ses besoins. Mais nous sommes satisfaits.<\/p>\n<p>&nbsp;<\/p>\n<h4>Comment les clients ont-ils r\u00e9agi \u00e0 l&rsquo;insertion du robot ?<\/h4>\n<p>Je dirais bien puisque tout le monde nous f\u00e9licite pour Taddeo (c&rsquo;est ainsi que nous avons appel\u00e9 notre robot) qui nous a permis de moderniser le service et l&rsquo;image de la pharmacie.<\/p>\n<p>&nbsp;<\/p>\n<h4>Pourquoi avez-vous choisi de faire confiance \u00e0 Pharmathek pour l&rsquo;automatisation de votre pharmacie ?<\/h4>\n<p>Nous avons choisi Pharmathek, m\u00eame si nous avions \u00e9galement \u00e9valu\u00e9 indirectement d&rsquo;autres propositions sur le march\u00e9, pour deux raisons. D&rsquo;abord parce que l&rsquo;entreprise fait partie du groupe Th.Kohl avec qui nous avions r\u00e9nov\u00e9 notre pharmacie l&rsquo;ann\u00e9e pr\u00e9c\u00e9dente et avec lequel nous nous \u00e9tions tr\u00e8s bien entendus.<\/p>\n<p>Et il en fut de m\u00eame \u00e0 cette deuxi\u00e8me occasion : il y avait de la sympathie et de l&#8217;empathie avec tout le monde, \u00e0 la fois avec ceux qui ont propos\u00e9 des solutions, \u00e0 la fois avec ceux qui ont fait le projet et avec ceux qui ont assembl\u00e9 le robot. Ils se sont av\u00e9r\u00e9s vraiment comp\u00e9tents et intelligents.<\/p>\n<p>Deuxi\u00e8mement, parce que le robot nous a tout de suite convaincus. Tellement compact, fin et moderne, nous y sommes all\u00e9s sans faute ![\/vc_column_text][vc_empty_space height=\u00a0\u00bb100px\u00a0\u00bb][\/vc_column][\/vc_row][vc_row][vc_column offset=\u00a0\u00bbvc_hidden-lg\u00a0\u00bb][vc_empty_space height=\u00a0\u00bb50px\u00a0\u00bb][vc_single_image image=\u00a0\u00bb4600&Prime; img_size=\u00a0\u00bbfull\u00a0\u00bb alignment=\u00a0\u00bbcenter\u00a0\u00bb][vc_empty_space]<div id=\"ultimate-heading-282969f9d4d3476f3\" class=\"uvc-heading ult-adjust-bottom-margin ultimate-heading-282969f9d4d3476f3 uvc-9672 head-section-title uvc-heading-default-font-sizes\" data-hspacer=\"no_spacer\"  data-halign=\"center\" style=\"text-align:center\"><div class=\"uvc-heading-spacer no_spacer\" style=\"top\"><\/div><div class=\"uvc-main-heading ult-responsive\"  data-ultimate-target='.uvc-heading.ultimate-heading-282969f9d4d3476f3 p'  data-responsive-json-new='{\"font-size\":\"\",\"line-height\":\"\"}' ><p style=\"--font-weight:theme;\">LA PAROLE AU PHARMACIEN<\/p><\/div><\/div>[vc_empty_space][vc_column_text el_class=\u00a0\u00bbtext-justify\u00a0\u00bb]<\/p>\n<h4>Dre Boaretto, pourquoi avez-vous choisi d\u2019automatiser votre pharmacie ?<\/h4>\n<p>J&rsquo;ai d\u00e9cid\u00e9 d&rsquo;automatiser ma pharmacie car les tiroirs sont un syst\u00e8me de rangement obsol\u00e8te. Je ne pouvais pas penser \u00e0 continuer \u00e0 voir mes coll\u00e8gues qui devaient monter sur des tabourets pour prendre les m\u00e9dicaments plus hauts.<\/p>\n<p>Bien s\u00fbr, l&rsquo;installation du robot repr\u00e9sente une r\u00e9volution dans la pharmacie et aussi le personnel doit apprendre \u00e0 profiter du temps r\u00e9cup\u00e9r\u00e9 pour communiquer avec le client et enqu\u00eater sur ses besoins. Mais nous sommes satisfaits.<\/p>\n<p>&nbsp;<\/p>\n<h4>Comment les clients ont-ils r\u00e9agi \u00e0 l&rsquo;insertion du robot ?<\/h4>\n<p>Je dirais bien puisque tout le monde nous f\u00e9licite pour Taddeo (c&rsquo;est ainsi que nous avons appel\u00e9 notre robot) qui nous a permis de moderniser le service et l&rsquo;image de la pharmacie.<\/p>\n<p>&nbsp;<\/p>\n<h4>Pourquoi avez-vous choisi de faire confiance \u00e0 Pharmathek pour l&rsquo;automatisation de votre pharmacie ?<\/h4>\n<p>Nous avons choisi Pharmathek, m\u00eame si nous avions \u00e9galement \u00e9valu\u00e9 indirectement d&rsquo;autres propositions sur le march\u00e9, pour deux raisons. D&rsquo;abord parce que l&rsquo;entreprise fait partie du groupe Th.Kohl avec qui nous avions r\u00e9nov\u00e9 notre pharmacie l&rsquo;ann\u00e9e pr\u00e9c\u00e9dente et avec lequel nous nous \u00e9tions tr\u00e8s bien entendus.<\/p>\n<p>Et il en fut de m\u00eame \u00e0 cette deuxi\u00e8me occasion : il y avait de la sympathie et de l&#8217;empathie avec tout le monde, \u00e0 la fois avec ceux qui ont propos\u00e9 des solutions, \u00e0 la fois avec ceux qui ont fait le projet et avec ceux qui ont assembl\u00e9 le robot. Ils se sont av\u00e9r\u00e9s vraiment comp\u00e9tents et intelligents.<\/p>\n<p>Deuxi\u00e8mement, parce que le robot nous a tout de suite convaincus. Tellement compact, fin et moderne, nous y sommes all\u00e9s sans faute ![\/vc_column_text][vc_empty_space height=\u00a0\u00bb50px\u00a0\u00bb][\/vc_column][\/vc_row][vc_row full_width=\u00a0\u00bbstretch_row\u00a0\u00bb bg_type=\u00a0\u00bbbg_color\u00a0\u00bb bg_override=\u00a0\u00bbfull\u00a0\u00bb bg_color_value=\u00a0\u00bb#eeeeef\u00a0\u00bb][vc_column offset=\u00a0\u00bbvc_hidden-md vc_hidden-sm vc_hidden-xs\u00a0\u00bb][vc_empty_space height=\u00a0\u00bb100px\u00a0\u00bb]<div id=\"ultimate-heading-241469f9d4d347773\" class=\"uvc-heading ult-adjust-bottom-margin ultimate-heading-241469f9d4d347773 uvc-4880 head-section-title uvc-heading-default-font-sizes\" data-hspacer=\"no_spacer\"  data-halign=\"center\" style=\"text-align:center\"><div class=\"uvc-heading-spacer no_spacer\" style=\"top\"><\/div><div class=\"uvc-main-heading ult-responsive\"  data-ultimate-target='.uvc-heading.ultimate-heading-241469f9d4d347773 h2'  data-responsive-json-new='{\"font-size\":\"\",\"line-height\":\"\"}' ><h2 style=\"--font-weight:theme;\">GALERIE<\/h2><\/div><\/div>[vc_empty_space height=\u00a0\u00bb50px\u00a0\u00bb][vc_masonry_media_grid element_width=\u00a0\u00bb3&Prime; gap=\u00a0\u00bb10&Prime; grid_id=\u00a0\u00bbvc_gid:1660223216363-cb7d029b-2214-4&Prime; include=\u00a0\u00bb4637,4625,4629,4609,4617,4613,4621,4633&Prime;][vc_empty_space height=\u00a0\u00bb100px\u00a0\u00bb][\/vc_column][\/vc_row][vc_row full_width=\u00a0\u00bbstretch_row\u00a0\u00bb bg_type=\u00a0\u00bbbg_color\u00a0\u00bb bg_override=\u00a0\u00bbfull\u00a0\u00bb bg_color_value=\u00a0\u00bb#eeeeef\u00a0\u00bb][vc_column offset=\u00a0\u00bbvc_hidden-lg\u00a0\u00bb][vc_empty_space height=\u00a0\u00bb50px\u00a0\u00bb]<div id=\"ultimate-heading-93869f9d4d3477e2\" class=\"uvc-heading ult-adjust-bottom-margin ultimate-heading-93869f9d4d3477e2 uvc-8969 head-section-title uvc-heading-default-font-sizes\" data-hspacer=\"no_spacer\"  data-halign=\"center\" style=\"text-align:center\"><div class=\"uvc-heading-spacer no_spacer\" style=\"top\"><\/div><div class=\"uvc-main-heading ult-responsive\"  data-ultimate-target='.uvc-heading.ultimate-heading-93869f9d4d3477e2 h2'  data-responsive-json-new='{\"font-size\":\"\",\"line-height\":\"\"}' ><h2 style=\"--font-weight:theme;\">GALERIE<\/h2><\/div><\/div>[vc_empty_space height=\u00a0\u00bb50px\u00a0\u00bb][vc_masonry_media_grid element_width=\u00a0\u00bb3&Prime; gap=\u00a0\u00bb10&Prime; grid_id=\u00a0\u00bbvc_gid:1660223216367-2906cbff-30b2-10&Prime; include=\u00a0\u00bb4637,4625,4629,4617,4609,4613,4633,4621&Prime;][vc_empty_space height=\u00a0\u00bb50px\u00a0\u00bb][\/vc_column][\/vc_row][vc_row full_width=\u00a0\u00bbstretch_row\u00a0\u00bb bg_type=\u00a0\u00bbimage\u00a0\u00bb parallax_style=\u00a0\u00bbvcpb-default\u00a0\u00bb bg_image_new=\u00a0\u00bbid^1166|url^http:\/\/www.pharmathek.com\/wp-content\/uploads\/2018\/03\/farmacia-specifiche-background.jpg|caption^null|alt^null|title^farmacia-specifiche-background|description^null\u00a0\u00bb bg_image_repeat=\u00a0\u00bbno-repeat\u00a0\u00bb bg_override=\u00a0\u00bbfull\u00a0\u00bb][vc_column][vc_empty_space height=\u00a0\u00bb100px\u00a0\u00bb]<div id=\"ultimate-heading-26269f9d4d34784e\" class=\"uvc-heading ult-adjust-bottom-margin ultimate-heading-26269f9d4d34784e uvc-8077 head-section-title text-white uvc-heading-default-font-sizes\" data-hspacer=\"no_spacer\"  data-halign=\"center\" style=\"text-align:center\"><div class=\"uvc-heading-spacer no_spacer\" style=\"top\"><\/div><div class=\"uvc-main-heading ult-responsive\"  data-ultimate-target='.uvc-heading.ultimate-heading-26269f9d4d34784e h2'  data-responsive-json-new='{\"font-size\":\"\",\"line-height\":\"\"}' ><h2 style=\"--font-weight:theme;\">LE PROJET<\/h2><\/div><\/div>[vc_empty_space height=\u00a0\u00bb50px\u00a0\u00bb][vc_separator color=\u00a0\u00bbwhite\u00a0\u00bb][vc_row_inner][vc_column_inner width=\u00a0\u00bb1\/2&Prime;][vc_column_text el_class=\u00a0\u00bbprogetto-voci\u00a0\u00bb]SURFACE DE LA PHARMACIE[\/vc_column_text][\/vc_column_inner][vc_column_inner width=\u00a0\u00bb1\/2&Prime;][vc_column_text el_class=\u00a0\u00bbprogetto-voci-valori\u00a0\u00bb]70 m\u00e8tres carr\u00e9s[\/vc_column_text][\/vc_column_inner][\/vc_row_inner][vc_separator color=\u00a0\u00bbwhite\u00a0\u00bb][vc_row_inner][vc_column_inner width=\u00a0\u00bb1\/2&Prime;][vc_column_text el_class=\u00a0\u00bbprogetto-voci\u00a0\u00bb]SOLUTIONS PHARMATHEK[\/vc_column_text][\/vc_column_inner][vc_column_inner width=\u00a0\u00bb1\/2&Prime;][vc_column_text el_class=\u00a0\u00bbprogetto-voci-valori\u00a0\u00bb]SINTESI[\/vc_column_text][\/vc_column_inner][\/vc_row_inner][vc_separator color=\u00a0\u00bbwhite\u00a0\u00bb][vc_row_inner][vc_column_inner width=\u00a0\u00bb1\/2&Prime;][vc_column_text el_class=\u00a0\u00bbprogetto-voci\u00a0\u00bb]DIMENSIONS ROBOT[\/vc_column_text][\/vc_column_inner][vc_column_inner width=\u00a0\u00bb1\/2&Prime;][vc_column_text el_class=\u00a0\u00bbprogetto-voci-valori\u00a0\u00bb]<\/p>\n<p>L\u00a03.047 x H 2.700 mm<\/p>\n<p>[\/vc_column_text][\/vc_column_inner][\/vc_row_inner][vc_separator color=\u00a0\u00bbwhite\u00a0\u00bb][vc_row_inner][vc_column_inner width=\u00a0\u00bb1\/2&Prime;][vc_column_text el_class=\u00a0\u00bbprogetto-voci\u00a0\u00bb]CAPACIT\u00c9 BO\u00ceTES[\/vc_column_text][\/vc_column_inner][vc_column_inner width=\u00a0\u00bb1\/2&Prime;][vc_column_text el_class=\u00a0\u00bbprogetto-voci-valori\u00a0\u00bb]<\/p>\n<p>5.800<\/p>\n<p>[\/vc_column_text][\/vc_column_inner][\/vc_row_inner][vc_separator color=\u00a0\u00bbwhite\u00a0\u00bb][vc_row_inner][vc_column_inner width=\u00a0\u00bb1\/2&Prime;][vc_column_text el_class=\u00a0\u00bbprogetto-voci\u00a0\u00bb]POSITION ROBOT PAR RAPPORT AU COMPTOIR[\/vc_column_text][\/vc_column_inner][vc_column_inner width=\u00a0\u00bb1\/2&Prime;][vc_column_text el_class=\u00a0\u00bbprogetto-voci-valori\u00a0\u00bb]DANS LA PIECE VOISINE[\/vc_column_text][\/vc_column_inner][\/vc_row_inner][vc_separator color=\u00a0\u00bbwhite\u00a0\u00bb][vc_row_inner][vc_column_inner width=\u00a0\u00bb1\/2&Prime;][vc_column_text el_class=\u00a0\u00bbprogetto-voci\u00a0\u00bb]PRODUITS EN MOUVEMENT[\/vc_column_text][\/vc_column_inner][vc_column_inner width=\u00a0\u00bb1\/2&Prime;][vc_column_text el_class=\u00a0\u00bbprogetto-voci-valori\u00a0\u00bb]&lt; 500[\/vc_column_text][\/vc_column_inner][\/vc_row_inner][vc_separator color=\u00a0\u00bbwhite\u00a0\u00bb][vc_empty_space height=\u00a0\u00bb100px\u00a0\u00bb][\/vc_column][\/vc_row][vc_row full_width=\u00a0\u00bbstretch_row_content_no_spaces\u00a0\u00bb][vc_column el_class=\u00a0\u00bbfull-width-no-padding\u00a0\u00bb][vc_single_image image=\u00a0\u00bb4641&Prime; img_size=\u00a0\u00bbfull\u00a0\u00bb alignment=\u00a0\u00bbcenter\u00a0\u00bb]<style type=\"text\/css\" data-type=\"the7_shortcodes-inline-css\">#default-btn-0e4e87e5e968b404cd830fa571b9ffc3.ico-right-side > i {\n  margin-right: 0px;\n  margin-left: 8px;\n}\n#default-btn-0e4e87e5e968b404cd830fa571b9ffc3 > i {\n  margin-right: 8px;\n}\n<\/style><div class=\"btn-align-center\"><a href=\"https:\/\/www.pharmathek.com\/fr\/installations\/\" class=\"default-btn-shortcode dt-btn dt-btn-l link-hover-off weight-300 full-width-btn \" id=\"default-btn-0e4e87e5e968b404cd830fa571b9ffc3\" title=\"Installations\"><span>Retour \u00e0 la liste des installations<\/span><\/a><\/div>[\/vc_column][\/vc_row]<\/p>\n<\/div>","protected":false},"excerpt":{"rendered":"<p>Imperia (Italie)<\/p>\n","protected":false},"author":3,"featured_media":4648,"parent":0,"menu_order":0,"comment_status":"closed","ping_status":"closed","template":"","meta":{"inline_featured_image":false,"footnotes":""},"categories":[45,47],"tags":[],"class_list":["post-23265","page","type-page","status-publish","has-post-thumbnail","hentry","category-installations","category-pharmacies","description-off"],"_links":{"self":[{"href":"https:\/\/www.pharmathek.com\/fr\/wp-json\/wp\/v2\/pages\/23265","targetHints":{"allow":["GET"]}}],"collection":[{"href":"https:\/\/www.pharmathek.com\/fr\/wp-json\/wp\/v2\/pages"}],"about":[{"href":"https:\/\/www.pharmathek.com\/fr\/wp-json\/wp\/v2\/types\/page"}],"author":[{"embeddable":true,"href":"https:\/\/www.pharmathek.com\/fr\/wp-json\/wp\/v2\/users\/3"}],"replies":[{"embeddable":true,"href":"https:\/\/www.pharmathek.com\/fr\/wp-json\/wp\/v2\/comments?post=23265"}],"version-history":[{"count":3,"href":"https:\/\/www.pharmathek.com\/fr\/wp-json\/wp\/v2\/pages\/23265\/revisions"}],"predecessor-version":[{"id":23268,"href":"https:\/\/www.pharmathek.com\/fr\/wp-json\/wp\/v2\/pages\/23265\/revisions\/23268"}],"wp:featuredmedia":[{"embeddable":true,"href":"https:\/\/www.pharmathek.com\/fr\/wp-json\/wp\/v2\/media\/4648"}],"wp:attachment":[{"href":"https:\/\/www.pharmathek.com\/fr\/wp-json\/wp\/v2\/media?parent=23265"}],"wp:term":[{"taxonomy":"category","embeddable":true,"href":"https:\/\/www.pharmathek.com\/fr\/wp-json\/wp\/v2\/categories?post=23265"},{"taxonomy":"post_tag","embeddable":true,"href":"https:\/\/www.pharmathek.com\/fr\/wp-json\/wp\/v2\/tags?post=23265"}],"curies":[{"name":"wp","href":"https:\/\/api.w.org\/{rel}","templated":true}]}}