{"id":23273,"date":"2023-10-11T15:36:26","date_gmt":"2023-10-11T13:36:26","guid":{"rendered":"https:\/\/www.pharmathek.com\/?page_id=23273"},"modified":"2024-08-28T15:19:26","modified_gmt":"2024-08-28T13:19:26","slug":"musee-du-parfum","status":"publish","type":"page","link":"https:\/\/www.pharmathek.com\/fr\/musee-du-parfum\/","title":{"rendered":"Mus\u00e9e du <br>Parfum"},"content":{"rendered":"<div class=\"wpb-content-wrapper\"><p>[vc_row full_width=\u00a0\u00bbstretch_row_content\u00a0\u00bb equal_height=\u00a0\u00bbyes\u00a0\u00bb content_placement=\u00a0\u00bbmiddle\u00a0\u00bb bg_type=\u00a0\u00bbbg_color\u00a0\u00bb bg_override=\u00a0\u00bbfull\u00a0\u00bb bg_color_value=\u00a0\u00bb#eeeeef\u00a0\u00bb][vc_column width=\u00a0\u00bb1\/2&Prime; css=\u00a0\u00bb.vc_custom_1535981124567{padding-right: 0px !important;padding-left: 0px !important;}\u00a0\u00bb offset=\u00a0\u00bbvc_hidden-md vc_hidden-sm vc_hidden-xs\u00a0\u00bb][vc_single_image image=\u00a0\u00bb4434&Prime; img_size=\u00a0\u00bbfull\u00a0\u00bb][\/vc_column][vc_column width=\u00a0\u00bb1\/2&Prime; css=\u00a0\u00bb.vc_custom_1535981101682{padding-right: 100px !important;padding-left: 100px !important;}\u00a0\u00bb offset=\u00a0\u00bbvc_hidden-md vc_hidden-sm vc_hidden-xs\u00a0\u00bb][vc_empty_space]<div id=\"ultimate-heading-52769e1f03b407ae\" class=\"uvc-heading ult-adjust-bottom-margin ultimate-heading-52769e1f03b407ae uvc-7280 head-section-title uvc-heading-default-font-sizes\" data-hspacer=\"no_spacer\"  data-halign=\"center\" style=\"text-align:center\"><div class=\"uvc-heading-spacer no_spacer\" style=\"top\"><\/div><div class=\"uvc-main-heading ult-responsive\"  data-ultimate-target='.uvc-heading.ultimate-heading-52769e1f03b407ae p'  data-responsive-json-new='{\"font-size\":\"\",\"line-height\":\"\"}' ><p style=\"--font-weight:theme;\">GRAND MUS\u00c9E DU PARFUM<\/p><\/div><div class=\"uvc-sub-heading ult-responsive\"  data-ultimate-target='.uvc-heading.ultimate-heading-52769e1f03b407ae .uvc-sub-heading '  data-responsive-json-new='{\"font-size\":\"\",\"line-height\":\"\"}'  style=\"font-weight:normal;\"><\/p>\n<p><\/div><\/div>[vc_empty_space][vc_column_text el_class=\u00a0\u00bbtext-justify\u00a0\u00bb]Le Mus\u00e9e du Parfum de Paris a choisi d&rsquo;installer un robot Pharmathek.<\/p>\n<p>L&rsquo;entrep\u00f4t robotique a \u00e9t\u00e9 install\u00e9 au sein de l&rsquo;espace boutique dans le but d&rsquo;offrir une exp\u00e9rience d&rsquo;achat totalement innovante.<\/p>\n<p>Pour ce faire, il a tout d&rsquo;abord \u00e9t\u00e9 d\u00e9cid\u00e9 d&rsquo;\u00e9quiper le robot d&rsquo;une paroi vitr\u00e9e \u00e0 travers laquelle les visiteurs du mus\u00e9e pourront admirer le robot en action.<\/p>\n<p>Une fois qu\u2019on effectue une commande sur la tablette, le bras m\u00e9canique \u00e0 l&rsquo;int\u00e9rieur du robot se d\u00e9place rapidement sur les \u00e9tag\u00e8res pour r\u00e9cup\u00e9rer le parfum choisi. Une fois que le colis a \u00e9t\u00e9 r\u00e9cup\u00e9r\u00e9, il est livr\u00e9 dans des conteneurs en verre rotatifs sp\u00e9ciaux plac\u00e9s \u00e0 l&rsquo;avant du robot, en contact direct avec le public.[\/vc_column_text][vc_empty_space][\/vc_column][\/vc_row][vc_row][vc_column offset=\u00a0\u00bbvc_hidden-lg\u00a0\u00bb][vc_single_image image=\u00a0\u00bb4434&Prime; img_size=\u00a0\u00bbfull\u00a0\u00bb alignment=\u00a0\u00bbcenter\u00a0\u00bb][vc_empty_space]<div id=\"ultimate-heading-918369e1f03b40858\" class=\"uvc-heading ult-adjust-bottom-margin ultimate-heading-918369e1f03b40858 uvc-5341 head-section-title uvc-heading-default-font-sizes\" data-hspacer=\"no_spacer\"  data-halign=\"center\" style=\"text-align:center\"><div class=\"uvc-heading-spacer no_spacer\" style=\"top\"><\/div><div class=\"uvc-main-heading ult-responsive\"  data-ultimate-target='.uvc-heading.ultimate-heading-918369e1f03b40858 p'  data-responsive-json-new='{\"font-size\":\"\",\"line-height\":\"\"}' ><p style=\"--font-weight:theme;\">GRAND MUS\u00c9E DU PARFUM<\/p><\/div><div class=\"uvc-sub-heading ult-responsive\"  data-ultimate-target='.uvc-heading.ultimate-heading-918369e1f03b40858 .uvc-sub-heading '  data-responsive-json-new='{\"font-size\":\"\",\"line-height\":\"\"}'  style=\"font-weight:normal;\"><\/p>\n<p><\/div><\/div>[vc_empty_space][vc_column_text el_class=\u00a0\u00bbtext-justify\u00a0\u00bb]Le Mus\u00e9e du Parfum de Paris a choisi d&rsquo;installer un robot Pharmathek.<\/p>\n<p>L&rsquo;entrep\u00f4t robotique a \u00e9t\u00e9 install\u00e9 au sein de l&rsquo;espace boutique dans le but d&rsquo;offrir une exp\u00e9rience d&rsquo;achat totalement innovante.<\/p>\n<p>Pour ce faire, il a tout d&rsquo;abord \u00e9t\u00e9 d\u00e9cid\u00e9 d&rsquo;\u00e9quiper le robot d&rsquo;une paroi vitr\u00e9e \u00e0 travers laquelle les visiteurs du mus\u00e9e pourront admirer le robot en action.<\/p>\n<p>Une fois qu\u2019on effectue une commande sur la tablette, le bras m\u00e9canique \u00e0 l&rsquo;int\u00e9rieur du robot se d\u00e9place rapidement sur les \u00e9tag\u00e8res pour r\u00e9cup\u00e9rer le parfum choisi. Une fois que le colis a \u00e9t\u00e9 r\u00e9cup\u00e9r\u00e9, il est livr\u00e9 dans des conteneurs en verre rotatifs sp\u00e9ciaux plac\u00e9s \u00e0 l&rsquo;avant du robot, en contact direct avec le public.[\/vc_column_text][vc_empty_space][\/vc_column][\/vc_row][vc_row][vc_column offset=\u00a0\u00bbvc_hidden-md vc_hidden-sm vc_hidden-xs\u00a0\u00bb][vc_empty_space height=\u00a0\u00bb100px\u00a0\u00bb][vc_single_image image=\u00a0\u00bb4439&Prime; img_size=\u00a0\u00bbfull\u00a0\u00bb alignment=\u00a0\u00bbcenter\u00a0\u00bb][vc_empty_space]<div id=\"ultimate-heading-612469e1f03b408e4\" class=\"uvc-heading ult-adjust-bottom-margin ultimate-heading-612469e1f03b408e4 uvc-622 head-section-title uvc-heading-default-font-sizes\" data-hspacer=\"no_spacer\"  data-halign=\"center\" style=\"text-align:center\"><div class=\"uvc-heading-spacer no_spacer\" style=\"top\"><\/div><div class=\"uvc-main-heading ult-responsive\"  data-ultimate-target='.uvc-heading.ultimate-heading-612469e1f03b408e4 p'  data-responsive-json-new='{\"font-size\":\"\",\"line-height\":\"\"}' ><p style=\"--font-weight:theme;\">LA PAROLE AU PR\u00c9SIDENT DU MUS\u00c9E<\/p><\/div><\/div>[vc_empty_space][vc_column_text el_class=\u00a0\u00bbtext-justify\u00a0\u00bb]<\/p>\n<h4>Pourquoi avez-vous d\u00e9cid\u00e9 de faire l\u2019acquisition d\u2019un robot pour d\u00e9livrer les parfums ?<\/h4>\n<p>Le robot prolonge vraiment la visite puisqu\u2019il permet de faire le lien avec le reste du Mus\u00e9e, qui est en lui-m\u00eame tr\u00e8s original. On a voulu faire un mus\u00e9e nouvelle g\u00e9n\u00e9ration, m\u00ealant exp\u00e9riences olfactive, sensorielle, high tech et digitale.<\/p>\n<p>Nous voulions offrir une exp\u00e9rience d\u2019achat tout \u00e0 fait innovante. Extr\u00eamement pr\u00e9cis, le robot est pour nous ce qui peut prolonger notre bras pour aller chercher le parfum qui nous convient le mieux, celui qui est peut-\u00eatre tout en haut des \u00e9tag\u00e8res, quasiment inaccessible, et ce robot symbolise la pr\u00e9cision. C\u2019est aussi tr\u00e8s amusant d\u2019assister \u00e0 la restitution du produit : en effet, le robot ne dispara\u00eet pas dans les stocks pour aller le chercher, il reste toujours visible et cela permet \u00e0 la conseill\u00e8re de rester au contact du client. Il s\u2019instaure un moment de partage et de plaisir au moment de l\u2019achat. Tout cela avec un robot qui nous livre un spectacle vraiment incroyable.<\/p>\n<p>Avec ce robot, nous retombons en enfance, en r\u00e9alit\u00e9 il \u00e9voque un peu un train \u00e9lectrique. Vous le voyez passer, il va \u00e0 toute vitesse, tout en \u00e9tant tr\u00e8s pr\u00e9cis. Il choisit le produit et vous l\u2019apporte. On est comme hypnotis\u00e9 !<\/p>\n<p>&nbsp;<\/p>\n<h4>Pourquoi avez-vous choisi Pharmathek ?<\/h4>\n<p>Nous avons choisi le robot Pharmathek car il apporte un gage de fiabilit\u00e9 et de s\u00e9curit\u00e9 : il apparaissait donc ici comme quelque chose d\u2019essentiel. On se trouve dans une boutique et il faut que tout fonctionne chaque jour sans difficult\u00e9. On a m\u00eame voulu aller plus loin. D\u2019habitude, ce genre de robot est cach\u00e9 au public, mais cette fois on a eu envie de l\u2019exposer \u00e0 la vue de tous. Avec Pharmathek, on a beaucoup travaill\u00e9 sur la sortie et la restitution du parfum.\u00a0 Tr\u00e8s impliqu\u00e9e, l\u2019\u00e9quipe Pharmathek a invent\u00e9 une nouvelle fa\u00e7on de faire sortir le produit du robot, qui d\u00e9pose le parfum dans la main du client. On a r\u00e9alis\u00e9 un travail merveilleux avec ces bo\u00eetes de restitution vraiment tr\u00e8s \u00e9l\u00e9gantes, qui humanisent l\u2019aspect m\u00e9canique du robot.<\/p>\n<p>&nbsp;<\/p>\n<h4>Comment fonctionne le processus d&rsquo;achat \u00e0 travers le robot ?<\/h4>\n<p>C&rsquo;est tr\u00e8s simple : les vendeurs aident les clients \u00e0 choisir le parfum puis, gr\u00e2ce \u00e0 la tablette mise \u00e0 leur disposition, ils commandent le produit et la quantit\u00e9 en transmettant la commande au robot via Wi-Fi. D\u00e8s que la commande est pass\u00e9e, le bras m\u00e9canique s\u2019active, se d\u00e9place sur les \u00e9tag\u00e8res et prend le produit command\u00e9, puis le place \u00e0 l&rsquo;int\u00e9rieur du r\u00e9cipient en verre souhait\u00e9. Une fois que le r\u00e9cipient a tourn\u00e9 sur lui-m\u00eame, le client peut saisir le produit de ses propres mains. Un spectacle vraiment incroyable.[\/vc_column_text][vc_empty_space height=\u00a0\u00bb100px\u00a0\u00bb][\/vc_column][\/vc_row][vc_row][vc_column offset=\u00a0\u00bbvc_hidden-lg\u00a0\u00bb][vc_empty_space height=\u00a0\u00bb50px\u00a0\u00bb][vc_single_image image=\u00a0\u00bb4439&Prime; img_size=\u00a0\u00bbfull\u00a0\u00bb alignment=\u00a0\u00bbcenter\u00a0\u00bb][vc_empty_space]<div id=\"ultimate-heading-143469e1f03b40965\" class=\"uvc-heading ult-adjust-bottom-margin ultimate-heading-143469e1f03b40965 uvc-3805 head-section-title uvc-heading-default-font-sizes\" data-hspacer=\"no_spacer\"  data-halign=\"center\" style=\"text-align:center\"><div class=\"uvc-heading-spacer no_spacer\" style=\"top\"><\/div><div class=\"uvc-main-heading ult-responsive\"  data-ultimate-target='.uvc-heading.ultimate-heading-143469e1f03b40965 p'  data-responsive-json-new='{\"font-size\":\"\",\"line-height\":\"\"}' ><p style=\"--font-weight:theme;\">LA PAROLE AU PR\u00c9SIDENT DU MUS\u00c9E<\/p><\/div><\/div>[vc_empty_space][vc_column_text el_class=\u00a0\u00bbtext-justify\u00a0\u00bb]<\/p>\n<h4>Pourquoi avez-vous d\u00e9cid\u00e9 de faire l\u2019acquisition d\u2019un robot pour d\u00e9livrer les parfums ?<\/h4>\n<p>Le robot prolonge vraiment la visite puisqu\u2019il permet de faire le lien avec le reste du Mus\u00e9e, qui est en lui-m\u00eame tr\u00e8s original. On a voulu faire un mus\u00e9e nouvelle g\u00e9n\u00e9ration, m\u00ealant exp\u00e9riences olfactive, sensorielle, high tech et digitale.<\/p>\n<p>Nous voulions offrir une exp\u00e9rience d\u2019achat tout \u00e0 fait innovante. Extr\u00eamement pr\u00e9cis, le robot est pour nous ce qui peut prolonger notre bras pour aller chercher le parfum qui nous convient le mieux, celui qui est peut-\u00eatre tout en haut des \u00e9tag\u00e8res, quasiment inaccessible, et ce robot symbolise la pr\u00e9cision. C\u2019est aussi tr\u00e8s amusant d\u2019assister \u00e0 la restitution du produit : en effet, le robot ne dispara\u00eet pas dans les stocks pour aller le chercher, il reste toujours visible et cela permet \u00e0 la conseill\u00e8re de rester au contact du client. Il s\u2019instaure un moment de partage et de plaisir au moment de l\u2019achat. Tout cela avec un robot qui nous livre un spectacle vraiment incroyable.<\/p>\n<p>Avec ce robot, nous retombons en enfance, en r\u00e9alit\u00e9 il \u00e9voque un peu un train \u00e9lectrique. Vous le voyez passer, il va \u00e0 toute vitesse, tout en \u00e9tant tr\u00e8s pr\u00e9cis. Il choisit le produit et vous l\u2019apporte. On est comme hypnotis\u00e9 !<\/p>\n<p>&nbsp;<\/p>\n<h4>Pourquoi avez-vous choisi Pharmathek ?<\/h4>\n<p>Nous avons choisi le robot Pharmathek car il apporte un gage de fiabilit\u00e9 et de s\u00e9curit\u00e9 : il apparaissait donc ici comme quelque chose d\u2019essentiel. On se trouve dans une boutique et il faut que tout fonctionne chaque jour sans difficult\u00e9. On a m\u00eame voulu aller plus loin. D\u2019habitude, ce genre de robot est cach\u00e9 au public, mais cette fois on a eu envie de l\u2019exposer \u00e0 la vue de tous. Avec Pharmathek, on a beaucoup travaill\u00e9 sur la sortie et la restitution du parfum.\u00a0 Tr\u00e8s impliqu\u00e9e, l\u2019\u00e9quipe Pharmathek a invent\u00e9 une nouvelle fa\u00e7on de faire sortir le produit du robot, qui d\u00e9pose le parfum dans la main du client. On a r\u00e9alis\u00e9 un travail merveilleux avec ces bo\u00eetes de restitution vraiment tr\u00e8s \u00e9l\u00e9gantes, qui humanisent l\u2019aspect m\u00e9canique du robot.<\/p>\n<p>&nbsp;<\/p>\n<h4>Comment fonctionne le processus d&rsquo;achat \u00e0 travers le robot ?<\/h4>\n<p>C&rsquo;est tr\u00e8s simple : les vendeurs aident les clients \u00e0 choisir le parfum puis, gr\u00e2ce \u00e0 la tablette mise \u00e0 leur disposition, ils commandent le produit et la quantit\u00e9 en transmettant la commande au robot via Wi-Fi. D\u00e8s que la commande est pass\u00e9e, le bras m\u00e9canique s\u2019active, se d\u00e9place sur les \u00e9tag\u00e8res et prend le produit command\u00e9, puis le place \u00e0 l&rsquo;int\u00e9rieur du r\u00e9cipient en verre souhait\u00e9. Une fois que le r\u00e9cipient a tourn\u00e9 sur lui-m\u00eame, le client peut saisir le produit de ses propres mains. Un spectacle vraiment incroyable.[\/vc_column_text][vc_empty_space height=\u00a0\u00bb50px\u00a0\u00bb][\/vc_column][\/vc_row][vc_row full_width=\u00a0\u00bbstretch_row\u00a0\u00bb bg_type=\u00a0\u00bbbg_color\u00a0\u00bb bg_override=\u00a0\u00bbfull\u00a0\u00bb bg_color_value=\u00a0\u00bb#ff6b00&Prime;][vc_column offset=\u00a0\u00bbvc_hidden-md vc_hidden-sm vc_hidden-xs\u00a0\u00bb][vc_empty_space height=\u00a0\u00bb100px\u00a0\u00bb]<div id=\"ultimate-heading-581569e1f03b409ec\" class=\"uvc-heading ult-adjust-bottom-margin ultimate-heading-581569e1f03b409ec uvc-7610 head-section-title text-white uvc-heading-default-font-sizes\" data-hspacer=\"no_spacer\"  data-halign=\"center\" style=\"text-align:center\"><div class=\"uvc-heading-spacer no_spacer\" style=\"top\"><\/div><div class=\"uvc-main-heading ult-responsive\"  data-ultimate-target='.uvc-heading.ultimate-heading-581569e1f03b409ec h2'  data-responsive-json-new='{\"font-size\":\"\",\"line-height\":\"\"}' ><h2 style=\"--font-weight:theme;\">LA VID\u00c9O DU ROBOT DU MUS\u00c9E<\/h2><\/div><\/div>[vc_empty_space height=\u00a0\u00bb50px\u00a0\u00bb][vc_video link=\u00a0\u00bbhttps:\/\/www.youtube.com\/watch?v=zmm9PA18rBg\u00a0\u00bb align=\u00a0\u00bbcenter\u00a0\u00bb][vc_empty_space height=\u00a0\u00bb100px\u00a0\u00bb][\/vc_column][\/vc_row][vc_row full_width=\u00a0\u00bbstretch_row\u00a0\u00bb bg_type=\u00a0\u00bbbg_color\u00a0\u00bb bg_override=\u00a0\u00bbfull\u00a0\u00bb bg_color_value=\u00a0\u00bb#ff6b00&Prime;][vc_column offset=\u00a0\u00bbvc_hidden-lg\u00a0\u00bb][vc_empty_space height=\u00a0\u00bb50px\u00a0\u00bb]<div id=\"ultimate-heading-460069e1f03b40a61\" class=\"uvc-heading ult-adjust-bottom-margin ultimate-heading-460069e1f03b40a61 uvc-3733 head-section-title text-white uvc-heading-default-font-sizes\" data-hspacer=\"no_spacer\"  data-halign=\"center\" style=\"text-align:center\"><div class=\"uvc-heading-spacer no_spacer\" style=\"top\"><\/div><div class=\"uvc-main-heading ult-responsive\"  data-ultimate-target='.uvc-heading.ultimate-heading-460069e1f03b40a61 h2'  data-responsive-json-new='{\"font-size\":\"\",\"line-height\":\"\"}' ><h2 style=\"--font-weight:theme;\">LA VID\u00c9O DU ROBOT DU MUS\u00c9E<\/h2><\/div><\/div>[vc_empty_space height=\u00a0\u00bb50px\u00a0\u00bb][vc_video link=\u00a0\u00bbhttps:\/\/www.youtube.com\/watch?v=zmm9PA18rBg\u00a0\u00bb align=\u00a0\u00bbcenter\u00a0\u00bb][vc_empty_space height=\u00a0\u00bb50px\u00a0\u00bb][\/vc_column][\/vc_row][vc_row full_width=\u00a0\u00bbstretch_row\u00a0\u00bb bg_type=\u00a0\u00bbbg_color\u00a0\u00bb bg_override=\u00a0\u00bbfull\u00a0\u00bb bg_color_value=\u00a0\u00bb#eeeeef\u00a0\u00bb][vc_column offset=\u00a0\u00bbvc_hidden-md vc_hidden-sm vc_hidden-xs\u00a0\u00bb][vc_empty_space height=\u00a0\u00bb100px\u00a0\u00bb]<div id=\"ultimate-heading-869969e1f03b40ae3\" class=\"uvc-heading ult-adjust-bottom-margin ultimate-heading-869969e1f03b40ae3 uvc-9787 head-section-title uvc-heading-default-font-sizes\" data-hspacer=\"no_spacer\"  data-halign=\"center\" style=\"text-align:center\"><div class=\"uvc-heading-spacer no_spacer\" style=\"top\"><\/div><div class=\"uvc-main-heading ult-responsive\"  data-ultimate-target='.uvc-heading.ultimate-heading-869969e1f03b40ae3 h2'  data-responsive-json-new='{\"font-size\":\"\",\"line-height\":\"\"}' ><h2 style=\"--font-weight:theme;\">GALERIE<\/h2><\/div><\/div>[vc_empty_space height=\u00a0\u00bb50px\u00a0\u00bb][vc_masonry_media_grid element_width=\u00a0\u00bb3&Prime; gap=\u00a0\u00bb10&Prime; grid_id=\u00a0\u00bbvc_gid:1660224597520-b623b07d-54e5-3&Prime; include=\u00a0\u00bb4455,4443,4467,4447,4459,4463,4451,4471&Prime;][vc_empty_space height=\u00a0\u00bb100px\u00a0\u00bb][\/vc_column][\/vc_row][vc_row full_width=\u00a0\u00bbstretch_row\u00a0\u00bb bg_type=\u00a0\u00bbbg_color\u00a0\u00bb bg_override=\u00a0\u00bbfull\u00a0\u00bb bg_color_value=\u00a0\u00bb#eeeeef\u00a0\u00bb][vc_column offset=\u00a0\u00bbvc_hidden-lg\u00a0\u00bb][vc_empty_space height=\u00a0\u00bb50px\u00a0\u00bb]<div id=\"ultimate-heading-890369e1f03b40b5c\" class=\"uvc-heading ult-adjust-bottom-margin ultimate-heading-890369e1f03b40b5c uvc-7016 head-section-title uvc-heading-default-font-sizes\" data-hspacer=\"no_spacer\"  data-halign=\"center\" style=\"text-align:center\"><div class=\"uvc-heading-spacer no_spacer\" style=\"top\"><\/div><div class=\"uvc-main-heading ult-responsive\"  data-ultimate-target='.uvc-heading.ultimate-heading-890369e1f03b40b5c h2'  data-responsive-json-new='{\"font-size\":\"\",\"line-height\":\"\"}' ><h2 style=\"--font-weight:theme;\">GALERIE<\/h2><\/div><\/div>[vc_empty_space height=\u00a0\u00bb50px\u00a0\u00bb][vc_masonry_media_grid element_width=\u00a0\u00bb3&Prime; gap=\u00a0\u00bb10&Prime; grid_id=\u00a0\u00bbvc_gid:1660224597525-fc2b48be-db54-2&Prime; include=\u00a0\u00bb4455,4443,4467,4447,4459,4463,4451,4471&Prime;][vc_empty_space height=\u00a0\u00bb50px\u00a0\u00bb][\/vc_column][\/vc_row][vc_row full_width=\u00a0\u00bbstretch_row\u00a0\u00bb bg_type=\u00a0\u00bbimage\u00a0\u00bb parallax_style=\u00a0\u00bbvcpb-default\u00a0\u00bb bg_image_new=\u00a0\u00bbid^1166|url^http:\/\/www.pharmathek.com\/wp-content\/uploads\/2018\/03\/farmacia-specifiche-background.jpg|caption^null|alt^null|title^farmacia-specifiche-background|description^null\u00a0\u00bb bg_image_repeat=\u00a0\u00bbno-repeat\u00a0\u00bb bg_override=\u00a0\u00bbfull\u00a0\u00bb][vc_column][vc_empty_space height=\u00a0\u00bb100px\u00a0\u00bb]<div id=\"ultimate-heading-80569e1f03b40bd0\" class=\"uvc-heading ult-adjust-bottom-margin ultimate-heading-80569e1f03b40bd0 uvc-4033 head-section-title text-white uvc-heading-default-font-sizes\" data-hspacer=\"no_spacer\"  data-halign=\"center\" style=\"text-align:center\"><div class=\"uvc-heading-spacer no_spacer\" style=\"top\"><\/div><div class=\"uvc-main-heading ult-responsive\"  data-ultimate-target='.uvc-heading.ultimate-heading-80569e1f03b40bd0 h2'  data-responsive-json-new='{\"font-size\":\"\",\"line-height\":\"\"}' ><h2 style=\"--font-weight:theme;\">LE PROJET<\/h2><\/div><\/div>[vc_empty_space height=\u00a0\u00bb50px\u00a0\u00bb][vc_separator color=\u00a0\u00bbwhite\u00a0\u00bb][vc_separator color=\u00a0\u00bbwhite\u00a0\u00bb][vc_row_inner][vc_column_inner width=\u00a0\u00bb1\/2&Prime;][vc_column_text el_class=\u00a0\u00bbprogetto-voci\u00a0\u00bb]SOLUTIONS PHARMATHEK[\/vc_column_text][\/vc_column_inner][vc_column_inner width=\u00a0\u00bb1\/2&Prime;][vc_column_text el_class=\u00a0\u00bbprogetto-voci-valori\u00a0\u00bb]SINTESI AVEC \u00c9TAG\u00c8RES D&rsquo;UN SEUL C\u00d4T\u00c9 + PHARMALOAD[\/vc_column_text][\/vc_column_inner][\/vc_row_inner][vc_separator color=\u00a0\u00bbwhite\u00a0\u00bb][vc_row_inner][vc_column_inner width=\u00a0\u00bb1\/2&Prime;][vc_column_text el_class=\u00a0\u00bbprogetto-voci\u00a0\u00bb]DIMENSIONS ROBOT[\/vc_column_text][\/vc_column_inner][vc_column_inner width=\u00a0\u00bb1\/2&Prime;][vc_column_text el_class=\u00a0\u00bbprogetto-voci-valori\u00a0\u00bb]<\/p>\n<p>L 8.300 x H 3.600 mm<\/p>\n<p>[\/vc_column_text][\/vc_column_inner][\/vc_row_inner][vc_separator color=\u00a0\u00bbwhite\u00a0\u00bb][vc_row_inner][vc_column_inner width=\u00a0\u00bb1\/2&Prime;][vc_column_text el_class=\u00a0\u00bbprogetto-voci\u00a0\u00bb]PRODUITS EN MOUVEMENT[\/vc_column_text][\/vc_column_inner][vc_column_inner width=\u00a0\u00bb1\/2&Prime;][vc_column_text el_class=\u00a0\u00bbprogetto-voci-valori\u00a0\u00bb]<\/p>\n<p>&lt; 500<\/p>\n<p>[\/vc_column_text][\/vc_column_inner][\/vc_row_inner][vc_separator color=\u00a0\u00bbwhite\u00a0\u00bb][vc_empty_space height=\u00a0\u00bb100px\u00a0\u00bb][\/vc_column][\/vc_row][vc_row full_width=\u00a0\u00bbstretch_row_content_no_spaces\u00a0\u00bb][vc_column][vc_single_image image=\u00a0\u00bb4476&Prime; img_size=\u00a0\u00bbfull\u00a0\u00bb alignment=\u00a0\u00bbcenter\u00a0\u00bb]<style type=\"text\/css\" data-type=\"the7_shortcodes-inline-css\">#default-btn-0e4e87e5e968b404cd830fa571b9ffc3.ico-right-side > i {\n  margin-right: 0px;\n  margin-left: 8px;\n}\n#default-btn-0e4e87e5e968b404cd830fa571b9ffc3 > i {\n  margin-right: 8px;\n}\n<\/style><div class=\"btn-align-center\"><a href=\"https:\/\/www.pharmathek.com\/fr\/installations\/\" class=\"default-btn-shortcode dt-btn dt-btn-l link-hover-off weight-300 full-width-btn \" id=\"default-btn-0e4e87e5e968b404cd830fa571b9ffc3\" title=\"Installations\"><span>Retour \u00e0 la liste des installations<\/span><\/a><\/div>[\/vc_column][\/vc_row]<\/p>\n<\/div>","protected":false},"excerpt":{"rendered":"<p>Paris<\/p>\n","protected":false},"author":3,"featured_media":4489,"parent":0,"menu_order":0,"comment_status":"closed","ping_status":"closed","template":"","meta":{"inline_featured_image":false,"footnotes":""},"categories":[121,45],"tags":[],"class_list":["post-23273","page","type-page","status-publish","has-post-thumbnail","hentry","category-autres-secteurs","category-installations","description-off"],"_links":{"self":[{"href":"https:\/\/www.pharmathek.com\/fr\/wp-json\/wp\/v2\/pages\/23273","targetHints":{"allow":["GET"]}}],"collection":[{"href":"https:\/\/www.pharmathek.com\/fr\/wp-json\/wp\/v2\/pages"}],"about":[{"href":"https:\/\/www.pharmathek.com\/fr\/wp-json\/wp\/v2\/types\/page"}],"author":[{"embeddable":true,"href":"https:\/\/www.pharmathek.com\/fr\/wp-json\/wp\/v2\/users\/3"}],"replies":[{"embeddable":true,"href":"https:\/\/www.pharmathek.com\/fr\/wp-json\/wp\/v2\/comments?post=23273"}],"version-history":[{"count":4,"href":"https:\/\/www.pharmathek.com\/fr\/wp-json\/wp\/v2\/pages\/23273\/revisions"}],"predecessor-version":[{"id":60095,"href":"https:\/\/www.pharmathek.com\/fr\/wp-json\/wp\/v2\/pages\/23273\/revisions\/60095"}],"wp:featuredmedia":[{"embeddable":true,"href":"https:\/\/www.pharmathek.com\/fr\/wp-json\/wp\/v2\/media\/4489"}],"wp:attachment":[{"href":"https:\/\/www.pharmathek.com\/fr\/wp-json\/wp\/v2\/media?parent=23273"}],"wp:term":[{"taxonomy":"category","embeddable":true,"href":"https:\/\/www.pharmathek.com\/fr\/wp-json\/wp\/v2\/categories?post=23273"},{"taxonomy":"post_tag","embeddable":true,"href":"https:\/\/www.pharmathek.com\/fr\/wp-json\/wp\/v2\/tags?post=23273"}],"curies":[{"name":"wp","href":"https:\/\/api.w.org\/{rel}","templated":true}]}}