{"id":23278,"date":"2022-08-11T15:53:05","date_gmt":"2022-08-11T13:53:05","guid":{"rendered":"https:\/\/www.pharmathek.com\/?page_id=23278"},"modified":"2022-08-11T15:53:05","modified_gmt":"2022-08-11T13:53:05","slug":"hopital-de-monselice","status":"publish","type":"page","link":"https:\/\/www.pharmathek.com\/fr\/hopital-de-monselice\/","title":{"rendered":"H\u00f4pital de Monselice"},"content":{"rendered":"<div class=\"wpb-content-wrapper\"><p>[vc_row full_width=\u00a0\u00bbstretch_row_content\u00a0\u00bb equal_height=\u00a0\u00bbyes\u00a0\u00bb content_placement=\u00a0\u00bbmiddle\u00a0\u00bb bg_type=\u00a0\u00bbbg_color\u00a0\u00bb bg_override=\u00a0\u00bbfull\u00a0\u00bb bg_color_value=\u00a0\u00bb#eeeeef\u00a0\u00bb][vc_column width=\u00a0\u00bb1\/2&Prime; css=\u00a0\u00bb.vc_custom_1521823066799{padding-right: 0px !important;padding-left: 0px !important;}\u00a0\u00bb][vc_single_image image=\u00a0\u00bb4377&Prime; img_size=\u00a0\u00bbfull\u00a0\u00bb][\/vc_column][vc_column width=\u00a0\u00bb1\/2&Prime; css=\u00a0\u00bb.vc_custom_1521823076542{padding-right: 100px !important;padding-left: 100px !important;}\u00a0\u00bb][vc_empty_space]<div id=\"ultimate-heading-638269f2724c09880\" class=\"uvc-heading ult-adjust-bottom-margin ultimate-heading-638269f2724c09880 uvc-6087 head-section-title uvc-heading-default-font-sizes\" data-hspacer=\"no_spacer\"  data-halign=\"center\" style=\"text-align:center\"><div class=\"uvc-heading-spacer no_spacer\" style=\"top\"><\/div><div class=\"uvc-main-heading ult-responsive\"  data-ultimate-target='.uvc-heading.ultimate-heading-638269f2724c09880 p'  data-responsive-json-new='{\"font-size\":\"\",\"line-height\":\"\"}' ><p style=\"--font-weight:theme;\">L'H\u00d4PITAL SCHIAVONIA \u00c0 MONSELICE<\/p><\/div><div class=\"uvc-sub-heading ult-responsive\"  data-ultimate-target='.uvc-heading.ultimate-heading-638269f2724c09880 .uvc-sub-heading '  data-responsive-json-new='{\"font-size\":\"\",\"line-height\":\"\"}'  style=\"font-weight:normal;\"><\/p>\n<p><\/div><\/div>[vc_empty_space][vc_column_text el_class=\u00a0\u00bbtext-justify\u00a0\u00bb]Le nouvel H\u00f4pital \u00ab\u00a0Madre Teresa\u00a0\u00bb de Schiavonia \u00e0 Monselice (PD) a d\u00e9cid\u00e9 d&rsquo;automatiser la gestion des m\u00e9dicaments gr\u00e2ce \u00e0 l&rsquo;installation d&rsquo;un entrep\u00f4t robotis\u00e9 Pharmathek. Le syst\u00e8me install\u00e9 est caract\u00e9ris\u00e9 par deux unit\u00e9s robotiques et un syst\u00e8me de sortie compos\u00e9 de paniers, de convoyeurs \u00e0 rouleaux et de lecteurs de codes \u00e0 barres.<\/p>\n<p>Ce syst\u00e8me g\u00e8re les m\u00e9dicaments utilis\u00e9s dans les Ospedali Riuniti du Sud de Padoue, dans les \u00e9tablissements de l&rsquo;ULSS 17 ainsi que ceux distribu\u00e9s aux patients apr\u00e8s des visites chez un sp\u00e9cialiste ou apr\u00e8s leur sortie de l&rsquo;\u00e9tablissement.[\/vc_column_text][vc_empty_space][\/vc_column][\/vc_row][vc_row full_width=\u00a0\u00bbstretch_row_content\u00a0\u00bb equal_height=\u00a0\u00bbyes\u00a0\u00bb content_placement=\u00a0\u00bbmiddle\u00a0\u00bb bg_type=\u00a0\u00bbbg_color\u00a0\u00bb bg_override=\u00a0\u00bbfull\u00a0\u00bb bg_color_value=\u00a0\u00bb#eeeeef\u00a0\u00bb][vc_column css=\u00a0\u00bb.vc_custom_1524126670718{padding-right: 0px !important;padding-left: 0px !important;}\u00a0\u00bb offset=\u00a0\u00bbvc_hidden-lg\u00a0\u00bb el_class=\u00a0\u00bbfull-width-no-padding\u00a0\u00bb][vc_single_image image=\u00a0\u00bb4377&Prime; img_size=\u00a0\u00bbfull\u00a0\u00bb][vc_empty_space]<div id=\"ultimate-heading-249869f2724c09926\" class=\"uvc-heading ult-adjust-bottom-margin ultimate-heading-249869f2724c09926 uvc-2338 head-section-title uvc-heading-default-font-sizes\" data-hspacer=\"no_spacer\"  data-halign=\"center\" style=\"text-align:center\"><div class=\"uvc-heading-spacer no_spacer\" style=\"top\"><\/div><div class=\"uvc-main-heading ult-responsive\"  data-ultimate-target='.uvc-heading.ultimate-heading-249869f2724c09926 p'  data-responsive-json-new='{\"font-size\":\"\",\"line-height\":\"\"}' ><p style=\"--font-weight:theme;\">L'H\u00d4PITAL SCHIAVONIA \u00c0 MONSELICE<\/p><\/div><div class=\"uvc-sub-heading ult-responsive\"  data-ultimate-target='.uvc-heading.ultimate-heading-249869f2724c09926 .uvc-sub-heading '  data-responsive-json-new='{\"font-size\":\"\",\"line-height\":\"\"}'  style=\"font-weight:normal;\"><\/p>\n<p><\/div><\/div>[vc_empty_space][vc_column_text el_class=\u00a0\u00bbtext-justify\u00a0\u00bb]Le nouvel H\u00f4pital \u00ab\u00a0Madre Teresa\u00a0\u00bb de Schiavonia \u00e0 Monselice (PD) a d\u00e9cid\u00e9 d&rsquo;automatiser la gestion des m\u00e9dicaments gr\u00e2ce \u00e0 l&rsquo;installation d&rsquo;un entrep\u00f4t robotis\u00e9 Pharmathek. Le syst\u00e8me install\u00e9 est caract\u00e9ris\u00e9 par deux unit\u00e9s robotiques et un syst\u00e8me de sortie compos\u00e9 de paniers, de convoyeurs \u00e0 rouleaux et de lecteurs de codes \u00e0 barres.<\/p>\n<p>Ce syst\u00e8me g\u00e8re les m\u00e9dicaments utilis\u00e9s dans les Ospedali Riuniti du Sud de Padoue, dans les \u00e9tablissements de l&rsquo;ULSS 17 ainsi que ceux distribu\u00e9s aux patients apr\u00e8s des visites chez un sp\u00e9cialiste ou apr\u00e8s leur sortie de l&rsquo;\u00e9tablissement.[\/vc_column_text][vc_empty_space][\/vc_column][\/vc_row][vc_row][vc_column][vc_empty_space height=\u00a0\u00bb100px\u00a0\u00bb][vc_single_image image=\u00a0\u00bb4381&Prime; img_size=\u00a0\u00bbfull\u00a0\u00bb alignment=\u00a0\u00bbcenter\u00a0\u00bb][vc_empty_space]<div id=\"ultimate-heading-101369f2724c099b6\" class=\"uvc-heading ult-adjust-bottom-margin ultimate-heading-101369f2724c099b6 uvc-9456 head-section-title uvc-heading-default-font-sizes\" data-hspacer=\"no_spacer\"  data-halign=\"center\" style=\"text-align:center\"><div class=\"uvc-heading-spacer no_spacer\" style=\"top\"><\/div><div class=\"uvc-main-heading ult-responsive\"  data-ultimate-target='.uvc-heading.ultimate-heading-101369f2724c099b6 p'  data-responsive-json-new='{\"font-size\":\"\",\"line-height\":\"\"}' ><p style=\"--font-weight:theme;\">LES D\u00c9TAILS DE L'ENTREP\u00d4T AUTOMATIS\u00c9<\/p><\/div><\/div>[vc_empty_space][vc_column_text el_class=\u00a0\u00bbtext-justify\u00a0\u00bb]Le syst\u00e8me automatis\u00e9 de gestion des m\u00e9dicaments con\u00e7u sp\u00e9cifiquement pour la pharmacie hospitali\u00e8re de l&rsquo;h\u00f4pital Schiavonia a \u00e9t\u00e9 install\u00e9 pour permettre une meilleure gestion des r\u00e9f\u00e9rences et des donn\u00e9es associ\u00e9es, ainsi que pour lib\u00e9rer le personnel des t\u00e2ches r\u00e9p\u00e9titives et se consacrer \u00e0 des activit\u00e9s plus d\u00e9licates.<\/p>\n<p>Au total, le robot g\u00e8re <strong>46 000 bo\u00eetes<\/strong> de m\u00e9dicaments, stock\u00e9es dans des environnements \u00e0 temp\u00e9rature et humidit\u00e9 contr\u00f4l\u00e9es, \u00e0 l&rsquo;int\u00e9rieur de deux unit\u00e9s robotiques distinctes, chacune d\u00e9di\u00e9e \u00e0 un type de m\u00e9dicament diff\u00e9rent. Ils contiennent 85% des fournitures hospitali\u00e8res, tandis que les 15% restants, donn\u00e9s par des colis trop volumineux ou lourds pour \u00eatre g\u00e9r\u00e9s par ce mod\u00e8le de robot Pharmathek, sont stock\u00e9s dans une zone adjacente de l&rsquo;h\u00f4pital.<\/p>\n<p>Les manipulateurs automatis\u00e9s ont pour mission de placer les r\u00e9f\u00e9rences parmi les centaines d&rsquo;\u00e9tag\u00e8res pr\u00e9sentes au sein des deux unit\u00e9s ainsi que de les r\u00e9cup\u00e9rer en cas de demande. Dans ce cas, apr\u00e8s les avoir ramass\u00e9s, le bras m\u00e9canique \u00e0 l&rsquo;int\u00e9rieur du robot lib\u00e8re le colis pr\u00e8s d&rsquo;une goulotte qui fait tomber les colis dans des paniers sp\u00e9ciaux o\u00f9 sont plac\u00e9s \u00e0 ce moment tous les m\u00e9dicaments requis par le m\u00eame d\u00e9partement ou service. Le panier est ensuite amen\u00e9 \u00e0 glisser sur un convoyeur \u00e0 rouleaux sp\u00e9cial, pr\u00eat \u00e0 \u00eatre livr\u00e9 au d\u00e9partement qui l&rsquo;a demand\u00e9.<\/p>\n<p>A chaque commande, l&rsquo;inventaire est automatiquement mis \u00e0 jour en temps r\u00e9el.<\/p>\n<p>L&rsquo;entrep\u00f4t robotique Pharmathek de l&rsquo;h\u00f4pital \u00ab\u00a0Madre Teresa\u00a0\u00bb de Schiavonia traite en moyenne 1 700 boites par jour.[\/vc_column_text][vc_empty_space height=\u00a0\u00bb100px\u00a0\u00bb][\/vc_column][\/vc_row][vc_row full_width=\u00a0\u00bbstretch_row\u00a0\u00bb bg_type=\u00a0\u00bbbg_color\u00a0\u00bb bg_override=\u00a0\u00bbfull\u00a0\u00bb bg_color_value=\u00a0\u00bb#eeeeef\u00a0\u00bb][vc_column][vc_empty_space height=\u00a0\u00bb100px\u00a0\u00bb]<div id=\"ultimate-heading-421069f2724c09a35\" class=\"uvc-heading ult-adjust-bottom-margin ultimate-heading-421069f2724c09a35 uvc-3589 head-section-title uvc-heading-default-font-sizes\" data-hspacer=\"no_spacer\"  data-halign=\"center\" style=\"text-align:center\"><div class=\"uvc-heading-spacer no_spacer\" style=\"top\"><\/div><div class=\"uvc-main-heading ult-responsive\"  data-ultimate-target='.uvc-heading.ultimate-heading-421069f2724c09a35 h2'  data-responsive-json-new='{\"font-size\":\"\",\"line-height\":\"\"}' ><h2 style=\"--font-weight:theme;\">GALERIE<\/h2><\/div><\/div>[vc_empty_space height=\u00a0\u00bb50px\u00a0\u00bb][vc_masonry_media_grid element_width=\u00a0\u00bb3&Prime; gap=\u00a0\u00bb10&Prime; grid_id=\u00a0\u00bbvc_gid:1660225723759-de6e142e-c9bc-5&Prime; include=\u00a0\u00bb4394,4398,4410,4402,4406,4390,4418,4414&Prime;][vc_empty_space height=\u00a0\u00bb100px\u00a0\u00bb][\/vc_column][\/vc_row][vc_row full_width=\u00a0\u00bbstretch_row\u00a0\u00bb bg_type=\u00a0\u00bbimage\u00a0\u00bb parallax_style=\u00a0\u00bbvcpb-default\u00a0\u00bb bg_image_new=\u00a0\u00bbid^1166|url^http:\/\/www.pharmathek.com\/wp-content\/uploads\/2018\/03\/farmacia-specifiche-background.jpg|caption^null|alt^null|title^farmacia-specifiche-background|description^null\u00a0\u00bb bg_image_repeat=\u00a0\u00bbno-repeat\u00a0\u00bb bg_override=\u00a0\u00bbfull\u00a0\u00bb][vc_column][vc_empty_space height=\u00a0\u00bb100px\u00a0\u00bb]<div id=\"ultimate-heading-385969f2724c09ab2\" class=\"uvc-heading ult-adjust-bottom-margin ultimate-heading-385969f2724c09ab2 uvc-9827 head-section-title text-white uvc-heading-default-font-sizes\" data-hspacer=\"no_spacer\"  data-halign=\"center\" style=\"text-align:center\"><div class=\"uvc-heading-spacer no_spacer\" style=\"top\"><\/div><div class=\"uvc-main-heading ult-responsive\"  data-ultimate-target='.uvc-heading.ultimate-heading-385969f2724c09ab2 h2'  data-responsive-json-new='{\"font-size\":\"\",\"line-height\":\"\"}' ><h2 style=\"--font-weight:theme;\">LE PROJET<\/h2><\/div><\/div>[vc_empty_space height=\u00a0\u00bb50px\u00a0\u00bb][vc_separator color=\u00a0\u00bbwhite\u00a0\u00bb][vc_separator color=\u00a0\u00bbwhite\u00a0\u00bb][vc_row_inner][vc_column_inner width=\u00a0\u00bb1\/2&Prime;][vc_column_text el_class=\u00a0\u00bbprogetto-voci\u00a0\u00bb]SOLUTIONS PHARMATHEK[\/vc_column_text][\/vc_column_inner][vc_column_inner width=\u00a0\u00bb1\/2&Prime;][vc_column_text el_class=\u00a0\u00bbprogetto-voci-valori\u00a0\u00bb]2 PTK410 + 2 PHARMALOAD[\/vc_column_text][\/vc_column_inner][\/vc_row_inner][vc_separator color=\u00a0\u00bbwhite\u00a0\u00bb][vc_row_inner][vc_column_inner width=\u00a0\u00bb1\/2&Prime;][vc_column_text el_class=\u00a0\u00bbprogetto-voci\u00a0\u00bb]DIMENSIONS ROBOT[\/vc_column_text][\/vc_column_inner][vc_column_inner width=\u00a0\u00bb1\/2&Prime;][vc_column_text el_class=\u00a0\u00bbprogetto-voci-valori\u00a0\u00bb]<\/p>\n<p>L 9.400 x H 2.500<\/p>\n<p>[\/vc_column_text][\/vc_column_inner][\/vc_row_inner][vc_separator color=\u00a0\u00bbwhite\u00a0\u00bb][vc_row_inner][vc_column_inner width=\u00a0\u00bb1\/2&Prime;][vc_column_text el_class=\u00a0\u00bbprogetto-voci\u00a0\u00bb]CAPACIT\u00c9 BO\u00ceTES[\/vc_column_text][\/vc_column_inner][vc_column_inner width=\u00a0\u00bb1\/2&Prime;][vc_column_text el_class=\u00a0\u00bbprogetto-voci-valori\u00a0\u00bb]46.000[\/vc_column_text][\/vc_column_inner][\/vc_row_inner][vc_separator color=\u00a0\u00bbwhite\u00a0\u00bb][vc_row_inner][vc_column_inner width=\u00a0\u00bb1\/2&Prime;][vc_column_text el_class=\u00a0\u00bbprogetto-voci\u00a0\u00bb]PRODUITS EN MOUVEMENT[\/vc_column_text][\/vc_column_inner][vc_column_inner width=\u00a0\u00bb1\/2&Prime;][vc_column_text el_class=\u00a0\u00bbprogetto-voci-valori\u00a0\u00bb]1.700 par jour[\/vc_column_text][\/vc_column_inner][\/vc_row_inner][vc_empty_space height=\u00a0\u00bb100px\u00a0\u00bb][\/vc_column][\/vc_row][vc_row full_width=\u00a0\u00bbstretch_row_content_no_spaces\u00a0\u00bb][vc_column][vc_single_image image=\u00a0\u00bb4422&Prime; img_size=\u00a0\u00bbfull\u00a0\u00bb alignment=\u00a0\u00bbcenter\u00a0\u00bb]<style type=\"text\/css\" data-type=\"the7_shortcodes-inline-css\">#default-btn-0e4e87e5e968b404cd830fa571b9ffc3.ico-right-side > i {\n  margin-right: 0px;\n  margin-left: 8px;\n}\n#default-btn-0e4e87e5e968b404cd830fa571b9ffc3 > i {\n  margin-right: 8px;\n}\n<\/style><div class=\"btn-align-center\"><a href=\"https:\/\/www.pharmathek.com\/fr\/installations\/\" class=\"default-btn-shortcode dt-btn dt-btn-l link-hover-off weight-300 full-width-btn \" id=\"default-btn-0e4e87e5e968b404cd830fa571b9ffc3\" title=\"Installations\"><span>Retour \u00e0 la liste des installations<\/span><\/a><\/div>[\/vc_column][\/vc_row][vc_row full_width=\u00a0\u00bbstretch_row\u00a0\u00bb bg_type=\u00a0\u00bbbg_color\u00a0\u00bb bg_override=\u00a0\u00bbfull\u00a0\u00bb bg_color_value=\u00a0\u00bb#eeeeef\u00a0\u00bb css=\u00a0\u00bb.vc_custom_1608804586532{background-color: #ffffff !important;}\u00a0\u00bb][vc_column offset=\u00a0\u00bbvc_hidden-md vc_hidden-sm vc_hidden-xs\u00a0\u00bb][vc_empty_space height=\u00a0\u00bb100px\u00a0\u00bb][\/vc_column][\/vc_row]<\/p>\n<\/div>","protected":false},"excerpt":{"rendered":"<p>Monselice (Italie)<\/p>\n","protected":false},"author":3,"featured_media":4388,"parent":0,"menu_order":0,"comment_status":"closed","ping_status":"closed","template":"","meta":{"inline_featured_image":false,"footnotes":""},"categories":[46,45],"tags":[],"class_list":["post-23278","page","type-page","status-publish","has-post-thumbnail","hentry","category-hopitals","category-installations","description-off"],"_links":{"self":[{"href":"https:\/\/www.pharmathek.com\/fr\/wp-json\/wp\/v2\/pages\/23278","targetHints":{"allow":["GET"]}}],"collection":[{"href":"https:\/\/www.pharmathek.com\/fr\/wp-json\/wp\/v2\/pages"}],"about":[{"href":"https:\/\/www.pharmathek.com\/fr\/wp-json\/wp\/v2\/types\/page"}],"author":[{"embeddable":true,"href":"https:\/\/www.pharmathek.com\/fr\/wp-json\/wp\/v2\/users\/3"}],"replies":[{"embeddable":true,"href":"https:\/\/www.pharmathek.com\/fr\/wp-json\/wp\/v2\/comments?post=23278"}],"version-history":[{"count":3,"href":"https:\/\/www.pharmathek.com\/fr\/wp-json\/wp\/v2\/pages\/23278\/revisions"}],"predecessor-version":[{"id":23317,"href":"https:\/\/www.pharmathek.com\/fr\/wp-json\/wp\/v2\/pages\/23278\/revisions\/23317"}],"wp:featuredmedia":[{"embeddable":true,"href":"https:\/\/www.pharmathek.com\/fr\/wp-json\/wp\/v2\/media\/4388"}],"wp:attachment":[{"href":"https:\/\/www.pharmathek.com\/fr\/wp-json\/wp\/v2\/media?parent=23278"}],"wp:term":[{"taxonomy":"category","embeddable":true,"href":"https:\/\/www.pharmathek.com\/fr\/wp-json\/wp\/v2\/categories?post=23278"},{"taxonomy":"post_tag","embeddable":true,"href":"https:\/\/www.pharmathek.com\/fr\/wp-json\/wp\/v2\/tags?post=23278"}],"curies":[{"name":"wp","href":"https:\/\/api.w.org\/{rel}","templated":true}]}}