{"id":23318,"date":"2022-08-11T16:42:37","date_gmt":"2022-08-11T14:42:37","guid":{"rendered":"https:\/\/www.pharmathek.com\/?page_id=23318"},"modified":"2022-08-11T16:44:41","modified_gmt":"2022-08-11T14:44:41","slug":"farmacia-lloris-carsi","status":"publish","type":"page","link":"https:\/\/www.pharmathek.com\/fr\/farmacia-lloris-carsi\/","title":{"rendered":"Pharmacie Lloris Carsi"},"content":{"rendered":"<div class=\"wpb-content-wrapper\"><p>[vc_row full_width=\u00a0\u00bbstretch_row_content\u00a0\u00bb equal_height=\u00a0\u00bbyes\u00a0\u00bb content_placement=\u00a0\u00bbmiddle\u00a0\u00bb bg_type=\u00a0\u00bbbg_color\u00a0\u00bb bg_override=\u00a0\u00bbfull\u00a0\u00bb bg_color_value=\u00a0\u00bb#eeeeef\u00a0\u00bb][vc_column width=\u00a0\u00bb1\/2&Prime; css=\u00a0\u00bb.vc_custom_1523960338488{padding-right: 0px !important;padding-left: 0px !important;}\u00a0\u00bb offset=\u00a0\u00bbvc_hidden-md vc_hidden-sm vc_hidden-xs\u00a0\u00bb][vc_single_image image=\u00a0\u00bb3549&Prime; img_size=\u00a0\u00bbfull\u00a0\u00bb][\/vc_column][vc_column width=\u00a0\u00bb1\/2&Prime; css=\u00a0\u00bb.vc_custom_1523960343032{padding-right: 100px !important;padding-left: 100px !important;}\u00a0\u00bb offset=\u00a0\u00bbvc_hidden-md vc_hidden-sm vc_hidden-xs\u00a0\u00bb][vc_empty_space]<div id=\"ultimate-heading-214369e11905ed1e4\" class=\"uvc-heading ult-adjust-bottom-margin ultimate-heading-214369e11905ed1e4 uvc-5148 head-section-title uvc-heading-default-font-sizes\" data-hspacer=\"no_spacer\"  data-halign=\"center\" style=\"text-align:center\"><div class=\"uvc-heading-spacer no_spacer\" style=\"top\"><\/div><div class=\"uvc-main-heading ult-responsive\"  data-ultimate-target='.uvc-heading.ultimate-heading-214369e11905ed1e4 p'  data-responsive-json-new='{\"font-size\":\"\",\"line-height\":\"\"}' ><p style=\"--font-weight:theme;\">PHARMACIE J. MARIANO LLORIS CARSI<\/p><\/div><\/div>[vc_empty_space][vc_column_text el_class=\u00a0\u00bbtext-justify\u00a0\u00bb]La pharmacie Lloris Carsi est \u00e9quip\u00e9e d&rsquo;un robot Pharmathek.<\/p>\n<p>Le Dr Lloris Carsi a choisi d&rsquo;installer un entrep\u00f4t robotis\u00e9 lors de la r\u00e9novation de la pharmacie. Le projet pr\u00e9voyait que le robot livre les produits \u00e0 6 comptoirs diff\u00e9rents, m\u00eame tr\u00e8s \u00e9loign\u00e9s les uns des autres. Cela a \u00e9t\u00e9 rendu possible gr\u00e2ce \u00e0 la mise en place d&rsquo;un syst\u00e8me de transport qui comprend 10 m\u00e8tres de bandes transporteuses et 2 convoyeurs h\u00e9lico\u00efdales.<\/p>\n<p>La pharmacie Lloris Carsi, situ\u00e9e \u00e0 Burriana (Castell\u00f3) est l&rsquo;une des nombreuses pharmacies espagnoles qui ont choisi Pharmathek pour l&rsquo;automatisation des entrep\u00f4ts.[\/vc_column_text][vc_empty_space][\/vc_column][\/vc_row][vc_row full_width=\u00a0\u00bbstretch_row_content\u00a0\u00bb equal_height=\u00a0\u00bbyes\u00a0\u00bb content_placement=\u00a0\u00bbmiddle\u00a0\u00bb bg_type=\u00a0\u00bbbg_color\u00a0\u00bb bg_override=\u00a0\u00bbfull\u00a0\u00bb bg_color_value=\u00a0\u00bb#eeeeef\u00a0\u00bb][vc_column css=\u00a0\u00bb.vc_custom_1524126670718{padding-right: 0px !important;padding-left: 0px !important;}\u00a0\u00bb offset=\u00a0\u00bbvc_hidden-lg\u00a0\u00bb el_class=\u00a0\u00bbfull-width-no-padding\u00a0\u00bb][vc_single_image image=\u00a0\u00bb3549&Prime; img_size=\u00a0\u00bbfull\u00a0\u00bb][vc_empty_space]<div id=\"ultimate-heading-32669e11905ed291\" class=\"uvc-heading ult-adjust-bottom-margin ultimate-heading-32669e11905ed291 uvc-2036 head-section-title uvc-heading-default-font-sizes\" data-hspacer=\"no_spacer\"  data-halign=\"center\" style=\"text-align:center\"><div class=\"uvc-heading-spacer no_spacer\" style=\"top\"><\/div><div class=\"uvc-main-heading ult-responsive\"  data-ultimate-target='.uvc-heading.ultimate-heading-32669e11905ed291 p'  data-responsive-json-new='{\"font-size\":\"\",\"line-height\":\"\"}' ><p style=\"--font-weight:theme;\">PHARMACIE J. MARIANO LLORIS CARSI<\/p><\/div><\/div>[vc_empty_space][vc_column_text el_class=\u00a0\u00bbtext-justify\u00a0\u00bb]La pharmacie Lloris Carsi est \u00e9quip\u00e9e d&rsquo;un robot Pharmathek.<\/p>\n<p>Le Dr Lloris Carsi a choisi d&rsquo;installer un entrep\u00f4t robotis\u00e9 lors de la r\u00e9novation de la pharmacie. Le projet pr\u00e9voyait que le robot livre les produits \u00e0 6 comptoirs diff\u00e9rents, m\u00eame tr\u00e8s \u00e9loign\u00e9s les uns des autres. Cela a \u00e9t\u00e9 rendu possible gr\u00e2ce \u00e0 la mise en place d&rsquo;un syst\u00e8me de transport qui comprend 10 m\u00e8tres de bandes transporteuses et 2 convoyeurs h\u00e9lico\u00efdales.<\/p>\n<p>La pharmacie Lloris Carsi, situ\u00e9e \u00e0 Burriana (Castell\u00f3) est l&rsquo;une des nombreuses pharmacies espagnoles qui ont choisi Pharmathek pour l&rsquo;automatisation des entrep\u00f4ts.[\/vc_column_text][vc_empty_space][\/vc_column][\/vc_row][vc_row][vc_column offset=\u00a0\u00bbvc_hidden-md vc_hidden-sm vc_hidden-xs\u00a0\u00bb][vc_empty_space height=\u00a0\u00bb100px\u00a0\u00bb][vc_single_image image=\u00a0\u00bb3553&Prime; img_size=\u00a0\u00bbfull\u00a0\u00bb alignment=\u00a0\u00bbcenter\u00a0\u00bb][vc_empty_space]<div id=\"ultimate-heading-979269e11905ed315\" class=\"uvc-heading ult-adjust-bottom-margin ultimate-heading-979269e11905ed315 uvc-1706 head-section-title uvc-heading-default-font-sizes\" data-hspacer=\"no_spacer\"  data-halign=\"center\" style=\"text-align:center\"><div class=\"uvc-heading-spacer no_spacer\" style=\"top\"><\/div><div class=\"uvc-main-heading ult-responsive\"  data-ultimate-target='.uvc-heading.ultimate-heading-979269e11905ed315 p'  data-responsive-json-new='{\"font-size\":\"\",\"line-height\":\"\"}' ><p style=\"--font-weight:theme;\">LA PAROLE AU PHARMACIEN<\/p><\/div><div class=\"uvc-sub-heading ult-responsive\"  data-ultimate-target='.uvc-heading.ultimate-heading-979269e11905ed315 .uvc-sub-heading '  data-responsive-json-new='{\"font-size\":\"\",\"line-height\":\"\"}'  style=\"font-weight:normal;\"><\/p>\n<p><\/div><\/div>[vc_empty_space][vc_column_text el_class=\u00a0\u00bbtext-justify\u00a0\u00bb]<\/p>\n<h4>Docteur Lloris Carsi, pourquoi avez-vous d\u00e9cid\u00e9 d&rsquo;automatiser votre pharmacie ?<\/h4>\n<p>Le besoin s&rsquo;est fait sentir \u00e0 l&rsquo;occasion de la r\u00e9novation de la pharmacie. Pour atteindre nos objectifs de conception, il \u00e9tait essentiel d&rsquo;inclure un entrep\u00f4t robotis\u00e9.<\/p>\n<p>&nbsp;<\/p>\n<h4>Qu&rsquo;est-ce qui vous a amen\u00e9 \u00e0 choisir Pharmathek pour l&rsquo;automatisation de votre pharmacie ?<\/h4>\n<p>Deux facteurs : les points forts du robot et les personnes. Ce dernier parce que je me suis retrouv\u00e9 \u00e0 traiter avec des professionnels tr\u00e8s comp\u00e9tents qui m&rsquo;ont inspir\u00e9 une grande confiance.<\/p>\n<p>Du point de vue du robot, la solution de Pharmathek \u00e9tait celle qui convenait le mieux \u00e0 mes besoins. En effet, je crois sans l&rsquo;ombre d&rsquo;un doute que le robot Pharmathek est l&rsquo;entrep\u00f4t robotique le plus polyvalent du march\u00e9, adapt\u00e9 \u00e0 tout type de pharmacie.<\/p>\n<p>Un autre point en faveur de Pharmathek est le logiciel du robot : je pense que c&rsquo;est le plus innovant du march\u00e9 et non seulement moi mais aussi mon informaticien de confiance partage mon opinion.<\/p>\n<p>&nbsp;<\/p>\n<h4>Pensez-vous que ce robot a fait une diff\u00e9rence dans votre pharmacie ?<\/h4>\n<p>S\u00fbrement. Ce syst\u00e8me nous permet d&rsquo;offrir un meilleur service au client en restant plus longtemps avec lui. Il nous permet de d\u00e9l\u00e9guer toute la gestion des produits et des stocks au robot, ce qui r\u00e9duit sans aucun doute la marge d&rsquo;erreur.<\/p>\n<p>&nbsp;<\/p>\n<h4>Voulez-vous ajouter quelque chose ?<\/h4>\n<p>J&rsquo;ajouterais que le service technique est spectaculaire, actif et disponible 24 heures sur 24 pour toute urgence. C&rsquo;est un service qui ne vous laisse jamais seul.[\/vc_column_text][vc_empty_space height=\u00a0\u00bb100px\u00a0\u00bb][\/vc_column][\/vc_row][vc_row][vc_column offset=\u00a0\u00bbvc_hidden-lg\u00a0\u00bb][vc_empty_space height=\u00a0\u00bb50px\u00a0\u00bb][vc_single_image image=\u00a0\u00bb3553&Prime; img_size=\u00a0\u00bbfull\u00a0\u00bb alignment=\u00a0\u00bbcenter\u00a0\u00bb][vc_empty_space]<div id=\"ultimate-heading-848169e11905ed395\" class=\"uvc-heading ult-adjust-bottom-margin ultimate-heading-848169e11905ed395 uvc-7297 head-section-title uvc-heading-default-font-sizes\" data-hspacer=\"no_spacer\"  data-halign=\"center\" style=\"text-align:center\"><div class=\"uvc-heading-spacer no_spacer\" style=\"top\"><\/div><div class=\"uvc-main-heading ult-responsive\"  data-ultimate-target='.uvc-heading.ultimate-heading-848169e11905ed395 p'  data-responsive-json-new='{\"font-size\":\"\",\"line-height\":\"\"}' ><p style=\"--font-weight:theme;\">LA PAROLE AU PHARMACIEN<\/p><\/div><div class=\"uvc-sub-heading ult-responsive\"  data-ultimate-target='.uvc-heading.ultimate-heading-848169e11905ed395 .uvc-sub-heading '  data-responsive-json-new='{\"font-size\":\"\",\"line-height\":\"\"}'  style=\"font-weight:normal;\"><\/p>\n<p><\/div><\/div>[vc_empty_space][vc_column_text el_class=\u00a0\u00bbtext-justify\u00a0\u00bb]<\/p>\n<h4>Docteur Lloris Carsi, pourquoi avez-vous d\u00e9cid\u00e9 d&rsquo;automatiser votre pharmacie ?<\/h4>\n<p>Le besoin s&rsquo;est fait sentir \u00e0 l&rsquo;occasion de la r\u00e9novation de la pharmacie. Pour atteindre nos objectifs de conception, il \u00e9tait essentiel d&rsquo;inclure un entrep\u00f4t robotis\u00e9.<\/p>\n<p>&nbsp;<\/p>\n<h4>Qu&rsquo;est-ce qui vous a amen\u00e9 \u00e0 choisir Pharmathek pour l&rsquo;automatisation de votre pharmacie ?<\/h4>\n<p>Deux facteurs : les points forts du robot et les personnes. Ce dernier parce que je me suis retrouv\u00e9 \u00e0 traiter avec des professionnels tr\u00e8s comp\u00e9tents qui m&rsquo;ont inspir\u00e9 une grande confiance.<\/p>\n<p>Du point de vue du robot, la solution de Pharmathek \u00e9tait celle qui convenait le mieux \u00e0 mes besoins. En effet, je crois sans l&rsquo;ombre d&rsquo;un doute que le robot Pharmathek est l&rsquo;entrep\u00f4t robotique le plus polyvalent du march\u00e9, adapt\u00e9 \u00e0 tout type de pharmacie.<\/p>\n<p>Un autre point en faveur de Pharmathek est le logiciel du robot : je pense que c&rsquo;est le plus innovant du march\u00e9 et non seulement moi mais aussi mon informaticien de confiance partage mon opinion.<\/p>\n<p>&nbsp;<\/p>\n<h4>Pensez-vous que ce robot a fait une diff\u00e9rence dans votre pharmacie ?<\/h4>\n<p>S\u00fbrement. Ce syst\u00e8me nous permet d&rsquo;offrir un meilleur service au client en restant plus longtemps avec lui. Il nous permet de d\u00e9l\u00e9guer toute la gestion des produits et des stocks au robot, ce qui r\u00e9duit sans aucun doute la marge d&rsquo;erreur.<\/p>\n<p>&nbsp;<\/p>\n<h4>Voulez-vous ajouter quelque chose ?<\/h4>\n<p>J&rsquo;ajouterais que le service technique est spectaculaire, actif et disponible 24 heures sur 24 pour toute urgence. C&rsquo;est un service qui ne vous laisse jamais seul.[\/vc_column_text][vc_empty_space height=\u00a0\u00bb50px\u00a0\u00bb][\/vc_column][\/vc_row][vc_row full_width=\u00a0\u00bbstretch_row\u00a0\u00bb bg_type=\u00a0\u00bbbg_color\u00a0\u00bb bg_override=\u00a0\u00bbfull\u00a0\u00bb bg_color_value=\u00a0\u00bb#eeeeef\u00a0\u00bb][vc_column offset=\u00a0\u00bbvc_hidden-md vc_hidden-sm vc_hidden-xs\u00a0\u00bb][vc_empty_space height=\u00a0\u00bb100px\u00a0\u00bb]<div id=\"ultimate-heading-767269e11905ed40f\" class=\"uvc-heading ult-adjust-bottom-margin ultimate-heading-767269e11905ed40f uvc-9106 head-section-title uvc-heading-default-font-sizes\" data-hspacer=\"no_spacer\"  data-halign=\"center\" style=\"text-align:center\"><div class=\"uvc-heading-spacer no_spacer\" style=\"top\"><\/div><div class=\"uvc-main-heading ult-responsive\"  data-ultimate-target='.uvc-heading.ultimate-heading-767269e11905ed40f h2'  data-responsive-json-new='{\"font-size\":\"\",\"line-height\":\"\"}' ><h2 style=\"--font-weight:theme;\">GALERIE<\/h2><\/div><div class=\"uvc-sub-heading ult-responsive\"  data-ultimate-target='.uvc-heading.ultimate-heading-767269e11905ed40f .uvc-sub-heading '  data-responsive-json-new='{\"font-size\":\"\",\"line-height\":\"\"}'  style=\"font-weight:normal;\"><\/p>\n<p><\/div><\/div>[vc_empty_space height=\u00a0\u00bb50px\u00a0\u00bb][vc_masonry_media_grid element_width=\u00a0\u00bb3&Prime; gap=\u00a0\u00bb10&Prime; grid_id=\u00a0\u00bbvc_gid:1660229036109-daf115d5-5567-10&Prime; include=\u00a0\u00bb3565,3569,3573,3561,3577,3589,3581,3585&Prime;][vc_empty_space height=\u00a0\u00bb100px\u00a0\u00bb][\/vc_column][\/vc_row][vc_row full_width=\u00a0\u00bbstretch_row\u00a0\u00bb bg_type=\u00a0\u00bbbg_color\u00a0\u00bb bg_override=\u00a0\u00bbfull\u00a0\u00bb bg_color_value=\u00a0\u00bb#eeeeef\u00a0\u00bb][vc_column offset=\u00a0\u00bbvc_hidden-lg\u00a0\u00bb][vc_empty_space height=\u00a0\u00bb50px\u00a0\u00bb]<div id=\"ultimate-heading-211469e11905ed485\" class=\"uvc-heading ult-adjust-bottom-margin ultimate-heading-211469e11905ed485 uvc-3468 head-section-title uvc-heading-default-font-sizes\" data-hspacer=\"no_spacer\"  data-halign=\"center\" style=\"text-align:center\"><div class=\"uvc-heading-spacer no_spacer\" style=\"top\"><\/div><div class=\"uvc-main-heading ult-responsive\"  data-ultimate-target='.uvc-heading.ultimate-heading-211469e11905ed485 h2'  data-responsive-json-new='{\"font-size\":\"\",\"line-height\":\"\"}' ><h2 style=\"--font-weight:theme;\">GALERIE<\/h2><\/div><div class=\"uvc-sub-heading ult-responsive\"  data-ultimate-target='.uvc-heading.ultimate-heading-211469e11905ed485 .uvc-sub-heading '  data-responsive-json-new='{\"font-size\":\"\",\"line-height\":\"\"}'  style=\"font-weight:normal;\"><\/p>\n<p><\/div><\/div>[vc_empty_space height=\u00a0\u00bb50px\u00a0\u00bb][vc_masonry_media_grid element_width=\u00a0\u00bb3&Prime; gap=\u00a0\u00bb10&Prime; grid_id=\u00a0\u00bbvc_gid:1660229036118-08f953da-8419-5&Prime; include=\u00a0\u00bb3565,3569,3573,3561,3577,3589,3581,3585&Prime;][vc_empty_space height=\u00a0\u00bb50px\u00a0\u00bb][\/vc_column][\/vc_row][vc_row full_width=\u00a0\u00bbstretch_row\u00a0\u00bb bg_type=\u00a0\u00bbimage\u00a0\u00bb parallax_style=\u00a0\u00bbvcpb-default\u00a0\u00bb bg_image_new=\u00a0\u00bbid^1166|url^http:\/\/www.pharmathek.com\/wp-content\/uploads\/2018\/03\/farmacia-specifiche-background.jpg|caption^null|alt^null|title^farmacia-specifiche-background|description^null\u00a0\u00bb bg_image_repeat=\u00a0\u00bbno-repeat\u00a0\u00bb bg_override=\u00a0\u00bbfull\u00a0\u00bb][vc_column][vc_empty_space height=\u00a0\u00bb100px\u00a0\u00bb]<div id=\"ultimate-heading-936469e11905ed4fb\" class=\"uvc-heading ult-adjust-bottom-margin ultimate-heading-936469e11905ed4fb uvc-1332 head-section-title text-white uvc-heading-default-font-sizes\" data-hspacer=\"no_spacer\"  data-halign=\"center\" style=\"text-align:center\"><div class=\"uvc-heading-spacer no_spacer\" style=\"top\"><\/div><div class=\"uvc-main-heading ult-responsive\"  data-ultimate-target='.uvc-heading.ultimate-heading-936469e11905ed4fb h2'  data-responsive-json-new='{\"font-size\":\"\",\"line-height\":\"\"}' ><h2 style=\"--font-weight:theme;\">LE PROJET<\/h2><\/div><div class=\"uvc-sub-heading ult-responsive\"  data-ultimate-target='.uvc-heading.ultimate-heading-936469e11905ed4fb .uvc-sub-heading '  data-responsive-json-new='{\"font-size\":\"\",\"line-height\":\"\"}'  style=\"font-weight:normal;\"><\/p>\n<p><\/div><\/div>[vc_empty_space height=\u00a0\u00bb50px\u00a0\u00bb][vc_separator color=\u00a0\u00bbwhite\u00a0\u00bb][vc_row_inner][vc_column_inner width=\u00a0\u00bb1\/2&Prime;][vc_column_text el_class=\u00a0\u00bbprogetto-voci\u00a0\u00bb]SOLUTIONS PHARMATHEK[\/vc_column_text][\/vc_column_inner][vc_column_inner width=\u00a0\u00bb1\/2&Prime;][vc_column_text el_class=\u00a0\u00bbprogetto-voci-valori\u00a0\u00bb]SINTESI + EUCLID3D[\/vc_column_text][\/vc_column_inner][\/vc_row_inner][vc_separator color=\u00a0\u00bbwhite\u00a0\u00bb][vc_row_inner][vc_column_inner width=\u00a0\u00bb1\/2&Prime;][vc_column_text el_class=\u00a0\u00bbprogetto-voci\u00a0\u00bb]DIMENSIONS ROBOT[\/vc_column_text][\/vc_column_inner][vc_column_inner width=\u00a0\u00bb1\/2&Prime;][vc_column_text el_class=\u00a0\u00bbprogetto-voci-valori\u00a0\u00bb]<\/p>\n<p>L 3.500 x H 3.300 mm<\/p>\n<p>[\/vc_column_text][\/vc_column_inner][\/vc_row_inner][vc_separator color=\u00a0\u00bbwhite\u00a0\u00bb][vc_row_inner][vc_column_inner width=\u00a0\u00bb1\/2&Prime;][vc_column_text el_class=\u00a0\u00bbprogetto-voci\u00a0\u00bb]CAPACIT\u00c9 BO\u00ceTES[\/vc_column_text][\/vc_column_inner][vc_column_inner width=\u00a0\u00bb1\/2&Prime;][vc_column_text el_class=\u00a0\u00bbprogetto-voci-valori\u00a0\u00bb]<\/p>\n<p>11.000<\/p>\n<p>[\/vc_column_text][\/vc_column_inner][\/vc_row_inner][vc_separator color=\u00a0\u00bbwhite\u00a0\u00bb][vc_row_inner][vc_column_inner width=\u00a0\u00bb1\/2&Prime;][vc_column_text el_class=\u00a0\u00bbprogetto-voci\u00a0\u00bb]POSITION ROBOT PAR RAPPORT AU COMPTOIR[\/vc_column_text][\/vc_column_inner][vc_column_inner width=\u00a0\u00bb1\/2&Prime;][vc_column_text el_class=\u00a0\u00bbprogetto-voci-valori\u00a0\u00bb]\u00c9TAGE SUP\u00c9RIEUR[\/vc_column_text][\/vc_column_inner][\/vc_row_inner][vc_separator color=\u00a0\u00bbwhite\u00a0\u00bb][vc_row_inner][vc_column_inner width=\u00a0\u00bb1\/2&Prime;][vc_column_text el_class=\u00a0\u00bbprogetto-voci\u00a0\u00bb]PRODUITS EN MOUVEMENT[\/vc_column_text][\/vc_column_inner][vc_column_inner width=\u00a0\u00bb1\/2&Prime;][vc_column_text el_class=\u00a0\u00bbprogetto-voci-valori\u00a0\u00bb]<\/p>\n<p>&lt; 1.000<\/p>\n<p>[\/vc_column_text][\/vc_column_inner][\/vc_row_inner][vc_separator color=\u00a0\u00bbwhite\u00a0\u00bb][vc_empty_space height=\u00a0\u00bb100px\u00a0\u00bb][\/vc_column][\/vc_row][vc_row full_width=\u00a0\u00bbstretch_row_content_no_spaces\u00a0\u00bb][vc_column el_class=\u00a0\u00bbfull-width-no-padding\u00a0\u00bb][vc_single_image image=\u00a0\u00bb3593&Prime; img_size=\u00a0\u00bbfull\u00a0\u00bb alignment=\u00a0\u00bbcenter\u00a0\u00bb]<style type=\"text\/css\" data-type=\"the7_shortcodes-inline-css\">#default-btn-0e4e87e5e968b404cd830fa571b9ffc3.ico-right-side > i {\n  margin-right: 0px;\n  margin-left: 8px;\n}\n#default-btn-0e4e87e5e968b404cd830fa571b9ffc3 > i {\n  margin-right: 8px;\n}\n<\/style><div class=\"btn-align-center\"><a href=\"https:\/\/www.pharmathek.com\/fr\/installations\/\" class=\"default-btn-shortcode dt-btn dt-btn-l link-hover-off weight-300 full-width-btn \" id=\"default-btn-0e4e87e5e968b404cd830fa571b9ffc3\" title=\"Installations\"><span>Retour \u00e0 la liste des installations<\/span><\/a><\/div>[\/vc_column][\/vc_row][vc_row full_width=\u00a0\u00bbstretch_row\u00a0\u00bb bg_type=\u00a0\u00bbbg_color\u00a0\u00bb bg_override=\u00a0\u00bbfull\u00a0\u00bb bg_color_value=\u00a0\u00bb#ffffff\u00a0\u00bb][vc_column offset=\u00a0\u00bbvc_hidden-md vc_hidden-sm vc_hidden-xs\u00a0\u00bb][vc_empty_space height=\u00a0\u00bb100px\u00a0\u00bb][\/vc_column][\/vc_row]<\/p>\n<\/div>","protected":false},"excerpt":{"rendered":"<p>Burriana, Castell\u00f3 (Espagne)<\/p>\n","protected":false},"author":3,"featured_media":3529,"parent":0,"menu_order":0,"comment_status":"closed","ping_status":"closed","template":"","meta":{"inline_featured_image":false,"footnotes":""},"categories":[45,47],"tags":[],"class_list":["post-23318","page","type-page","status-publish","has-post-thumbnail","hentry","category-installations","category-pharmacies","description-off"],"_links":{"self":[{"href":"https:\/\/www.pharmathek.com\/fr\/wp-json\/wp\/v2\/pages\/23318","targetHints":{"allow":["GET"]}}],"collection":[{"href":"https:\/\/www.pharmathek.com\/fr\/wp-json\/wp\/v2\/pages"}],"about":[{"href":"https:\/\/www.pharmathek.com\/fr\/wp-json\/wp\/v2\/types\/page"}],"author":[{"embeddable":true,"href":"https:\/\/www.pharmathek.com\/fr\/wp-json\/wp\/v2\/users\/3"}],"replies":[{"embeddable":true,"href":"https:\/\/www.pharmathek.com\/fr\/wp-json\/wp\/v2\/comments?post=23318"}],"version-history":[{"count":5,"href":"https:\/\/www.pharmathek.com\/fr\/wp-json\/wp\/v2\/pages\/23318\/revisions"}],"predecessor-version":[{"id":23364,"href":"https:\/\/www.pharmathek.com\/fr\/wp-json\/wp\/v2\/pages\/23318\/revisions\/23364"}],"wp:featuredmedia":[{"embeddable":true,"href":"https:\/\/www.pharmathek.com\/fr\/wp-json\/wp\/v2\/media\/3529"}],"wp:attachment":[{"href":"https:\/\/www.pharmathek.com\/fr\/wp-json\/wp\/v2\/media?parent=23318"}],"wp:term":[{"taxonomy":"category","embeddable":true,"href":"https:\/\/www.pharmathek.com\/fr\/wp-json\/wp\/v2\/categories?post=23318"},{"taxonomy":"post_tag","embeddable":true,"href":"https:\/\/www.pharmathek.com\/fr\/wp-json\/wp\/v2\/tags?post=23318"}],"curies":[{"name":"wp","href":"https:\/\/api.w.org\/{rel}","templated":true}]}}