{"id":23401,"date":"2022-08-11T17:24:23","date_gmt":"2022-08-11T15:24:23","guid":{"rendered":"https:\/\/www.pharmathek.com\/?page_id=23401"},"modified":"2022-08-11T17:24:23","modified_gmt":"2022-08-11T15:24:23","slug":"pharmacie-massa","status":"publish","type":"page","link":"https:\/\/www.pharmathek.com\/fr\/pharmacie-massa\/","title":{"rendered":"Pharmacie Massa"},"content":{"rendered":"<div class=\"wpb-content-wrapper\"><p>[vc_row full_width=\u00a0\u00bbstretch_row_content\u00a0\u00bb equal_height=\u00a0\u00bbyes\u00a0\u00bb content_placement=\u00a0\u00bbmiddle\u00a0\u00bb bg_type=\u00a0\u00bbbg_color\u00a0\u00bb bg_override=\u00a0\u00bbfull\u00a0\u00bb bg_color_value=\u00a0\u00bb#eeeeef\u00a0\u00bb][vc_column width=\u00a0\u00bb1\/2&Prime; css=\u00a0\u00bb.vc_custom_1523961529410{padding-right: 0px !important;padding-left: 0px !important;}\u00a0\u00bb offset=\u00a0\u00bbvc_hidden-md vc_hidden-sm vc_hidden-xs\u00a0\u00bb][vc_single_image image=\u00a0\u00bb1822&Prime; img_size=\u00a0\u00bbfull\u00a0\u00bb][\/vc_column][vc_column width=\u00a0\u00bb1\/2&Prime; css=\u00a0\u00bb.vc_custom_1523961534580{padding-right: 100px !important;padding-left: 100px !important;}\u00a0\u00bb offset=\u00a0\u00bbvc_hidden-md vc_hidden-sm vc_hidden-xs\u00a0\u00bb][vc_empty_space]<div id=\"ultimate-heading-42496a09040b5db23\" class=\"uvc-heading ult-adjust-bottom-margin ultimate-heading-42496a09040b5db23 uvc-6294 head-section-title uvc-heading-default-font-sizes\" data-hspacer=\"no_spacer\"  data-halign=\"center\" style=\"text-align:center\"><div class=\"uvc-heading-spacer no_spacer\" style=\"top\"><\/div><div class=\"uvc-main-heading ult-responsive\"  data-ultimate-target='.uvc-heading.ultimate-heading-42496a09040b5db23 p'  data-responsive-json-new='{\"font-size\":\"\",\"line-height\":\"\"}' ><p style=\"--font-weight:theme;\">PHARMACIE MASSA<\/p><\/div><\/div>[vc_empty_space][vc_column_text el_class=\u00a0\u00bbtext-justify\u00a0\u00bb]La Pharmacie Massa du Dr Rebecchi a install\u00e9 un robot de pharmacie Pharmathek.<\/p>\n<p>L&rsquo;insertion de l&rsquo;entrep\u00f4t robotis\u00e9 a eu lieu lors de la r\u00e9novation de la pharmacie. Le robot, mod\u00e8le <a href=\"https:\/\/www.pharmathek.com\/fr\/sintesi\/\">Sintesi<\/a>, a \u00e9t\u00e9 install\u00e9 au sous-sol afin de r\u00e9cup\u00e9rer de l&rsquo;espace \u00e0 d\u00e9dier \u00e0 la surface de vente. Les m\u00e9dicaments sont amen\u00e9s \u00e0 l&rsquo;\u00e9tage de la pharmacie \u00e0 travers des micro-lifts, c&rsquo;est-\u00e0-dire de petits ascenseurs pour transporter les boites des m\u00e9dicaments. Ici, ils sont d\u00e9livr\u00e9s dans deux \u00e9l\u00e9gants bacs de couleur gris m\u00e9tallis\u00e9.<\/p>\n<p>Un manipulateur <a href=\"https:\/\/www.pharmathek.com\/fr\/euclid3d\/\">Euclid3D<\/a> a \u00e9t\u00e9 install\u00e9 \u00e0 l&rsquo;int\u00e9rieur du robot.[\/vc_column_text][vc_empty_space][\/vc_column][\/vc_row][vc_row full_width=\u00a0\u00bbstretch_row_content\u00a0\u00bb equal_height=\u00a0\u00bbyes\u00a0\u00bb content_placement=\u00a0\u00bbmiddle\u00a0\u00bb bg_type=\u00a0\u00bbbg_color\u00a0\u00bb bg_override=\u00a0\u00bbfull\u00a0\u00bb bg_color_value=\u00a0\u00bb#eeeeef\u00a0\u00bb][vc_column css=\u00a0\u00bb.vc_custom_1524126845666{padding-right: 0px !important;padding-left: 0px !important;}\u00a0\u00bb offset=\u00a0\u00bbvc_hidden-lg\u00a0\u00bb el_class=\u00a0\u00bbfull-width-no-padding\u00a0\u00bb][vc_single_image image=\u00a0\u00bb1822&Prime; img_size=\u00a0\u00bbfull\u00a0\u00bb][vc_empty_space]<div id=\"ultimate-heading-70906a09040b5dbcd\" class=\"uvc-heading ult-adjust-bottom-margin ultimate-heading-70906a09040b5dbcd uvc-9773 head-section-title uvc-heading-default-font-sizes\" data-hspacer=\"no_spacer\"  data-halign=\"center\" style=\"text-align:center\"><div class=\"uvc-heading-spacer no_spacer\" style=\"top\"><\/div><div class=\"uvc-main-heading ult-responsive\"  data-ultimate-target='.uvc-heading.ultimate-heading-70906a09040b5dbcd p'  data-responsive-json-new='{\"font-size\":\"\",\"line-height\":\"\"}' ><p style=\"--font-weight:theme;\">PHARMACIE MASSA<\/p><\/div><\/div>[vc_empty_space][vc_column_text el_class=\u00a0\u00bbtext-justify\u00a0\u00bb]La Pharmacie Massa du Dr Rebecchi a install\u00e9 un robot de pharmacie Pharmathek.<\/p>\n<p>L&rsquo;insertion de l&rsquo;entrep\u00f4t robotis\u00e9 a eu lieu lors de la r\u00e9novation de la pharmacie. Le robot, mod\u00e8le <a href=\"https:\/\/www.pharmathek.com\/fr\/sintesi\/\">Sintesi<\/a>, a \u00e9t\u00e9 install\u00e9 au sous-sol afin de r\u00e9cup\u00e9rer de l&rsquo;espace \u00e0 d\u00e9dier \u00e0 la surface de vente. Les m\u00e9dicaments sont amen\u00e9s \u00e0 l&rsquo;\u00e9tage de la pharmacie \u00e0 travers des micro-lifts, c&rsquo;est-\u00e0-dire de petits ascenseurs pour transporter les boites des m\u00e9dicaments. Ici, ils sont d\u00e9livr\u00e9s dans deux \u00e9l\u00e9gants bacs de couleur gris m\u00e9tallis\u00e9.<\/p>\n<p>Un manipulateur <a href=\"https:\/\/www.pharmathek.com\/fr\/euclid3d\/\">Euclid3D<\/a> a \u00e9t\u00e9 install\u00e9 \u00e0 l&rsquo;int\u00e9rieur du robot.[\/vc_column_text][vc_empty_space][\/vc_column][\/vc_row][vc_row][vc_column offset=\u00a0\u00bbvc_hidden-md vc_hidden-sm vc_hidden-xs\u00a0\u00bb][vc_empty_space height=\u00a0\u00bb100px\u00a0\u00bb][vc_single_image image=\u00a0\u00bb1823&Prime; img_size=\u00a0\u00bbfull\u00a0\u00bb alignment=\u00a0\u00bbcenter\u00a0\u00bb][vc_empty_space]<div id=\"ultimate-heading-67046a09040b5dc4f\" class=\"uvc-heading ult-adjust-bottom-margin ultimate-heading-67046a09040b5dc4f uvc-9541 head-section-title uvc-heading-default-font-sizes\" data-hspacer=\"no_spacer\"  data-halign=\"center\" style=\"text-align:center\"><div class=\"uvc-heading-spacer no_spacer\" style=\"top\"><\/div><div class=\"uvc-main-heading ult-responsive\"  data-ultimate-target='.uvc-heading.ultimate-heading-67046a09040b5dc4f p'  data-responsive-json-new='{\"font-size\":\"\",\"line-height\":\"\"}' ><p style=\"--font-weight:theme;\">LA PAROLE AU PHARMACIEN<\/p><\/div><\/div>[vc_empty_space][vc_column_text el_class=\u00a0\u00bbtext-justify\u00a0\u00bb]<\/p>\n<h4>Docteur Rebecchi, pourquoi avez-vous d\u00e9cid\u00e9 d&rsquo;automatiser votre pharmacie ?<\/h4>\n<p>Nous avons choisi d&rsquo;installer un entrep\u00f4t robotis\u00e9 principalement pour augmenter la surface d\u00e9di\u00e9e au public et d&rsquo;autre part pour avoir une meilleure perspective en termes de r\u00e9organisation des flux de travail et des produits.<\/p>\n<p>&nbsp;<\/p>\n<h4><b>Pourquoi avez-vous choisi de faire confiance \u00e0 Pharmathek pour l&rsquo;automatisation des locaux ?<\/b><\/h4>\n<p>Je collaborais depuis de nombreuses ann\u00e9es avec Th.Kohl, l&rsquo;autre soci\u00e9t\u00e9 du groupe, et lorsque au salon j&rsquo;ai vu le bras automatis\u00e9 Euclid3D, dont j&rsquo;ai appr\u00e9ci\u00e9 les caract\u00e9ristiques techniques, j&rsquo;ai r\u00e9alis\u00e9 que c&rsquo;\u00e9tait le brevet que je voulais avoir dans ma pharmacie.<\/p>\n<p>Je l&rsquo;ai aim\u00e9 aussi car, contrairement \u00e0 d&rsquo;autres robots, il imite davantage le travail du pharmacien : lorsqu&rsquo;il va au travail il n&rsquo;apporte pas un seul produit au comptoir, mais comme un pharmacien qui revient avec les bras charg\u00e9s de r\u00e9f\u00e9rences, il en livre plusieurs en un seul voyage.<\/p>\n<p>&nbsp;<\/p>\n<h4>Qu&rsquo;est-ce qui a chang\u00e9 depuis l&rsquo;installation du robot ?<\/h4>\n<p>Maintenant, dans la pharmacie, nous avons une aide valable qui permet \u00e0 moi et \u00e0 mes collaborateurs de travailler de mani\u00e8re plus ordonn\u00e9e, avec moins de pens\u00e9es. En fait, on s&rsquo;est d\u00e9barrass\u00e9 d&rsquo;une corv\u00e9e de pure logistique qui consommait beaucoup d&rsquo;\u00e9nergie, d\u00e9sormais d\u00e9di\u00e9e \u00e0 des activit\u00e9s purement professionnelles.[\/vc_column_text][vc_empty_space height=\u00a0\u00bb100px\u00a0\u00bb][\/vc_column][\/vc_row][vc_row][vc_column offset=\u00a0\u00bbvc_hidden-lg\u00a0\u00bb][vc_empty_space height=\u00a0\u00bb50px\u00a0\u00bb][vc_single_image image=\u00a0\u00bb1823&Prime; img_size=\u00a0\u00bbfull\u00a0\u00bb alignment=\u00a0\u00bbcenter\u00a0\u00bb][vc_empty_space]<div id=\"ultimate-heading-9796a09040b5dcce\" class=\"uvc-heading ult-adjust-bottom-margin ultimate-heading-9796a09040b5dcce uvc-977 head-section-title uvc-heading-default-font-sizes\" data-hspacer=\"no_spacer\"  data-halign=\"center\" style=\"text-align:center\"><div class=\"uvc-heading-spacer no_spacer\" style=\"top\"><\/div><div class=\"uvc-main-heading ult-responsive\"  data-ultimate-target='.uvc-heading.ultimate-heading-9796a09040b5dcce p'  data-responsive-json-new='{\"font-size\":\"\",\"line-height\":\"\"}' ><p style=\"--font-weight:theme;\">LA PAROLE AU PHARMACIEN<\/p><\/div><\/div>[vc_empty_space][vc_column_text el_class=\u00a0\u00bbtext-justify\u00a0\u00bb]<\/p>\n<h4>Docteur Rebecchi, pourquoi avez-vous d\u00e9cid\u00e9 d&rsquo;automatiser votre pharmacie ?<\/h4>\n<p>Nous avons choisi d&rsquo;installer un entrep\u00f4t robotis\u00e9 principalement pour augmenter la surface d\u00e9di\u00e9e au public et d&rsquo;autre part pour avoir une meilleure perspective en termes de r\u00e9organisation des flux de travail et des produits.<\/p>\n<p>&nbsp;<\/p>\n<h4><b>Pourquoi avez-vous choisi de faire confiance \u00e0 Pharmathek pour l&rsquo;automatisation des locaux ?<\/b><\/h4>\n<p>Je collaborais depuis de nombreuses ann\u00e9es avec Th.Kohl, l&rsquo;autre soci\u00e9t\u00e9 du groupe, et lorsque au salon j&rsquo;ai vu le bras automatis\u00e9 Euclid3D, dont j&rsquo;ai appr\u00e9ci\u00e9 les caract\u00e9ristiques techniques, j&rsquo;ai r\u00e9alis\u00e9 que c&rsquo;\u00e9tait le brevet que je voulais avoir dans ma pharmacie.<\/p>\n<p>Je l&rsquo;ai aim\u00e9 aussi car, contrairement \u00e0 d&rsquo;autres robots, il imite davantage le travail du pharmacien : lorsqu&rsquo;il va au travail il n&rsquo;apporte pas un seul produit au comptoir, mais comme un pharmacien qui revient avec les bras charg\u00e9s de r\u00e9f\u00e9rences, il en livre plusieurs en un seul voyage.<\/p>\n<p>&nbsp;<\/p>\n<h4>Qu&rsquo;est-ce qui a chang\u00e9 depuis l&rsquo;installation du robot ?<\/h4>\n<p>Maintenant, dans la pharmacie, nous avons une aide valable qui permet \u00e0 moi et \u00e0 mes collaborateurs de travailler de mani\u00e8re plus ordonn\u00e9e, avec moins de pens\u00e9es. En fait, on s&rsquo;est d\u00e9barrass\u00e9 d&rsquo;une corv\u00e9e de pure logistique qui consommait beaucoup d&rsquo;\u00e9nergie, d\u00e9sormais d\u00e9di\u00e9e \u00e0 des activit\u00e9s purement professionnelles.[\/vc_column_text][vc_empty_space height=\u00a0\u00bb50px\u00a0\u00bb][\/vc_column][\/vc_row][vc_row full_width=\u00a0\u00bbstretch_row\u00a0\u00bb bg_type=\u00a0\u00bbbg_color\u00a0\u00bb bg_override=\u00a0\u00bbfull\u00a0\u00bb bg_color_value=\u00a0\u00bb#eeeeef\u00a0\u00bb][vc_column offset=\u00a0\u00bbvc_hidden-md vc_hidden-sm vc_hidden-xs\u00a0\u00bb][vc_empty_space height=\u00a0\u00bb100px\u00a0\u00bb]<div id=\"ultimate-heading-57856a09040b5dd4b\" class=\"uvc-heading ult-adjust-bottom-margin ultimate-heading-57856a09040b5dd4b uvc-9869 head-section-title uvc-heading-default-font-sizes\" data-hspacer=\"no_spacer\"  data-halign=\"center\" style=\"text-align:center\"><div class=\"uvc-heading-spacer no_spacer\" style=\"top\"><\/div><div class=\"uvc-main-heading ult-responsive\"  data-ultimate-target='.uvc-heading.ultimate-heading-57856a09040b5dd4b h2'  data-responsive-json-new='{\"font-size\":\"\",\"line-height\":\"\"}' ><h2 style=\"--font-weight:theme;\">GALERIE<\/h2><\/div><\/div>[vc_empty_space height=\u00a0\u00bb50px\u00a0\u00bb][vc_masonry_media_grid style=\u00a0\u00bblazy\u00a0\u00bb items_per_page=\u00a0\u00bb20&Prime; element_width=\u00a0\u00bb3&Prime; gap=\u00a0\u00bb10&Prime; grid_id=\u00a0\u00bbvc_gid:1660231127055-f12f7d3d-574c-1&Prime; include=\u00a0\u00bb1825,1826,1827,1828,1829,1830,1833,1835&Prime;][vc_empty_space height=\u00a0\u00bb100px\u00a0\u00bb][\/vc_column][\/vc_row][vc_row full_width=\u00a0\u00bbstretch_row\u00a0\u00bb bg_type=\u00a0\u00bbbg_color\u00a0\u00bb bg_override=\u00a0\u00bbfull\u00a0\u00bb bg_color_value=\u00a0\u00bb#eeeeef\u00a0\u00bb][vc_column offset=\u00a0\u00bbvc_hidden-lg\u00a0\u00bb][vc_empty_space height=\u00a0\u00bb50px\u00a0\u00bb]<div id=\"ultimate-heading-78566a09040b5ddcb\" class=\"uvc-heading ult-adjust-bottom-margin ultimate-heading-78566a09040b5ddcb uvc-9295 head-section-title uvc-heading-default-font-sizes\" data-hspacer=\"no_spacer\"  data-halign=\"center\" style=\"text-align:center\"><div class=\"uvc-heading-spacer no_spacer\" style=\"top\"><\/div><div class=\"uvc-main-heading ult-responsive\"  data-ultimate-target='.uvc-heading.ultimate-heading-78566a09040b5ddcb h2'  data-responsive-json-new='{\"font-size\":\"\",\"line-height\":\"\"}' ><h2 style=\"--font-weight:theme;\">GALERIE<\/h2><\/div><\/div>[vc_empty_space height=\u00a0\u00bb50px\u00a0\u00bb][vc_masonry_media_grid element_width=\u00a0\u00bb3&Prime; gap=\u00a0\u00bb10&Prime; grid_id=\u00a0\u00bbvc_gid:1660231127059-f73ce7cb-7a9a-6&Prime; include=\u00a0\u00bb1825,1826,1827,1828,1829,1830,1833,1835&Prime;][vc_empty_space height=\u00a0\u00bb50px\u00a0\u00bb][\/vc_column][\/vc_row][vc_row full_width=\u00a0\u00bbstretch_row\u00a0\u00bb bg_type=\u00a0\u00bbimage\u00a0\u00bb parallax_style=\u00a0\u00bbvcpb-default\u00a0\u00bb bg_image_new=\u00a0\u00bbid^1166|url^http:\/\/www.pharmathek.com\/wp-content\/uploads\/2018\/03\/farmacia-specifiche-background.jpg|caption^null|alt^null|title^farmacia-specifiche-background|description^null\u00a0\u00bb bg_image_repeat=\u00a0\u00bbno-repeat\u00a0\u00bb bg_override=\u00a0\u00bbfull\u00a0\u00bb][vc_column][vc_empty_space height=\u00a0\u00bb100px\u00a0\u00bb]<div id=\"ultimate-heading-27896a09040b5de42\" class=\"uvc-heading ult-adjust-bottom-margin ultimate-heading-27896a09040b5de42 uvc-3897 head-section-title text-white uvc-heading-default-font-sizes\" data-hspacer=\"no_spacer\"  data-halign=\"center\" style=\"text-align:center\"><div class=\"uvc-heading-spacer no_spacer\" style=\"top\"><\/div><div class=\"uvc-main-heading ult-responsive\"  data-ultimate-target='.uvc-heading.ultimate-heading-27896a09040b5de42 h2'  data-responsive-json-new='{\"font-size\":\"\",\"line-height\":\"\"}' ><h2 style=\"--font-weight:theme;\">LE PROJET<\/h2><\/div><\/div>[vc_empty_space height=\u00a0\u00bb50px\u00a0\u00bb][vc_separator color=\u00a0\u00bbwhite\u00a0\u00bb][vc_row_inner][vc_column_inner width=\u00a0\u00bb1\/2&Prime;][vc_column_text el_class=\u00a0\u00bbprogetto-voci\u00a0\u00bb]SURFACE DE LA PHARMACIE[\/vc_column_text][\/vc_column_inner][vc_column_inner width=\u00a0\u00bb1\/2&Prime;][vc_column_text el_class=\u00a0\u00bbprogetto-voci-valori\u00a0\u00bb]100 m\u00e8tres carr\u00e9s<\/p>\n<p>[\/vc_column_text][\/vc_column_inner][\/vc_row_inner][vc_separator color=\u00a0\u00bbwhite\u00a0\u00bb][vc_row_inner][vc_column_inner width=\u00a0\u00bb1\/2&Prime;][vc_column_text el_class=\u00a0\u00bbprogetto-voci\u00a0\u00bb]SOLUTIONS PHARMATHEK[\/vc_column_text][\/vc_column_inner][vc_column_inner width=\u00a0\u00bb1\/2&Prime;][vc_column_text el_class=\u00a0\u00bbprogetto-voci-valori\u00a0\u00bb]SINTESI + PHARMALOAD + EUCLID3D[\/vc_column_text][\/vc_column_inner][\/vc_row_inner][vc_separator color=\u00a0\u00bbwhite\u00a0\u00bb][vc_row_inner][vc_column_inner width=\u00a0\u00bb1\/2&Prime;][vc_column_text el_class=\u00a0\u00bbprogetto-voci\u00a0\u00bb]DIMENSIONS ROBOT[\/vc_column_text][\/vc_column_inner][vc_column_inner width=\u00a0\u00bb1\/2&Prime;][vc_column_text el_class=\u00a0\u00bbprogetto-voci-valori\u00a0\u00bb]<\/p>\n<p>L 6.500 x H 2.800 mm<\/p>\n<p>[\/vc_column_text][\/vc_column_inner][\/vc_row_inner][vc_separator color=\u00a0\u00bbwhite\u00a0\u00bb][vc_row_inner][vc_column_inner width=\u00a0\u00bb1\/2&Prime;][vc_column_text el_class=\u00a0\u00bbprogetto-voci\u00a0\u00bb]CAPACIT\u00c9 BO\u00ceTES[\/vc_column_text][\/vc_column_inner][vc_column_inner width=\u00a0\u00bb1\/2&Prime;][vc_column_text el_class=\u00a0\u00bbprogetto-voci-valori\u00a0\u00bb]<\/p>\n<p>15.100<\/p>\n<p>[\/vc_column_text][\/vc_column_inner][\/vc_row_inner][vc_separator color=\u00a0\u00bbwhite\u00a0\u00bb][vc_row_inner][vc_column_inner width=\u00a0\u00bb1\/2&Prime;][vc_column_text el_class=\u00a0\u00bbprogetto-voci\u00a0\u00bb]POSITION ROBOT PAR RAPPORT AU COMPTOIR[\/vc_column_text][\/vc_column_inner][vc_column_inner width=\u00a0\u00bb1\/2&Prime;][vc_column_text el_class=\u00a0\u00bbprogetto-voci-valori\u00a0\u00bb]AU SOUS-SOL[\/vc_column_text][\/vc_column_inner][\/vc_row_inner][vc_separator color=\u00a0\u00bbwhite\u00a0\u00bb][vc_row_inner][vc_column_inner width=\u00a0\u00bb1\/2&Prime;][vc_column_text el_class=\u00a0\u00bbprogetto-voci\u00a0\u00bb]PRODUITS EN MOUVEMENT[\/vc_column_text][\/vc_column_inner][vc_column_inner width=\u00a0\u00bb1\/2&Prime;][vc_column_text el_class=\u00a0\u00bbprogetto-voci-valori\u00a0\u00bb]entre 500 et 1000[\/vc_column_text][\/vc_column_inner][\/vc_row_inner][vc_separator color=\u00a0\u00bbwhite\u00a0\u00bb][vc_empty_space height=\u00a0\u00bb100px\u00a0\u00bb][\/vc_column][\/vc_row][vc_row full_width=\u00a0\u00bbstretch_row_content_no_spaces\u00a0\u00bb][vc_column el_class=\u00a0\u00bbfull-width-no-padding\u00a0\u00bb][vc_single_image image=\u00a0\u00bb1836&Prime; img_size=\u00a0\u00bbfull\u00a0\u00bb alignment=\u00a0\u00bbcenter\u00a0\u00bb]<style type=\"text\/css\" data-type=\"the7_shortcodes-inline-css\">#default-btn-0e4e87e5e968b404cd830fa571b9ffc3.ico-right-side > i {\n  margin-right: 0px;\n  margin-left: 8px;\n}\n#default-btn-0e4e87e5e968b404cd830fa571b9ffc3 > i {\n  margin-right: 8px;\n}\n<\/style><div class=\"btn-align-center\"><a href=\"https:\/\/www.pharmathek.com\/fr\/installations\/\" class=\"default-btn-shortcode dt-btn dt-btn-l link-hover-off weight-300 full-width-btn \" id=\"default-btn-0e4e87e5e968b404cd830fa571b9ffc3\" title=\"Installations\"><span>Retour \u00e0 la liste des installations<\/span><\/a><\/div>[\/vc_column][\/vc_row][vc_row full_width=\u00a0\u00bbstretch_row\u00a0\u00bb bg_type=\u00a0\u00bbbg_color\u00a0\u00bb bg_override=\u00a0\u00bbfull\u00a0\u00bb bg_color_value=\u00a0\u00bb#eeeeef\u00a0\u00bb][vc_column offset=\u00a0\u00bbvc_hidden-md vc_hidden-sm vc_hidden-xs\u00a0\u00bb][vc_empty_space height=\u00a0\u00bb100px\u00a0\u00bb][\/vc_column][\/vc_row]<\/p>\n<\/div>","protected":false},"excerpt":{"rendered":"<p>G\u00eanes (Italie)<\/p>\n","protected":false},"author":3,"featured_media":23403,"parent":0,"menu_order":0,"comment_status":"closed","ping_status":"closed","template":"","meta":{"inline_featured_image":false,"footnotes":""},"categories":[45,47],"tags":[],"class_list":["post-23401","page","type-page","status-publish","has-post-thumbnail","hentry","category-installations","category-pharmacies","description-off"],"_links":{"self":[{"href":"https:\/\/www.pharmathek.com\/fr\/wp-json\/wp\/v2\/pages\/23401","targetHints":{"allow":["GET"]}}],"collection":[{"href":"https:\/\/www.pharmathek.com\/fr\/wp-json\/wp\/v2\/pages"}],"about":[{"href":"https:\/\/www.pharmathek.com\/fr\/wp-json\/wp\/v2\/types\/page"}],"author":[{"embeddable":true,"href":"https:\/\/www.pharmathek.com\/fr\/wp-json\/wp\/v2\/users\/3"}],"replies":[{"embeddable":true,"href":"https:\/\/www.pharmathek.com\/fr\/wp-json\/wp\/v2\/comments?post=23401"}],"version-history":[{"count":3,"href":"https:\/\/www.pharmathek.com\/fr\/wp-json\/wp\/v2\/pages\/23401\/revisions"}],"predecessor-version":[{"id":23422,"href":"https:\/\/www.pharmathek.com\/fr\/wp-json\/wp\/v2\/pages\/23401\/revisions\/23422"}],"wp:featuredmedia":[{"embeddable":true,"href":"https:\/\/www.pharmathek.com\/fr\/wp-json\/wp\/v2\/media\/23403"}],"wp:attachment":[{"href":"https:\/\/www.pharmathek.com\/fr\/wp-json\/wp\/v2\/media?parent=23401"}],"wp:term":[{"taxonomy":"category","embeddable":true,"href":"https:\/\/www.pharmathek.com\/fr\/wp-json\/wp\/v2\/categories?post=23401"},{"taxonomy":"post_tag","embeddable":true,"href":"https:\/\/www.pharmathek.com\/fr\/wp-json\/wp\/v2\/tags?post=23401"}],"curies":[{"name":"wp","href":"https:\/\/api.w.org\/{rel}","templated":true}]}}