{"id":23518,"date":"2022-08-12T10:14:31","date_gmt":"2022-08-12T08:14:31","guid":{"rendered":"https:\/\/www.pharmathek.com\/?page_id=23518"},"modified":"2022-08-12T10:15:23","modified_gmt":"2022-08-12T08:15:23","slug":"pharmacie-municipale-ferrara","status":"publish","type":"page","link":"https:\/\/www.pharmathek.com\/fr\/pharmacie-municipale-ferrara\/","title":{"rendered":"Pharmacie Municipale Ferrara"},"content":{"rendered":"<div class=\"wpb-content-wrapper\"><p>[vc_row full_width=\u00a0\u00bbstretch_row_content\u00a0\u00bb equal_height=\u00a0\u00bbyes\u00a0\u00bb content_placement=\u00a0\u00bbmiddle\u00a0\u00bb bg_type=\u00a0\u00bbbg_color\u00a0\u00bb bg_override=\u00a0\u00bbfull\u00a0\u00bb bg_color_value=\u00a0\u00bb#eeeeef\u00a0\u00bb][vc_column width=\u00a0\u00bb1\/2&Prime; css=\u00a0\u00bb.vc_custom_1523962112980{padding-right: 0px !important;padding-left: 0px !important;}\u00a0\u00bb offset=\u00a0\u00bbvc_hidden-md vc_hidden-sm vc_hidden-xs\u00a0\u00bb][vc_single_image image=\u00a0\u00bb1743&Prime; img_size=\u00a0\u00bbfull\u00a0\u00bb][\/vc_column][vc_column width=\u00a0\u00bb1\/2&Prime; css=\u00a0\u00bb.vc_custom_1523962120550{padding-right: 100px !important;padding-left: 100px !important;}\u00a0\u00bb offset=\u00a0\u00bbvc_hidden-md vc_hidden-sm vc_hidden-xs\u00a0\u00bb][vc_empty_space]<div id=\"ultimate-heading-24526a04d1bcb4910\" class=\"uvc-heading ult-adjust-bottom-margin ultimate-heading-24526a04d1bcb4910 uvc-3524 head-section-title uvc-heading-default-font-sizes\" data-hspacer=\"no_spacer\"  data-halign=\"center\" style=\"text-align:center\"><div class=\"uvc-heading-spacer no_spacer\" style=\"top\"><\/div><div class=\"uvc-main-heading ult-responsive\"  data-ultimate-target='.uvc-heading.ultimate-heading-24526a04d1bcb4910 p'  data-responsive-json-new='{\"font-size\":\"\",\"line-height\":\"\"}' ><p style=\"--font-weight:theme;\">PHARMACIE MUNICIPALE FERRARA N.6<\/p><\/div><div class=\"uvc-sub-heading ult-responsive\"  data-ultimate-target='.uvc-heading.ultimate-heading-24526a04d1bcb4910 .uvc-sub-heading '  data-responsive-json-new='{\"font-size\":\"\",\"line-height\":\"\"}'  style=\"font-weight:normal;\"><\/p>\n<p><\/div><\/div>[vc_empty_space][vc_column_text el_class=\u00a0\u00bbtext-justify\u00a0\u00bb]La pharmacie municipale de Ferrara n.6 a d\u00e9cid\u00e9 d&rsquo;installer un robot pour les pharmacies lorsque la pharmacie a \u00e9t\u00e9 d\u00e9plac\u00e9e dans un autre b\u00e2timent de Via del Naviglio.<\/p>\n<p>Afin d&rsquo;offrir la plus grande surface de vente possible au public, le robot a \u00e9t\u00e9 plac\u00e9 dans un espace sur\u00e9lev\u00e9 cr\u00e9\u00e9 sp\u00e9cifiquement pour l&rsquo;installation de l&rsquo;entrep\u00f4t robotis\u00e9. Les r\u00e9f\u00e9rences sont livr\u00e9es au comptoir de l&rsquo;\u00e9tage sup\u00e9rieur au rez-de-chauss\u00e9e gr\u00e2ce \u00e0 l&rsquo;utilisation de deux vis sans fin helipharma blanches, parfaitement int\u00e9gr\u00e9es au mobilier.[\/vc_column_text][vc_empty_space][\/vc_column][\/vc_row][vc_row full_width=\u00a0\u00bbstretch_row_content\u00a0\u00bb equal_height=\u00a0\u00bbyes\u00a0\u00bb content_placement=\u00a0\u00bbmiddle\u00a0\u00bb bg_type=\u00a0\u00bbbg_color\u00a0\u00bb bg_override=\u00a0\u00bbfull\u00a0\u00bb bg_color_value=\u00a0\u00bb#eeeeef\u00a0\u00bb][vc_column css=\u00a0\u00bb.vc_custom_1524126147614{padding-right: 0px !important;padding-left: 0px !important;}\u00a0\u00bb offset=\u00a0\u00bbvc_hidden-lg\u00a0\u00bb el_class=\u00a0\u00bbfull-width-no-padding\u00a0\u00bb][vc_single_image image=\u00a0\u00bb1743&Prime; img_size=\u00a0\u00bbfull\u00a0\u00bb][vc_empty_space]<div id=\"ultimate-heading-91486a04d1bcb49b5\" class=\"uvc-heading ult-adjust-bottom-margin ultimate-heading-91486a04d1bcb49b5 uvc-6162 head-section-title uvc-heading-default-font-sizes\" data-hspacer=\"no_spacer\"  data-halign=\"center\" style=\"text-align:center\"><div class=\"uvc-heading-spacer no_spacer\" style=\"top\"><\/div><div class=\"uvc-main-heading ult-responsive\"  data-ultimate-target='.uvc-heading.ultimate-heading-91486a04d1bcb49b5 p'  data-responsive-json-new='{\"font-size\":\"\",\"line-height\":\"\"}' ><p style=\"--font-weight:theme;\">PHARMACIE MUNICIPALE FERRARA N.6<\/p><\/div><div class=\"uvc-sub-heading ult-responsive\"  data-ultimate-target='.uvc-heading.ultimate-heading-91486a04d1bcb49b5 .uvc-sub-heading '  data-responsive-json-new='{\"font-size\":\"\",\"line-height\":\"\"}'  style=\"font-weight:normal;\"><\/p>\n<p><\/div><\/div>[vc_empty_space][vc_column_text el_class=\u00a0\u00bbtext-justify\u00a0\u00bb]La pharmacie municipale de Ferrara n.6 a d\u00e9cid\u00e9 d&rsquo;installer un robot pour les pharmacies lorsque la pharmacie a \u00e9t\u00e9 d\u00e9plac\u00e9e dans un autre b\u00e2timent de Via del Naviglio.<\/p>\n<p>Afin d&rsquo;offrir la plus grande surface de vente possible au public, le robot a \u00e9t\u00e9 plac\u00e9 dans un espace sur\u00e9lev\u00e9 cr\u00e9\u00e9 sp\u00e9cifiquement pour l&rsquo;installation de l&rsquo;entrep\u00f4t robotis\u00e9. Les r\u00e9f\u00e9rences sont livr\u00e9es au comptoir de l&rsquo;\u00e9tage sup\u00e9rieur au rez-de-chauss\u00e9e gr\u00e2ce \u00e0 l&rsquo;utilisation de deux vis sans fin helipharma blanches, parfaitement int\u00e9gr\u00e9es au mobilier.[\/vc_column_text][vc_empty_space][\/vc_column][\/vc_row][vc_row][vc_column offset=\u00a0\u00bbvc_hidden-md vc_hidden-sm vc_hidden-xs\u00a0\u00bb][vc_empty_space height=\u00a0\u00bb100px\u00a0\u00bb][vc_single_image image=\u00a0\u00bb1746&Prime; img_size=\u00a0\u00bbfull\u00a0\u00bb alignment=\u00a0\u00bbcenter\u00a0\u00bb][vc_empty_space]<div id=\"ultimate-heading-64656a04d1bcb4a39\" class=\"uvc-heading ult-adjust-bottom-margin ultimate-heading-64656a04d1bcb4a39 uvc-380 head-section-title uvc-heading-default-font-sizes\" data-hspacer=\"no_spacer\"  data-halign=\"center\" style=\"text-align:center\"><div class=\"uvc-heading-spacer no_spacer\" style=\"top\"><\/div><div class=\"uvc-main-heading ult-responsive\"  data-ultimate-target='.uvc-heading.ultimate-heading-64656a04d1bcb4a39 p'  data-responsive-json-new='{\"font-size\":\"\",\"line-height\":\"\"}' ><p style=\"--font-weight:theme;\">LA PAROLE AU PHARMACIEN<\/p><\/div><\/div>[vc_empty_space][vc_column_text el_class=\u00a0\u00bbtext-justify\u00a0\u00bb]<\/p>\n<h4>Docteur Zavatti, qu&rsquo;est-ce qui vous a amen\u00e9 \u00e0 automatiser la Pharmacie Municipale n. 6 et compter sur Pharmathek ?<\/h4>\n<p>Tout d&rsquo;abord, il faut dire que notre processus d&rsquo;automatisation de la pharmacie avait d\u00e9j\u00e0 commenc\u00e9 en 2002. Au fil du temps, cependant, le besoin s&rsquo;est fait sentir de changer de robots pour en installer un qui r\u00e9pondait mieux aux besoins de chaque pharmacie. J&rsquo;avais besoin de r\u00e9ponses pr\u00e9cises pour trouver la solution la plus adapt\u00e9e, et pour trouver les r\u00e9ponses j&rsquo;ai aussi d\u00e9cid\u00e9 de contacter des coll\u00e8gues qui avaient d\u00e9j\u00e0 install\u00e9 un robot Pharmathek.<\/p>\n<p>Apr\u00e8s avoir soigneusement analys\u00e9 toutes les solutions disponibles sur le march\u00e9 et leurs caract\u00e9ristiques, le gagnant de ce comparatif \u00e9tait Pharmathek.<\/p>\n<p>Et je suis tr\u00e8s satisfait du choix du robot.<\/p>\n<h4><strong><br \/>\nDre Nocenti, \u00eates-vous d&rsquo;accord ?<br \/>\n<\/strong><\/h4>\n<p>Absolument. \u00c9tant une pharmacie municipale nous avons d&rsquo;abord d\u00fb r\u00e9aliser une phase de comparaison des diff\u00e9rentes offres et pour la fonctionnalit\u00e9 et pour le rapport qualit\u00e9-prix, le robot Pharmathek a \u00e9t\u00e9 le gagnant.<\/p>\n<p>Depuis que nous avons le robot en pharmacie, le travail s&rsquo;est am\u00e9lior\u00e9, notamment en ce qui concerne le gain de temps dans la phase de chargement de l&rsquo;entrep\u00f4t. De plus, gr\u00e2ce au robot, le pourcentage d&rsquo;erreur d\u00fb au facteur humain est pratiquement annul\u00e9.<\/p>\n<p>&nbsp;<\/p>\n<h4>Quel est l&rsquo;aspect le plus appr\u00e9ci\u00e9 du robot Pharmathek ?<\/h4>\n<p>S\u00fbrement le chargeur automatique, qui repr\u00e9sentait un v\u00e9ritable saut qualitatif. Et puis l\u2019ordre que l&rsquo;entrep\u00f4t automatis\u00e9 vous permet d&rsquo;avoir : nous avons d\u00e9cid\u00e9 de mettre presque toutes les r\u00e9f\u00e9rences \u00e0 l&rsquo;int\u00e9rieur du robot et maintenant dans la pharmacie il y a un ordre et une propret\u00e9 incroyable, tant dans la zone de vente que dans le back-office. Une propret\u00e9 qui vous permet d&rsquo;optimiser le temps disponible.[\/vc_column_text][vc_empty_space height=\u00a0\u00bb100px\u00a0\u00bb][\/vc_column][\/vc_row][vc_row][vc_column offset=\u00a0\u00bbvc_hidden-lg\u00a0\u00bb][vc_empty_space height=\u00a0\u00bb50px\u00a0\u00bb][vc_single_image image=\u00a0\u00bb1746&Prime; img_size=\u00a0\u00bbfull\u00a0\u00bb alignment=\u00a0\u00bbcenter\u00a0\u00bb][vc_empty_space]<div id=\"ultimate-heading-53156a04d1bcb4ab9\" class=\"uvc-heading ult-adjust-bottom-margin ultimate-heading-53156a04d1bcb4ab9 uvc-1491 head-section-title uvc-heading-default-font-sizes\" data-hspacer=\"no_spacer\"  data-halign=\"center\" style=\"text-align:center\"><div class=\"uvc-heading-spacer no_spacer\" style=\"top\"><\/div><div class=\"uvc-main-heading ult-responsive\"  data-ultimate-target='.uvc-heading.ultimate-heading-53156a04d1bcb4ab9 p'  data-responsive-json-new='{\"font-size\":\"\",\"line-height\":\"\"}' ><p style=\"--font-weight:theme;\">LA PAROLE AU PHARMACIEN<\/p><\/div><\/div>[vc_empty_space][vc_column_text el_class=\u00a0\u00bbtext-justify\u00a0\u00bb]<\/p>\n<h4>Docteur Zavatti, qu&rsquo;est-ce qui vous a amen\u00e9 \u00e0 automatiser la Pharmacie Municipale n. 6 et compter sur Pharmathek ?<\/h4>\n<p>Tout d&rsquo;abord, il faut dire que notre processus d&rsquo;automatisation de la pharmacie avait d\u00e9j\u00e0 commenc\u00e9 en 2002. Au fil du temps, cependant, le besoin s&rsquo;est fait sentir de changer de robots pour en installer un qui r\u00e9pondait mieux aux besoins de chaque pharmacie. J&rsquo;avais besoin de r\u00e9ponses pr\u00e9cises pour trouver la solution la plus adapt\u00e9e, et pour trouver les r\u00e9ponses j&rsquo;ai aussi d\u00e9cid\u00e9 de contacter des coll\u00e8gues qui avaient d\u00e9j\u00e0 install\u00e9 un robot Pharmathek.<\/p>\n<p>Apr\u00e8s avoir soigneusement analys\u00e9 toutes les solutions disponibles sur le march\u00e9 et leurs caract\u00e9ristiques, le gagnant de ce comparatif \u00e9tait Pharmathek.<\/p>\n<p>Et je suis tr\u00e8s satisfait du choix du robot.<\/p>\n<h4><strong><br \/>\nDre Nocenti, \u00eates-vous d&rsquo;accord ?<br \/>\n<\/strong><\/h4>\n<p>Absolument. \u00c9tant une pharmacie municipale nous avons d&rsquo;abord d\u00fb r\u00e9aliser une phase de comparaison des diff\u00e9rentes offres et pour la fonctionnalit\u00e9 et pour le rapport qualit\u00e9-prix, le robot Pharmathek a \u00e9t\u00e9 le gagnant.<\/p>\n<p>Depuis que nous avons le robot en pharmacie, le travail s&rsquo;est am\u00e9lior\u00e9, notamment en ce qui concerne le gain de temps dans la phase de chargement de l&rsquo;entrep\u00f4t. De plus, gr\u00e2ce au robot, le pourcentage d&rsquo;erreur d\u00fb au facteur humain est pratiquement annul\u00e9.<\/p>\n<p>&nbsp;<\/p>\n<h4>Quel est l&rsquo;aspect le plus appr\u00e9ci\u00e9 du robot Pharmathek ?<\/h4>\n<p>S\u00fbrement le chargeur automatique, qui repr\u00e9sentait un v\u00e9ritable saut qualitatif. Et puis l\u2019ordre que l&rsquo;entrep\u00f4t automatis\u00e9 vous permet d&rsquo;avoir : nous avons d\u00e9cid\u00e9 de mettre presque toutes les r\u00e9f\u00e9rences \u00e0 l&rsquo;int\u00e9rieur du robot et maintenant dans la pharmacie il y a un ordre et une propret\u00e9 incroyable, tant dans la zone de vente que dans le back-office. Une propret\u00e9 qui vous permet d&rsquo;optimiser le temps disponible.[\/vc_column_text][vc_empty_space height=\u00a0\u00bb50px\u00a0\u00bb][\/vc_column][\/vc_row][vc_row full_width=\u00a0\u00bbstretch_row\u00a0\u00bb bg_type=\u00a0\u00bbbg_color\u00a0\u00bb bg_override=\u00a0\u00bbfull\u00a0\u00bb bg_color_value=\u00a0\u00bb#eeeeef\u00a0\u00bb][vc_column offset=\u00a0\u00bbvc_hidden-md vc_hidden-sm vc_hidden-xs\u00a0\u00bb][vc_empty_space height=\u00a0\u00bb100px\u00a0\u00bb]<div id=\"ultimate-heading-22736a04d1bcb4b36\" class=\"uvc-heading ult-adjust-bottom-margin ultimate-heading-22736a04d1bcb4b36 uvc-495 head-section-title uvc-heading-default-font-sizes\" data-hspacer=\"no_spacer\"  data-halign=\"center\" style=\"text-align:center\"><div class=\"uvc-heading-spacer no_spacer\" style=\"top\"><\/div><div class=\"uvc-main-heading ult-responsive\"  data-ultimate-target='.uvc-heading.ultimate-heading-22736a04d1bcb4b36 h2'  data-responsive-json-new='{\"font-size\":\"\",\"line-height\":\"\"}' ><h2 style=\"--font-weight:theme;\">GALERIE<\/h2><\/div><\/div>[vc_empty_space height=\u00a0\u00bb50px\u00a0\u00bb][vc_masonry_media_grid element_width=\u00a0\u00bb3&Prime; gap=\u00a0\u00bb10&Prime; grid_id=\u00a0\u00bbvc_gid:1660291610700-f505f4d4-4781-8&Prime; include=\u00a0\u00bb1755,1753,1748,1754,1749,1752,1750,1751&Prime;][vc_empty_space height=\u00a0\u00bb100px\u00a0\u00bb][\/vc_column][\/vc_row][vc_row full_width=\u00a0\u00bbstretch_row\u00a0\u00bb bg_type=\u00a0\u00bbbg_color\u00a0\u00bb bg_override=\u00a0\u00bbfull\u00a0\u00bb bg_color_value=\u00a0\u00bb#eeeeef\u00a0\u00bb][vc_column offset=\u00a0\u00bbvc_hidden-lg\u00a0\u00bb][vc_empty_space height=\u00a0\u00bb50px\u00a0\u00bb]<div id=\"ultimate-heading-65856a04d1bcb4bb0\" class=\"uvc-heading ult-adjust-bottom-margin ultimate-heading-65856a04d1bcb4bb0 uvc-5113 head-section-title uvc-heading-default-font-sizes\" data-hspacer=\"no_spacer\"  data-halign=\"center\" style=\"text-align:center\"><div class=\"uvc-heading-spacer no_spacer\" style=\"top\"><\/div><div class=\"uvc-main-heading ult-responsive\"  data-ultimate-target='.uvc-heading.ultimate-heading-65856a04d1bcb4bb0 h2'  data-responsive-json-new='{\"font-size\":\"\",\"line-height\":\"\"}' ><h2 style=\"--font-weight:theme;\">GALERIE<\/h2><\/div><\/div>[vc_empty_space height=\u00a0\u00bb50px\u00a0\u00bb][vc_masonry_media_grid element_width=\u00a0\u00bb3&Prime; gap=\u00a0\u00bb10&Prime; grid_id=\u00a0\u00bbvc_gid:1660291610704-f679c951-1331-8&Prime; include=\u00a0\u00bb1755,1753,1748,1754,1749,1752,1750,1751&Prime;][vc_empty_space height=\u00a0\u00bb50px\u00a0\u00bb][\/vc_column][\/vc_row][vc_row full_width=\u00a0\u00bbstretch_row\u00a0\u00bb bg_type=\u00a0\u00bbimage\u00a0\u00bb parallax_style=\u00a0\u00bbvcpb-default\u00a0\u00bb bg_image_new=\u00a0\u00bbid^1166|url^http:\/\/www.pharmathek.com\/wp-content\/uploads\/2018\/03\/farmacia-specifiche-background.jpg|caption^null|alt^null|title^farmacia-specifiche-background|description^null\u00a0\u00bb bg_image_repeat=\u00a0\u00bbno-repeat\u00a0\u00bb bg_override=\u00a0\u00bbfull\u00a0\u00bb][vc_column][vc_empty_space height=\u00a0\u00bb100px\u00a0\u00bb]<div id=\"ultimate-heading-54526a04d1bcb4c25\" class=\"uvc-heading ult-adjust-bottom-margin ultimate-heading-54526a04d1bcb4c25 uvc-9622 head-section-title text-white uvc-heading-default-font-sizes\" data-hspacer=\"no_spacer\"  data-halign=\"center\" style=\"text-align:center\"><div class=\"uvc-heading-spacer no_spacer\" style=\"top\"><\/div><div class=\"uvc-main-heading ult-responsive\"  data-ultimate-target='.uvc-heading.ultimate-heading-54526a04d1bcb4c25 h2'  data-responsive-json-new='{\"font-size\":\"\",\"line-height\":\"\"}' ><h2 style=\"--font-weight:theme;\">LE PROJET<\/h2><\/div><\/div>[vc_empty_space height=\u00a0\u00bb50px\u00a0\u00bb][vc_separator color=\u00a0\u00bbwhite\u00a0\u00bb][vc_row_inner][vc_column_inner width=\u00a0\u00bb1\/2&Prime;][vc_column_text el_class=\u00a0\u00bbprogetto-voci\u00a0\u00bb]SURFACE DE LA PHARMACIE[\/vc_column_text][\/vc_column_inner][vc_column_inner width=\u00a0\u00bb1\/2&Prime;][vc_column_text el_class=\u00a0\u00bbprogetto-voci-valori\u00a0\u00bb]200 m\u00e8tres carr\u00e9s[\/vc_column_text][\/vc_column_inner][\/vc_row_inner][vc_separator color=\u00a0\u00bbwhite\u00a0\u00bb][vc_row_inner][vc_column_inner width=\u00a0\u00bb1\/2&Prime;][vc_column_text el_class=\u00a0\u00bbprogetto-voci\u00a0\u00bb]SOLUTIONS PHARMATHEK[\/vc_column_text][\/vc_column_inner][vc_column_inner width=\u00a0\u00bb1\/2&Prime;][vc_column_text el_class=\u00a0\u00bbprogetto-voci-valori\u00a0\u00bb]SINTESI + PHARMALOAD + EUCLID3D[\/vc_column_text][\/vc_column_inner][\/vc_row_inner][vc_separator color=\u00a0\u00bbwhite\u00a0\u00bb][vc_row_inner][vc_column_inner width=\u00a0\u00bb1\/2&Prime;][vc_column_text el_class=\u00a0\u00bbprogetto-voci\u00a0\u00bb]DIMENSIONS ROBOT[\/vc_column_text][\/vc_column_inner][vc_column_inner width=\u00a0\u00bb1\/2&Prime;][vc_column_text el_class=\u00a0\u00bbprogetto-voci-valori\u00a0\u00bb]<\/p>\n<p>L 8.047 x H 2.300 mm<\/p>\n<p>[\/vc_column_text][\/vc_column_inner][\/vc_row_inner][vc_separator color=\u00a0\u00bbwhite\u00a0\u00bb][vc_row_inner][vc_column_inner width=\u00a0\u00bb1\/2&Prime;][vc_column_text el_class=\u00a0\u00bbprogetto-voci\u00a0\u00bb]CAPIENZA IN SCATOLE[\/vc_column_text][\/vc_column_inner][vc_column_inner width=\u00a0\u00bb1\/2&Prime;][vc_column_text el_class=\u00a0\u00bbprogetto-voci-valori\u00a0\u00bb]<\/p>\n<p>14.100<\/p>\n<p>[\/vc_column_text][\/vc_column_inner][\/vc_row_inner][vc_separator color=\u00a0\u00bbwhite\u00a0\u00bb][vc_row_inner][vc_column_inner width=\u00a0\u00bb1\/2&Prime;][vc_column_text el_class=\u00a0\u00bbprogetto-voci\u00a0\u00bb]POSITION ROBOT PAR RAPPORT AU COMPTOIR[\/vc_column_text][\/vc_column_inner][vc_column_inner width=\u00a0\u00bb1\/2&Prime;][vc_column_text el_class=\u00a0\u00bbprogetto-voci-valori\u00a0\u00bb]DANS UN ESPACE SUREL\u00c9V\u00c9[\/vc_column_text][\/vc_column_inner][\/vc_row_inner][vc_separator color=\u00a0\u00bbwhite\u00a0\u00bb][vc_row_inner][vc_column_inner width=\u00a0\u00bb1\/2&Prime;][vc_column_text el_class=\u00a0\u00bbprogetto-voci\u00a0\u00bb]PRODUITS EN MOUVEMENT[\/vc_column_text][\/vc_column_inner][vc_column_inner width=\u00a0\u00bb1\/2&Prime;][vc_column_text el_class=\u00a0\u00bbprogetto-voci-valori\u00a0\u00bb]entre 500 et 1000[\/vc_column_text][\/vc_column_inner][\/vc_row_inner][vc_separator color=\u00a0\u00bbwhite\u00a0\u00bb][vc_empty_space height=\u00a0\u00bb100px\u00a0\u00bb][\/vc_column][\/vc_row][vc_row full_width=\u00a0\u00bbstretch_row_content_no_spaces\u00a0\u00bb][vc_column el_class=\u00a0\u00bbfull-width-no-padding\u00a0\u00bb][vc_single_image image=\u00a0\u00bb1744&Prime; img_size=\u00a0\u00bbfull\u00a0\u00bb alignment=\u00a0\u00bbcenter\u00a0\u00bb]<style type=\"text\/css\" data-type=\"the7_shortcodes-inline-css\">#default-btn-0e4e87e5e968b404cd830fa571b9ffc3.ico-right-side > i {\n  margin-right: 0px;\n  margin-left: 8px;\n}\n#default-btn-0e4e87e5e968b404cd830fa571b9ffc3 > i {\n  margin-right: 8px;\n}\n<\/style><div class=\"btn-align-center\"><a href=\"https:\/\/www.pharmathek.com\/fr\/installations\/\" class=\"default-btn-shortcode dt-btn dt-btn-l link-hover-off weight-300 full-width-btn \" id=\"default-btn-0e4e87e5e968b404cd830fa571b9ffc3\" title=\"Installations\"><span>Retour \u00e0 la liste des installations<\/span><\/a><\/div>[\/vc_column][\/vc_row][vc_row full_width=\u00a0\u00bbstretch_row\u00a0\u00bb bg_type=\u00a0\u00bbbg_color\u00a0\u00bb bg_override=\u00a0\u00bbfull\u00a0\u00bb bg_color_value=\u00a0\u00bb#eeeeef\u00a0\u00bb][vc_column offset=\u00a0\u00bbvc_hidden-md vc_hidden-sm vc_hidden-xs\u00a0\u00bb][vc_empty_space height=\u00a0\u00bb100px\u00a0\u00bb][\/vc_column][\/vc_row]<\/p>\n<\/div>","protected":false},"excerpt":{"rendered":"<p>Ferrara (Italie)<\/p>\n","protected":false},"author":3,"featured_media":23520,"parent":0,"menu_order":0,"comment_status":"closed","ping_status":"closed","template":"","meta":{"inline_featured_image":false,"footnotes":""},"categories":[45,47],"tags":[],"class_list":["post-23518","page","type-page","status-publish","has-post-thumbnail","hentry","category-installations","category-pharmacies","description-off"],"_links":{"self":[{"href":"https:\/\/www.pharmathek.com\/fr\/wp-json\/wp\/v2\/pages\/23518","targetHints":{"allow":["GET"]}}],"collection":[{"href":"https:\/\/www.pharmathek.com\/fr\/wp-json\/wp\/v2\/pages"}],"about":[{"href":"https:\/\/www.pharmathek.com\/fr\/wp-json\/wp\/v2\/types\/page"}],"author":[{"embeddable":true,"href":"https:\/\/www.pharmathek.com\/fr\/wp-json\/wp\/v2\/users\/3"}],"replies":[{"embeddable":true,"href":"https:\/\/www.pharmathek.com\/fr\/wp-json\/wp\/v2\/comments?post=23518"}],"version-history":[{"count":2,"href":"https:\/\/www.pharmathek.com\/fr\/wp-json\/wp\/v2\/pages\/23518\/revisions"}],"predecessor-version":[{"id":23538,"href":"https:\/\/www.pharmathek.com\/fr\/wp-json\/wp\/v2\/pages\/23518\/revisions\/23538"}],"wp:featuredmedia":[{"embeddable":true,"href":"https:\/\/www.pharmathek.com\/fr\/wp-json\/wp\/v2\/media\/23520"}],"wp:attachment":[{"href":"https:\/\/www.pharmathek.com\/fr\/wp-json\/wp\/v2\/media?parent=23518"}],"wp:term":[{"taxonomy":"category","embeddable":true,"href":"https:\/\/www.pharmathek.com\/fr\/wp-json\/wp\/v2\/categories?post=23518"},{"taxonomy":"post_tag","embeddable":true,"href":"https:\/\/www.pharmathek.com\/fr\/wp-json\/wp\/v2\/tags?post=23518"}],"curies":[{"name":"wp","href":"https:\/\/api.w.org\/{rel}","templated":true}]}}