{"id":23540,"date":"2022-08-12T10:40:29","date_gmt":"2022-08-12T08:40:29","guid":{"rendered":"https:\/\/www.pharmathek.com\/?page_id=23540"},"modified":"2022-08-12T10:40:29","modified_gmt":"2022-08-12T08:40:29","slug":"pharmacie-del-sole","status":"publish","type":"page","link":"https:\/\/www.pharmathek.com\/fr\/pharmacie-del-sole\/","title":{"rendered":"Pharmacie del Sole"},"content":{"rendered":"<div class=\"wpb-content-wrapper\"><p>[vc_row full_width=\u00a0\u00bbstretch_row_content\u00a0\u00bb equal_height=\u00a0\u00bbyes\u00a0\u00bb content_placement=\u00a0\u00bbmiddle\u00a0\u00bb bg_type=\u00a0\u00bbbg_color\u00a0\u00bb bg_override=\u00a0\u00bbfull\u00a0\u00bb bg_color_value=\u00a0\u00bb#eeeeef\u00a0\u00bb][vc_column width=\u00a0\u00bb1\/2&Prime; css=\u00a0\u00bb.vc_custom_1523960338488{padding-right: 0px !important;padding-left: 0px !important;}\u00a0\u00bb offset=\u00a0\u00bbvc_hidden-md vc_hidden-sm vc_hidden-xs\u00a0\u00bb][vc_single_image image=\u00a0\u00bb2116&Prime; img_size=\u00a0\u00bbfull\u00a0\u00bb][\/vc_column][vc_column width=\u00a0\u00bb1\/2&Prime; css=\u00a0\u00bb.vc_custom_1523960343032{padding-right: 100px !important;padding-left: 100px !important;}\u00a0\u00bb offset=\u00a0\u00bbvc_hidden-md vc_hidden-sm vc_hidden-xs\u00a0\u00bb][vc_empty_space]<div id=\"ultimate-heading-928769f32ad24bb4a\" class=\"uvc-heading ult-adjust-bottom-margin ultimate-heading-928769f32ad24bb4a uvc-6739 head-section-title uvc-heading-default-font-sizes\" data-hspacer=\"no_spacer\"  data-halign=\"center\" style=\"text-align:center\"><div class=\"uvc-heading-spacer no_spacer\" style=\"top\"><\/div><div class=\"uvc-main-heading ult-responsive\"  data-ultimate-target='.uvc-heading.ultimate-heading-928769f32ad24bb4a p'  data-responsive-json-new='{\"font-size\":\"\",\"line-height\":\"\"}' ><p style=\"--font-weight:theme;\">PHARMACIE DEL SOLE<\/p><\/div><\/div>[vc_empty_space][vc_column_text el_class=\u00a0\u00bbtext-justify\u00a0\u00bb]Pour la Pharmacie del Sole, compte tenu de la petite taille des locaux, le choix d&rsquo;installer un robot Pharmathek s&rsquo;est av\u00e9r\u00e9 indispensable pour r\u00e9cup\u00e9rer beaucoup d&rsquo;espace \u00e0 d\u00e9dier \u00e0 la surface de vente. L&rsquo;entrep\u00f4t robotis\u00e9, dont les dimensions personnalisables ont permis d&rsquo;exploiter ad\u00e9quatement la hauteur de l&rsquo;environnement, est situ\u00e9 derri\u00e8re les comptoirs de vente.<\/p>\n<p>Le robot ainsi plac\u00e9 permet de diviser la salle entre la zone d\u00e9di\u00e9e au public et celle d\u00e9di\u00e9e au back-office. En particulier, m\u00eame le mur faisant face au back-office a \u00e9t\u00e9 enrichi de quelques \u00e9tag\u00e8res afin d&rsquo;obtenir des surfaces suppl\u00e9mentaires sur lesquelles placer les produits.[\/vc_column_text][vc_empty_space][\/vc_column][\/vc_row][vc_row full_width=\u00a0\u00bbstretch_row_content\u00a0\u00bb equal_height=\u00a0\u00bbyes\u00a0\u00bb content_placement=\u00a0\u00bbmiddle\u00a0\u00bb bg_type=\u00a0\u00bbbg_color\u00a0\u00bb bg_override=\u00a0\u00bbfull\u00a0\u00bb bg_color_value=\u00a0\u00bb#eeeeef\u00a0\u00bb][vc_column css=\u00a0\u00bb.vc_custom_1524126670718{padding-right: 0px !important;padding-left: 0px !important;}\u00a0\u00bb offset=\u00a0\u00bbvc_hidden-lg\u00a0\u00bb el_class=\u00a0\u00bbfull-width-no-padding\u00a0\u00bb][vc_single_image image=\u00a0\u00bb1699&Prime; img_size=\u00a0\u00bbfull\u00a0\u00bb][vc_empty_space]<div id=\"ultimate-heading-529069f32ad24bbfa\" class=\"uvc-heading ult-adjust-bottom-margin ultimate-heading-529069f32ad24bbfa uvc-8995 head-section-title uvc-heading-default-font-sizes\" data-hspacer=\"no_spacer\"  data-halign=\"center\" style=\"text-align:center\"><div class=\"uvc-heading-spacer no_spacer\" style=\"top\"><\/div><div class=\"uvc-main-heading ult-responsive\"  data-ultimate-target='.uvc-heading.ultimate-heading-529069f32ad24bbfa p'  data-responsive-json-new='{\"font-size\":\"\",\"line-height\":\"\"}' ><p style=\"--font-weight:theme;\">PHARMACIE DEL SOLE<\/p><\/div><\/div>[vc_empty_space][vc_column_text el_class=\u00a0\u00bbtext-justify\u00a0\u00bb]Pour la Pharmacie del Sole, compte tenu de la petite taille des locaux, le choix d&rsquo;installer un robot Pharmathek s&rsquo;est av\u00e9r\u00e9 indispensable pour r\u00e9cup\u00e9rer beaucoup d&rsquo;espace \u00e0 d\u00e9dier \u00e0 la surface de vente. L&rsquo;entrep\u00f4t robotis\u00e9, dont les dimensions personnalisables ont permis d&rsquo;exploiter ad\u00e9quatement la hauteur de l&rsquo;environnement, est situ\u00e9 derri\u00e8re les comptoirs de vente.<\/p>\n<p>Le robot ainsi plac\u00e9 permet de diviser la salle entre la zone d\u00e9di\u00e9e au public et celle d\u00e9di\u00e9e au back-office. En particulier, m\u00eame le mur faisant face au back-office a \u00e9t\u00e9 enrichi de quelques \u00e9tag\u00e8res afin d&rsquo;obtenir des surfaces suppl\u00e9mentaires sur lesquelles placer les produits.[\/vc_column_text][vc_empty_space][\/vc_column][\/vc_row][vc_row][vc_column offset=\u00a0\u00bbvc_hidden-md vc_hidden-sm vc_hidden-xs\u00a0\u00bb][vc_empty_space height=\u00a0\u00bb100px\u00a0\u00bb][vc_single_image image=\u00a0\u00bb2114&Prime; img_size=\u00a0\u00bbfull\u00a0\u00bb alignment=\u00a0\u00bbcenter\u00a0\u00bb][vc_empty_space]<div id=\"ultimate-heading-783769f32ad24bc85\" class=\"uvc-heading ult-adjust-bottom-margin ultimate-heading-783769f32ad24bc85 uvc-7896 head-section-title uvc-heading-default-font-sizes\" data-hspacer=\"no_spacer\"  data-halign=\"center\" style=\"text-align:center\"><div class=\"uvc-heading-spacer no_spacer\" style=\"top\"><\/div><div class=\"uvc-main-heading ult-responsive\"  data-ultimate-target='.uvc-heading.ultimate-heading-783769f32ad24bc85 p'  data-responsive-json-new='{\"font-size\":\"\",\"line-height\":\"\"}' ><p style=\"--font-weight:theme;\">LA PAROLE AU PHARMACIEN<\/p><\/div><\/div>[vc_empty_space][vc_column_text el_class=\u00a0\u00bbtext-justify\u00a0\u00bb]<\/p>\n<h4>Dr Paulin, quelles sont les raisons qui vous ont convaincu de confier \u00e0 Pharmathek l&rsquo;automatisation de votre officine ?<\/h4>\n<p>L&rsquo;exp\u00e9rience positive pr\u00e9c\u00e9dente : quand, en 2014, dans une autre pharmacie qui m\u2019appartient &#8211; la Pharmacie Trento Trieste \u00e0 Bologne &#8211; j&rsquo;ai per\u00e7u la n\u00e9cessit\u00e9 de r\u00e9nover partiellement l&rsquo;environnement et de le robotiser, je me suis renseign\u00e9 aupr\u00e8s des diff\u00e9rents fournisseurs.<\/p>\n<p>Apr\u00e8s avoir \u00e9valu\u00e9 les alternatives, j&rsquo;ai trouv\u00e9 que Pharmathek avait de nombreux points en sa faveur. Parmi ceux-ci, la qualit\u00e9 du produit, la production 100% Made in Italy, le cadre de l&rsquo;entreprise et l&rsquo;int\u00e9gration avec Th.Kohl m\u00e9ritent d&rsquo;\u00eatre mentionn\u00e9s. En s&rsquo;attardant sur ce dernier aspect, non seulement le nom de Th.Kohl \u00e9tait une garantie sur la qualit\u00e9 du produit, mais leur int\u00e9gration signifiait que dans le projet le robot n&rsquo;\u00e9tait pas un simple ajout, mais une partie int\u00e9grante du plan d&rsquo;optimisation des espaces et leur fonctionnalit\u00e9.<\/p>\n<p>&nbsp;<\/p>\n<h4>Qu&rsquo;est-ce qui a chang\u00e9 apr\u00e8s la r\u00e9novation et la robotisation de la Pharmacie del Sole ?<\/h4>\n<p>Beaucoup de choses ont chang\u00e9. Lorsque nous avons succ\u00e9d\u00e9 \u00e0 la direction pr\u00e9c\u00e9dente, il y avait de gros probl\u00e8mes d&rsquo;espace qui, d&rsquo;une part, \u00e9taient pr\u00e9judiciables au fonctionnement du personnel et, d&rsquo;autre part, ne permettaient pas d&rsquo;offrir aux utilisateurs une exp\u00e9rience d&rsquo;achat optimale.<\/p>\n<p>L&rsquo;inclusion d&rsquo;un syst\u00e8me d&rsquo;entrep\u00f4t automatis\u00e9 et d&rsquo;une configuration bien con\u00e7ue a permis de r\u00e9cup\u00e9rer beaucoup d&rsquo;espace \u00e0 consacrer au client qui, associ\u00e9 \u00e0 une combinaison soign\u00e9e de mat\u00e9riaux et de finitions, a cr\u00e9\u00e9 un environnement r\u00e9solument plus accueillant, plus spacieux et l\u00e9ger, d\u00e9pourvu de ce sentiment d&rsquo;oppression qui caract\u00e9risait la situation pr\u00e9c\u00e9dente.<\/p>\n<p>&nbsp;<\/p>\n<h4>Que pouvez-vous nous dire du point de vue du pharmacien qui y travaille ?<\/h4>\n<p>\u00c9videmment, la perte de ce sentiment d&rsquo;oppression s&rsquo;applique \u00e9galement \u00e0 ceux qui travaillent \u00e0 l&rsquo;int\u00e9rieur de la pharmacie, mais il faut ajouter \u00e0 cela les avantages li\u00e9s \u00e0 la robotisation : si avant mes coll\u00e8gues \u00e9taient oblig\u00e9s de quitter le comptoir pour aller chercher dans les nombreux tiroirs les diff\u00e9rentes r\u00e9f\u00e9rences, avec le risque de ne pas pouvoir les trouver, maintenant avec le robot nous avons la certitude de la position et de la pr\u00e9sence d&rsquo;un certain m\u00e9dicament \u00e0 l&rsquo;int\u00e9rieur, qui est ensuite commod\u00e9ment livr\u00e9 au comptoir.<\/p>\n<p>Cela a permis d&rsquo;am\u00e9liorer consid\u00e9rablement la qualit\u00e9 du travail car d&rsquo;une part un fardeau a \u00e9t\u00e9 retir\u00e9e aux coll\u00e8gues, d&rsquo;autre part la rapidit\u00e9 d&rsquo;ex\u00e9cution des commandes a augment\u00e9.<\/p>\n<p>&nbsp;<\/p>\n<h4>Quelle a \u00e9t\u00e9 la r\u00e9action des clients de la Pharmacie del Sole par rapport aux changements apport\u00e9s ?<\/h4>\n<p>S\u00fbrement surprenant, donn\u00e9 non seulement par la distorsion des environnements mais aussi par la pr\u00e9sence du robot, qui dans un quartier pas exactement central de Bologne repr\u00e9sente certainement un facteur de nouveaut\u00e9 qui enrichit le service aux yeux du client. Sans oublier la possibilit\u00e9 de traiter les commandes plus facilement et donc de vider la file d&rsquo;attente plus rapidement.[\/vc_column_text][vc_empty_space height=\u00a0\u00bb100px\u00a0\u00bb][\/vc_column][\/vc_row][vc_row][vc_column offset=\u00a0\u00bbvc_hidden-lg\u00a0\u00bb][vc_empty_space height=\u00a0\u00bb50px\u00a0\u00bb][vc_single_image image=\u00a0\u00bb2114&Prime; img_size=\u00a0\u00bbfull\u00a0\u00bb alignment=\u00a0\u00bbcenter\u00a0\u00bb][vc_empty_space]<div id=\"ultimate-heading-171369f32ad24bd08\" class=\"uvc-heading ult-adjust-bottom-margin ultimate-heading-171369f32ad24bd08 uvc-9697 head-section-title uvc-heading-default-font-sizes\" data-hspacer=\"no_spacer\"  data-halign=\"center\" style=\"text-align:center\"><div class=\"uvc-heading-spacer no_spacer\" style=\"top\"><\/div><div class=\"uvc-main-heading ult-responsive\"  data-ultimate-target='.uvc-heading.ultimate-heading-171369f32ad24bd08 p'  data-responsive-json-new='{\"font-size\":\"\",\"line-height\":\"\"}' ><p style=\"--font-weight:theme;\">LA PAROLE AU PHARMACIEN<\/p><\/div><\/div>[vc_empty_space][vc_column_text el_class=\u00a0\u00bbtext-justify\u00a0\u00bb]<\/p>\n<h4>Dr Paulin, quelles sont les raisons qui vous ont convaincu de confier \u00e0 Pharmathek l&rsquo;automatisation de votre officine ?<\/h4>\n<p>L&rsquo;exp\u00e9rience positive pr\u00e9c\u00e9dente : quand, en 2014, dans une autre pharmacie qui m\u2019appartient &#8211; la Pharmacie Trento Trieste \u00e0 Bologne &#8211; j&rsquo;ai per\u00e7u la n\u00e9cessit\u00e9 de r\u00e9nover partiellement l&rsquo;environnement et de le robotiser, je me suis renseign\u00e9 aupr\u00e8s des diff\u00e9rents fournisseurs.<\/p>\n<p>Apr\u00e8s avoir \u00e9valu\u00e9 les alternatives, j&rsquo;ai trouv\u00e9 que Pharmathek avait de nombreux points en sa faveur. Parmi ceux-ci, la qualit\u00e9 du produit, la production 100% Made in Italy, le cadre de l&rsquo;entreprise et l&rsquo;int\u00e9gration avec Th.Kohl m\u00e9ritent d&rsquo;\u00eatre mentionn\u00e9s. En s&rsquo;attardant sur ce dernier aspect, non seulement le nom de Th.Kohl \u00e9tait une garantie sur la qualit\u00e9 du produit, mais leur int\u00e9gration signifiait que dans le projet le robot n&rsquo;\u00e9tait pas un simple ajout, mais une partie int\u00e9grante du plan d&rsquo;optimisation des espaces et leur fonctionnalit\u00e9.<\/p>\n<p>&nbsp;<\/p>\n<h4>Qu&rsquo;est-ce qui a chang\u00e9 apr\u00e8s la r\u00e9novation et la robotisation de la Pharmacie del Sole ?<\/h4>\n<p>Beaucoup de choses ont chang\u00e9. Lorsque nous avons succ\u00e9d\u00e9 \u00e0 la direction pr\u00e9c\u00e9dente, il y avait de gros probl\u00e8mes d&rsquo;espace qui, d&rsquo;une part, \u00e9taient pr\u00e9judiciables au fonctionnement du personnel et, d&rsquo;autre part, ne permettaient pas d&rsquo;offrir aux utilisateurs une exp\u00e9rience d&rsquo;achat optimale.<\/p>\n<p>L&rsquo;inclusion d&rsquo;un syst\u00e8me d&rsquo;entrep\u00f4t automatis\u00e9 et d&rsquo;une configuration bien con\u00e7ue a permis de r\u00e9cup\u00e9rer beaucoup d&rsquo;espace \u00e0 consacrer au client qui, associ\u00e9 \u00e0 une combinaison soign\u00e9e de mat\u00e9riaux et de finitions, a cr\u00e9\u00e9 un environnement r\u00e9solument plus accueillant, plus spacieux et l\u00e9ger, d\u00e9pourvu de ce sentiment d&rsquo;oppression qui caract\u00e9risait la situation pr\u00e9c\u00e9dente.<\/p>\n<p>&nbsp;<\/p>\n<h4>Que pouvez-vous nous dire du point de vue du pharmacien qui y travaille ?<\/h4>\n<p>\u00c9videmment, la perte de ce sentiment d&rsquo;oppression s&rsquo;applique \u00e9galement \u00e0 ceux qui travaillent \u00e0 l&rsquo;int\u00e9rieur de la pharmacie, mais il faut ajouter \u00e0 cela les avantages li\u00e9s \u00e0 la robotisation : si avant mes coll\u00e8gues \u00e9taient oblig\u00e9s de quitter le comptoir pour aller chercher dans les nombreux tiroirs les diff\u00e9rentes r\u00e9f\u00e9rences, avec le risque de ne pas pouvoir les trouver, maintenant avec le robot nous avons la certitude de la position et de la pr\u00e9sence d&rsquo;un certain m\u00e9dicament \u00e0 l&rsquo;int\u00e9rieur, qui est ensuite commod\u00e9ment livr\u00e9 au comptoir.<\/p>\n<p>Cela a permis d&rsquo;am\u00e9liorer consid\u00e9rablement la qualit\u00e9 du travail car d&rsquo;une part un fardeau a \u00e9t\u00e9 retir\u00e9e aux coll\u00e8gues, d&rsquo;autre part la rapidit\u00e9 d&rsquo;ex\u00e9cution des commandes a augment\u00e9.<\/p>\n<p>&nbsp;<\/p>\n<h4>Quelle a \u00e9t\u00e9 la r\u00e9action des clients de la Pharmacie del Sole par rapport aux changements apport\u00e9s ?<\/h4>\n<p>S\u00fbrement surprenant, donn\u00e9 non seulement par la distorsion des environnements mais aussi par la pr\u00e9sence du robot, qui dans un quartier pas exactement central de Bologne repr\u00e9sente certainement un facteur de nouveaut\u00e9 qui enrichit le service aux yeux du client. Sans oublier la possibilit\u00e9 de traiter les commandes plus facilement et donc de vider la file d&rsquo;attente plus rapidement.[\/vc_column_text][vc_empty_space height=\u00a0\u00bb50px\u00a0\u00bb][\/vc_column][\/vc_row][vc_row full_width=\u00a0\u00bbstretch_row\u00a0\u00bb bg_type=\u00a0\u00bbbg_color\u00a0\u00bb bg_override=\u00a0\u00bbfull\u00a0\u00bb bg_color_value=\u00a0\u00bb#ff6b00&Prime;][vc_column offset=\u00a0\u00bbvc_hidden-md vc_hidden-sm vc_hidden-xs\u00a0\u00bb][vc_empty_space height=\u00a0\u00bb100px\u00a0\u00bb]<div id=\"ultimate-heading-621569f32ad24bd88\" class=\"uvc-heading ult-adjust-bottom-margin ultimate-heading-621569f32ad24bd88 uvc-6815 head-section-title text-white uvc-heading-default-font-sizes\" data-hspacer=\"no_spacer\"  data-halign=\"center\" style=\"text-align:center\"><div class=\"uvc-heading-spacer no_spacer\" style=\"top\"><\/div><div class=\"uvc-main-heading ult-responsive\"  data-ultimate-target='.uvc-heading.ultimate-heading-621569f32ad24bd88 h2'  data-responsive-json-new='{\"font-size\":\"\",\"line-height\":\"\"}' ><h2 style=\"--font-weight:theme;\">LA VID\u00c9O DE LA PHARMACIE<\/h2><\/div><\/div>[vc_empty_space height=\u00a0\u00bb50px\u00a0\u00bb][vc_video link=\u00a0\u00bbhttps:\/\/www.youtube.com\/watch?v=4AdX3HnzXgI&amp;feature=youtu.be\u00a0\u00bb align=\u00a0\u00bbcenter\u00a0\u00bb][vc_empty_space height=\u00a0\u00bb100px\u00a0\u00bb][\/vc_column][\/vc_row][vc_row full_width=\u00a0\u00bbstretch_row\u00a0\u00bb bg_type=\u00a0\u00bbbg_color\u00a0\u00bb bg_override=\u00a0\u00bbfull\u00a0\u00bb bg_color_value=\u00a0\u00bb#ff6b00&Prime;][vc_column offset=\u00a0\u00bbvc_hidden-lg\u00a0\u00bb][vc_empty_space height=\u00a0\u00bb50px\u00a0\u00bb]<div id=\"ultimate-heading-965569f32ad24be02\" class=\"uvc-heading ult-adjust-bottom-margin ultimate-heading-965569f32ad24be02 uvc-5772 head-section-title text-white uvc-heading-default-font-sizes\" data-hspacer=\"no_spacer\"  data-halign=\"center\" style=\"text-align:center\"><div class=\"uvc-heading-spacer no_spacer\" style=\"top\"><\/div><div class=\"uvc-main-heading ult-responsive\"  data-ultimate-target='.uvc-heading.ultimate-heading-965569f32ad24be02 h2'  data-responsive-json-new='{\"font-size\":\"\",\"line-height\":\"\"}' ><h2 style=\"--font-weight:theme;\">LA VID\u00c9O DE LA PHARMACIE<\/h2><\/div><\/div>[vc_empty_space height=\u00a0\u00bb50px\u00a0\u00bb][vc_video link=\u00a0\u00bbhttps:\/\/www.youtube.com\/watch?v=4AdX3HnzXgI&amp;feature=youtu.be\u00a0\u00bb align=\u00a0\u00bbcenter\u00a0\u00bb][vc_empty_space height=\u00a0\u00bb50px\u00a0\u00bb][\/vc_column][\/vc_row][vc_row full_width=\u00a0\u00bbstretch_row\u00a0\u00bb bg_type=\u00a0\u00bbbg_color\u00a0\u00bb bg_override=\u00a0\u00bbfull\u00a0\u00bb bg_color_value=\u00a0\u00bb#eeeeef\u00a0\u00bb][vc_column offset=\u00a0\u00bbvc_hidden-md vc_hidden-sm vc_hidden-xs\u00a0\u00bb][vc_empty_space height=\u00a0\u00bb100px\u00a0\u00bb]<div id=\"ultimate-heading-648369f32ad24be77\" class=\"uvc-heading ult-adjust-bottom-margin ultimate-heading-648369f32ad24be77 uvc-3355 head-section-title uvc-heading-default-font-sizes\" data-hspacer=\"no_spacer\"  data-halign=\"center\" style=\"text-align:center\"><div class=\"uvc-heading-spacer no_spacer\" style=\"top\"><\/div><div class=\"uvc-main-heading ult-responsive\"  data-ultimate-target='.uvc-heading.ultimate-heading-648369f32ad24be77 h2'  data-responsive-json-new='{\"font-size\":\"\",\"line-height\":\"\"}' ><h2 style=\"--font-weight:theme;\">GALERIE<\/h2><\/div><\/div>[vc_empty_space height=\u00a0\u00bb50px\u00a0\u00bb][vc_masonry_media_grid element_width=\u00a0\u00bb3&Prime; gap=\u00a0\u00bb10&Prime; grid_id=\u00a0\u00bbvc_gid:1660293282295-cfe78cff-0048-0&Prime; include=\u00a0\u00bb1684,1689,1688,1681,1686,1683,1682,1687&Prime;][vc_empty_space height=\u00a0\u00bb100px\u00a0\u00bb][\/vc_column][\/vc_row][vc_row full_width=\u00a0\u00bbstretch_row\u00a0\u00bb bg_type=\u00a0\u00bbbg_color\u00a0\u00bb bg_override=\u00a0\u00bbfull\u00a0\u00bb bg_color_value=\u00a0\u00bb#eeeeef\u00a0\u00bb][vc_column offset=\u00a0\u00bbvc_hidden-lg\u00a0\u00bb][vc_empty_space height=\u00a0\u00bb50px\u00a0\u00bb]<div id=\"ultimate-heading-193069f32ad24beeb\" class=\"uvc-heading ult-adjust-bottom-margin ultimate-heading-193069f32ad24beeb uvc-4811 head-section-title uvc-heading-default-font-sizes\" data-hspacer=\"no_spacer\"  data-halign=\"center\" style=\"text-align:center\"><div class=\"uvc-heading-spacer no_spacer\" style=\"top\"><\/div><div class=\"uvc-main-heading ult-responsive\"  data-ultimate-target='.uvc-heading.ultimate-heading-193069f32ad24beeb h2'  data-responsive-json-new='{\"font-size\":\"\",\"line-height\":\"\"}' ><h2 style=\"--font-weight:theme;\">GALERIE<\/h2><\/div><\/div>[vc_empty_space height=\u00a0\u00bb50px\u00a0\u00bb][vc_masonry_media_grid element_width=\u00a0\u00bb3&Prime; gap=\u00a0\u00bb10&Prime; grid_id=\u00a0\u00bbvc_gid:1660293282299-d76c1760-6ecf-7&Prime; include=\u00a0\u00bb1684,1689,1688,1681,1686,1683,1682,1687&Prime;][vc_empty_space height=\u00a0\u00bb50px\u00a0\u00bb][\/vc_column][\/vc_row][vc_row full_width=\u00a0\u00bbstretch_row\u00a0\u00bb bg_type=\u00a0\u00bbimage\u00a0\u00bb parallax_style=\u00a0\u00bbvcpb-default\u00a0\u00bb bg_image_new=\u00a0\u00bbid^1166|url^http:\/\/www.pharmathek.com\/wp-content\/uploads\/2018\/03\/farmacia-specifiche-background.jpg|caption^null|alt^null|title^farmacia-specifiche-background|description^null\u00a0\u00bb bg_image_repeat=\u00a0\u00bbno-repeat\u00a0\u00bb bg_override=\u00a0\u00bbfull\u00a0\u00bb][vc_column][vc_empty_space height=\u00a0\u00bb100px\u00a0\u00bb]<div id=\"ultimate-heading-544569f32ad24bf5f\" class=\"uvc-heading ult-adjust-bottom-margin ultimate-heading-544569f32ad24bf5f uvc-7519 head-section-title text-white uvc-heading-default-font-sizes\" data-hspacer=\"no_spacer\"  data-halign=\"center\" style=\"text-align:center\"><div class=\"uvc-heading-spacer no_spacer\" style=\"top\"><\/div><div class=\"uvc-main-heading ult-responsive\"  data-ultimate-target='.uvc-heading.ultimate-heading-544569f32ad24bf5f h2'  data-responsive-json-new='{\"font-size\":\"\",\"line-height\":\"\"}' ><h2 style=\"--font-weight:theme;\">LE PROJET<\/h2><\/div><\/div>[vc_empty_space height=\u00a0\u00bb50px\u00a0\u00bb][vc_separator color=\u00a0\u00bbwhite\u00a0\u00bb][vc_row_inner][vc_column_inner width=\u00a0\u00bb1\/2&Prime;][vc_column_text el_class=\u00a0\u00bbprogetto-voci\u00a0\u00bb]SURFACE DE LA PHARMACIE[\/vc_column_text][\/vc_column_inner][vc_column_inner width=\u00a0\u00bb1\/2&Prime;][vc_column_text el_class=\u00a0\u00bbprogetto-voci-valori\u00a0\u00bb]80 m\u00e8tres carr\u00e9s[\/vc_column_text][\/vc_column_inner][\/vc_row_inner][vc_separator color=\u00a0\u00bbwhite\u00a0\u00bb][vc_row_inner][vc_column_inner width=\u00a0\u00bb1\/2&Prime;][vc_column_text el_class=\u00a0\u00bbprogetto-voci\u00a0\u00bb]SOLUTIONS PHARMATHEK[\/vc_column_text][\/vc_column_inner][vc_column_inner width=\u00a0\u00bb1\/2&Prime;][vc_column_text el_class=\u00a0\u00bbprogetto-voci-valori\u00a0\u00bb]SINTESI + PHARMALOAD + EUCLID3D[\/vc_column_text][\/vc_column_inner][\/vc_row_inner][vc_separator color=\u00a0\u00bbwhite\u00a0\u00bb][vc_row_inner][vc_column_inner width=\u00a0\u00bb1\/2&Prime;][vc_column_text el_class=\u00a0\u00bbprogetto-voci\u00a0\u00bb]DIMENSIONS ROBOT[\/vc_column_text][\/vc_column_inner][vc_column_inner width=\u00a0\u00bb1\/2&Prime;][vc_column_text el_class=\u00a0\u00bbprogetto-voci-valori\u00a0\u00bb]<\/p>\n<p>L 6.047 x H 3.500 mm<\/p>\n<p>[\/vc_column_text][\/vc_column_inner][\/vc_row_inner][vc_separator color=\u00a0\u00bbwhite\u00a0\u00bb][vc_row_inner][vc_column_inner width=\u00a0\u00bb1\/2&Prime;][vc_column_text el_class=\u00a0\u00bbprogetto-voci\u00a0\u00bb]CAPACIT\u00c9 BO\u00ceTES[\/vc_column_text][\/vc_column_inner][vc_column_inner width=\u00a0\u00bb1\/2&Prime;][vc_column_text el_class=\u00a0\u00bbprogetto-voci-valori\u00a0\u00bb]<\/p>\n<p>18.500<\/p>\n<p>[\/vc_column_text][\/vc_column_inner][\/vc_row_inner][vc_separator color=\u00a0\u00bbwhite\u00a0\u00bb][vc_row_inner][vc_column_inner width=\u00a0\u00bb1\/2&Prime;][vc_column_text el_class=\u00a0\u00bbprogetto-voci\u00a0\u00bb]POSITION ROBOT PAR RAPPORT AU COMPTOIR[\/vc_column_text][\/vc_column_inner][vc_column_inner width=\u00a0\u00bb1\/2&Prime;][vc_column_text el_class=\u00a0\u00bbprogetto-voci-valori\u00a0\u00bb]DERRI\u00c8RE LE COMPTOIR[\/vc_column_text][\/vc_column_inner][\/vc_row_inner][vc_separator color=\u00a0\u00bbwhite\u00a0\u00bb][vc_row_inner][vc_column_inner width=\u00a0\u00bb1\/2&Prime;][vc_column_text el_class=\u00a0\u00bbprogetto-voci\u00a0\u00bb]PRODUITS EN MOUVEMENT[\/vc_column_text][\/vc_column_inner][vc_column_inner width=\u00a0\u00bb1\/2&Prime;][vc_column_text el_class=\u00a0\u00bbprogetto-voci-valori\u00a0\u00bb]entre 500 et 1000[\/vc_column_text][\/vc_column_inner][\/vc_row_inner][vc_separator color=\u00a0\u00bbwhite\u00a0\u00bb][vc_empty_space height=\u00a0\u00bb100px\u00a0\u00bb][\/vc_column][\/vc_row][vc_row full_width=\u00a0\u00bbstretch_row_content_no_spaces\u00a0\u00bb][vc_column el_class=\u00a0\u00bbfull-width-no-padding\u00a0\u00bb][vc_single_image image=\u00a0\u00bb1695&Prime; img_size=\u00a0\u00bbfull\u00a0\u00bb alignment=\u00a0\u00bbcenter\u00a0\u00bb]<style type=\"text\/css\" data-type=\"the7_shortcodes-inline-css\">#default-btn-0e4e87e5e968b404cd830fa571b9ffc3.ico-right-side > i {\n  margin-right: 0px;\n  margin-left: 8px;\n}\n#default-btn-0e4e87e5e968b404cd830fa571b9ffc3 > i {\n  margin-right: 8px;\n}\n<\/style><div class=\"btn-align-center\"><a href=\"https:\/\/www.pharmathek.com\/fr\/installations\/\" class=\"default-btn-shortcode dt-btn dt-btn-l link-hover-off weight-300 full-width-btn \" id=\"default-btn-0e4e87e5e968b404cd830fa571b9ffc3\" title=\"Installations\"><span>Retour \u00e0 la liste des installations<\/span><\/a><\/div>[\/vc_column][\/vc_row][vc_row full_width=\u00a0\u00bbstretch_row\u00a0\u00bb bg_type=\u00a0\u00bbbg_color\u00a0\u00bb bg_override=\u00a0\u00bbfull\u00a0\u00bb bg_color_value=\u00a0\u00bb#eeeeef\u00a0\u00bb][vc_column offset=\u00a0\u00bbvc_hidden-md vc_hidden-sm vc_hidden-xs\u00a0\u00bb][vc_empty_space height=\u00a0\u00bb100px\u00a0\u00bb][\/vc_column][\/vc_row]<\/p>\n<\/div>","protected":false},"excerpt":{"rendered":"<p>Bologne (Italie)<\/p>\n","protected":false},"author":3,"featured_media":23542,"parent":0,"menu_order":0,"comment_status":"closed","ping_status":"closed","template":"","meta":{"inline_featured_image":false,"footnotes":""},"categories":[45,47],"tags":[],"class_list":["post-23540","page","type-page","status-publish","has-post-thumbnail","hentry","category-installations","category-pharmacies","description-off"],"_links":{"self":[{"href":"https:\/\/www.pharmathek.com\/fr\/wp-json\/wp\/v2\/pages\/23540","targetHints":{"allow":["GET"]}}],"collection":[{"href":"https:\/\/www.pharmathek.com\/fr\/wp-json\/wp\/v2\/pages"}],"about":[{"href":"https:\/\/www.pharmathek.com\/fr\/wp-json\/wp\/v2\/types\/page"}],"author":[{"embeddable":true,"href":"https:\/\/www.pharmathek.com\/fr\/wp-json\/wp\/v2\/users\/3"}],"replies":[{"embeddable":true,"href":"https:\/\/www.pharmathek.com\/fr\/wp-json\/wp\/v2\/comments?post=23540"}],"version-history":[{"count":2,"href":"https:\/\/www.pharmathek.com\/fr\/wp-json\/wp\/v2\/pages\/23540\/revisions"}],"predecessor-version":[{"id":23548,"href":"https:\/\/www.pharmathek.com\/fr\/wp-json\/wp\/v2\/pages\/23540\/revisions\/23548"}],"wp:featuredmedia":[{"embeddable":true,"href":"https:\/\/www.pharmathek.com\/fr\/wp-json\/wp\/v2\/media\/23542"}],"wp:attachment":[{"href":"https:\/\/www.pharmathek.com\/fr\/wp-json\/wp\/v2\/media?parent=23540"}],"wp:term":[{"taxonomy":"category","embeddable":true,"href":"https:\/\/www.pharmathek.com\/fr\/wp-json\/wp\/v2\/categories?post=23540"},{"taxonomy":"post_tag","embeddable":true,"href":"https:\/\/www.pharmathek.com\/fr\/wp-json\/wp\/v2\/tags?post=23540"}],"curies":[{"name":"wp","href":"https:\/\/api.w.org\/{rel}","templated":true}]}}