{"id":23550,"date":"2022-08-12T10:49:30","date_gmt":"2022-08-12T08:49:30","guid":{"rendered":"https:\/\/www.pharmathek.com\/?page_id=23550"},"modified":"2022-10-18T15:36:27","modified_gmt":"2022-10-18T13:36:27","slug":"pharmacie-allangelo","status":"publish","type":"page","link":"https:\/\/www.pharmathek.com\/fr\/pharmacie-allangelo\/","title":{"rendered":"Pharmacie all&rsquo;Angelo"},"content":{"rendered":"<div class=\"wpb-content-wrapper\"><p>[vc_row full_width=\u00a0\u00bbstretch_row_content\u00a0\u00bb equal_height=\u00a0\u00bbyes\u00a0\u00bb content_placement=\u00a0\u00bbmiddle\u00a0\u00bb bg_type=\u00a0\u00bbbg_color\u00a0\u00bb bg_override=\u00a0\u00bbfull\u00a0\u00bb bg_color_value=\u00a0\u00bb#eeeeef\u00a0\u00bb][vc_column width=\u00a0\u00bb1\/2&Prime; css=\u00a0\u00bb.vc_custom_1523962213698{padding-right: 0px !important;padding-left: 0px !important;}\u00a0\u00bb offset=\u00a0\u00bbvc_hidden-md vc_hidden-sm vc_hidden-xs\u00a0\u00bb][vc_single_image image=\u00a0\u00bb1580&Prime; img_size=\u00a0\u00bbfull\u00a0\u00bb][\/vc_column][vc_column width=\u00a0\u00bb1\/2&Prime; css=\u00a0\u00bb.vc_custom_1523962220184{padding-right: 100px !important;padding-left: 100px !important;}\u00a0\u00bb offset=\u00a0\u00bbvc_hidden-md vc_hidden-sm vc_hidden-xs\u00a0\u00bb][vc_empty_space]<div id=\"ultimate-heading-656069ddfbfda038a\" class=\"uvc-heading ult-adjust-bottom-margin ultimate-heading-656069ddfbfda038a uvc-8829 head-section-title uvc-heading-default-font-sizes\" data-hspacer=\"no_spacer\"  data-halign=\"center\" style=\"text-align:center\"><div class=\"uvc-heading-spacer no_spacer\" style=\"top\"><\/div><div class=\"uvc-main-heading ult-responsive\"  data-ultimate-target='.uvc-heading.ultimate-heading-656069ddfbfda038a p'  data-responsive-json-new='{\"font-size\":\"\",\"line-height\":\"\"}' ><p style=\"--font-weight:theme;\">PHARMACIE ALL'ANGELO<\/p><\/div><\/div>[vc_empty_space][vc_column_text el_class=\u00a0\u00bbtext-justify\u00a0\u00bb]La pharmacie all&rsquo;Angelo, point de r\u00e9f\u00e9rence de la communaut\u00e9 de Fontaniva dans la province de Padoue, a install\u00e9 un robot Pharmathek.<\/p>\n<p>Pour rendre les performances de l&rsquo;entrep\u00f4t robotis\u00e9 encore plus \u00e9lev\u00e9es, le propri\u00e9taire, le Dr Luca Carmignoto, a choisi d&rsquo;enrichir son robot du manipulateur <a href=\"https:\/\/www.pharmathek.com\/fr\/euclid3d\/\">Euclid3D<\/a> et du chargeur automatique <a href=\"https:\/\/www.pharmathek.com\/fr\/pharmaload\/\">Pharmaload<\/a>.<\/p>\n<p>Le robot \u00e9tait positionn\u00e9 derri\u00e8re le comptoir, mais il n&rsquo;est pas directement visible depuis la surface de vente car il est s\u00e9par\u00e9 par un mur de s\u00e9paration. Des trous ont \u00e9t\u00e9 fait sur ce mur pour les sorties du robot, peint en noir pour mieux s&rsquo;harmoniser avec le reste du mobilier.[\/vc_column_text][vc_empty_space][\/vc_column][\/vc_row][vc_row full_width=\u00a0\u00bbstretch_row_content\u00a0\u00bb equal_height=\u00a0\u00bbyes\u00a0\u00bb content_placement=\u00a0\u00bbmiddle\u00a0\u00bb bg_type=\u00a0\u00bbbg_color\u00a0\u00bb bg_override=\u00a0\u00bbfull\u00a0\u00bb bg_color_value=\u00a0\u00bb#eeeeef\u00a0\u00bb][vc_column css=\u00a0\u00bb.vc_custom_1524125531346{padding-right: 0px !important;padding-left: 0px !important;}\u00a0\u00bb offset=\u00a0\u00bbvc_hidden-lg\u00a0\u00bb el_class=\u00a0\u00bbfull-width-no-padding\u00a0\u00bb][vc_single_image image=\u00a0\u00bb1580&Prime; img_size=\u00a0\u00bbfull\u00a0\u00bb][vc_empty_space]<div id=\"ultimate-heading-220869ddfbfda0432\" class=\"uvc-heading ult-adjust-bottom-margin ultimate-heading-220869ddfbfda0432 uvc-8271 head-section-title uvc-heading-default-font-sizes\" data-hspacer=\"no_spacer\"  data-halign=\"center\" style=\"text-align:center\"><div class=\"uvc-heading-spacer no_spacer\" style=\"top\"><\/div><div class=\"uvc-main-heading ult-responsive\"  data-ultimate-target='.uvc-heading.ultimate-heading-220869ddfbfda0432 p'  data-responsive-json-new='{\"font-size\":\"\",\"line-height\":\"\"}' ><p style=\"--font-weight:theme;\">PHARMACIE ALL'ANGELO<\/p><\/div><\/div>[vc_empty_space][vc_column_text el_class=\u00a0\u00bbtext-justify\u00a0\u00bb]La pharmacie all&rsquo;Angelo, point de r\u00e9f\u00e9rence de la communaut\u00e9 de Fontaniva dans la province de Padoue, a install\u00e9 un robot Pharmathek.<\/p>\n<p>Pour rendre les performances de l&rsquo;entrep\u00f4t robotis\u00e9 encore plus \u00e9lev\u00e9es, le propri\u00e9taire, le Dr Luca Carmignoto, a choisi d&rsquo;enrichir son robot du manipulateur <a href=\"https:\/\/www.pharmathek.com\/fr\/euclid3d\/\">Euclid3D<\/a> et du chargeur automatique <a href=\"https:\/\/www.pharmathek.com\/fr\/pharmaload\/\">Pharmaload<\/a>.<\/p>\n<p>Le robot \u00e9tait positionn\u00e9 derri\u00e8re le comptoir, mais il n&rsquo;est pas directement visible depuis la surface de vente car il est s\u00e9par\u00e9 par un mur de s\u00e9paration. Des trous ont \u00e9t\u00e9 fait sur ce mur pour les sorties du robot, peint en noir pour mieux s&rsquo;harmoniser avec le reste du mobilier.[\/vc_column_text][vc_empty_space][\/vc_column][\/vc_row][vc_row][vc_column offset=\u00a0\u00bbvc_hidden-md vc_hidden-sm vc_hidden-xs\u00a0\u00bb][vc_empty_space height=\u00a0\u00bb100px\u00a0\u00bb][vc_single_image image=\u00a0\u00bb1581&Prime; img_size=\u00a0\u00bbfull\u00a0\u00bb alignment=\u00a0\u00bbcenter\u00a0\u00bb][vc_empty_space]<div id=\"ultimate-heading-850569ddfbfda04b4\" class=\"uvc-heading ult-adjust-bottom-margin ultimate-heading-850569ddfbfda04b4 uvc-9640 head-section-title uvc-heading-default-font-sizes\" data-hspacer=\"no_spacer\"  data-halign=\"center\" style=\"text-align:center\"><div class=\"uvc-heading-spacer no_spacer\" style=\"top\"><\/div><div class=\"uvc-main-heading ult-responsive\"  data-ultimate-target='.uvc-heading.ultimate-heading-850569ddfbfda04b4 p'  data-responsive-json-new='{\"font-size\":\"\",\"line-height\":\"\"}' ><p style=\"--font-weight:theme;\">LA PAROLE AU PHARMACIEN<\/p><\/div><\/div>[vc_empty_space][vc_column_text el_class=\u00a0\u00bbtext-justify\u00a0\u00bb]<\/p>\n<h4>Dr Carmignoto, pourquoi avez-vous d\u00e9cid\u00e9 d\u2019automatiser votre pharmacie ?<\/h4>\n<p>Nous avons d\u00e9cid\u00e9 d&rsquo;automatiser la pharmacie car il fallait rester dans l&rsquo;air du temps et, ayant d\u00e9cid\u00e9 de la r\u00e9nover, c&rsquo;\u00e9tait le meilleur moment pour le faire. De plus, gr\u00e2ce \u00e0 la d\u00e9taxe disponible sur les entrep\u00f4ts automatis\u00e9s, nous avons pu faire d&rsquo;une pierre deux coups.<\/p>\n<p>&nbsp;<\/p>\n<h4>Quelles sont les raisons pour lesquelles vous avez fait confiance \u00e0 Pharmathek pour la r\u00e9novation ?<\/h4>\n<p>J&rsquo;ai minutieusement analys\u00e9 les solutions propos\u00e9es par tous les fournisseurs possibles sur le march\u00e9 et j&rsquo;ai pu voir comment toutes les entreprises avaient des points pour et contre, mais au final j&rsquo;ai d\u00e9cid\u00e9 de m&rsquo;appuyer sur Pharmathek pour son appartenance au groupe Th.Kohl qui d&rsquo;une part cela m&rsquo;a offert une garantie suppl\u00e9mentaire de qualit\u00e9, tant sur le produit que sur l&rsquo;entreprise, d&rsquo;autre part cela m&rsquo;a permis de d\u00e9velopper un projet int\u00e9gr\u00e9 s&rsquo;appuyant sur un interlocuteur unique.<\/p>\n<h4><\/h4>\n<h4><strong>Qu&rsquo;est-ce qui a chang\u00e9 depuis l&rsquo;installation du robot ?<\/strong><\/h4>\n<p>La fa\u00e7on de travailler a chang\u00e9. En particulier, il y a 3 principaux avantages que mon personnel et moi avons pu trouver.<\/p>\n<p>Le premier est certainement la s\u00e9r\u00e9nit\u00e9 dans le travail. Pour donner un exemple, ayant deux pharmacies, il pouvait arriver que je ne me souvienne pas o\u00f9 se trouvait un certain m\u00e9dicament dans les tiroirs ou que je ne puisse pas le trouver car cela avait \u00e9t\u00e9 plac\u00e9 \u00e0 l&rsquo;int\u00e9rieur par un collaborateur. Maintenant, le bras m\u00e9canique, que nous appelons en plaisantant Rocco, s&rsquo;occupe de cette t\u00e2che, car lui aussi est un \u00ab\u00a0employ\u00e9\u00a0\u00bb de la pharmacie.<\/p>\n<p>Le deuxi\u00e8me avantage principal est li\u00e9 \u00e0 la gestion des dates de p\u00e9remption, qui se fait d\u00e9sormais automatiquement.<\/p>\n<p>Le troisi\u00e8me est le fait de pouvoir profiter du temps qui s&rsquo;\u00e9coule entre la commande du produit au comptoir et sa livraison au comptoir pour communiquer avec le client, enqu\u00eater sur ses besoins ult\u00e9rieurs puis lui proposer les produits vis\u00e9s \u00e0 les satisfaire. Cela a permis en un mot d&rsquo;am\u00e9liorer la rentabilit\u00e9 de la pharmacie.[\/vc_column_text][vc_empty_space height=\u00a0\u00bb100px\u00a0\u00bb][\/vc_column][\/vc_row][vc_row][vc_column offset=\u00a0\u00bbvc_hidden-lg\u00a0\u00bb][vc_empty_space height=\u00a0\u00bb50px\u00a0\u00bb][vc_single_image image=\u00a0\u00bb1581&Prime; img_size=\u00a0\u00bbfull\u00a0\u00bb alignment=\u00a0\u00bbcenter\u00a0\u00bb][vc_empty_space]<div id=\"ultimate-heading-876969ddfbfda0533\" class=\"uvc-heading ult-adjust-bottom-margin ultimate-heading-876969ddfbfda0533 uvc-3061 head-section-title uvc-heading-default-font-sizes\" data-hspacer=\"no_spacer\"  data-halign=\"center\" style=\"text-align:center\"><div class=\"uvc-heading-spacer no_spacer\" style=\"top\"><\/div><div class=\"uvc-main-heading ult-responsive\"  data-ultimate-target='.uvc-heading.ultimate-heading-876969ddfbfda0533 p'  data-responsive-json-new='{\"font-size\":\"\",\"line-height\":\"\"}' ><p style=\"--font-weight:theme;\">LA PAROLE AU PHARMACIEN<\/p><\/div><\/div>[vc_empty_space][vc_column_text el_class=\u00a0\u00bbtext-justify\u00a0\u00bb]<\/p>\n<h4>Dr Carmignoto, pourquoi avez-vous d\u00e9cid\u00e9 d\u2019automatiser votre pharmacie ?<\/h4>\n<p>Nous avons d\u00e9cid\u00e9 d&rsquo;automatiser la pharmacie car il fallait rester dans l&rsquo;air du temps et, ayant d\u00e9cid\u00e9 de la r\u00e9nover, c&rsquo;\u00e9tait le meilleur moment pour le faire. De plus, gr\u00e2ce \u00e0 la d\u00e9taxe disponible sur les entrep\u00f4ts automatis\u00e9s, nous avons pu faire d&rsquo;une pierre deux coups.<\/p>\n<p>&nbsp;<\/p>\n<h4>Quelles sont les raisons pour lesquelles vous avez fait confiance \u00e0 Pharmathek pour la r\u00e9novation ?<\/h4>\n<p>J&rsquo;ai minutieusement analys\u00e9 les solutions propos\u00e9es par tous les fournisseurs possibles sur le march\u00e9 et j&rsquo;ai pu voir comment toutes les entreprises avaient des points pour et contre, mais au final j&rsquo;ai d\u00e9cid\u00e9 de m&rsquo;appuyer sur Pharmathek pour son appartenance au groupe Th.Kohl qui d&rsquo;une part cela m&rsquo;a offert une garantie suppl\u00e9mentaire de qualit\u00e9, tant sur le produit que sur l&rsquo;entreprise, d&rsquo;autre part cela m&rsquo;a permis de d\u00e9velopper un projet int\u00e9gr\u00e9 s&rsquo;appuyant sur un interlocuteur unique.<\/p>\n<h4><\/h4>\n<h4><strong>Qu&rsquo;est-ce qui a chang\u00e9 depuis l&rsquo;installation du robot ?<\/strong><\/h4>\n<p>La fa\u00e7on de travailler a chang\u00e9. En particulier, il y a 3 principaux avantages que mon personnel et moi avons pu trouver.<\/p>\n<p>Le premier est certainement la s\u00e9r\u00e9nit\u00e9 dans le travail. Pour donner un exemple, ayant deux pharmacies, il pouvait arriver que je ne me souvienne pas o\u00f9 se trouvait un certain m\u00e9dicament dans les tiroirs ou que je ne puisse pas le trouver car cela avait \u00e9t\u00e9 plac\u00e9 \u00e0 l&rsquo;int\u00e9rieur par un collaborateur. Maintenant, le bras m\u00e9canique, que nous appelons en plaisantant Rocco, s&rsquo;occupe de cette t\u00e2che, car lui aussi est un \u00ab\u00a0employ\u00e9\u00a0\u00bb de la pharmacie.<\/p>\n<p>Le deuxi\u00e8me avantage principal est li\u00e9 \u00e0 la gestion des dates de p\u00e9remption, qui se fait d\u00e9sormais automatiquement.<\/p>\n<p>Le troisi\u00e8me est le fait de pouvoir profiter du temps qui s&rsquo;\u00e9coule entre la commande du produit au comptoir et sa livraison au comptoir pour communiquer avec le client, enqu\u00eater sur ses besoins ult\u00e9rieurs puis lui proposer les produits vis\u00e9s \u00e0 les satisfaire. Cela a permis en un mot d&rsquo;am\u00e9liorer la rentabilit\u00e9 de la pharmacie.[\/vc_column_text][vc_empty_space height=\u00a0\u00bb50px\u00a0\u00bb][\/vc_column][\/vc_row][vc_row full_width=\u00a0\u00bbstretch_row\u00a0\u00bb bg_type=\u00a0\u00bbbg_color\u00a0\u00bb bg_override=\u00a0\u00bbfull\u00a0\u00bb bg_color_value=\u00a0\u00bb#eeeeef\u00a0\u00bb][vc_column offset=\u00a0\u00bbvc_hidden-md vc_hidden-sm vc_hidden-xs\u00a0\u00bb][vc_empty_space height=\u00a0\u00bb100px\u00a0\u00bb]<div id=\"ultimate-heading-837169ddfbfda05b1\" class=\"uvc-heading ult-adjust-bottom-margin ultimate-heading-837169ddfbfda05b1 uvc-8771 head-section-title uvc-heading-default-font-sizes\" data-hspacer=\"no_spacer\"  data-halign=\"center\" style=\"text-align:center\"><div class=\"uvc-heading-spacer no_spacer\" style=\"top\"><\/div><div class=\"uvc-main-heading ult-responsive\"  data-ultimate-target='.uvc-heading.ultimate-heading-837169ddfbfda05b1 h2'  data-responsive-json-new='{\"font-size\":\"\",\"line-height\":\"\"}' ><h2 style=\"--font-weight:theme;\">GALERIE<\/h2><\/div><\/div>[vc_empty_space height=\u00a0\u00bb50px\u00a0\u00bb][vc_masonry_media_grid element_width=\u00a0\u00bb3&Prime; gap=\u00a0\u00bb10&Prime; grid_id=\u00a0\u00bbvc_gid:1666100159994-243aa46dc033499ae36ab07c93f94f1c-0&Prime; include=\u00a0\u00bb1585,1583,1580,1581,1586,1587,1588,1584&Prime;][vc_empty_space height=\u00a0\u00bb100px\u00a0\u00bb][\/vc_column][\/vc_row][vc_row full_width=\u00a0\u00bbstretch_row\u00a0\u00bb bg_type=\u00a0\u00bbbg_color\u00a0\u00bb bg_override=\u00a0\u00bbfull\u00a0\u00bb bg_color_value=\u00a0\u00bb#eeeeef\u00a0\u00bb][vc_column offset=\u00a0\u00bbvc_hidden-lg\u00a0\u00bb][vc_empty_space height=\u00a0\u00bb50px\u00a0\u00bb]<div id=\"ultimate-heading-474369ddfbfda062b\" class=\"uvc-heading ult-adjust-bottom-margin ultimate-heading-474369ddfbfda062b uvc-5574 head-section-title uvc-heading-default-font-sizes\" data-hspacer=\"no_spacer\"  data-halign=\"center\" style=\"text-align:center\"><div class=\"uvc-heading-spacer no_spacer\" style=\"top\"><\/div><div class=\"uvc-main-heading ult-responsive\"  data-ultimate-target='.uvc-heading.ultimate-heading-474369ddfbfda062b h2'  data-responsive-json-new='{\"font-size\":\"\",\"line-height\":\"\"}' ><h2 style=\"--font-weight:theme;\">GALERIE<\/h2><\/div><\/div>[vc_empty_space height=\u00a0\u00bb50px\u00a0\u00bb][vc_masonry_media_grid element_width=\u00a0\u00bb3&Prime; gap=\u00a0\u00bb10&Prime; grid_id=\u00a0\u00bbvc_gid:1666100160102-e926d8b7b73b00d353ed02f75d1f1eab-4&Prime; include=\u00a0\u00bb1585,1583,1580,1581,1586,1587,1588,1584&Prime;][vc_empty_space height=\u00a0\u00bb50px\u00a0\u00bb][\/vc_column][\/vc_row][vc_row full_width=\u00a0\u00bbstretch_row\u00a0\u00bb bg_type=\u00a0\u00bbimage\u00a0\u00bb parallax_style=\u00a0\u00bbvcpb-default\u00a0\u00bb bg_image_new=\u00a0\u00bbid^1166|url^http:\/\/www.pharmathek.com\/wp-content\/uploads\/2018\/03\/farmacia-specifiche-background.jpg|caption^null|alt^null|title^farmacia-specifiche-background|description^null\u00a0\u00bb bg_image_repeat=\u00a0\u00bbno-repeat\u00a0\u00bb bg_override=\u00a0\u00bbfull\u00a0\u00bb][vc_column][vc_empty_space height=\u00a0\u00bb100px\u00a0\u00bb]<div id=\"ultimate-heading-724669ddfbfda06a2\" class=\"uvc-heading ult-adjust-bottom-margin ultimate-heading-724669ddfbfda06a2 uvc-8856 head-section-title text-white uvc-heading-default-font-sizes\" data-hspacer=\"no_spacer\"  data-halign=\"center\" style=\"text-align:center\"><div class=\"uvc-heading-spacer no_spacer\" style=\"top\"><\/div><div class=\"uvc-main-heading ult-responsive\"  data-ultimate-target='.uvc-heading.ultimate-heading-724669ddfbfda06a2 h2'  data-responsive-json-new='{\"font-size\":\"\",\"line-height\":\"\"}' ><h2 style=\"--font-weight:theme;\">LE PROJET<\/h2><\/div><\/div>[vc_empty_space height=\u00a0\u00bb50px\u00a0\u00bb][vc_separator color=\u00a0\u00bbwhite\u00a0\u00bb][vc_row_inner][vc_column_inner width=\u00a0\u00bb1\/2&Prime;][vc_column_text el_class=\u00a0\u00bbprogetto-voci\u00a0\u00bb]SURFACE DE LA PHARMACIE[\/vc_column_text][\/vc_column_inner][vc_column_inner width=\u00a0\u00bb1\/2&Prime;][vc_column_text el_class=\u00a0\u00bbprogetto-voci-valori\u00a0\u00bb]500 m\u00e8tres carr\u00e9s[\/vc_column_text][\/vc_column_inner][\/vc_row_inner][vc_separator color=\u00a0\u00bbwhite\u00a0\u00bb][vc_row_inner][vc_column_inner width=\u00a0\u00bb1\/2&Prime;][vc_column_text el_class=\u00a0\u00bbprogetto-voci\u00a0\u00bb]SOLUTIONS PHARMATHEK[\/vc_column_text][\/vc_column_inner][vc_column_inner width=\u00a0\u00bb1\/2&Prime;][vc_column_text el_class=\u00a0\u00bbprogetto-voci-valori\u00a0\u00bb]SINTESI + PHARMALOAD + EUCLID3D[\/vc_column_text][\/vc_column_inner][\/vc_row_inner][vc_separator color=\u00a0\u00bbwhite\u00a0\u00bb][vc_row_inner][vc_column_inner width=\u00a0\u00bb1\/2&Prime;][vc_column_text el_class=\u00a0\u00bbprogetto-voci\u00a0\u00bb]DIMENSIONS ROBOT[\/vc_column_text][\/vc_column_inner][vc_column_inner width=\u00a0\u00bb1\/2&Prime;][vc_column_text el_class=\u00a0\u00bbprogetto-voci-valori\u00a0\u00bb]L 6.500 x H 3.300 mm[\/vc_column_text][\/vc_column_inner][\/vc_row_inner][vc_separator color=\u00a0\u00bbwhite\u00a0\u00bb][vc_row_inner][vc_column_inner width=\u00a0\u00bb1\/2&Prime;][vc_column_text el_class=\u00a0\u00bbprogetto-voci\u00a0\u00bb]CAPACIT\u00c9 BO\u00ceTES[\/vc_column_text][\/vc_column_inner][vc_column_inner width=\u00a0\u00bb1\/2&Prime;][vc_column_text el_class=\u00a0\u00bbprogetto-voci-valori\u00a0\u00bb]18.900[\/vc_column_text][\/vc_column_inner][\/vc_row_inner][vc_separator color=\u00a0\u00bbwhite\u00a0\u00bb][vc_row_inner][vc_column_inner width=\u00a0\u00bb1\/2&Prime;][vc_column_text el_class=\u00a0\u00bbprogetto-voci\u00a0\u00bb]POSITION ROBOT PAR RAPPORT AU COMPTOIR[\/vc_column_text][\/vc_column_inner][vc_column_inner width=\u00a0\u00bb1\/2&Prime;][vc_column_text el_class=\u00a0\u00bbprogetto-voci-valori\u00a0\u00bb]DERRIERE LE COMPTOIR[\/vc_column_text][\/vc_column_inner][\/vc_row_inner][vc_separator color=\u00a0\u00bbwhite\u00a0\u00bb][vc_row_inner][vc_column_inner width=\u00a0\u00bb1\/2&Prime;][vc_column_text el_class=\u00a0\u00bbprogetto-voci\u00a0\u00bb]PRODUITS EN MOUVEMENT[\/vc_column_text][\/vc_column_inner][vc_column_inner width=\u00a0\u00bb1\/2&Prime;][vc_column_text el_class=\u00a0\u00bbprogetto-voci-valori\u00a0\u00bb]entre 500 et 1.000[\/vc_column_text][\/vc_column_inner][\/vc_row_inner][vc_separator color=\u00a0\u00bbwhite\u00a0\u00bb][vc_empty_space height=\u00a0\u00bb100px\u00a0\u00bb][\/vc_column][\/vc_row][vc_row full_width=\u00a0\u00bbstretch_row_content_no_spaces\u00a0\u00bb][vc_column el_class=\u00a0\u00bbfull-width-no-padding\u00a0\u00bb][vc_single_image image=\u00a0\u00bb1593&Prime; img_size=\u00a0\u00bbfull\u00a0\u00bb alignment=\u00a0\u00bbcenter\u00a0\u00bb]<style type=\"text\/css\" data-type=\"the7_shortcodes-inline-css\">#default-btn-0e4e87e5e968b404cd830fa571b9ffc3.ico-right-side > i {\n  margin-right: 0px;\n  margin-left: 8px;\n}\n#default-btn-0e4e87e5e968b404cd830fa571b9ffc3 > i {\n  margin-right: 8px;\n}\n<\/style><div class=\"btn-align-center\"><a href=\"https:\/\/www.pharmathek.com\/fr\/installations\/\" class=\"default-btn-shortcode dt-btn dt-btn-l link-hover-off weight-300 full-width-btn \" id=\"default-btn-0e4e87e5e968b404cd830fa571b9ffc3\" title=\"Installations\"><span>Retour \u00e0 la liste des installations<\/span><\/a><\/div>[\/vc_column][\/vc_row][vc_row full_width=\u00a0\u00bbstretch_row\u00a0\u00bb bg_type=\u00a0\u00bbbg_color\u00a0\u00bb bg_override=\u00a0\u00bbfull\u00a0\u00bb bg_color_value=\u00a0\u00bb#eeeeef\u00a0\u00bb css=\u00a0\u00bb.vc_custom_1608804719004{background-color: #ffffff !important;}\u00a0\u00bb][vc_column offset=\u00a0\u00bbvc_hidden-md vc_hidden-sm vc_hidden-xs\u00a0\u00bb][vc_empty_space height=\u00a0\u00bb100px\u00a0\u00bb][\/vc_column][\/vc_row]<\/p>\n<\/div>","protected":false},"excerpt":{"rendered":"<p>Fontaniva (Italie)<\/p>\n","protected":false},"author":3,"featured_media":23554,"parent":0,"menu_order":0,"comment_status":"closed","ping_status":"closed","template":"","meta":{"inline_featured_image":false,"footnotes":""},"categories":[45,47],"tags":[],"class_list":["post-23550","page","type-page","status-publish","has-post-thumbnail","hentry","category-installations","category-pharmacies","description-off"],"_links":{"self":[{"href":"https:\/\/www.pharmathek.com\/fr\/wp-json\/wp\/v2\/pages\/23550","targetHints":{"allow":["GET"]}}],"collection":[{"href":"https:\/\/www.pharmathek.com\/fr\/wp-json\/wp\/v2\/pages"}],"about":[{"href":"https:\/\/www.pharmathek.com\/fr\/wp-json\/wp\/v2\/types\/page"}],"author":[{"embeddable":true,"href":"https:\/\/www.pharmathek.com\/fr\/wp-json\/wp\/v2\/users\/3"}],"replies":[{"embeddable":true,"href":"https:\/\/www.pharmathek.com\/fr\/wp-json\/wp\/v2\/comments?post=23550"}],"version-history":[{"count":4,"href":"https:\/\/www.pharmathek.com\/fr\/wp-json\/wp\/v2\/pages\/23550\/revisions"}],"predecessor-version":[{"id":26243,"href":"https:\/\/www.pharmathek.com\/fr\/wp-json\/wp\/v2\/pages\/23550\/revisions\/26243"}],"wp:featuredmedia":[{"embeddable":true,"href":"https:\/\/www.pharmathek.com\/fr\/wp-json\/wp\/v2\/media\/23554"}],"wp:attachment":[{"href":"https:\/\/www.pharmathek.com\/fr\/wp-json\/wp\/v2\/media?parent=23550"}],"wp:term":[{"taxonomy":"category","embeddable":true,"href":"https:\/\/www.pharmathek.com\/fr\/wp-json\/wp\/v2\/categories?post=23550"},{"taxonomy":"post_tag","embeddable":true,"href":"https:\/\/www.pharmathek.com\/fr\/wp-json\/wp\/v2\/tags?post=23550"}],"curies":[{"name":"wp","href":"https:\/\/api.w.org\/{rel}","templated":true}]}}