{"id":2675,"date":"2018-07-17T14:31:25","date_gmt":"2018-07-17T12:31:25","guid":{"rendered":"http:\/\/www.pharmathek.com\/?page_id=2675"},"modified":"2021-05-26T12:17:04","modified_gmt":"2021-05-26T10:17:04","slug":"cookies-policy","status":"publish","type":"page","link":"https:\/\/www.pharmathek.com\/fr\/cookies-policy\/","title":{"rendered":"Cookies Policy"},"content":{"rendered":"<div class=\"wpb-content-wrapper\"><p>[vc_row][vc_column]<div id=\"ultimate-heading-486269e352d187a37\" class=\"uvc-heading ult-adjust-bottom-margin ultimate-heading-486269e352d187a37 uvc-8384  uvc-heading-default-font-sizes\" data-hspacer=\"no_spacer\"  data-halign=\"left\" style=\"text-align:left\"><div class=\"uvc-heading-spacer no_spacer\" style=\"top\"><\/div><div class=\"uvc-main-heading ult-responsive\"  data-ultimate-target='.uvc-heading.ultimate-heading-486269e352d187a37 h1'  data-responsive-json-new='{\"font-size\":\"\",\"line-height\":\"\"}' ><h1 style=\"--font-weight:theme;\">Politique en mati\u00e8re de cookies<\/h1><\/div><\/div>[vc_empty_space height=\u00a0\u00bb50px\u00a0\u00bb][vc_column_text]<\/p>\n<h2><strong>Qu&rsquo;est-ce qu&rsquo;un cookie et \u00e0 quoi sert-il?<\/strong><\/h2>\n<p>Un cookie est un petit fichier qui est envoy\u00e9 \u00e0 votre navigateur et enregistr\u00e9 sur votre appareil lorsque vous acc\u00e9dez et utilisez le site Internet <a href=\"http:\/\/www.pharmathek.com\">www.pharmathek.com<\/a> ci-dessous, \u00e9galement juste (le \u00ab\u00a0Site\u00a0\u00bb). Les cookies permettent au Site de fonctionner efficacement et d&rsquo;am\u00e9liorer ses performances, notamment par la collecte et l&rsquo;analyse d&rsquo;informations globales, qui permettent \u00e0 l&rsquo;exploitant du Site de comprendre comment am\u00e9liorer la structure de celui-ci et de ses sections. Les cookies peuvent \u00e9galement \u00eatre utilis\u00e9s pour collecter des informations \u00e0 des fins statistiques, principalement pour personnaliser l&rsquo;exp\u00e9rience de navigation de l&rsquo;utilisateur, en m\u00e9morisant ses pr\u00e9f\u00e9rences (par exemple, la langue, la devise, etc.).<\/p>\n<p>&nbsp;<\/p>\n<h2><strong>Types de cookies utilis\u00e9s<\/strong><\/h2>\n<h3><strong>Cookies techniques<\/strong><\/h3>\n<p>Les cookies techniques peuvent \u00eatre divis\u00e9s en <strong>cookies de navigation ou de session<\/strong>, qui assurent la navigation et l&rsquo;utilisation normales du Site (permettant, par exemple, de coordonner les formulaires qui composent les pages du Site ou de relier les pages visit\u00e9es \u00e0 la m\u00eame session de travail) et en cookies <strong>analytiques<\/strong>, qui ne peuvent \u00eatre assimil\u00e9s \u00e0 des cookies techniques que s&rsquo;ils sont utilis\u00e9s pour l&rsquo;optimisation du Site directement par l&rsquo;op\u00e9rateur du Site lui-m\u00eame (les \u00ab\u00a0cookies\u00a0analytiques de premi\u00e8re partie \u00bb), qui peuvent collecter des informations sous forme agr\u00e9g\u00e9e sur le nombre d&rsquo;utilisateurs et sur la fa\u00e7on dont ils visitent le Site (par exemple, pour r\u00e9aliser des statistiques des pages les plus visit\u00e9es, pour collecter des donn\u00e9es agr\u00e9g\u00e9es des visites par syst\u00e8me d&rsquo;exploitation, navigateur, etc.)<\/p>\n<p>L&rsquo;utilisation des <strong>cookies de<\/strong> session est strictement limit\u00e9e \u00e0 la transmission d&rsquo;identifiants de session (consistant en des nombres al\u00e9atoires g\u00e9n\u00e9r\u00e9s par le serveur) et des donn\u00e9es d&rsquo;utilisation du logiciel n\u00e9cessaires pour permettre l&rsquo;exploration s\u00fbre et efficace du Site : les variables (les cookies) de session peuvent \u00e9viter l&rsquo;utilisation de techniques informatiques potentiellement pr\u00e9judiciables pour la vie priv\u00e9e des utilisateurs et ne permettent pas l&rsquo;acquisition de donn\u00e9es d&rsquo;identification personnelle. Les cookies de session ne sont pas stock\u00e9s de mani\u00e8re persistante sur le dispositif de l&rsquo;utilisateur, mais sont enregistr\u00e9s localement pour des p\u00e9riodes de temps \u00e9tablies en fonction des variables de session (dont les valeurs sont stock\u00e9es sur le disque dur du dispositif et peuvent dans tous les cas \u00eatre supprim\u00e9es ; il est \u00e9galement possible de d\u00e9sactiver les cookies en suivant les instructions fournies par les principaux navigateurs).<\/p>\n<p>&nbsp;<\/p>\n<h3><strong>Cookies de profilage<\/strong><\/h3>\n<p>Il s&rsquo;agit de cookies persistants utilis\u00e9s pour identifier (de mani\u00e8re anonyme ou non) vos pr\u00e9f\u00e9rences et am\u00e9liorer votre exp\u00e9rience de navigation.<\/p>\n<p><strong>\u00a0<\/strong><\/p>\n<h3><strong>Cookies de tiers<\/strong><\/h3>\n<p>Les cookies de tiers sont ins\u00e9r\u00e9s par un site Internet autre que celui que vous visitez et sont h\u00e9berg\u00e9s sur des serveurs autres que celui que vous avez visit\u00e9. Par cons\u00e9quent, l&rsquo;utilisation des donn\u00e9es collect\u00e9es par ces op\u00e9rateurs externes via les cookies est soumise \u00e0 leurs politiques de confidentialit\u00e9 respectives. L&rsquo;utilisation de cookies de tiers est limit\u00e9e \u00e0 ce qui est n\u00e9cessaire pour une navigation s\u00fbre et efficace sur le Site et n&rsquo;implique pas l&rsquo;acquisition directe par le responsable du traitement de donn\u00e9es \u00e0 caract\u00e8re personnel identifiant l&rsquo;utilisateur.<\/p>\n<p>Le Site int\u00e8gre des boutons et des widgets Facebook, Instagram, Twitter et Youtube. Ces services vous permettent d&rsquo;interagir avec les r\u00e9seaux sociaux, ou d&rsquo;autres plateformes externes, directement \u00e0 partir des pages du Site.<\/p>\n<p>Les interactions et les informations acquises par le biais de ces outils sont, en tout \u00e9tat de cause, soumises aux param\u00e8tres de confidentialit\u00e9 de l&rsquo;utilisateur relatifs \u00e0 chaque r\u00e9seau social, et accessibles uniquement aux gestionnaires des plateformes elles-m\u00eames.<\/p>\n<p>Pour plus d&rsquo;informations sur la mani\u00e8re dont les donn\u00e9es collect\u00e9es par les r\u00e9seaux sociaux sont trait\u00e9es, veuillez vous r\u00e9f\u00e9rer aux politiques de confidentialit\u00e9 des fournisseurs de ces services.<\/p>\n<p>Certaines pages du Site int\u00e8grent Google Maps. Lorsque vous visitez une page contenant Google Maps ou interagissez avec la carte (par le biais de la fonction de zoom ou en cliquant sur la carte pour l&rsquo;agrandir), des cookies peuvent \u00eatre appel\u00e9s par Google.<\/p>\n<p>Pour plus d&rsquo;informations sur la collecte de donn\u00e9es par les services de Google, veuillez consulter la politique de confidentialit\u00e9 <a href=\"https:\/\/policies.google.com\/privacy?hl=FR\">https:\/\/policies.google.com\/privacy?hl=FR<\/a>.<\/p>\n<p>Votre utilisation du service Google Maps est \u00e9galement soumise aux conditions d&rsquo;utilisation suppl\u00e9mentaires suivantes: <a href=\"https:\/\/privacy.google.com\/businesses\/mapscontrollerterms\/\">https:\/\/privacy.google.com\/businesses\/mapscontrollerterms\/<\/a>.<\/p>\n<p>&nbsp;<\/p>\n<h2><strong>Comment d\u00e9sactiver les cookies<\/strong><\/h2>\n<p>La plupart des navigateurs sont configur\u00e9s pour accepter, contr\u00f4ler ou \u00e9ventuellement d\u00e9sactiver les cookies par le biais de leurs param\u00e8tres. Veuillez noter, toutefois que la d\u00e9sactivation, m\u00eame partielle, des cookies techniques peut compromettre le fonctionnement du Site et\/ou limiter ses fonctionnalit\u00e9s.<\/p>\n<p>La d\u00e9sactivation des cookies tiers n&rsquo;affecte cependant en rien la navigabilit\u00e9.<\/p>\n<p>Vous trouverez ci-dessous des liens vers les instructions fournies par les principaux navigateurs pour g\u00e9rer les param\u00e8tres d&rsquo;installation des cookies\u00a0:<\/p>\n<p>Chrome<a href=\"https:\/\/support.google.com\/chrome\/answer\/95647?hl=fr\">: https:\/\/support.google.com\/chrome\/answer\/95647?hl=fr<\/a><\/p>\n<p>Firefox: <a href=\"https:\/\/support.mozilla.org\/it\/kb\/Gestione%20dei%20cookie\">https:\/\/support.mozilla.org\/it\/kb\/Gestione%20dei%20cookie<\/a><\/p>\n<p>Internet Explorer<a href=\"https:\/\/support.microsoft.com\/en-us\/help\/17442\/windows-internet-explorer-delete-manage-cookies\">: https:\/\/support.microsoft.com\/en-us\/help\/17442\/windows-internet-explorer-delete-manage-cookies<\/a><\/p>\n<p>Safari<a href=\"https:\/\/support.apple.com\/fr-fr\/HT201265\">: https:\/\/support.apple.com\/fr-fr\/HT201265<\/a><\/p>\n<p>[\/vc_column_text][\/vc_column][\/vc_row]<\/p>\n<\/div>","protected":false},"excerpt":{"rendered":"<p>[vc_row][vc_column][vc_empty_space height=\u00a0\u00bb50px\u00a0\u00bb][vc_column_text] Qu&rsquo;est-ce qu&rsquo;un cookie et \u00e0 quoi sert-il? Un cookie est un petit fichier qui est envoy\u00e9 \u00e0 votre navigateur et enregistr\u00e9 sur votre&hellip;<\/p>\n","protected":false},"author":1,"featured_media":0,"parent":0,"menu_order":0,"comment_status":"closed","ping_status":"closed","template":"","meta":{"inline_featured_image":false,"footnotes":""},"categories":[],"tags":[],"class_list":["post-2675","page","type-page","status-publish","hentry","description-off"],"_links":{"self":[{"href":"https:\/\/www.pharmathek.com\/fr\/wp-json\/wp\/v2\/pages\/2675","targetHints":{"allow":["GET"]}}],"collection":[{"href":"https:\/\/www.pharmathek.com\/fr\/wp-json\/wp\/v2\/pages"}],"about":[{"href":"https:\/\/www.pharmathek.com\/fr\/wp-json\/wp\/v2\/types\/page"}],"author":[{"embeddable":true,"href":"https:\/\/www.pharmathek.com\/fr\/wp-json\/wp\/v2\/users\/1"}],"replies":[{"embeddable":true,"href":"https:\/\/www.pharmathek.com\/fr\/wp-json\/wp\/v2\/comments?post=2675"}],"version-history":[{"count":7,"href":"https:\/\/www.pharmathek.com\/fr\/wp-json\/wp\/v2\/pages\/2675\/revisions"}],"predecessor-version":[{"id":11669,"href":"https:\/\/www.pharmathek.com\/fr\/wp-json\/wp\/v2\/pages\/2675\/revisions\/11669"}],"wp:attachment":[{"href":"https:\/\/www.pharmathek.com\/fr\/wp-json\/wp\/v2\/media?parent=2675"}],"wp:term":[{"taxonomy":"category","embeddable":true,"href":"https:\/\/www.pharmathek.com\/fr\/wp-json\/wp\/v2\/categories?post=2675"},{"taxonomy":"post_tag","embeddable":true,"href":"https:\/\/www.pharmathek.com\/fr\/wp-json\/wp\/v2\/tags?post=2675"}],"curies":[{"name":"wp","href":"https:\/\/api.w.org\/{rel}","templated":true}]}}