{"id":2683,"date":"2018-07-17T15:00:11","date_gmt":"2018-07-17T13:00:11","guid":{"rendered":"http:\/\/www.pharmathek.com\/?page_id=2683"},"modified":"2026-01-13T15:40:33","modified_gmt":"2026-01-13T14:40:33","slug":"news","status":"publish","type":"page","link":"https:\/\/www.pharmathek.com\/fr\/news\/","title":{"rendered":"News"},"content":{"rendered":"<div class=\"wpb-content-wrapper\"><p>[vc_row full_width=\u00a0\u00bbstretch_row\u00a0\u00bb][vc_column]<div id=\"ultimate-heading-231169f55a06cf751\" class=\"uvc-heading ult-adjust-bottom-margin ultimate-heading-231169f55a06cf751 uvc-8144 head-section-title-news\" data-hspacer=\"no_spacer\"  data-halign=\"center\" style=\"text-align:center\"><div class=\"uvc-heading-spacer no_spacer\" style=\"top\"><\/div><div class=\"uvc-main-heading ult-responsive\"  data-ultimate-target='.uvc-heading.ultimate-heading-231169f55a06cf751 h1'  data-responsive-json-new='{\"font-size\":\"desktop:26px;\",\"line-height\":\"\"}' ><h1 style=\"font-family:&#039;Cantata One&#039;;font-weight:bold;\">LES DERNIERES NOUVEAUTES DANS LE MONDE PHARMATHEK<\/h1><\/div><\/div>[vc_empty_space][\/vc_column][\/vc_row][vc_row][vc_column offset=\u00a0\u00bbvc_hidden-xs\u00a0\u00bb][vc_column_text css=\u00a0\u00bb.vc_custom_1768315231044{padding-top: 30px !important;padding-bottom: 30px !important;}\u00a0\u00bb]<div class=\"ptk-news-grid ptk-news-grid-dots\" data-category=\"nouveautes\" data-per-page=\"9\" data-excerpt=\"22\" data-orderby=\"date\" data-order=\"DESC\" data-page=\"1\" data-total=\"7\"><div class=\"ptk-news-items\" aria-live=\"polite\"><article class=\"ptk-news-item\"><a class=\"ptk-news-thumb\" href=\"https:\/\/www.pharmathek.com\/fr\/renouvellement-robot-pharmacie\/\"><img decoding=\"async\" loading=\"lazy\" src=\"https:\/\/www.pharmathek.com\/wp-content\/uploads\/2025\/10\/renouvellement_robot_pharmacie-1024x622.png\" alt=\"Renouvellement de robot de pharmacie : quand et pourquoi le remplacer ?\"><\/a><h3 class=\"ptk-news-title\"><a href=\"https:\/\/www.pharmathek.com\/fr\/renouvellement-robot-pharmacie\/\">Renouvellement de robot de pharmacie : quand et pourquoi le remplacer ?<\/a><\/h3><div class=\"ptk-news-meta\">16 avril 2026<\/div><div class=\"ptk-news-excerpt\">D\u00e9couvrez les enjeux \u00e9conomiques et organisationnels du renouvellement d&#039;un robot pour faire \u00e9voluer votre officine efficacement.<\/div><div class=\"ptk-news-readmore\"><a href=\"https:\/\/www.pharmathek.com\/fr\/renouvellement-robot-pharmacie\/\">READ MORE<\/a><\/div><\/article><article class=\"ptk-news-item\"><a class=\"ptk-news-thumb\" href=\"https:\/\/www.pharmathek.com\/fr\/cosmofarma-2026\/\"><img decoding=\"async\" loading=\"lazy\" src=\"https:\/\/www.pharmathek.com\/wp-content\/uploads\/2026\/03\/cosmofarma-2026-ptk-1024x622.jpg\" alt=\"Cosmofarma 2026 : l\u2019art d\u2019int\u00e9grer la robotisation en pharmacie\"><\/a><h3 class=\"ptk-news-title\"><a href=\"https:\/\/www.pharmathek.com\/fr\/cosmofarma-2026\/\">Cosmofarma 2026 : l\u2019art d\u2019int\u00e9grer la robotisation en pharmacie<\/a><\/h3><div class=\"ptk-news-meta\">26 mars 2026<\/div><div class=\"ptk-news-excerpt\">Pharmathek \u00e0 Cosmofarma 2026 : automatisation int\u00e9gr\u00e9e, SINTESI d\u2019Art et solutions pour une pharmacie plus efficace. R\u00e9servez une rencontre.<\/div><div class=\"ptk-news-readmore\"><a href=\"https:\/\/www.pharmathek.com\/fr\/cosmofarma-2026\/\">READ MORE<\/a><\/div><\/article><article class=\"ptk-news-item\"><a class=\"ptk-news-thumb\" href=\"https:\/\/www.pharmathek.com\/fr\/sintesi-arte-2026\/\"><img decoding=\"async\" loading=\"lazy\" src=\"https:\/\/www.pharmathek.com\/wp-content\/uploads\/2025\/12\/sintesi-arte-2026-1024x625.jpg\" alt=\"SINTESI d\u2019Art : quand l\u2019automatisation devient langage\"><\/a><h3 class=\"ptk-news-title\"><a href=\"https:\/\/www.pharmathek.com\/fr\/sintesi-arte-2026\/\">SINTESI d\u2019Art : quand l\u2019automatisation devient langage<\/a><\/h3><div class=\"ptk-news-meta\">18 mars 2026<\/div><div class=\"ptk-news-excerpt\">SINTESI d\u2019Art allie automatisation avanc\u00e9e et cr\u00e9ativit\u00e9, cr\u00e9ant une combinaison rare dans le secteur : une technologie qui \u00e9meut, en plus de\u2026<\/div><div class=\"ptk-news-readmore\"><a href=\"https:\/\/www.pharmathek.com\/fr\/sintesi-arte-2026\/\">READ MORE<\/a><\/div><\/article><article class=\"ptk-news-item\"><a class=\"ptk-news-thumb\" href=\"https:\/\/www.pharmathek.com\/fr\/infarma-2026\/\"><img decoding=\"async\" loading=\"lazy\" src=\"https:\/\/www.pharmathek.com\/wp-content\/uploads\/2025\/12\/Infarma2026-1024x622.png\" alt=\"Infarma 2026 : technologie qui s\u2019int\u00e8gre, valeur visible\"><\/a><h3 class=\"ptk-news-title\"><a href=\"https:\/\/www.pharmathek.com\/fr\/infarma-2026\/\">Infarma 2026 : technologie qui s\u2019int\u00e8gre, valeur visible<\/a><\/h3><div class=\"ptk-news-meta\">2 mars 2026<\/div><div class=\"ptk-news-excerpt\">D\u00e9couvrez Pharmathek \u00e0 Infarma 2026 : robotisation int\u00e9gr\u00e9e, SINTESI en \u00e9dition street art, solutions libre service et outils pour \u00e9valuer si votre\u2026<\/div><div class=\"ptk-news-readmore\"><a href=\"https:\/\/www.pharmathek.com\/fr\/infarma-2026\/\">READ MORE<\/a><\/div><\/article><article class=\"ptk-news-item\"><a class=\"ptk-news-thumb\" href=\"https:\/\/www.pharmathek.com\/fr\/pharmagora-2026\/\"><img decoding=\"async\" loading=\"lazy\" src=\"https:\/\/www.pharmathek.com\/wp-content\/uploads\/2025\/10\/Pharmagora-2026-1-1024x622.png\" alt=\"\u00c0 Pharmagora Plus, la robotisation qui s\u2019adapte \u00e0 votre espace et \u00e0 votre organisation\"><\/a><h3 class=\"ptk-news-title\"><a href=\"https:\/\/www.pharmathek.com\/fr\/pharmagora-2026\/\">\u00c0 Pharmagora Plus, la robotisation qui s\u2019adapte \u00e0 votre espace et \u00e0 votre organisation<\/a><\/h3><div class=\"ptk-news-meta\">9 f\u00e9vrier 2026<\/div><div class=\"ptk-news-excerpt\">Retrouvez Pharmathek \u00e0 Pharmagora pour d\u00e9couvrir en direct l\u2019art de l\u2019int\u00e9gration en pharmacie. D\u00e9couvrez toutes les nouveaut\u00e9s pr\u00e9sent\u00e9es ici.<\/div><div class=\"ptk-news-readmore\"><a href=\"https:\/\/www.pharmathek.com\/fr\/pharmagora-2026\/\">READ MORE<\/a><\/div><\/article><article class=\"ptk-news-item\"><a class=\"ptk-news-thumb\" href=\"https:\/\/www.pharmathek.com\/fr\/nouveau-robot-sintesi-xl\/\"><img decoding=\"async\" loading=\"lazy\" src=\"https:\/\/www.pharmathek.com\/wp-content\/uploads\/2025\/12\/robot-sintesi-xl-news-fr-1024x625.jpg\" alt=\"SINTESI XL, le nouveau robot Pharmathek : plus de capacit\u00e9, m\u00eame efficacit\u00e9\"><\/a><h3 class=\"ptk-news-title\"><a href=\"https:\/\/www.pharmathek.com\/fr\/nouveau-robot-sintesi-xl\/\">SINTESI XL, le nouveau robot Pharmathek : plus de capacit\u00e9, m\u00eame efficacit\u00e9<\/a><\/h3><div class=\"ptk-news-meta\">4 d\u00e9cembre 2025<\/div><div class=\"ptk-news-excerpt\">D\u00e9couvrez SINTESI XL, le robot Pharmathek avec une capacit\u00e9 sup\u00e9rieure et une densit\u00e9 de stockage augment\u00e9e. Plus d\u2019espace, m\u00eame efficacit\u00e9...<\/div><div class=\"ptk-news-readmore\"><a href=\"https:\/\/www.pharmathek.com\/fr\/nouveau-robot-sintesi-xl\/\">READ MORE<\/a><\/div><\/article><article class=\"ptk-news-item\"><a class=\"ptk-news-thumb\" href=\"https:\/\/www.pharmathek.com\/fr\/robot-pharmacie-personnalisation\/\"><img decoding=\"async\" loading=\"lazy\" src=\"https:\/\/www.pharmathek.com\/wp-content\/uploads\/2025\/06\/robot-pharmaceutique-personnalise-2-1024x622.png\" alt=\"Robotisation qui s&rsquo;adapte \u00e0 votre pharmacie : la valeur de la personnalisation\"><\/a><h3 class=\"ptk-news-title\"><a href=\"https:\/\/www.pharmathek.com\/fr\/robot-pharmacie-personnalisation\/\">Robotisation qui s&rsquo;adapte \u00e0 votre pharmacie : la valeur de la personnalisation<\/a><\/h3><div class=\"ptk-news-meta\">16 novembre 2025<\/div><div class=\"ptk-news-excerpt\">Un robot qui s\u2019adapte \u00e0 votre pharmacie : plus d\u2019efficacit\u00e9, plus d\u2019espace, plus de s\u00e9r\u00e9nit\u00e9 au comptoir. D\u00e9couvrez comment.<\/div><div class=\"ptk-news-readmore\"><a href=\"https:\/\/www.pharmathek.com\/fr\/robot-pharmacie-personnalisation\/\">READ MORE<\/a><\/div><\/article><article class=\"ptk-news-item\"><a class=\"ptk-news-thumb\" href=\"https:\/\/www.pharmathek.com\/fr\/pharmacie-rurale-robot-benefice\/\"><img decoding=\"async\" loading=\"lazy\" src=\"https:\/\/www.pharmathek.com\/wp-content\/uploads\/2025\/06\/farmacie-rurali-automazione-fr-1024x625.png\" alt=\"Pharmacie rurale et robotisation : pourquoi automatiser est un atout\"><\/a><h3 class=\"ptk-news-title\"><a href=\"https:\/\/www.pharmathek.com\/fr\/pharmacie-rurale-robot-benefice\/\">Pharmacie rurale et robotisation : pourquoi automatiser est un atout<\/a><\/h3><div class=\"ptk-news-meta\">16 octobre 2025<\/div><div class=\"ptk-news-excerpt\">Quelles sont les enjeux des pharmacies rurales ? En quoi la robotisation peut-elle les aider ? Est-ce vraiment rentable d\u2019installer un robot\u2026<\/div><div class=\"ptk-news-readmore\"><a href=\"https:\/\/www.pharmathek.com\/fr\/pharmacie-rurale-robot-benefice\/\">READ MORE<\/a><\/div><\/article><article class=\"ptk-news-item\"><a class=\"ptk-news-thumb\" href=\"https:\/\/www.pharmathek.com\/fr\/sede-madrid\/\"><img decoding=\"async\" loading=\"lazy\" src=\"https:\/\/www.pharmathek.com\/wp-content\/uploads\/2025\/10\/pharmathek-madrid-fr-1024x622.png\" alt=\"\u00c0 Madrid, un nouveau point de rencontre pour l\u2019innovation en pharmacie.\"><\/a><h3 class=\"ptk-news-title\"><a href=\"https:\/\/www.pharmathek.com\/fr\/sede-madrid\/\">\u00c0 Madrid, un nouveau point de rencontre pour l\u2019innovation en pharmacie.<\/a><\/h3><div class=\"ptk-news-meta\">2 octobre 2025<\/div><div class=\"ptk-news-excerpt\">Le 24 septembre, Pharmathek a inaugur\u00e9 \u00e0 Madrid sa nouvelle antenne, un v\u00e9ritable centre d\u2019innovation au service des pharmacies ib\u00e9riques.<\/div><div class=\"ptk-news-readmore\"><a href=\"https:\/\/www.pharmathek.com\/fr\/sede-madrid\/\">READ MORE<\/a><\/div><\/article><\/div><div class=\"ptk-dots-nav\" aria-label=\"Pagination dots\"><button type=\"button\" class=\"ptk-dot-arrow ptk-prev\" aria-label=\"Previous page\">\u2190<\/button><div class=\"ptk-dots\" role=\"tablist\" aria-label=\"Pages\"><button type=\"button\" class=\"ptk-dot is-active\" data-page=\"1\" aria-label=\"Page 1\"><\/button><button type=\"button\" class=\"ptk-dot\" data-page=\"2\" aria-label=\"Page 2\"><\/button><button type=\"button\" class=\"ptk-dot\" data-page=\"3\" aria-label=\"Page 3\"><\/button><button type=\"button\" class=\"ptk-dot\" data-page=\"4\" aria-label=\"Page 4\"><\/button><button type=\"button\" class=\"ptk-dot\" data-page=\"5\" aria-label=\"Page 5\"><\/button><button type=\"button\" class=\"ptk-dot\" data-page=\"6\" aria-label=\"Page 6\"><\/button><button type=\"button\" class=\"ptk-dot\" data-page=\"7\" aria-label=\"Page 7\"><\/button><\/div><button type=\"button\" class=\"ptk-dot-arrow ptk-next\" aria-label=\"Next page\">\u2192<\/button><\/div><noscript><p><a href=\"\/fr\/wp-json\/wp\/v2\/pages\/2683?pg=1\" style=\"margin-right:8px;\">1<\/a><a href=\"\/fr\/wp-json\/wp\/v2\/pages\/2683?pg=2\" style=\"margin-right:8px;\">2<\/a><a href=\"\/fr\/wp-json\/wp\/v2\/pages\/2683?pg=3\" style=\"margin-right:8px;\">3<\/a><a href=\"\/fr\/wp-json\/wp\/v2\/pages\/2683?pg=4\" style=\"margin-right:8px;\">4<\/a><a href=\"\/fr\/wp-json\/wp\/v2\/pages\/2683?pg=5\" style=\"margin-right:8px;\">5<\/a><a href=\"\/fr\/wp-json\/wp\/v2\/pages\/2683?pg=6\" style=\"margin-right:8px;\">6<\/a><a href=\"\/fr\/wp-json\/wp\/v2\/pages\/2683?pg=7\" style=\"margin-right:8px;\">7<\/a><\/p><\/noscript><\/div><br \/>\n[\/vc_column_text][\/vc_column][\/vc_row][vc_row][vc_column offset=\u00a0\u00bbvc_hidden-lg vc_hidden-md vc_hidden-sm\u00a0\u00bb][vc_basic_grid post_type=\u00a0\u00bbpost\u00a0\u00bb max_items=\u00a0\u00bb-1&Prime; style=\u00a0\u00bblazy\u00a0\u00bb items_per_page=\u00a0\u00bb3&Prime; gap=\u00a0\u00bb20&Prime; item=\u00a0\u00bb2685&Prime; initial_loading_animation=\u00a0\u00bbnone\u00a0\u00bb grid_id=\u00a0\u00bbvc_gid:1768304682217-ee1ddbc9e23596d200f1d3e22616a817-6&Prime; taxonomies=\u00a0\u00bb21&Prime;][\/vc_column][\/vc_row]<\/p>\n<\/div>","protected":false},"excerpt":{"rendered":"<p>[vc_row full_width=\u00a0\u00bbstretch_row\u00a0\u00bb][vc_column][vc_empty_space][\/vc_column][\/vc_row][vc_row][vc_column offset=\u00a0\u00bbvc_hidden-xs\u00a0\u00bb][vc_column_text css=\u00a0\u00bb.vc_custom_1768315231044{padding-top: 30px !important;padding-bottom: 30px !important;}\u00a0\u00bb] [\/vc_column_text][\/vc_column][\/vc_row][vc_row][vc_column offset=\u00a0\u00bbvc_hidden-lg vc_hidden-md vc_hidden-sm\u00a0\u00bb][vc_basic_grid post_type=\u00a0\u00bbpost\u00a0\u00bb max_items=\u00a0\u00bb-1&Prime; style=\u00a0\u00bblazy\u00a0\u00bb items_per_page=\u00a0\u00bb3&Prime; gap=\u00a0\u00bb20&Prime; item=\u00a0\u00bb2685&Prime; initial_loading_animation=\u00a0\u00bbnone\u00a0\u00bb grid_id=\u00a0\u00bbvc_gid:1768304682217-ee1ddbc9e23596d200f1d3e22616a817-6&Prime; taxonomies=\u00a0\u00bb21&Prime;][\/vc_column][\/vc_row]<\/p>\n","protected":false},"author":1,"featured_media":0,"parent":0,"menu_order":0,"comment_status":"closed","ping_status":"closed","template":"","meta":{"inline_featured_image":false,"footnotes":""},"categories":[],"tags":[],"class_list":["post-2683","page","type-page","status-publish","hentry","category-48","description-off"],"_links":{"self":[{"href":"https:\/\/www.pharmathek.com\/fr\/wp-json\/wp\/v2\/pages\/2683","targetHints":{"allow":["GET"]}}],"collection":[{"href":"https:\/\/www.pharmathek.com\/fr\/wp-json\/wp\/v2\/pages"}],"about":[{"href":"https:\/\/www.pharmathek.com\/fr\/wp-json\/wp\/v2\/types\/page"}],"author":[{"embeddable":true,"href":"https:\/\/www.pharmathek.com\/fr\/wp-json\/wp\/v2\/users\/1"}],"replies":[{"embeddable":true,"href":"https:\/\/www.pharmathek.com\/fr\/wp-json\/wp\/v2\/comments?post=2683"}],"version-history":[{"count":23,"href":"https:\/\/www.pharmathek.com\/fr\/wp-json\/wp\/v2\/pages\/2683\/revisions"}],"predecessor-version":[{"id":110257,"href":"https:\/\/www.pharmathek.com\/fr\/wp-json\/wp\/v2\/pages\/2683\/revisions\/110257"}],"wp:attachment":[{"href":"https:\/\/www.pharmathek.com\/fr\/wp-json\/wp\/v2\/media?parent=2683"}],"wp:term":[{"taxonomy":"category","embeddable":true,"href":"https:\/\/www.pharmathek.com\/fr\/wp-json\/wp\/v2\/categories?post=2683"},{"taxonomy":"post_tag","embeddable":true,"href":"https:\/\/www.pharmathek.com\/fr\/wp-json\/wp\/v2\/tags?post=2683"}],"curies":[{"name":"wp","href":"https:\/\/api.w.org\/{rel}","templated":true}]}}