{"id":2688,"date":"2018-07-17T15:22:09","date_gmt":"2018-07-17T13:22:09","guid":{"rendered":"http:\/\/www.pharmathek.com\/?page_id=2688"},"modified":"2022-07-14T09:45:01","modified_gmt":"2022-07-14T07:45:01","slug":"privacy-policy","status":"publish","type":"page","link":"https:\/\/www.pharmathek.com\/fr\/privacy-policy\/","title":{"rendered":"Privacy Policy"},"content":{"rendered":"<div class=\"wpb-content-wrapper\"><p>[vc_row][vc_column]<div id=\"ultimate-heading-794069ea9ea4debe8\" class=\"uvc-heading ult-adjust-bottom-margin ultimate-heading-794069ea9ea4debe8 uvc-6692  uvc-heading-default-font-sizes\" data-hspacer=\"no_spacer\"  data-halign=\"left\" style=\"text-align:left\"><div class=\"uvc-heading-spacer no_spacer\" style=\"top\"><\/div><div class=\"uvc-main-heading ult-responsive\"  data-ultimate-target='.uvc-heading.ultimate-heading-794069ea9ea4debe8 h1'  data-responsive-json-new='{\"font-size\":\"\",\"line-height\":\"\"}' ><h1 style=\"--font-weight:theme;\">Informations sur le traitement des donn\u00e9es \u00e0 caract\u00e8re personnel<\/h1><\/div><div class=\"uvc-sub-heading ult-responsive\"  data-ultimate-target='.uvc-heading.ultimate-heading-794069ea9ea4debe8 .uvc-sub-heading '  data-responsive-json-new='{\"font-size\":\"\",\"line-height\":\"\"}'  style=\"font-weight:normal;\"><\/p>\n<p>CONFORM\u00c9MENT \u00c0 L&rsquo;ARTICLE 13 DU R\u00c8GLEMENT (UE) 2016\/679<\/p>\n<p><\/div><\/div>[vc_empty_space height=\u00a0\u00bb50px\u00a0\u00bb][vc_column_text]La pr\u00e9sente notice d\u2019information fournie conform\u00e9ment \u00e0 l&rsquo;article 13 du r\u00e8glement de l&rsquo;UE n\u00b0 2016\/679 sur la protection des donn\u00e9es \u00e0 caract\u00e8re personnel (ci-apr\u00e8s, le \u00ab\u00a0RGPD\u00a0\u00bb ou le\u00a0\u00ab\u00a0r\u00e8glement\u00a0\u00bb), Pharmathek S.r.l (ci-apr\u00e8s, \u00ab\u00a0Pharmathek\u00a0\u00bb ou le \u00ab\u00a0Responsable du traitement\u00a0\u00bb) d\u00e9crit les m\u00e9thodes de traitement des donn\u00e9es \u00e0 caract\u00e8re personnel des utilisateurs (ci-apr\u00e8s, les \u00ab\u00a0parties concern\u00e9es\u00a0\u00bb) qui visitent et acc\u00e8dent au site Internet <a href=\"http:\/\/www.pharmathek.com\">www.pharmathek.com,<\/a> et garantit que leurs donn\u00e9es \u00e0 caract\u00e8re personnel seront trait\u00e9es dans le respect des principes de lic\u00e9it\u00e9, d&rsquo;exactitude et de transparence conform\u00e9ment aux dispositions du RGPD et aux informations suivantes.<\/p>\n<p>La notice d\u2019information est valable uniquement pour le site Internet susmentionn\u00e9 et non pas pour d&rsquo;autres liens\/sites Internet susceptibles d\u2019\u00eatre pr\u00e9sents sur le site, tels que la r\u00e9f\u00e9rence \u00e0 des pages Facebook, Twitter, Linkedin ou Youtube, pour lesquelles les utilisateurs sont invit\u00e9s \u00e0 prendre connaissance des notices d&rsquo;information respectifs fournies par les responsables de traitement correspondants.<\/p>\n<p>&nbsp;<\/p>\n<h2>1. Responsable du traitement<\/h2>\n<p>Le Responsable du traitement des donn\u00e9es est Pharmathek S.r.l., dont le si\u00e8ge est situ\u00e9 Via E. Fermi, 43 37136 Verona (VR) &#8211; Italie. E-mail <a href=\"mailto:info@pharmathek.com\">info@pharmathek.com<\/a><\/p>\n<p>&nbsp;<\/p>\n<h2>2. Types de donnees traitees<\/h2>\n<ul>\n<li>Donn\u00e9es de navigation : au cours du fonctionnement normal, les syst\u00e8mes informatiques et les proc\u00e9dures logicielles utilis\u00e9es pour faire fonctionner le Site acqui\u00e8rent certaines donn\u00e9es \u00e0 caract\u00e8re personnel dont la transmission est implicite dans l&rsquo;utilisation des protocoles de communication Internet. Ces informations ne sont pas collect\u00e9es pour \u00eatre associ\u00e9es \u00e0 des personnes concern\u00e9es identifi\u00e9es, mais de par leur nature m\u00eame, elles pourraient, par le traitement et l&rsquo;association avec des donn\u00e9es d\u00e9tenues par des tiers, permettre d&rsquo;identifier les utilisateurs. Cette cat\u00e9gorie de donn\u00e9es comprend les adresses IP ou les noms de domaine des ordinateurs utilis\u00e9s par les utilisateurs qui se connectent au Site, les URI (Uniform Resource Identifier) des ressources demand\u00e9es, l&rsquo;heure de la demande, la m\u00e9thode utilis\u00e9e pour soumettre la demande au serveur, la taille du fichier obtenu en r\u00e9ponse, le code num\u00e9rique indiquant l&rsquo;\u00e9tat de la r\u00e9ponse du serveur (succ\u00e8s, erreur, etc.) et d&rsquo;autres param\u00e8tres concernant le syst\u00e8me d&rsquo;exploitation et l&rsquo;environnement informatique. Ces donn\u00e9es sont utilis\u00e9es uniquement pour obtenir des informations statistiques anonymes sur l&rsquo;utilisation du Site et afin d\u2019en v\u00e9rifier le bon fonctionnement, pour identifier des anomalies et\/ou des abus. Elles sont effac\u00e9es imm\u00e9diatement apr\u00e8s leur traitement. Les donn\u00e9es pourraient \u00eatre utilis\u00e9es pour d\u00e9terminer les responsabilit\u00e9s en cas d&rsquo;hypoth\u00e9tiques d\u00e9lits informatiques contre le Site ou des tiers : \u00e0 l&rsquo;exception de cette possibilit\u00e9, les donn\u00e9es sur les contacts Internet ne persistent pas plus de sept jours ;<\/li>\n<li>les donn\u00e9es fournies volontairement par l&rsquo;utilisateur en remplissant le formulaire <em>\u00ab\u00a0Demande d&rsquo;informations\u00a0\u00bb <\/em>(nom, pr\u00e9nom, adresse, ville, courriel et num\u00e9ro de t\u00e9l\u00e9phone) ;<\/li>\n<li>l&rsquo;adresse \u00e9lectronique et les autres donn\u00e9es \u00e0 caract\u00e8re personnel contenues dans les messages \u00e9lectroniques et\/ou leurs pi\u00e8ces jointes envoy\u00e9s aux adresses indiqu\u00e9es sur le Site, afin d&rsquo;effectuer les activit\u00e9s de traitement n\u00e9cessaires pour r\u00e9pondre aux demandes des utilisateurs.<\/li>\n<\/ul>\n<p>&nbsp;<\/p>\n<h2>3. Finalit\u00e9 et fondement juridique du traitement<\/h2>\n<p>Pharmathek utilisera vos donn\u00e9es exclusivement aux fins suivantes:<\/p>\n<ul>\n<li>traiter une demande sp\u00e9cifique de l&rsquo;utilisateur ou fournir le service demand\u00e9 (ci-apr\u00e8s, le \u00ab\u00a0Service\u00a0\u00bb) en remplissant le formulaire <em>\u00ab\u00a0Demande d&rsquo;information\u00a0\u00bb<\/em>;<\/li>\n<li>fournir des informations en r\u00e9ponse \u00e0 une demande sp\u00e9cifique d&rsquo;un utilisateur envoy\u00e9e aux adresses \u00e9lectroniques et aux contacts indiqu\u00e9s sur le Site ;<\/li>\n<li>envoyer la lettre d&rsquo;information et des mises \u00e0 jour sur les perspectives et les nouvelles du secteur ;<\/li>\n<li>r\u00e9aliser des enqu\u00eates sur la satisfaction des clients (ci-apr\u00e8s, \u00ab\u00a0Satisfaction des clients\u00a0\u00bb) relatives \u00e0 la qualit\u00e9 des biens et services de la Soci\u00e9t\u00e9, conform\u00e9ment \u00e0 un int\u00e9r\u00eat l\u00e9gitime de la Soci\u00e9t\u00e9 ;<\/li>\n<li>envoyer des communications commerciales et des publicit\u00e9s sur les produits et services de la Soci\u00e9t\u00e9 ou r\u00e9aliser des \u00e9tudes de march\u00e9 (ci-apr\u00e8s, \u00ab\u00a0Marketing\u00a0\u00bb) ;<\/li>\n<li>r\u00e9aliser des activit\u00e9s de profilage pour analyser votre comportement, vos habitudes et votre propension \u00e0 consommer afin d&rsquo;am\u00e9liorer les produits et services fournis par la Soci\u00e9t\u00e9 et de r\u00e9pondre \u00e0 vos attentes ;<\/li>\n<li>am\u00e9liorer l&rsquo;exp\u00e9rience des utilisateurs sur les sites Internet de la Soci\u00e9t\u00e9.<\/li>\n<\/ul>\n<p>Le traitement des donn\u00e9es \u00e0 des fins de marketing et de profilage (et \u00e9ventuellement de transfert de donn\u00e9es \u00e0 des tiers) sera effectu\u00e9 sur la base de votre consentement, comme pr\u00e9vu \u00e0 l&rsquo;article 6, alin\u00e9a 1 sous a), du RGPD.<\/p>\n<p>La fourniture des donn\u00e9es est facultative. Toutefois, le refus de fournir des donn\u00e9es rend impossible l&rsquo;obtention du service de lettre d&rsquo;information.<\/p>\n<p>Nous n&rsquo;utiliserons pas vos donn\u00e9es \u00e0 caract\u00e8re personnel \u00e0 des fins autres que celles d\u00e9crites dans la pr\u00e9sente notice d&rsquo;information, sauf si nous vous en informons au pr\u00e9alable et, si n\u00e9cessaire, si nous obtenons votre consentement.<\/p>\n<p>&nbsp;<\/p>\n<h2>4. Modalit\u00e9s de traitement des donn\u00e9es<\/h2>\n<p>Les donn\u00e9es \u00e0 caract\u00e8re personnel relatives aux salari\u00e9s seront trait\u00e9es au moyen d&rsquo;archives et de supports papier, ou \u00e0 l&rsquo;aide de supports informatiques et t\u00e9l\u00e9matiques, en respectant leur confidentialit\u00e9.<\/p>\n<p>&nbsp;<\/p>\n<h2>5. Dur\u00e9e de conservation des donn\u00e9es<\/h2>\n<p>Conform\u00e9ment aux principes \u00e9nonc\u00e9s dans le RGPD, vos donn\u00e9es \u00e0 caract\u00e8re personnel seront conserv\u00e9es, \u00e0 partir du moment o\u00f9 elles sont re\u00e7ues\/mises \u00e0 jour, jusqu&rsquo;\u00e0 ce que votre consentement soit r\u00e9voqu\u00e9.<\/p>\n<p>&nbsp;<\/p>\n<h2>6. Communication et diffusion des donnees<\/h2>\n<p>Les personnes qui peuvent prendre connaissance de vos donn\u00e9es \u00e0 caract\u00e8re personnel, dans les limites strictement n\u00e9cessaires \u00e0 la r\u00e9alisation des finalit\u00e9s susmentionn\u00e9es, sont :<\/p>\n<ul>\n<li>les personnes autoris\u00e9es pour traiter les donn\u00e9es \u00e0 caract\u00e8re personnel par Pharmathek ;<\/li>\n<li>les fournisseurs des applications utilis\u00e9es pour l&rsquo;envoi des lettres d&rsquo;information ;<\/li>\n<li>les soci\u00e9t\u00e9s associ\u00e9es \u00e0 Pharmathek S.r.l.<\/li>\n<\/ul>\n<p>Si l&rsquo;utilisateur se connecte au site via un compte Google actif, Google LCC peut obtenir des informations suppl\u00e9mentaires sur l&rsquo;utilisateur qui ne peuvent pas \u00eatre contr\u00f4l\u00e9es par le responsable du traitement.<\/p>\n<p>En aucun cas, vos donn\u00e9es \u00e0 caract\u00e8re personnel ne seront communiqu\u00e9es, diffus\u00e9es, transf\u00e9r\u00e9es ou autrement c\u00e9d\u00e9es \u00e0 des tiers \u00e0 des fins ill\u00e9gales et, en tout \u00e9tat de cause, sans fournir une information ad\u00e9quate aux parties concern\u00e9es et sans obtenir leur consentement lorsque la loi l&rsquo;exige.<\/p>\n<p>Les donn\u00e9es \u00e0 caract\u00e8re personnel ne seront pas transf\u00e9r\u00e9es \u00e0 l&rsquo;\u00e9tranger vers des pays non membres de l&rsquo;UE ou des organisations internationales qui ne garantissent pas un niveau de protection ad\u00e9quat, reconnu au sens de l&rsquo;article 45 du RGPD, sur la base d&rsquo;une d\u00e9cision d&rsquo;ad\u00e9quation de la Commission de l&rsquo;UE.<\/p>\n<p>S&rsquo;il est n\u00e9cessaire pour la prestation de services, le transfert de donn\u00e9es \u00e0 caract\u00e8re personnel vers des pays tiers ou des organisations internationales, pour lesquels la Commission n&rsquo;a pas adopt\u00e9 de d\u00e9cision d&rsquo;ad\u00e9quation conform\u00e9ment \u00e0 l&rsquo;article 45 du RGPD, n&rsquo;aura lieu qu&rsquo;en pr\u00e9sence de garanties ad\u00e9quates fournies par le pays ou l&rsquo;organisation destinataire, conform\u00e9ment \u00e0 l&rsquo;article 46 du RGPD et \u00e0 condition que les personnes concern\u00e9es disposent de droits ex\u00e9cutoires et de recours efficaces.\u00a0 En l&rsquo;absence d&rsquo;une d\u00e9cision d&rsquo;ad\u00e9quation de la Commission, conform\u00e9ment \u00e0 l&rsquo;article 45 RGPD, ou de garanties ad\u00e9quates, conform\u00e9ment \u00e0 l&rsquo;article 46 du m\u00eame r\u00e8glement, y compris des r\u00e8gles d&rsquo;entreprise contraignantes, le transfert transfrontalier n&rsquo;aura lieu que si l&rsquo;une des conditions \u00e9nonc\u00e9es \u00e0 l&rsquo;article 49 du RGPD est remplie.<\/p>\n<p>&nbsp;<\/p>\n<h2>7. Droits des personnes concern\u00e9es<\/h2>\n<p>Les personnes concern\u00e9es b\u00e9n\u00e9ficient des droits, dans les cas et dans les limites, pr\u00e9vus par le r\u00e8glement, conform\u00e9ment \u00e0 ses articles 15 \u00e0 22. \u00c0 titre d&rsquo;exemple, chaque personne concern\u00e9e peut\u00a0:<\/p>\n<ul>\n<li>demander la confirmation de l&rsquo;existence ou non de ses donn\u00e9es \u00e0 caract\u00e8re personnel (article 15, par. 1) ;<\/li>\n<li>obtenir des informations sur les finalit\u00e9s du traitement, les cat\u00e9gories de donn\u00e9es \u00e0 caract\u00e8re personnel, les destinataires ou les cat\u00e9gories de destinataires auxquels les donn\u00e9es \u00e0 caract\u00e8re personnel ont \u00e9t\u00e9 ou seront communiqu\u00e9es, et lorsque cela est possible, la dur\u00e9e de conservation (article 15, par. 1, sous a et c) ;<\/li>\n<li>obtenir la rectification et l&rsquo;annulation des donn\u00e9es (articles 16 et 17) ;<\/li>\n<li>obtenir la limitation du traitement (article 18) ;<\/li>\n<li>obtenir du Responsable du traitement des informations sur les destinataires auxquels les donn\u00e9es \u00e0 caract\u00e8re personnel ont \u00e9t\u00e9 transmises et sur toute rectification ou annulation ou limitation du traitement (article 19) ;<\/li>\n<li>obtenir la portabilit\u00e9 des donn\u00e9es, c&rsquo;est-\u00e0-dire les recevoir d&rsquo;un responsable de traitement, dans un format structur\u00e9, couramment utilis\u00e9 et lisible par machine, et les transmettre sans entrave \u00e0 un autre responsable de traitement (article 20) ;<\/li>\n<li>s&rsquo;opposer \u00e0 la prise de d\u00e9cisions automatis\u00e9es concernant des personnes physiques, y compris le profilage (articles 21 et 22) ;<\/li>\n<li>si le traitement est fond\u00e9 sur le consentement, pouvoir le retirer \u00e0 tout moment (article 7, par. 3) ;<\/li>\n<li>lorsqu&rsquo;une violation de donn\u00e9es \u00e0 caract\u00e8re personnel est susceptible de pr\u00e9senter un risque \u00e9lev\u00e9 pour les droits et libert\u00e9s des personnes physiques, le responsable du traitement le notifie la violation \u00e0 la personne concern\u00e9e sans retard excessif (article 34) ;<\/li>\n<\/ul>\n<p>Afin de s&rsquo;assurer que les droits susmentionn\u00e9s sont exerc\u00e9s par la personne concern\u00e9e et non par des tiers non autoris\u00e9s, le Responsable du traitement peut demander \u00e0 cette derni\u00e8re de fournir toute information suppl\u00e9mentaire n\u00e9cessaire \u00e0 cet effet.<\/p>\n<p><strong>\u00a0<\/strong><\/p>\n<h2>8. Exercice des droits de la personne concern\u00e9e<\/h2>\n<p>Les droits susmentionn\u00e9s peuvent \u00eatre exerc\u00e9s en adressant une demande au Responsable du traitement, directement ou par l&rsquo;interm\u00e9diaire d&rsquo;une personne autoris\u00e9e, \u00e0 l\u2019oral ou par l&rsquo;envoi d&rsquo;un message \u00e9lectronique \u00e0 l&rsquo;adresse suivante: <a href=\"mailto:privacy@pharmathek.it\">privacy@pharmathek.it<\/a> La demande est formul\u00e9e librement et sans formalit\u00e9 par la personne concern\u00e9e, qui a le droit de recevoir une r\u00e9ponse appropri\u00e9e dans un d\u00e9lai raisonnable, selon les circonstances du cas.<\/p>\n<p>Afin d&rsquo;exercer ses droits, la personne concern\u00e9e peut se pr\u00e9valoir de l&rsquo;assistance d&rsquo;organismes, d&rsquo;organisations ou d&rsquo;associations \u00e0 but non lucratif dont les objectifs statutaires sont d&rsquo;int\u00e9r\u00eat public et qui sont actifs dans le domaine de la protection des droits et libert\u00e9s des personnes concern\u00e9es en mati\u00e8re de protection des donn\u00e9es \u00e0 caract\u00e8re personnel, en accordant, \u00e0 cette fin, un mandat appropri\u00e9. La personne concern\u00e9e peut \u00e9galement \u00eatre assist\u00e9e par une personne de confiance.<\/p>\n<p>Pour conna\u00eetre ses droits, d\u00e9poser une r\u00e9clamation et \u00eatre tenu(e) au courant de la l\u00e9gislation relative \u00e0 la protection des personnes \u00e0 l&rsquo;\u00e9gard du traitement des donn\u00e9es \u00e0 caract\u00e8re personnel, la personne concern\u00e9e peut s&rsquo;adresser \u00e0 l&rsquo;Autorit\u00e9 charg\u00e9e de la protection des donn\u00e9es \u00e0 caract\u00e8re personnel, en consultant le site Internet \u00e0 l&rsquo;adresse suivante: <a href=\"http:\/\/www.garanteprivacy.it\/\">http:\/\/www.garanteprivacy.it\/<\/a>.[\/vc_column_text][\/vc_column][\/vc_row]<\/p>\n<\/div>","protected":false},"excerpt":{"rendered":"<p>[vc_row][vc_column][vc_empty_space height=\u00a0\u00bb50px\u00a0\u00bb][vc_column_text]La pr\u00e9sente notice d\u2019information fournie conform\u00e9ment \u00e0 l&rsquo;article 13 du r\u00e8glement de l&rsquo;UE n\u00b0 2016\/679 sur la protection des donn\u00e9es \u00e0 caract\u00e8re personnel (ci-apr\u00e8s,&hellip;<\/p>\n","protected":false},"author":1,"featured_media":0,"parent":0,"menu_order":0,"comment_status":"closed","ping_status":"closed","template":"","meta":{"inline_featured_image":false,"footnotes":""},"categories":[],"tags":[],"class_list":["post-2688","page","type-page","status-publish","hentry","description-off"],"_links":{"self":[{"href":"https:\/\/www.pharmathek.com\/fr\/wp-json\/wp\/v2\/pages\/2688","targetHints":{"allow":["GET"]}}],"collection":[{"href":"https:\/\/www.pharmathek.com\/fr\/wp-json\/wp\/v2\/pages"}],"about":[{"href":"https:\/\/www.pharmathek.com\/fr\/wp-json\/wp\/v2\/types\/page"}],"author":[{"embeddable":true,"href":"https:\/\/www.pharmathek.com\/fr\/wp-json\/wp\/v2\/users\/1"}],"replies":[{"embeddable":true,"href":"https:\/\/www.pharmathek.com\/fr\/wp-json\/wp\/v2\/comments?post=2688"}],"version-history":[{"count":8,"href":"https:\/\/www.pharmathek.com\/fr\/wp-json\/wp\/v2\/pages\/2688\/revisions"}],"predecessor-version":[{"id":21370,"href":"https:\/\/www.pharmathek.com\/fr\/wp-json\/wp\/v2\/pages\/2688\/revisions\/21370"}],"wp:attachment":[{"href":"https:\/\/www.pharmathek.com\/fr\/wp-json\/wp\/v2\/media?parent=2688"}],"wp:term":[{"taxonomy":"category","embeddable":true,"href":"https:\/\/www.pharmathek.com\/fr\/wp-json\/wp\/v2\/categories?post=2688"},{"taxonomy":"post_tag","embeddable":true,"href":"https:\/\/www.pharmathek.com\/fr\/wp-json\/wp\/v2\/tags?post=2688"}],"curies":[{"name":"wp","href":"https:\/\/api.w.org\/{rel}","templated":true}]}}