{"id":3386,"date":"2023-09-20T12:44:01","date_gmt":"2023-09-20T10:44:01","guid":{"rendered":"http:\/\/www.pharmathek.com\/?page_id=3386"},"modified":"2024-08-28T15:20:15","modified_gmt":"2024-08-28T13:20:15","slug":"pharmacie-papet","status":"publish","type":"page","link":"https:\/\/www.pharmathek.com\/fr\/pharmacie-papet\/","title":{"rendered":"Pharmacie <br>Papet"},"content":{"rendered":"<div class=\"wpb-content-wrapper\"><p>[vc_row full_width=\u00a0\u00bbstretch_row_content\u00a0\u00bb equal_height=\u00a0\u00bbyes\u00a0\u00bb content_placement=\u00a0\u00bbmiddle\u00a0\u00bb bg_type=\u00a0\u00bbbg_color\u00a0\u00bb bg_override=\u00a0\u00bbfull\u00a0\u00bb bg_color_value=\u00a0\u00bb#eeeeef\u00a0\u00bb][vc_column width=\u00a0\u00bb1\/2&Prime; css=\u00a0\u00bb.vc_custom_1523960338488{padding-right: 0px !important;padding-left: 0px !important;}\u00a0\u00bb offset=\u00a0\u00bbvc_hidden-md vc_hidden-sm vc_hidden-xs\u00a0\u00bb][vc_single_image image=\u00a0\u00bb3394&Prime; img_size=\u00a0\u00bbfull\u00a0\u00bb][\/vc_column][vc_column width=\u00a0\u00bb1\/2&Prime; css=\u00a0\u00bb.vc_custom_1523960343032{padding-right: 100px !important;padding-left: 100px !important;}\u00a0\u00bb offset=\u00a0\u00bbvc_hidden-md vc_hidden-sm vc_hidden-xs\u00a0\u00bb][vc_empty_space]<div id=\"ultimate-heading-4769f9d4a921b41\" class=\"uvc-heading ult-adjust-bottom-margin ultimate-heading-4769f9d4a921b41 uvc-4452 head-section-title uvc-heading-default-font-sizes\" data-hspacer=\"no_spacer\"  data-halign=\"center\" style=\"text-align:center\"><div class=\"uvc-heading-spacer no_spacer\" style=\"top\"><\/div><div class=\"uvc-main-heading ult-responsive\"  data-ultimate-target='.uvc-heading.ultimate-heading-4769f9d4a921b41 p'  data-responsive-json-new='{\"font-size\":\"\",\"line-height\":\"\"}' ><p style=\"--font-weight:theme;\">PHARMACIE PAPET<\/p><\/div><\/div>[vc_empty_space][vc_column_text el_class=\u00a0\u00bbtext-justify\u00a0\u00bb]L\u2019objectif \u00e9tait d\u2019agrandir l\u2019espace vente et de proposer plus de produits et de services.<\/p>\n<p>En pla\u00e7ant le robot <a href=\"https:\/\/www.pharmathek.com\/fr\/sintesi\/\">Sintesi<\/a> \u00e0 l&rsquo;\u00e9tage la pharmacie a doubl\u00e9 sa superficie front office. Avec l&rsquo;ajout de <a href=\"https:\/\/www.pharmathek.com\/fr\/pharmaload\/\">Pharmaload<\/a>, un seul geste suffit pour effectuer le chargement automatique des bo\u00eetes.[\/vc_column_text][vc_empty_space][\/vc_column][\/vc_row][vc_row full_width=\u00a0\u00bbstretch_row_content\u00a0\u00bb equal_height=\u00a0\u00bbyes\u00a0\u00bb content_placement=\u00a0\u00bbmiddle\u00a0\u00bb bg_type=\u00a0\u00bbbg_color\u00a0\u00bb bg_override=\u00a0\u00bbfull\u00a0\u00bb bg_color_value=\u00a0\u00bb#eeeeef\u00a0\u00bb][vc_column css=\u00a0\u00bb.vc_custom_1524126670718{padding-right: 0px !important;padding-left: 0px !important;}\u00a0\u00bb offset=\u00a0\u00bbvc_hidden-lg\u00a0\u00bb el_class=\u00a0\u00bbfull-width-no-padding\u00a0\u00bb][vc_single_image image=\u00a0\u00bb3394&Prime; img_size=\u00a0\u00bbfull\u00a0\u00bb][vc_empty_space]<div id=\"ultimate-heading-254969f9d4a921be2\" class=\"uvc-heading ult-adjust-bottom-margin ultimate-heading-254969f9d4a921be2 uvc-3088 head-section-title uvc-heading-default-font-sizes\" data-hspacer=\"no_spacer\"  data-halign=\"center\" style=\"text-align:center\"><div class=\"uvc-heading-spacer no_spacer\" style=\"top\"><\/div><div class=\"uvc-main-heading ult-responsive\"  data-ultimate-target='.uvc-heading.ultimate-heading-254969f9d4a921be2 p'  data-responsive-json-new='{\"font-size\":\"\",\"line-height\":\"\"}' ><p style=\"--font-weight:theme;\">PHARMACIE PAPET<\/p><\/div><\/div>[vc_empty_space][vc_column_text el_class=\u00a0\u00bbtext-justify\u00a0\u00bb]L\u2019objectif \u00e9tait d\u2019agrandir l\u2019espace vente et de proposer plus de produits et de services.[\/vc_column_text][vc_empty_space][\/vc_column][\/vc_row][vc_row][vc_column offset=\u00a0\u00bbvc_hidden-md vc_hidden-sm vc_hidden-xs\u00a0\u00bb][vc_empty_space height=\u00a0\u00bb100px\u00a0\u00bb][vc_single_image image=\u00a0\u00bb3398&Prime; img_size=\u00a0\u00bbfull\u00a0\u00bb alignment=\u00a0\u00bbcenter\u00a0\u00bb][vc_empty_space]<div id=\"ultimate-heading-699869f9d4a921c62\" class=\"uvc-heading ult-adjust-bottom-margin ultimate-heading-699869f9d4a921c62 uvc-9579 head-section-title uvc-heading-default-font-sizes\" data-hspacer=\"no_spacer\"  data-halign=\"center\" style=\"text-align:center\"><div class=\"uvc-heading-spacer no_spacer\" style=\"top\"><\/div><div class=\"uvc-main-heading ult-responsive\"  data-ultimate-target='.uvc-heading.ultimate-heading-699869f9d4a921c62 p'  data-responsive-json-new='{\"font-size\":\"\",\"line-height\":\"\"}' ><p style=\"--font-weight:theme;\">LA PAROLE AU PHARMACIEN<\/p><\/div><\/div>[vc_empty_space][vc_column_text el_class=\u00a0\u00bbtext-justify\u00a0\u00bb]<b><strong>Pourquoi avez-vous d\u00e9cid\u00e9 de vous robotiser<\/strong>?<\/b><\/p>\n<p>Nous avons presque doubl\u00e9 la surface de vente et, pour cela, nous avons pris un robot Pharmathek.<\/p>\n<p>Celui-ci nous a permis de monter le stock \u00e0 l\u2019\u00e9tage et de lib\u00e9rer ainsi beaucoup d\u2019espace en bas pour la vente.<\/p>\n<p><b><strong>Est-ce le seul avantage du robot<\/strong>?<\/b><\/p>\n<p>Non, il nous a aussi permis de gagner un temps pr\u00e9cieux.<br \/>\nD\u00e9j\u00e0 nous ne rangeons plus les m\u00e9dicaments. Et en plus, avec le chargeur, on \u00ab\u00a0balance\u00a0\u00bb toutes les bo\u00eetes et on part, il se d\u00e9brouille tout seul.<br \/>\nEnsuite, nous n\u2019allons plus chercher les m\u00e9dicaments pour les d\u00e9livrer \u00e0 notre client\u00e8le\/patient\u00e8le.<\/p>\n<p>Ce temps de gagn\u00e9, nous le mettons au b\u00e9n\u00e9fice de la client\u00e8le et, quand nous n\u2019avons pas de clients dans la pharmacie, il est certain que nous avons toujours quelque chose \u00e0 faire.<\/p>\n<p><b><strong>Alors, c\u2019est un vrai plus ce robot<\/strong>?<\/b><\/p>\n<p>Ah non, pas un plus, mais une priorit\u00e9.<br \/>\nQuand nous avons achet\u00e9 la pharmacie il y a 5 ans, nous savions qu\u2019on avait de la place pour installer un robot et c\u2019\u00e9tait essentiel pour nous. Nous \u00e9tions alors persuad\u00e9s que nous prendrions un robot plus tard pour mener \u00e0 bien nos missions.<\/p>\n<p>Si nous n\u2019avions pas investi dans ce robot, nous aurions laiss\u00e9 le stock au rez-de-chauss\u00e9e, et nous vous assurons que le r\u00e9sultat de cette nouvelle pharmacie n\u2019aurait jamais \u00e9t\u00e9 le m\u00eame car nous n\u2019aurions pas gagn\u00e9 suffisamment d\u2019espace.<\/p>\n<p><strong>Il faut dire aussi que ce robot Pharmathek est tr\u00e8s simple d\u2019utilisation.<\/strong>[\/vc_column_text][vc_empty_space height=\u00a0\u00bb100px\u00a0\u00bb][\/vc_column][\/vc_row][vc_row][vc_column offset=\u00a0\u00bbvc_hidden-lg\u00a0\u00bb][vc_empty_space height=\u00a0\u00bb50px\u00a0\u00bb][vc_single_image image=\u00a0\u00bb3398&Prime; img_size=\u00a0\u00bbfull\u00a0\u00bb alignment=\u00a0\u00bbcenter\u00a0\u00bb][vc_empty_space]<div id=\"ultimate-heading-166369f9d4a921cf3\" class=\"uvc-heading ult-adjust-bottom-margin ultimate-heading-166369f9d4a921cf3 uvc-5275 head-section-title uvc-heading-default-font-sizes\" data-hspacer=\"no_spacer\"  data-halign=\"center\" style=\"text-align:center\"><div class=\"uvc-heading-spacer no_spacer\" style=\"top\"><\/div><div class=\"uvc-main-heading ult-responsive\"  data-ultimate-target='.uvc-heading.ultimate-heading-166369f9d4a921cf3 p'  data-responsive-json-new='{\"font-size\":\"\",\"line-height\":\"\"}' ><p style=\"--font-weight:theme;\">LA PAROLE AU PHARMACIEN<\/p><\/div><\/div>[vc_empty_space][vc_column_text el_class=\u00a0\u00bbtext-justify\u00a0\u00bb]<b><strong>Pourquoi avez-vous d\u00e9cid\u00e9 de vous robotiser<\/strong>?<\/b><\/p>\n<p>Nous avons presque doubl\u00e9 la surface de vente et, pour cela, nous avons pris un robot Pharmathek.<\/p>\n<p>Celui-ci nous a permis de monter le stock \u00e0 l\u2019\u00e9tage et de lib\u00e9rer ainsi beaucoup d\u2019espace en bas pour la vente.<\/p>\n<p><b><strong>Est-ce le seul avantage du robot<\/strong>?<\/b><\/p>\n<p>Non, il nous a aussi permis de gagner un temps pr\u00e9cieux.<br \/>\nD\u00e9j\u00e0 nous ne rangeons plus les m\u00e9dicaments. Et en plus, avec le chargeur, on \u00ab\u00a0balance\u00a0\u00bb toutes les bo\u00eetes et on part, il se d\u00e9brouille tout seul.<br \/>\nEnsuite, nous n\u2019allons plus chercher les m\u00e9dicaments pour les d\u00e9livrer \u00e0 notre client\u00e8le\/patient\u00e8le.<\/p>\n<p>Ce temps de gagn\u00e9, nous le mettons au b\u00e9n\u00e9fice de la client\u00e8le et, quand nous n\u2019avons pas de clients dans la pharmacie, il est certain que nous avons toujours quelque chose \u00e0 faire.<\/p>\n<p><b><strong>Alors, c\u2019est un vrai plus ce robot<\/strong>?<\/b><\/p>\n<p>Ah non, pas un plus, mais une priorit\u00e9.<br \/>\nQuand nous avons achet\u00e9 la pharmacie il y a 5 ans, nous savions qu\u2019on avait de la place pour installer un robot et c\u2019\u00e9tait essentiel pour nous. Nous \u00e9tions alors persuad\u00e9s que nous prendrions un robot plus tard pour mener \u00e0 bien nos missions.<\/p>\n<p>Si nous n\u2019avions pas investi dans ce robot, nous aurions laiss\u00e9 le stock au rez-de-chauss\u00e9e, et nous vous assurons que le r\u00e9sultat de cette nouvelle pharmacie n\u2019aurait jamais \u00e9t\u00e9 le m\u00eame car nous n\u2019aurions pas gagn\u00e9 suffisamment d\u2019espace.<\/p>\n<p><strong>Il faut dire aussi que ce robot Pharmathek est tr\u00e8s simple d\u2019utilisation.<\/strong>[\/vc_column_text][vc_empty_space height=\u00a0\u00bb50px\u00a0\u00bb][\/vc_column][\/vc_row][vc_row full_width=\u00a0\u00bbstretch_row\u00a0\u00bb bg_type=\u00a0\u00bbbg_color\u00a0\u00bb bg_override=\u00a0\u00bbfull\u00a0\u00bb bg_color_value=\u00a0\u00bb#eeeeef\u00a0\u00bb][vc_column offset=\u00a0\u00bbvc_hidden-md vc_hidden-sm vc_hidden-xs\u00a0\u00bb][vc_empty_space height=\u00a0\u00bb100px\u00a0\u00bb]<div id=\"ultimate-heading-631469f9d4a921d7f\" class=\"uvc-heading ult-adjust-bottom-margin ultimate-heading-631469f9d4a921d7f uvc-7276 head-section-title uvc-heading-default-font-sizes\" data-hspacer=\"no_spacer\"  data-halign=\"center\" style=\"text-align:center\"><div class=\"uvc-heading-spacer no_spacer\" style=\"top\"><\/div><div class=\"uvc-main-heading ult-responsive\"  data-ultimate-target='.uvc-heading.ultimate-heading-631469f9d4a921d7f h2'  data-responsive-json-new='{\"font-size\":\"\",\"line-height\":\"\"}' ><h2 style=\"--font-weight:theme;\">GALERIE<\/h2><\/div><\/div>[vc_empty_space height=\u00a0\u00bb50px\u00a0\u00bb][vc_masonry_media_grid element_width=\u00a0\u00bb3&Prime; gap=\u00a0\u00bb10&Prime; grid_id=\u00a0\u00bbvc_gid:1701082198869-33b9b33b-c3d9-4&Prime; include=\u00a0\u00bb3402,3406,3410,3414,3418,3422,3426,3430&Prime;][vc_empty_space height=\u00a0\u00bb100px\u00a0\u00bb][\/vc_column][\/vc_row][vc_row full_width=\u00a0\u00bbstretch_row\u00a0\u00bb bg_type=\u00a0\u00bbbg_color\u00a0\u00bb bg_override=\u00a0\u00bbfull\u00a0\u00bb bg_color_value=\u00a0\u00bb#eeeeef\u00a0\u00bb][vc_column offset=\u00a0\u00bbvc_hidden-lg\u00a0\u00bb][vc_empty_space height=\u00a0\u00bb50px\u00a0\u00bb]<div id=\"ultimate-heading-223669f9d4a921df5\" class=\"uvc-heading ult-adjust-bottom-margin ultimate-heading-223669f9d4a921df5 uvc-755 head-section-title uvc-heading-default-font-sizes\" data-hspacer=\"no_spacer\"  data-halign=\"center\" style=\"text-align:center\"><div class=\"uvc-heading-spacer no_spacer\" style=\"top\"><\/div><div class=\"uvc-main-heading ult-responsive\"  data-ultimate-target='.uvc-heading.ultimate-heading-223669f9d4a921df5 h2'  data-responsive-json-new='{\"font-size\":\"\",\"line-height\":\"\"}' ><h2 style=\"--font-weight:theme;\">GALERIE<\/h2><\/div><\/div>[vc_empty_space height=\u00a0\u00bb50px\u00a0\u00bb][vc_masonry_media_grid element_width=\u00a0\u00bb3&Prime; gap=\u00a0\u00bb10&Prime; grid_id=\u00a0\u00bbvc_gid:1701082198875-a468cd49-48da-5&Prime; include=\u00a0\u00bb3402,3406,3410,3414,3418,3422,3426,3430&Prime;][vc_empty_space height=\u00a0\u00bb50px\u00a0\u00bb][\/vc_column][\/vc_row][vc_row full_width=\u00a0\u00bbstretch_row\u00a0\u00bb bg_type=\u00a0\u00bbimage\u00a0\u00bb parallax_style=\u00a0\u00bbvcpb-default\u00a0\u00bb bg_image_new=\u00a0\u00bbid^1166|url^http:\/\/www.pharmathek.com\/wp-content\/uploads\/2018\/03\/farmacia-specifiche-background.jpg|caption^null|alt^null|title^farmacia-specifiche-background|description^null\u00a0\u00bb bg_image_repeat=\u00a0\u00bbno-repeat\u00a0\u00bb bg_override=\u00a0\u00bbfull\u00a0\u00bb][vc_column][vc_empty_space height=\u00a0\u00bb100px\u00a0\u00bb]<div id=\"ultimate-heading-374669f9d4a921e6c\" class=\"uvc-heading ult-adjust-bottom-margin ultimate-heading-374669f9d4a921e6c uvc-9258 head-section-title text-white uvc-heading-default-font-sizes\" data-hspacer=\"no_spacer\"  data-halign=\"center\" style=\"text-align:center\"><div class=\"uvc-heading-spacer no_spacer\" style=\"top\"><\/div><div class=\"uvc-main-heading ult-responsive\"  data-ultimate-target='.uvc-heading.ultimate-heading-374669f9d4a921e6c h2'  data-responsive-json-new='{\"font-size\":\"\",\"line-height\":\"\"}' ><h2 style=\"--font-weight:theme;\">LE PROJET<\/h2><\/div><\/div>[vc_empty_space height=\u00a0\u00bb50px\u00a0\u00bb][vc_separator color=\u00a0\u00bbwhite\u00a0\u00bb][vc_row_inner][vc_column_inner width=\u00a0\u00bb1\/2&Prime;][vc_column_text el_class=\u00a0\u00bbprogetto-voci\u00a0\u00bb]SUPERFICIES PHARMACIE[\/vc_column_text][\/vc_column_inner][vc_column_inner width=\u00a0\u00bb1\/2&Prime;][vc_column_text el_class=\u00a0\u00bbprogetto-voci-valori\u00a0\u00bb]200 m\u00b2[\/vc_column_text][\/vc_column_inner][\/vc_row_inner][vc_separator color=\u00a0\u00bbwhite\u00a0\u00bb][vc_row_inner][vc_column_inner width=\u00a0\u00bb1\/2&Prime;][vc_column_text el_class=\u00a0\u00bbprogetto-voci\u00a0\u00bb]SOLUTIONS PHARMATHEK[\/vc_column_text][\/vc_column_inner][vc_column_inner width=\u00a0\u00bb1\/2&Prime;][vc_column_text el_class=\u00a0\u00bbprogetto-voci-valori\u00a0\u00bb]SINTESI + PHARMALOAD[\/vc_column_text][\/vc_column_inner][\/vc_row_inner][vc_separator color=\u00a0\u00bbwhite\u00a0\u00bb][vc_row_inner][vc_column_inner width=\u00a0\u00bb1\/2&Prime;][vc_column_text el_class=\u00a0\u00bbprogetto-voci\u00a0\u00bb]DIMENSIONS ROBOT[\/vc_column_text][\/vc_column_inner][vc_column_inner width=\u00a0\u00bb1\/2&Prime;][vc_column_text el_class=\u00a0\u00bbprogetto-voci-valori\u00a0\u00bb]L 5550 x H 2500 mm[\/vc_column_text][\/vc_column_inner][\/vc_row_inner][vc_separator color=\u00a0\u00bbwhite\u00a0\u00bb][vc_row_inner][vc_column_inner width=\u00a0\u00bb1\/2&Prime;][vc_column_text el_class=\u00a0\u00bbprogetto-voci\u00a0\u00bb]CAPACIT\u00c9S EN BO\u00ceTES[\/vc_column_text][\/vc_column_inner][vc_column_inner width=\u00a0\u00bb1\/2&Prime;][vc_column_text el_class=\u00a0\u00bbprogetto-voci-valori\u00a0\u00bb]10500[\/vc_column_text][\/vc_column_inner][\/vc_row_inner][vc_separator color=\u00a0\u00bbwhite\u00a0\u00bb][vc_row_inner][vc_column_inner width=\u00a0\u00bb1\/2&Prime;][vc_column_text el_class=\u00a0\u00bbprogetto-voci\u00a0\u00bb]POSITION DU ROBOT EN FONCTION DU COMPTOIR[\/vc_column_text][\/vc_column_inner][vc_column_inner width=\u00a0\u00bb1\/2&Prime;][vc_column_text el_class=\u00a0\u00bbprogetto-voci-valori\u00a0\u00bb]\u00c0 L\u2019\u00c9TAGE[\/vc_column_text][\/vc_column_inner][\/vc_row_inner][vc_separator color=\u00a0\u00bbwhite\u00a0\u00bb][vc_row_inner][vc_column_inner width=\u00a0\u00bb1\/2&Prime;][vc_column_text el_class=\u00a0\u00bbprogetto-voci\u00a0\u00bb]PRODUITS EN MOUVEMENT[\/vc_column_text][\/vc_column_inner][vc_column_inner width=\u00a0\u00bb1\/2&Prime;][vc_column_text el_class=\u00a0\u00bbprogetto-voci-valori\u00a0\u00bb]entre 500 et 1000[\/vc_column_text][\/vc_column_inner][\/vc_row_inner][vc_separator color=\u00a0\u00bbwhite\u00a0\u00bb][vc_empty_space height=\u00a0\u00bb100px\u00a0\u00bb][\/vc_column][\/vc_row][vc_row full_width=\u00a0\u00bbstretch_row_content_no_spaces\u00a0\u00bb][vc_column el_class=\u00a0\u00bbfull-width-no-padding\u00a0\u00bb][vc_single_image image=\u00a0\u00bb3434&Prime; img_size=\u00a0\u00bbfull\u00a0\u00bb alignment=\u00a0\u00bbcenter\u00a0\u00bb]<style type=\"text\/css\" data-type=\"the7_shortcodes-inline-css\">#default-btn-28cd22e40d88cdb90f0b7a1e28c55b7c.ico-right-side > i {\n  margin-right: 0px;\n  margin-left: 8px;\n}\n#default-btn-28cd22e40d88cdb90f0b7a1e28c55b7c > i {\n  margin-right: 8px;\n}\n<\/style><div class=\"btn-align-center\"><a href=\"\/fr\/installations\/\" class=\"default-btn-shortcode dt-btn dt-btn-l link-hover-off weight-300 full-width-btn \" id=\"default-btn-28cd22e40d88cdb90f0b7a1e28c55b7c\"><span>Retour \u00e0 la liste des installations<\/span><\/a><\/div>[\/vc_column][\/vc_row][vc_row full_width=\u00a0\u00bbstretch_row\u00a0\u00bb bg_type=\u00a0\u00bbbg_color\u00a0\u00bb bg_override=\u00a0\u00bbfull\u00a0\u00bb bg_color_value=\u00a0\u00bb#ffffff\u00a0\u00bb][vc_column offset=\u00a0\u00bbvc_hidden-md vc_hidden-sm vc_hidden-xs\u00a0\u00bb][vc_empty_space height=\u00a0\u00bb100px\u00a0\u00bb][\/vc_column][\/vc_row]<\/p>\n<\/div>","protected":false},"excerpt":{"rendered":"<p>Morillon (35)<\/p>\n","protected":false},"author":1,"featured_media":3387,"parent":0,"menu_order":0,"comment_status":"closed","ping_status":"closed","template":"","meta":{"inline_featured_image":false,"footnotes":""},"categories":[47],"tags":[],"class_list":["post-3386","page","type-page","status-publish","has-post-thumbnail","hentry","category-pharmacies","description-off"],"_links":{"self":[{"href":"https:\/\/www.pharmathek.com\/fr\/wp-json\/wp\/v2\/pages\/3386","targetHints":{"allow":["GET"]}}],"collection":[{"href":"https:\/\/www.pharmathek.com\/fr\/wp-json\/wp\/v2\/pages"}],"about":[{"href":"https:\/\/www.pharmathek.com\/fr\/wp-json\/wp\/v2\/types\/page"}],"author":[{"embeddable":true,"href":"https:\/\/www.pharmathek.com\/fr\/wp-json\/wp\/v2\/users\/1"}],"replies":[{"embeddable":true,"href":"https:\/\/www.pharmathek.com\/fr\/wp-json\/wp\/v2\/comments?post=3386"}],"version-history":[{"count":11,"href":"https:\/\/www.pharmathek.com\/fr\/wp-json\/wp\/v2\/pages\/3386\/revisions"}],"predecessor-version":[{"id":60096,"href":"https:\/\/www.pharmathek.com\/fr\/wp-json\/wp\/v2\/pages\/3386\/revisions\/60096"}],"wp:featuredmedia":[{"embeddable":true,"href":"https:\/\/www.pharmathek.com\/fr\/wp-json\/wp\/v2\/media\/3387"}],"wp:attachment":[{"href":"https:\/\/www.pharmathek.com\/fr\/wp-json\/wp\/v2\/media?parent=3386"}],"wp:term":[{"taxonomy":"category","embeddable":true,"href":"https:\/\/www.pharmathek.com\/fr\/wp-json\/wp\/v2\/categories?post=3386"},{"taxonomy":"post_tag","embeddable":true,"href":"https:\/\/www.pharmathek.com\/fr\/wp-json\/wp\/v2\/tags?post=3386"}],"curies":[{"name":"wp","href":"https:\/\/api.w.org\/{rel}","templated":true}]}}