{"id":36332,"date":"2023-03-10T10:26:32","date_gmt":"2023-03-10T09:26:32","guid":{"rendered":"https:\/\/www.pharmathek.com\/?page_id=36332"},"modified":"2023-07-28T12:29:09","modified_gmt":"2023-07-28T10:29:09","slug":"pharmacie-municipale-lodi-n-5","status":"publish","type":"page","link":"https:\/\/www.pharmathek.com\/fr\/pharmacie-municipale-lodi-n-5\/","title":{"rendered":"Pharmacie Municipale Lodi n. 5"},"content":{"rendered":"<div class=\"wpb-content-wrapper\"><p>[vc_row full_width=\u00a0\u00bbstretch_row_content\u00a0\u00bb equal_height=\u00a0\u00bbyes\u00a0\u00bb content_placement=\u00a0\u00bbmiddle\u00a0\u00bb bg_type=\u00a0\u00bbbg_color\u00a0\u00bb bg_override=\u00a0\u00bbfull\u00a0\u00bb bg_color_value=\u00a0\u00bb#eeeeef\u00a0\u00bb][vc_column width=\u00a0\u00bb1\/2&Prime; css=\u00a0\u00bb.vc_custom_1523960820222{padding-right: 0px !important;padding-left: 0px !important;}\u00a0\u00bb offset=\u00a0\u00bbvc_hidden-md vc_hidden-sm vc_hidden-xs\u00a0\u00bb][vc_single_image image=\u00a0\u00bb30413&Prime; img_size=\u00a0\u00bbfull\u00a0\u00bb][\/vc_column][vc_column width=\u00a0\u00bb1\/2&Prime; css=\u00a0\u00bb.vc_custom_1523961149466{padding-right: 100px !important;padding-left: 100px !important;}\u00a0\u00bb offset=\u00a0\u00bbvc_hidden-md vc_hidden-sm vc_hidden-xs\u00a0\u00bb][vc_empty_space]<div id=\"ultimate-heading-455169f2aedbcde8b\" class=\"uvc-heading ult-adjust-bottom-margin ultimate-heading-455169f2aedbcde8b uvc-3364 head-section-title uvc-heading-default-font-sizes\" data-hspacer=\"no_spacer\"  data-halign=\"center\" style=\"text-align:center\"><div class=\"uvc-heading-spacer no_spacer\" style=\"top\"><\/div><div class=\"uvc-main-heading ult-responsive\"  data-ultimate-target='.uvc-heading.ultimate-heading-455169f2aedbcde8b p'  data-responsive-json-new='{\"font-size\":\"\",\"line-height\":\"\"}' ><p style=\"--font-weight:theme;\">PHARMACIE MUNICIPALE LODI N. 5<\/p><\/div><\/div>[vc_empty_space][vc_column_text el_class=\u00a0\u00bbtext-justify\u00a0\u00bb]Un robot Pharmathek ultramoderne a \u00e9galement rejoint l&rsquo;\u00e9quipe de la pharmacie municipale n\u00b0 5 de Lodi. Il s&rsquo;agit du robot SINTESI.<\/p>\n<p>Pour <strong>maximiser ses performances<\/strong>, le robot a \u00e9t\u00e9 \u00e9quip\u00e9 d&rsquo;un chargeur automatique <a href=\"https:\/\/www.pharmathek.com\/fr\/pharmaload\/\">Pharmaload<\/a> et d&rsquo;un pr\u00e9henseur <a href=\"https:\/\/www.pharmathek.com\/fr\/euclid3d\/\">Euclid3D<\/a> avec stockage temporaire.<\/p>\n<p>Positionn\u00e9 derri\u00e8re le comptoir, le robot SINTESI a \u00e9t\u00e9 <strong>personnalis\u00e9 avec des panneaux en verre<\/strong> pour montrer aux clients de la pharmacie les automatismes en fonctionnement.<\/p>\n<p>L&rsquo;installation du robot a permis \u00e0 la pharmacie <strong>d&rsquo;am\u00e9liorer son image<\/strong>, en v\u00e9hiculant des valeurs telles que <strong>l\u2019efficacit\u00e9<\/strong> et <strong>l&rsquo;innovation<\/strong>. Un r\u00e9sultat surprenant qui montre que le robot repr\u00e9sente une valeur ajout\u00e9e non seulement pour la pharmacie mais aussi pour les clients \\ patients.[\/vc_column_text][vc_empty_space][\/vc_column][\/vc_row][vc_row full_width=\u00a0\u00bbstretch_row_content\u00a0\u00bb equal_height=\u00a0\u00bbyes\u00a0\u00bb content_placement=\u00a0\u00bbmiddle\u00a0\u00bb bg_type=\u00a0\u00bbbg_color\u00a0\u00bb bg_override=\u00a0\u00bbfull\u00a0\u00bb bg_color_value=\u00a0\u00bb#eeeeef\u00a0\u00bb][vc_column css=\u00a0\u00bb.vc_custom_1524126751494{padding-right: 0px !important;padding-left: 0px !important;}\u00a0\u00bb offset=\u00a0\u00bbvc_hidden-lg\u00a0\u00bb el_class=\u00a0\u00bbfull-width-no-padding\u00a0\u00bb][vc_single_image image=\u00a0\u00bb30413&Prime; img_size=\u00a0\u00bbfull\u00a0\u00bb][vc_empty_space]<div id=\"ultimate-heading-831769f2aedbcdf36\" class=\"uvc-heading ult-adjust-bottom-margin ultimate-heading-831769f2aedbcdf36 uvc-6753 head-section-title uvc-heading-default-font-sizes\" data-hspacer=\"no_spacer\"  data-halign=\"center\" style=\"text-align:center\"><div class=\"uvc-heading-spacer no_spacer\" style=\"top\"><\/div><div class=\"uvc-main-heading ult-responsive\"  data-ultimate-target='.uvc-heading.ultimate-heading-831769f2aedbcdf36 p'  data-responsive-json-new='{\"font-size\":\"\",\"line-height\":\"\"}' ><p style=\"--font-weight:theme;\">PHARMACIE MUNICIPALE LODI N. 5<\/p><\/div><\/div>[vc_empty_space][vc_column_text el_class=\u00a0\u00bbtext-justify\u00a0\u00bb]Un robot Pharmathek ultramoderne a \u00e9galement rejoint l&rsquo;\u00e9quipe de la pharmacie municipale n\u00b0 5 de Lodi. Il s&rsquo;agit du robot SINTESI.<\/p>\n<p>Pour <strong>maximiser ses performances<\/strong>, le robot a \u00e9t\u00e9 \u00e9quip\u00e9 d&rsquo;un chargeur automatique <a href=\"https:\/\/www.pharmathek.com\/fr\/pharmaload\/\">Pharmaload<\/a> et d&rsquo;un pr\u00e9henseur <a href=\"https:\/\/www.pharmathek.com\/fr\/euclid3d\/\">Euclid3D<\/a> avec stockage temporaire.<\/p>\n<p>Positionn\u00e9 derri\u00e8re le comptoir, le robot SINTESI a \u00e9t\u00e9 <strong>personnalis\u00e9 avec des panneaux en verre<\/strong> pour montrer aux clients de la pharmacie les automatismes en fonctionnement.<\/p>\n<p>L&rsquo;installation du robot a permis \u00e0 la pharmacie <strong>d&rsquo;am\u00e9liorer son image<\/strong>, en v\u00e9hiculant des valeurs telles que <strong>l\u2019efficacit\u00e9<\/strong> et <strong>l&rsquo;innovation<\/strong>. Un r\u00e9sultat surprenant qui montre que le robot repr\u00e9sente une valeur ajout\u00e9e non seulement pour la pharmacie mais aussi pour les clients \\ patients.[\/vc_column_text][vc_empty_space][\/vc_column][\/vc_row][vc_row][vc_column offset=\u00a0\u00bbvc_hidden-md vc_hidden-sm vc_hidden-xs\u00a0\u00bb][vc_empty_space height=\u00a0\u00bb100px\u00a0\u00bb][vc_single_image image=\u00a0\u00bb30420&Prime; img_size=\u00a0\u00bbfull\u00a0\u00bb alignment=\u00a0\u00bbcenter\u00a0\u00bb][vc_empty_space]<div id=\"ultimate-heading-359669f2aedbcdfc1\" class=\"uvc-heading ult-adjust-bottom-margin ultimate-heading-359669f2aedbcdfc1 uvc-8086 head-section-title uvc-heading-default-font-sizes\" data-hspacer=\"no_spacer\"  data-halign=\"center\" style=\"text-align:center\"><div class=\"uvc-heading-spacer no_spacer\" style=\"top\"><\/div><div class=\"uvc-main-heading ult-responsive\"  data-ultimate-target='.uvc-heading.ultimate-heading-359669f2aedbcdfc1 p'  data-responsive-json-new='{\"font-size\":\"\",\"line-height\":\"\"}' ><p style=\"--font-weight:theme;\">LA PAROLE AU PHARMACIEN<\/p><\/div><\/div>[vc_empty_space][vc_column_text el_class=\u00a0\u00bbtext-justify\u00a0\u00bb]<\/p>\n<h4>Mme Quaini, comment le travail en pharmacie a-t-il chang\u00e9 depuis l\u2019installation du robot ?<\/h4>\n<p>Le travail de notre \u00e9quipe a certainement \u00e9t\u00e9 facilit\u00e9 par la pr\u00e9sence du robot SINTESI.<br \/>\nIl n\u2019est plus n\u00e9cessaire de perdre du temps \u00e0 chercher des produits dans les tiroirs et cela facilite le dialogue avec les clients qui sont au comptoir.<br \/>\nM\u00eame le contr\u00f4le des dates de p\u00e9remption des m\u00e9dicaments est effectu\u00e9 de mani\u00e8re plus simple et plus organis\u00e9e, en toute autonomie par le robot.<\/p>\n<p>&nbsp;<\/p>\n<h4>Selon vous, quelles sont les fonctions les plus importantes de SINTESI ?<\/h4>\n<p>D\u2019un point de vue technique, le suivi constant effectu\u00e9 sur les produits disponibles est tr\u00e8s appr\u00e9ci\u00e9, ainsi que la possibilit\u00e9 d\u2019extraire facilement des rapports mis \u00e0 jour en temps r\u00e9el et la gestion des commandes par l\u2019algorithme, qui se fait plus rapidement.<br \/>\nEn g\u00e9n\u00e9ral, le robot Pharmathek fait gagner \u00e0 toute l\u2019\u00e9quipe un temps consid\u00e9rable qui peut \u00eatre consacr\u00e9 au dialogue avec les patients.<\/p>\n<p>&nbsp;<\/p>\n<h4>Pourquoi avez-vous choisi de personnaliser le robot d\u2019un point de vue esth\u00e9tique avec des parois vitr\u00e9es ?<\/h4>\n<p>Tout d\u2019abord, pour mon go\u00fbt personnel. Voir les m\u00e9canismes automatis\u00e9s en action est toujours fascinant.<br \/>\nEn outre, je pense que c\u2019est une valeur ajout\u00e9e \u00e9galement pour les patients qui entrent dans la pharmacie : le robot transmet un concept d\u2019efficacit\u00e9 et cela am\u00e9liore l\u2019image per\u00e7ue de la pharmacie.<\/p>\n<p>&nbsp;<\/p>\n<h4>D\u2019apr\u00e8s votre exp\u00e9rience, recommanderiez-vous Pharmathek \u00e0 vos coll\u00e8gues ?<\/h4>\n<p>Oui. Je trouve que le robot SINTESI est tr\u00e8s fonctionnel et optimis\u00e9. M\u00eame sur le plan technique, c\u2019est une solution tr\u00e8s performante : nous en sommes tr\u00e8s satisfaits.<br \/>\nSur le plan humain, travailler avec l\u2019\u00e9quipe de Pharmathek a \u00e9t\u00e9 une exp\u00e9rience positive. Nous avons trouv\u00e9 des sp\u00e9cialistes avec un haut niveau de professionnalisme, tr\u00e8s pr\u00e9par\u00e9s sur le syst\u00e8me propos\u00e9, et avec une bonne r\u00e9solution de probl\u00e8mes (problem-solving). Face aux contraintes de gestion de l\u2019espace, des solutions alternatives ont \u00e9t\u00e9 rapidement trouv\u00e9es.<br \/>\nEnfin, le timing \u00e9tait parfait. Pour une pharmacie, il est tr\u00e8s important de pouvoir terminer les travaux dans les locaux dans l\u2019intervalle de fermeture qui nous est assign\u00e9. Avec l\u2019\u00e9quipe de Pharmathek, tout a \u00e9t\u00e9 r\u00e9alis\u00e9 dans les d\u00e9lais pr\u00e9vus : de l\u2019installation du robot au chargement des produits.[\/vc_column_text][vc_empty_space height=\u00a0\u00bb100px\u00a0\u00bb][\/vc_column][\/vc_row][vc_row][vc_column offset=\u00a0\u00bbvc_hidden-lg\u00a0\u00bb][vc_empty_space height=\u00a0\u00bb50px\u00a0\u00bb][vc_single_image image=\u00a0\u00bb30420&Prime; img_size=\u00a0\u00bbfull\u00a0\u00bb alignment=\u00a0\u00bbcenter\u00a0\u00bb][vc_empty_space]<div id=\"ultimate-heading-714669f2aedbce044\" class=\"uvc-heading ult-adjust-bottom-margin ultimate-heading-714669f2aedbce044 uvc-2403 head-section-title uvc-heading-default-font-sizes\" data-hspacer=\"no_spacer\"  data-halign=\"center\" style=\"text-align:center\"><div class=\"uvc-heading-spacer no_spacer\" style=\"top\"><\/div><div class=\"uvc-main-heading ult-responsive\"  data-ultimate-target='.uvc-heading.ultimate-heading-714669f2aedbce044 p'  data-responsive-json-new='{\"font-size\":\"\",\"line-height\":\"\"}' ><p style=\"--font-weight:theme;\">LA PAROLE AU PHARMACIEN<\/p><\/div><\/div>[vc_empty_space][vc_column_text el_class=\u00a0\u00bbtext-justify\u00a0\u00bb]<\/p>\n<h4>Mme Quaini, comment le travail en pharmacie a-t-il chang\u00e9 depuis l\u2019installation du robot ?<\/h4>\n<p>Le travail de notre \u00e9quipe a certainement \u00e9t\u00e9 facilit\u00e9 par la pr\u00e9sence du robot SINTESI.<br \/>\nIl n\u2019est plus n\u00e9cessaire de perdre du temps \u00e0 chercher des produits dans les tiroirs et cela facilite le dialogue avec les clients qui sont au comptoir.<br \/>\nM\u00eame le contr\u00f4le des dates de p\u00e9remption des m\u00e9dicaments est effectu\u00e9 de mani\u00e8re plus simple et plus organis\u00e9e, en toute autonomie par le robot.<\/p>\n<p>&nbsp;<\/p>\n<h4>Selon vous, quelles sont les fonctions les plus importantes de SINTESI ?<\/h4>\n<p>D\u2019un point de vue technique, le suivi constant effectu\u00e9 sur les produits disponibles est tr\u00e8s appr\u00e9ci\u00e9, ainsi que la possibilit\u00e9 d\u2019extraire facilement des rapports mis \u00e0 jour en temps r\u00e9el et la gestion des commandes par l\u2019algorithme, qui se fait plus rapidement.<br \/>\nEn g\u00e9n\u00e9ral, le robot Pharmathek fait gagner \u00e0 toute l\u2019\u00e9quipe un temps consid\u00e9rable qui peut \u00eatre consacr\u00e9 au dialogue avec les patients.<\/p>\n<p>&nbsp;<\/p>\n<h4>Pourquoi avez-vous choisi de personnaliser le robot d\u2019un point de vue esth\u00e9tique avec des parois vitr\u00e9es ?<\/h4>\n<p>Tout d\u2019abord, pour mon go\u00fbt personnel. Voir les m\u00e9canismes automatis\u00e9s en action est toujours fascinant.<br \/>\nEn outre, je pense que c\u2019est une valeur ajout\u00e9e \u00e9galement pour les patients qui entrent dans la pharmacie : le robot transmet un concept d\u2019efficacit\u00e9 et cela am\u00e9liore l\u2019image per\u00e7ue de la pharmacie.<\/p>\n<p>&nbsp;<\/p>\n<h4>D\u2019apr\u00e8s votre exp\u00e9rience, recommanderiez-vous Pharmathek \u00e0 vos coll\u00e8gues ?<\/h4>\n<p>Oui. Je trouve que le robot SINTESI est tr\u00e8s fonctionnel et optimis\u00e9. M\u00eame sur le plan technique, c\u2019est une solution tr\u00e8s performante : nous en sommes tr\u00e8s satisfaits.<br \/>\nSur le plan humain, travailler avec l\u2019\u00e9quipe de Pharmathek a \u00e9t\u00e9 une exp\u00e9rience positive. Nous avons trouv\u00e9 des sp\u00e9cialistes avec un haut niveau de professionnalisme, tr\u00e8s pr\u00e9par\u00e9s sur le syst\u00e8me propos\u00e9, et avec une bonne r\u00e9solution de probl\u00e8mes (problem-solving). Face aux contraintes de gestion de l\u2019espace, des solutions alternatives ont \u00e9t\u00e9 rapidement trouv\u00e9es.<br \/>\nEnfin, le timing \u00e9tait parfait. Pour une pharmacie, il est tr\u00e8s important de pouvoir terminer les travaux dans les locaux dans l\u2019intervalle de fermeture qui nous est assign\u00e9. Avec l\u2019\u00e9quipe de Pharmathek, tout a \u00e9t\u00e9 r\u00e9alis\u00e9 dans les d\u00e9lais pr\u00e9vus : de l\u2019installation du robot au chargement des produits.[\/vc_column_text][vc_empty_space height=\u00a0\u00bb50px\u00a0\u00bb][\/vc_column][\/vc_row][vc_row full_width=\u00a0\u00bbstretch_row\u00a0\u00bb bg_type=\u00a0\u00bbbg_color\u00a0\u00bb bg_override=\u00a0\u00bbfull\u00a0\u00bb bg_color_value=\u00a0\u00bb#eeeeef\u00a0\u00bb][vc_column offset=\u00a0\u00bbvc_hidden-md vc_hidden-sm vc_hidden-xs\u00a0\u00bb][vc_empty_space height=\u00a0\u00bb100px\u00a0\u00bb]<div id=\"ultimate-heading-639869f2aedbce0c6\" class=\"uvc-heading ult-adjust-bottom-margin ultimate-heading-639869f2aedbce0c6 uvc-5068 head-section-title uvc-heading-default-font-sizes\" data-hspacer=\"no_spacer\"  data-halign=\"center\" style=\"text-align:center\"><div class=\"uvc-heading-spacer no_spacer\" style=\"top\"><\/div><div class=\"uvc-main-heading ult-responsive\"  data-ultimate-target='.uvc-heading.ultimate-heading-639869f2aedbce0c6 h2'  data-responsive-json-new='{\"font-size\":\"\",\"line-height\":\"\"}' ><h2 style=\"--font-weight:theme;\">GALERIE<\/h2><\/div><\/div>[vc_empty_space height=\u00a0\u00bb50px\u00a0\u00bb][vc_masonry_media_grid element_width=\u00a0\u00bb3&Prime; gap=\u00a0\u00bb10&Prime; grid_id=\u00a0\u00bbvc_gid:1690540000959-c85b2b43-458d-1&Prime; include=\u00a0\u00bb30434,30441,30448,30455,30508,30524,30533&Prime;][vc_empty_space height=\u00a0\u00bb100px\u00a0\u00bb][\/vc_column][\/vc_row][vc_row full_width=\u00a0\u00bbstretch_row\u00a0\u00bb bg_type=\u00a0\u00bbbg_color\u00a0\u00bb bg_override=\u00a0\u00bbfull\u00a0\u00bb bg_color_value=\u00a0\u00bb#eeeeef\u00a0\u00bb][vc_column offset=\u00a0\u00bbvc_hidden-lg\u00a0\u00bb][vc_empty_space height=\u00a0\u00bb50px\u00a0\u00bb]<div id=\"ultimate-heading-90169f2aedbce13d\" class=\"uvc-heading ult-adjust-bottom-margin ultimate-heading-90169f2aedbce13d uvc-1293 head-section-title uvc-heading-default-font-sizes\" data-hspacer=\"no_spacer\"  data-halign=\"center\" style=\"text-align:center\"><div class=\"uvc-heading-spacer no_spacer\" style=\"top\"><\/div><div class=\"uvc-main-heading ult-responsive\"  data-ultimate-target='.uvc-heading.ultimate-heading-90169f2aedbce13d h2'  data-responsive-json-new='{\"font-size\":\"\",\"line-height\":\"\"}' ><h2 style=\"--font-weight:theme;\">GALERIE<\/h2><\/div><\/div>[vc_empty_space height=\u00a0\u00bb50px\u00a0\u00bb][vc_masonry_media_grid element_width=\u00a0\u00bb3&Prime; gap=\u00a0\u00bb10&Prime; grid_id=\u00a0\u00bbvc_gid:1690540000964-0d29ad9b-9dda-7&Prime; include=\u00a0\u00bb30455,30448,30441,30434,30515,30524,30533&Prime;][vc_empty_space height=\u00a0\u00bb50px\u00a0\u00bb][\/vc_column][\/vc_row][vc_row full_width=\u00a0\u00bbstretch_row\u00a0\u00bb bg_type=\u00a0\u00bbimage\u00a0\u00bb parallax_style=\u00a0\u00bbvcpb-default\u00a0\u00bb bg_image_new=\u00a0\u00bbid^1166|url^http:\/\/www.pharmathek.com\/wp-content\/uploads\/2018\/03\/farmacia-specifiche-background.jpg|caption^null|alt^null|title^farmacia-specifiche-background|description^null\u00a0\u00bb bg_image_repeat=\u00a0\u00bbno-repeat\u00a0\u00bb bg_override=\u00a0\u00bbfull\u00a0\u00bb][vc_column][vc_empty_space height=\u00a0\u00bb100px\u00a0\u00bb]<div id=\"ultimate-heading-587369f2aedbce1b4\" class=\"uvc-heading ult-adjust-bottom-margin ultimate-heading-587369f2aedbce1b4 uvc-5856 head-section-title text-white uvc-heading-default-font-sizes\" data-hspacer=\"no_spacer\"  data-halign=\"center\" style=\"text-align:center\"><div class=\"uvc-heading-spacer no_spacer\" style=\"top\"><\/div><div class=\"uvc-main-heading ult-responsive\"  data-ultimate-target='.uvc-heading.ultimate-heading-587369f2aedbce1b4 h2'  data-responsive-json-new='{\"font-size\":\"\",\"line-height\":\"\"}' ><h2 style=\"--font-weight:theme;\">LE PROJET<\/h2><\/div><\/div>[vc_empty_space height=\u00a0\u00bb50px\u00a0\u00bb][vc_separator color=\u00a0\u00bbwhite\u00a0\u00bb][vc_separator color=\u00a0\u00bbwhite\u00a0\u00bb][vc_row_inner][vc_column_inner width=\u00a0\u00bb1\/2&Prime;][vc_column_text el_class=\u00a0\u00bbprogetto-voci\u00a0\u00bb]SOLUTIONS PHARMATHEK[\/vc_column_text][\/vc_column_inner][vc_column_inner width=\u00a0\u00bb1\/2&Prime;][vc_column_text el_class=\u00a0\u00bbprogetto-voci-valori\u00a0\u00bb]SINTESI + PHARMALOAD + EUCLID3D[\/vc_column_text][\/vc_column_inner][\/vc_row_inner][vc_separator color=\u00a0\u00bbwhite\u00a0\u00bb][vc_row_inner][vc_column_inner width=\u00a0\u00bb1\/2&Prime;][vc_column_text el_class=\u00a0\u00bbprogetto-voci\u00a0\u00bb]DIMENSIONS DU ROBOT[\/vc_column_text][\/vc_column_inner][vc_column_inner width=\u00a0\u00bb1\/2&Prime;][vc_column_text el_class=\u00a0\u00bbprogetto-voci-valori\u00a0\u00bb]L 6.500 x H 2.900 mm[\/vc_column_text][\/vc_column_inner][\/vc_row_inner][vc_separator color=\u00a0\u00bbwhite\u00a0\u00bb][vc_row_inner][vc_column_inner width=\u00a0\u00bb1\/2&Prime;][vc_column_text el_class=\u00a0\u00bbprogetto-voci\u00a0\u00bb]CAPACIT\u00c9 BO\u00ceTES[\/vc_column_text][\/vc_column_inner][vc_column_inner width=\u00a0\u00bb1\/2&Prime;][vc_column_text el_class=\u00a0\u00bbprogetto-voci-valori\u00a0\u00bb]15.800[\/vc_column_text][\/vc_column_inner][\/vc_row_inner][vc_separator color=\u00a0\u00bbwhite\u00a0\u00bb][vc_row_inner][vc_column_inner width=\u00a0\u00bb1\/2&Prime;][vc_column_text el_class=\u00a0\u00bbprogetto-voci\u00a0\u00bb]POSITION DU ROBOT PAR RAPPORT AU COMPTOIR[\/vc_column_text][\/vc_column_inner][vc_column_inner width=\u00a0\u00bb1\/2&Prime;][vc_column_text el_class=\u00a0\u00bbprogetto-voci-valori\u00a0\u00bb]DERRI\u00c8RE LE COMPTOIR[\/vc_column_text][\/vc_column_inner][\/vc_row_inner][vc_separator color=\u00a0\u00bbwhite\u00a0\u00bb][vc_row_inner][vc_column_inner width=\u00a0\u00bb1\/2&Prime;][vc_column_text el_class=\u00a0\u00bbprogetto-voci\u00a0\u00bb]PRODUITS EN MOUVEMENT[\/vc_column_text][\/vc_column_inner][vc_column_inner width=\u00a0\u00bb1\/2&Prime;][vc_column_text el_class=\u00a0\u00bbprogetto-voci-valori\u00a0\u00bb]500[\/vc_column_text][\/vc_column_inner][\/vc_row_inner][vc_separator color=\u00a0\u00bbwhite\u00a0\u00bb][vc_empty_space height=\u00a0\u00bb100px\u00a0\u00bb][\/vc_column][\/vc_row][vc_row full_width=\u00a0\u00bbstretch_row_content_no_spaces\u00a0\u00bb][vc_column el_class=\u00a0\u00bbfull-width-no-padding\u00a0\u00bb][vc_single_image image=\u00a0\u00bb36131&Prime; img_size=\u00a0\u00bbfull\u00a0\u00bb alignment=\u00a0\u00bbcenter\u00a0\u00bb]<style type=\"text\/css\" data-type=\"the7_shortcodes-inline-css\">#default-btn-593216d85eeb0681a183355dd95abfa5.ico-right-side > i {\n  margin-right: 0px;\n  margin-left: 8px;\n}\n#default-btn-593216d85eeb0681a183355dd95abfa5 > i {\n  margin-right: 8px;\n}\n<\/style><div class=\"btn-align-center\"><a href=\"https:\/\/www.pharmathek.com\/fr\/installations\/\" class=\"default-btn-shortcode dt-btn dt-btn-l link-hover-off weight-300 full-width-btn \" id=\"default-btn-593216d85eeb0681a183355dd95abfa5\"><span>Retour \u00e0 la liste des installations<\/span><\/a><\/div>[\/vc_column][\/vc_row]<\/p>\n<\/div>","protected":false},"excerpt":{"rendered":"<p>Lodi (Italie)<\/p>\n","protected":false},"author":3,"featured_media":30466,"parent":0,"menu_order":0,"comment_status":"closed","ping_status":"closed","template":"","meta":{"inline_featured_image":false,"footnotes":""},"categories":[45,47],"tags":[],"class_list":["post-36332","page","type-page","status-publish","has-post-thumbnail","hentry","category-installations","category-pharmacies","description-off"],"_links":{"self":[{"href":"https:\/\/www.pharmathek.com\/fr\/wp-json\/wp\/v2\/pages\/36332","targetHints":{"allow":["GET"]}}],"collection":[{"href":"https:\/\/www.pharmathek.com\/fr\/wp-json\/wp\/v2\/pages"}],"about":[{"href":"https:\/\/www.pharmathek.com\/fr\/wp-json\/wp\/v2\/types\/page"}],"author":[{"embeddable":true,"href":"https:\/\/www.pharmathek.com\/fr\/wp-json\/wp\/v2\/users\/3"}],"replies":[{"embeddable":true,"href":"https:\/\/www.pharmathek.com\/fr\/wp-json\/wp\/v2\/comments?post=36332"}],"version-history":[{"count":5,"href":"https:\/\/www.pharmathek.com\/fr\/wp-json\/wp\/v2\/pages\/36332\/revisions"}],"predecessor-version":[{"id":41181,"href":"https:\/\/www.pharmathek.com\/fr\/wp-json\/wp\/v2\/pages\/36332\/revisions\/41181"}],"wp:featuredmedia":[{"embeddable":true,"href":"https:\/\/www.pharmathek.com\/fr\/wp-json\/wp\/v2\/media\/30466"}],"wp:attachment":[{"href":"https:\/\/www.pharmathek.com\/fr\/wp-json\/wp\/v2\/media?parent=36332"}],"wp:term":[{"taxonomy":"category","embeddable":true,"href":"https:\/\/www.pharmathek.com\/fr\/wp-json\/wp\/v2\/categories?post=36332"},{"taxonomy":"post_tag","embeddable":true,"href":"https:\/\/www.pharmathek.com\/fr\/wp-json\/wp\/v2\/tags?post=36332"}],"curies":[{"name":"wp","href":"https:\/\/api.w.org\/{rel}","templated":true}]}}