{"id":36558,"date":"2023-03-14T11:52:41","date_gmt":"2023-03-14T10:52:41","guid":{"rendered":"https:\/\/www.pharmathek.com\/?page_id=36558"},"modified":"2024-02-20T09:16:37","modified_gmt":"2024-02-20T08:16:37","slug":"pharmacie-porta-susa","status":"publish","type":"page","link":"https:\/\/www.pharmathek.com\/fr\/pharmacie-porta-susa\/","title":{"rendered":"Pharmacie Porta Susa"},"content":{"rendered":"<div class=\"wpb-content-wrapper\"><p>[vc_row full_width=\u00a0\u00bbstretch_row_content\u00a0\u00bb equal_height=\u00a0\u00bbyes\u00a0\u00bb content_placement=\u00a0\u00bbmiddle\u00a0\u00bb bg_type=\u00a0\u00bbbg_color\u00a0\u00bb bg_override=\u00a0\u00bbfull\u00a0\u00bb bg_color_value=\u00a0\u00bb#eeeeef\u00a0\u00bb][vc_column width=\u00a0\u00bb1\/2&Prime; css=\u00a0\u00bb.vc_custom_1523960820222{padding-right: 0px !important;padding-left: 0px !important;}\u00a0\u00bb offset=\u00a0\u00bbvc_hidden-md vc_hidden-sm vc_hidden-xs\u00a0\u00bb][vc_single_image image=\u00a0\u00bb36906&Prime; img_size=\u00a0\u00bbfull\u00a0\u00bb][\/vc_column][vc_column width=\u00a0\u00bb1\/2&Prime; css=\u00a0\u00bb.vc_custom_1523961149466{padding-right: 100px !important;padding-left: 100px !important;}\u00a0\u00bb offset=\u00a0\u00bbvc_hidden-md vc_hidden-sm vc_hidden-xs\u00a0\u00bb][vc_empty_space]<div id=\"ultimate-heading-737069f9d4b4a348f\" class=\"uvc-heading ult-adjust-bottom-margin ultimate-heading-737069f9d4b4a348f uvc-8403 head-section-title uvc-heading-default-font-sizes\" data-hspacer=\"no_spacer\"  data-halign=\"center\" style=\"text-align:center\"><div class=\"uvc-heading-spacer no_spacer\" style=\"top\"><\/div><div class=\"uvc-main-heading ult-responsive\"  data-ultimate-target='.uvc-heading.ultimate-heading-737069f9d4b4a348f p'  data-responsive-json-new='{\"font-size\":\"\",\"line-height\":\"\"}' ><p style=\"--font-weight:theme;\">PHARMACIE PORTA SUSA<\/p><\/div><\/div>[vc_empty_space][vc_column_text el_class=\u00a0\u00bbtext-justify\u00a0\u00bb]<\/p>\n<div class=\"wpb_text_column wpb_content_element text-justify\">\n<div class=\"wpb_wrapper\">\n<p>La Pharmacie Porta Susa a d\u00e9cid\u00e9 d&rsquo;installer un robot SINTESI 3e g\u00e9n\u00e9ration, \u00e9quip\u00e9 d&rsquo;un <strong><a href=\"https:\/\/www.pharmathek.com\/fr\/pharmaload\/\">chargeur automatique Pharmaload<\/a><\/strong> et d&rsquo;un <strong><a href=\"https:\/\/www.pharmathek.com\/fr\/euclid3d\/\">bras robotis\u00e9 Euclid3D<\/a>.<\/strong><\/p>\n<p>Discr\u00e8tement positionn\u00e9 <strong>derri\u00e8re le comptoir<\/strong>, les propri\u00e9taires ont voulu<strong> personnaliser son esth\u00e9tique<\/strong> avec des panneaux en verre afin que les patients puissent voir la technologie en action.<\/p>\n<p>De plus, une vitrine externe au robot a \u00e9t\u00e9 sp\u00e9cialement am\u00e9nag\u00e9e derri\u00e8re les pharmaciens pour mettre en valeur l&rsquo;exposition des produits.<\/p>\n<p>Voici les <strong>principaux avantages<\/strong> rapport\u00e9s par l&rsquo;\u00e9quipe de la Pharmacie Porta Susa :<\/p>\n<ul>\n<li><strong>Efficacit\u00e9 accrue dans la gestion op\u00e9rationnelle du stock<\/strong>, se traduisant par des gains de temps et une r\u00e9duction des erreurs.<\/li>\n<li><strong>D\u00e9livrance des m\u00e9dicaments <\/strong>plus rapide\u00a0au comptoir, r\u00e9duisant consid\u00e9rablement le stress pour le pharmacien.<\/li>\n<li><strong>Meilleur service au comptoir,<\/strong> lib\u00e9rant ainsi davantage de temps pour se consacrer aux besoins des patients.<\/li>\n<\/ul>\n<\/div>\n<\/div>\n<p>[\/vc_column_text][vc_empty_space][\/vc_column][\/vc_row][vc_row full_width=\u00a0\u00bbstretch_row_content\u00a0\u00bb equal_height=\u00a0\u00bbyes\u00a0\u00bb content_placement=\u00a0\u00bbmiddle\u00a0\u00bb bg_type=\u00a0\u00bbbg_color\u00a0\u00bb bg_override=\u00a0\u00bbfull\u00a0\u00bb bg_color_value=\u00a0\u00bb#eeeeef\u00a0\u00bb][vc_column css=\u00a0\u00bb.vc_custom_1524126751494{padding-right: 0px !important;padding-left: 0px !important;}\u00a0\u00bb offset=\u00a0\u00bbvc_hidden-lg\u00a0\u00bb el_class=\u00a0\u00bbfull-width-no-padding\u00a0\u00bb][vc_single_image image=\u00a0\u00bb36906&Prime; img_size=\u00a0\u00bbfull\u00a0\u00bb][vc_empty_space]<div id=\"ultimate-heading-949369f9d4b4a354b\" class=\"uvc-heading ult-adjust-bottom-margin ultimate-heading-949369f9d4b4a354b uvc-3147 head-section-title uvc-heading-default-font-sizes\" data-hspacer=\"no_spacer\"  data-halign=\"center\" style=\"text-align:center\"><div class=\"uvc-heading-spacer no_spacer\" style=\"top\"><\/div><div class=\"uvc-main-heading ult-responsive\"  data-ultimate-target='.uvc-heading.ultimate-heading-949369f9d4b4a354b p'  data-responsive-json-new='{\"font-size\":\"\",\"line-height\":\"\"}' ><p style=\"--font-weight:theme;\">PHARMACIE PORTA SUSA<\/p><\/div><\/div>[vc_empty_space][vc_column_text el_class=\u00a0\u00bbtext-justify\u00a0\u00bb]La Pharmacie Porta Susa a d\u00e9cid\u00e9 d&rsquo;installer un robot SINTESI 3e g\u00e9n\u00e9ration, \u00e9quip\u00e9 d&rsquo;un <strong><a href=\"https:\/\/www.pharmathek.com\/fr\/pharmaload\/\">chargeur automatique Pharmaload<\/a><\/strong> et d&rsquo;un <strong><a href=\"https:\/\/www.pharmathek.com\/fr\/euclid3d\/\">bras robotis\u00e9 Euclid3D<\/a>.<\/strong><\/p>\n<p>Discr\u00e8tement positionn\u00e9 <strong>derri\u00e8re le comptoir<\/strong>, les propri\u00e9taires ont voulu<strong> personnaliser son esth\u00e9tique<\/strong> avec des panneaux en verre afin que les patients puissent voir la technologie en action.<\/p>\n<p>De plus, une vitrine externe au robot a \u00e9t\u00e9 sp\u00e9cialement am\u00e9nag\u00e9e derri\u00e8re les pharmaciens pour mettre en valeur l&rsquo;exposition des produits.<\/p>\n<p>Voici les <strong>principaux avantages<\/strong> rapport\u00e9s par l&rsquo;\u00e9quipe de la Pharmacie Porta Susa :<\/p>\n<ul>\n<li><strong>Efficacit\u00e9 accrue dans la gestion op\u00e9rationnelle du stock<\/strong>, se traduisant par des gains de temps et une r\u00e9duction des erreurs.<\/li>\n<li><strong>D\u00e9livrance des m\u00e9dicaments <\/strong>plus rapide\u00a0au comptoir, r\u00e9duisant consid\u00e9rablement le stress pour le pharmacien.<\/li>\n<li><strong>Meilleur service au comptoir,<\/strong> lib\u00e9rant ainsi davantage de temps pour se consacrer aux besoins des patients.<\/li>\n<\/ul>\n<p>[\/vc_column_text][vc_empty_space][\/vc_column][\/vc_row][vc_row][vc_column offset=\u00a0\u00bbvc_hidden-md vc_hidden-sm vc_hidden-xs\u00a0\u00bb][vc_empty_space height=\u00a0\u00bb100px\u00a0\u00bb]<div id=\"ultimate-heading-262669f9d4b4a35d1\" class=\"uvc-heading ult-adjust-bottom-margin ultimate-heading-262669f9d4b4a35d1 uvc-6425 head-section-title uvc-heading-default-font-sizes\" data-hspacer=\"no_spacer\"  data-halign=\"center\" style=\"text-align:center\"><div class=\"uvc-heading-spacer no_spacer\" style=\"top\"><\/div><div class=\"uvc-main-heading ult-responsive\"  data-ultimate-target='.uvc-heading.ultimate-heading-262669f9d4b4a35d1 p'  data-responsive-json-new='{\"font-size\":\"\",\"line-height\":\"\"}' ><p style=\"--font-weight:theme;\">LA PAROLE AU PHARMACIEN<\/p><\/div><\/div>[vc_empty_space][vc_column_text el_class=\u00a0\u00bbtext-justify\u00a0\u00bb]<\/p>\n<h4>M. Platter, pourquoi avez-vous d\u00e9cid\u00e9 d\u2019installer un robot dans votre pharmacie ?<\/h4>\n<p>Principalement pour optimiser la gestion des stocks et am\u00e9liorer l\u2019efficacit\u00e9 op\u00e9rationnelle.<\/p>\n<p>&nbsp;<\/p>\n<h4>Qu\u2019est-ce qui vous a amen\u00e9 \u00e0 choisir Pharmathek ?<\/h4>\n<p>Nous avons \u00e9t\u00e9 particuli\u00e8rement impressionn\u00e9s par le stockage temporaire d\u2019Euclid3D qui permet de pr\u00e9lever plusieurs produits en un seul mouvement. En outre, un autre facteur d\u00e9cisif a \u00e9t\u00e9 le fait que tout ce que l\u2019entreprise produit soit Made in Italy.<\/p>\n<p>&nbsp;<\/p>\n<h4>Comment le travail en pharmacie a-t-il chang\u00e9 apr\u00e8s l\u2019installation du robot ?<\/h4>\n<p>Gr\u00e2ce au robot SINTESI, nos employ\u00e9s ont plus de temps \u00e0 consacrer \u00e0 la gestion d\u2019autres t\u00e2ches. De plus, lorsqu\u2019elle n\u2019est pas en pharmacie le samedi, le robot est vraiment facile \u00e0 manipuler.<\/p>\n<p>&nbsp;<\/p>\n<h4>D\u2019apr\u00e8s vous, le robot SINTESI est-il facile \u00e0 utiliser ?<\/h4>\n<p>Oui, nous n\u2019avons pas rencontr\u00e9 de difficult\u00e9s pour apprendre \u00e0 l\u2019utiliser.<\/p>\n<p>&nbsp;<\/p>\n<h4>Selon vos collaborateurs, quelle est la fonction la plus importante de SINTESI ?<\/h4>\n<p>Les avantages sont nombreux, mais l\u2019une des fonctions de SINTESI que nous avons trouv\u00e9 la plus importante est la plus grande facilit\u00e9 avec laquelle nous pouvons maintenant trouver des r\u00e9f\u00e9rences \u00e0 faible rotation.<\/p>\n<p>&nbsp;<\/p>\n<h4>Que pensez-vous du chargeur automatique Pharmaload ?<\/h4>\n<p>\u00c0 l&rsquo;arriv\u00e9e des livraisons \u00e0 la pharmacie, il suffit de verser les bo\u00eetes et c&rsquo;est lui qui verifie et range les produits sur les \u00e9tag\u00e8res du robot. Cela nous permet ainsi de consacrer notre temps \u00e0 d&rsquo;autres activit\u00e9s.<\/p>\n<p>&nbsp;<\/p>\n<h4>Pourquoi avez-vous choisi de personnaliser le robot d\u2019un point de vue esth\u00e9tique avec une partie des panneaux en verre ?<\/h4>\n<p>Nous avons d\u00e9cid\u00e9 de le rendre visible au public et d\u2019en faire un \u00e9l\u00e9ment d\u2019attractivit\u00e9 et de curiosit\u00e9.<\/p>\n<p>&nbsp;<\/p>\n<h4>D\u2019apr\u00e8s votre exp\u00e9rience, recommanderiez-vous Pharmathek \u00e0 vos confr\u00e8res ?<\/h4>\n<p>Oui, surtout pour l\u2019optimisation de l\u2019espace et la gestion des stocks. De plus, depuis que nous avons install\u00e9 le robot SINTESI, nous avons plus de temps \u00e0 consacrer aux clients.[\/vc_column_text][vc_empty_space height=\u00a0\u00bb100px\u00a0\u00bb][\/vc_column][\/vc_row][vc_row][vc_column offset=\u00a0\u00bbvc_hidden-lg\u00a0\u00bb][vc_empty_space height=\u00a0\u00bb50px\u00a0\u00bb][vc_empty_space]<div id=\"ultimate-heading-704569f9d4b4a363f\" class=\"uvc-heading ult-adjust-bottom-margin ultimate-heading-704569f9d4b4a363f uvc-5686 head-section-title uvc-heading-default-font-sizes\" data-hspacer=\"no_spacer\"  data-halign=\"center\" style=\"text-align:center\"><div class=\"uvc-heading-spacer no_spacer\" style=\"top\"><\/div><div class=\"uvc-main-heading ult-responsive\"  data-ultimate-target='.uvc-heading.ultimate-heading-704569f9d4b4a363f p'  data-responsive-json-new='{\"font-size\":\"\",\"line-height\":\"\"}' ><p style=\"--font-weight:theme;\">LA PAROLE AU PHARMACIEN<\/p><\/div><\/div>[vc_empty_space][vc_column_text el_class=\u00a0\u00bbtext-justify\u00a0\u00bb]<\/p>\n<h4>M. Platter, pourquoi avez-vous d\u00e9cid\u00e9 d\u2019installer un robot dans votre pharmacie ?<\/h4>\n<p>Principalement pour optimiser la gestion des stocks et am\u00e9liorer l\u2019efficacit\u00e9 op\u00e9rationnelle.<\/p>\n<p>&nbsp;<\/p>\n<h4>Qu\u2019est-ce qui vous a amen\u00e9 \u00e0 choisir Pharmathek ?<\/h4>\n<p>Nous avons \u00e9t\u00e9 particuli\u00e8rement impressionn\u00e9s par le stockage temporaire d\u2019Euclid3D qui permet de pr\u00e9lever plusieurs produits en un seul mouvement. En outre, un autre facteur d\u00e9cisif a \u00e9t\u00e9 le fait que tout ce que l\u2019entreprise produit soit Made in Italy.<\/p>\n<p>&nbsp;<\/p>\n<h4>Comment le travail en pharmacie a-t-il chang\u00e9 apr\u00e8s l\u2019installation du robot ?<\/h4>\n<p>Gr\u00e2ce au robot SINTESI, nos employ\u00e9s ont plus de temps \u00e0 consacrer \u00e0 la gestion d\u2019autres t\u00e2ches. De plus, lorsqu\u2019elle n\u2019est pas en pharmacie le samedi, le robot est vraiment facile \u00e0 manipuler.<\/p>\n<p>&nbsp;<\/p>\n<h4>D\u2019apr\u00e8s vous, le robot SINTESI est-il facile \u00e0 utiliser ?<\/h4>\n<p>Oui, nous n\u2019avons pas rencontr\u00e9 de difficult\u00e9s pour apprendre \u00e0 l\u2019utiliser.<\/p>\n<p>&nbsp;<\/p>\n<h4>Selon vos collaborateurs, quelle est la fonction la plus importante de SINTESI ?<\/h4>\n<p>Les avantages sont nombreux, mais l\u2019une des fonctions de SINTESI que nous avons trouv\u00e9 la plus importante est la plus grande facilit\u00e9 avec laquelle nous pouvons maintenant trouver des r\u00e9f\u00e9rences \u00e0 faible rotation.<\/p>\n<p>&nbsp;<\/p>\n<h4>Que pensez-vous du chargeur automatique Pharmaload ?<\/h4>\n<p>\u00c0 l&rsquo;arriv\u00e9e des livraisons \u00e0 la pharmacie, il suffit de verser les bo\u00eetes et c&rsquo;est lui qui verifie et range les produits sur les \u00e9tag\u00e8res du robot. Cela nous permet ainsi de consacrer notre temps \u00e0 d&rsquo;autres activit\u00e9s.<\/p>\n<p>&nbsp;<\/p>\n<h4>Pourquoi avez-vous choisi de personnaliser le robot d\u2019un point de vue esth\u00e9tique avec une partie des panneaux en verre ?<\/h4>\n<p>Nous avons d\u00e9cid\u00e9 de le rendre visible au public et d\u2019en faire un \u00e9l\u00e9ment d\u2019attractivit\u00e9 et de curiosit\u00e9.<\/p>\n<p>&nbsp;<\/p>\n<h4>D\u2019apr\u00e8s votre exp\u00e9rience, recommanderiez-vous Pharmathek \u00e0 vos confr\u00e8res ?<\/h4>\n<p>Oui, surtout pour l\u2019optimisation de l\u2019espace et la gestion des stocks. De plus, depuis que nous avons install\u00e9 le robot SINTESI, nous avons plus de temps \u00e0 consacrer aux clients.[\/vc_column_text][vc_empty_space height=\u00a0\u00bb50px\u00a0\u00bb][\/vc_column][\/vc_row][vc_row full_width=\u00a0\u00bbstretch_row\u00a0\u00bb bg_type=\u00a0\u00bbbg_color\u00a0\u00bb bg_override=\u00a0\u00bbfull\u00a0\u00bb bg_color_value=\u00a0\u00bb#eeeeef\u00a0\u00bb][vc_column offset=\u00a0\u00bbvc_hidden-md vc_hidden-sm vc_hidden-xs\u00a0\u00bb][vc_empty_space height=\u00a0\u00bb100px\u00a0\u00bb]<div id=\"ultimate-heading-577169f9d4b4a36b3\" class=\"uvc-heading ult-adjust-bottom-margin ultimate-heading-577169f9d4b4a36b3 uvc-3038 head-section-title uvc-heading-default-font-sizes\" data-hspacer=\"no_spacer\"  data-halign=\"center\" style=\"text-align:center\"><div class=\"uvc-heading-spacer no_spacer\" style=\"top\"><\/div><div class=\"uvc-main-heading ult-responsive\"  data-ultimate-target='.uvc-heading.ultimate-heading-577169f9d4b4a36b3 h2'  data-responsive-json-new='{\"font-size\":\"\",\"line-height\":\"\"}' ><h2 style=\"--font-weight:theme;\">GALERIE<\/h2><\/div><\/div>[vc_empty_space height=\u00a0\u00bb50px\u00a0\u00bb][vc_masonry_media_grid element_width=\u00a0\u00bb3&Prime; gap=\u00a0\u00bb10&Prime; grid_id=\u00a0\u00bbvc_gid:1708416413879-27e3e993-95dd-4&Prime; include=\u00a0\u00bb35980,35987,35994,36973&Prime;][vc_empty_space height=\u00a0\u00bb100px\u00a0\u00bb][\/vc_column][\/vc_row][vc_row full_width=\u00a0\u00bbstretch_row\u00a0\u00bb bg_type=\u00a0\u00bbbg_color\u00a0\u00bb bg_override=\u00a0\u00bbfull\u00a0\u00bb bg_color_value=\u00a0\u00bb#eeeeef\u00a0\u00bb][vc_column offset=\u00a0\u00bbvc_hidden-lg\u00a0\u00bb][vc_empty_space height=\u00a0\u00bb50px\u00a0\u00bb]<div id=\"ultimate-heading-352969f9d4b4a371d\" class=\"uvc-heading ult-adjust-bottom-margin ultimate-heading-352969f9d4b4a371d uvc-4486 head-section-title uvc-heading-default-font-sizes\" data-hspacer=\"no_spacer\"  data-halign=\"center\" style=\"text-align:center\"><div class=\"uvc-heading-spacer no_spacer\" style=\"top\"><\/div><div class=\"uvc-main-heading ult-responsive\"  data-ultimate-target='.uvc-heading.ultimate-heading-352969f9d4b4a371d h2'  data-responsive-json-new='{\"font-size\":\"\",\"line-height\":\"\"}' ><h2 style=\"--font-weight:theme;\">GALERIE<\/h2><\/div><\/div>[vc_empty_space height=\u00a0\u00bb50px\u00a0\u00bb][vc_masonry_media_grid element_width=\u00a0\u00bb3&Prime; gap=\u00a0\u00bb10&Prime; grid_id=\u00a0\u00bbvc_gid:1708416413881-bfc41e85-8fae-7&Prime; include=\u00a0\u00bb35980,35987,35994,36973&Prime;][vc_empty_space height=\u00a0\u00bb50px\u00a0\u00bb][\/vc_column][\/vc_row][vc_row full_width=\u00a0\u00bbstretch_row\u00a0\u00bb bg_type=\u00a0\u00bbimage\u00a0\u00bb parallax_style=\u00a0\u00bbvcpb-default\u00a0\u00bb bg_image_new=\u00a0\u00bbid^1166|url^http:\/\/www.pharmathek.com\/wp-content\/uploads\/2018\/03\/farmacia-specifiche-background.jpg|caption^null|alt^null|title^farmacia-specifiche-background|description^null\u00a0\u00bb bg_image_repeat=\u00a0\u00bbno-repeat\u00a0\u00bb bg_override=\u00a0\u00bbfull\u00a0\u00bb][vc_column][vc_empty_space height=\u00a0\u00bb100px\u00a0\u00bb]<div id=\"ultimate-heading-103569f9d4b4a3784\" class=\"uvc-heading ult-adjust-bottom-margin ultimate-heading-103569f9d4b4a3784 uvc-7441 head-section-title text-white uvc-heading-default-font-sizes\" data-hspacer=\"no_spacer\"  data-halign=\"center\" style=\"text-align:center\"><div class=\"uvc-heading-spacer no_spacer\" style=\"top\"><\/div><div class=\"uvc-main-heading ult-responsive\"  data-ultimate-target='.uvc-heading.ultimate-heading-103569f9d4b4a3784 h2'  data-responsive-json-new='{\"font-size\":\"\",\"line-height\":\"\"}' ><h2 style=\"--font-weight:theme;\">LE PROJET<\/h2><\/div><\/div>[vc_empty_space height=\u00a0\u00bb50px\u00a0\u00bb][vc_separator color=\u00a0\u00bbwhite\u00a0\u00bb][vc_separator color=\u00a0\u00bbwhite\u00a0\u00bb][vc_row_inner][vc_column_inner width=\u00a0\u00bb1\/2&Prime;][vc_column_text el_class=\u00a0\u00bbprogetto-voci\u00a0\u00bb]SOLUTIONS PHARMATHEK[\/vc_column_text][\/vc_column_inner][vc_column_inner width=\u00a0\u00bb1\/2&Prime;][vc_column_text el_class=\u00a0\u00bbprogetto-voci-valori\u00a0\u00bb]SINTESI + PHARMALOAD + EUCLID3D[\/vc_column_text][\/vc_column_inner][\/vc_row_inner][vc_separator color=\u00a0\u00bbwhite\u00a0\u00bb][vc_row_inner][vc_column_inner width=\u00a0\u00bb1\/2&Prime;][vc_column_text el_class=\u00a0\u00bbprogetto-voci\u00a0\u00bb]DIMENSIONS DU ROBOT[\/vc_column_text][\/vc_column_inner][vc_column_inner width=\u00a0\u00bb1\/2&Prime;][vc_column_text el_class=\u00a0\u00bbprogetto-voci-valori\u00a0\u00bb]L 6.000 x H 3.400 mm[\/vc_column_text][\/vc_column_inner][\/vc_row_inner][vc_separator color=\u00a0\u00bbwhite\u00a0\u00bb][vc_row_inner][vc_column_inner width=\u00a0\u00bb1\/2&Prime;][vc_column_text el_class=\u00a0\u00bbprogetto-voci\u00a0\u00bb]CAPACIT\u00c9 BO\u00ceTES[\/vc_column_text][\/vc_column_inner][vc_column_inner width=\u00a0\u00bb1\/2&Prime;][vc_column_text el_class=\u00a0\u00bbprogetto-voci-valori\u00a0\u00bb]17.500[\/vc_column_text][\/vc_column_inner][\/vc_row_inner][vc_separator color=\u00a0\u00bbwhite\u00a0\u00bb][vc_row_inner][vc_column_inner width=\u00a0\u00bb1\/2&Prime;][vc_column_text el_class=\u00a0\u00bbprogetto-voci\u00a0\u00bb]POSITION DU ROBOT PAR RAPPORT AU COMPTOIR[\/vc_column_text][\/vc_column_inner][vc_column_inner width=\u00a0\u00bb1\/2&Prime;][vc_column_text el_class=\u00a0\u00bbprogetto-voci-valori\u00a0\u00bb]DERRI\u00c8RE LE COMPTOIR[\/vc_column_text][\/vc_column_inner][\/vc_row_inner][vc_separator color=\u00a0\u00bbwhite\u00a0\u00bb][vc_row_inner][vc_column_inner width=\u00a0\u00bb1\/2&Prime;][vc_column_text el_class=\u00a0\u00bbprogetto-voci\u00a0\u00bb]PRODUITS EN MOUVEMENT[\/vc_column_text][\/vc_column_inner][vc_column_inner width=\u00a0\u00bb1\/2&Prime;][vc_column_text el_class=\u00a0\u00bbprogetto-voci-valori\u00a0\u00bb]Entre 500 e 1.000[\/vc_column_text][\/vc_column_inner][\/vc_row_inner][vc_separator color=\u00a0\u00bbwhite\u00a0\u00bb][vc_empty_space height=\u00a0\u00bb100px\u00a0\u00bb][\/vc_column][\/vc_row][vc_row full_width=\u00a0\u00bbstretch_row_content_no_spaces\u00a0\u00bb][vc_column el_class=\u00a0\u00bbfull-width-no-padding\u00a0\u00bb][vc_single_image image=\u00a0\u00bb36961&Prime; img_size=\u00a0\u00bbfull\u00a0\u00bb alignment=\u00a0\u00bbcenter\u00a0\u00bb]<style type=\"text\/css\" data-type=\"the7_shortcodes-inline-css\">#default-btn-593216d85eeb0681a183355dd95abfa5.ico-right-side > i {\n  margin-right: 0px;\n  margin-left: 8px;\n}\n#default-btn-593216d85eeb0681a183355dd95abfa5 > i {\n  margin-right: 8px;\n}\n<\/style><div class=\"btn-align-center\"><a href=\"https:\/\/www.pharmathek.com\/fr\/installations\/\" class=\"default-btn-shortcode dt-btn dt-btn-l link-hover-off weight-300 full-width-btn \" id=\"default-btn-593216d85eeb0681a183355dd95abfa5\"><span>Retour \u00e0 la liste des installations<\/span><\/a><\/div>[\/vc_column][\/vc_row]<\/p>\n<\/div>","protected":false},"excerpt":{"rendered":"<p>Torino (Italie)<\/p>\n","protected":false},"author":3,"featured_media":30807,"parent":0,"menu_order":0,"comment_status":"closed","ping_status":"closed","template":"","meta":{"inline_featured_image":false,"footnotes":""},"categories":[45,47],"tags":[],"class_list":["post-36558","page","type-page","status-publish","has-post-thumbnail","hentry","category-installations","category-pharmacies","description-off"],"_links":{"self":[{"href":"https:\/\/www.pharmathek.com\/fr\/wp-json\/wp\/v2\/pages\/36558","targetHints":{"allow":["GET"]}}],"collection":[{"href":"https:\/\/www.pharmathek.com\/fr\/wp-json\/wp\/v2\/pages"}],"about":[{"href":"https:\/\/www.pharmathek.com\/fr\/wp-json\/wp\/v2\/types\/page"}],"author":[{"embeddable":true,"href":"https:\/\/www.pharmathek.com\/fr\/wp-json\/wp\/v2\/users\/3"}],"replies":[{"embeddable":true,"href":"https:\/\/www.pharmathek.com\/fr\/wp-json\/wp\/v2\/comments?post=36558"}],"version-history":[{"count":8,"href":"https:\/\/www.pharmathek.com\/fr\/wp-json\/wp\/v2\/pages\/36558\/revisions"}],"predecessor-version":[{"id":49812,"href":"https:\/\/www.pharmathek.com\/fr\/wp-json\/wp\/v2\/pages\/36558\/revisions\/49812"}],"wp:featuredmedia":[{"embeddable":true,"href":"https:\/\/www.pharmathek.com\/fr\/wp-json\/wp\/v2\/media\/30807"}],"wp:attachment":[{"href":"https:\/\/www.pharmathek.com\/fr\/wp-json\/wp\/v2\/media?parent=36558"}],"wp:term":[{"taxonomy":"category","embeddable":true,"href":"https:\/\/www.pharmathek.com\/fr\/wp-json\/wp\/v2\/categories?post=36558"},{"taxonomy":"post_tag","embeddable":true,"href":"https:\/\/www.pharmathek.com\/fr\/wp-json\/wp\/v2\/tags?post=36558"}],"curies":[{"name":"wp","href":"https:\/\/api.w.org\/{rel}","templated":true}]}}