{"id":36579,"date":"2023-03-14T13:38:59","date_gmt":"2023-03-14T12:38:59","guid":{"rendered":"https:\/\/www.pharmathek.com\/?page_id=36579"},"modified":"2023-07-28T13:54:30","modified_gmt":"2023-07-28T11:54:30","slug":"pharmacie-neglia","status":"publish","type":"page","link":"https:\/\/www.pharmathek.com\/fr\/pharmacie-neglia\/","title":{"rendered":"Pharmacie Neglia"},"content":{"rendered":"<div class=\"wpb-content-wrapper\"><p>[vc_row full_width=\u00a0\u00bbstretch_row_content\u00a0\u00bb equal_height=\u00a0\u00bbyes\u00a0\u00bb content_placement=\u00a0\u00bbmiddle\u00a0\u00bb bg_type=\u00a0\u00bbbg_color\u00a0\u00bb bg_override=\u00a0\u00bbfull\u00a0\u00bb bg_color_value=\u00a0\u00bb#eeeeef\u00a0\u00bb][vc_column width=\u00a0\u00bb1\/2&Prime; css=\u00a0\u00bb.vc_custom_1523960820222{padding-right: 0px !important;padding-left: 0px !important;}\u00a0\u00bb offset=\u00a0\u00bbvc_hidden-md vc_hidden-sm vc_hidden-xs\u00a0\u00bb][vc_single_image image=\u00a0\u00bb30970&Prime; img_size=\u00a0\u00bbfull\u00a0\u00bb][\/vc_column][vc_column width=\u00a0\u00bb1\/2&Prime; css=\u00a0\u00bb.vc_custom_1523961149466{padding-right: 100px !important;padding-left: 100px !important;}\u00a0\u00bb offset=\u00a0\u00bbvc_hidden-md vc_hidden-sm vc_hidden-xs\u00a0\u00bb][vc_empty_space]<div id=\"ultimate-heading-529369f9d448dfb66\" class=\"uvc-heading ult-adjust-bottom-margin ultimate-heading-529369f9d448dfb66 uvc-8120 head-section-title uvc-heading-default-font-sizes\" data-hspacer=\"no_spacer\"  data-halign=\"center\" style=\"text-align:center\"><div class=\"uvc-heading-spacer no_spacer\" style=\"top\"><\/div><div class=\"uvc-main-heading ult-responsive\"  data-ultimate-target='.uvc-heading.ultimate-heading-529369f9d448dfb66 p'  data-responsive-json-new='{\"font-size\":\"\",\"line-height\":\"\"}' ><p style=\"--font-weight:theme;\">PHARMACIE NEGLIA<\/p><\/div><\/div>[vc_empty_space][vc_column_text el_class=\u00a0\u00bbtext-justify\u00a0\u00bb]Attir\u00e9 par les <strong>avantages de l&rsquo;automatisation<\/strong>, le titulaire de la Pharmacie Neglia a d\u00e9cid\u00e9 de faire confiance \u00e0 Pharmathek pour moderniser la gestion de son entrep\u00f4t.<\/p>\n<p>Aujourd&rsquo;hui, en entrant dans la pharmacie, on remarque imm\u00e9diatement les 2 syst\u00e8mes de transporte plac\u00e9s derri\u00e8re les postes des pharmaciens qui font glisser d\u00e9licatement les articles du haut vers le comptoir.<\/p>\n<p>C&rsquo;est gr\u00e2ce au <a href=\"https:\/\/www.pharmathek.com\/fr\/sintesi\/\">robot SINTESI<\/a>, \u00e9quip\u00e9 du chargeur automatique <a href=\"https:\/\/www.pharmathek.com\/fr\/pharmaload\/\">Pharmaload<\/a> et du bras avec stockage temporaire <a href=\"https:\/\/www.pharmathek.com\/fr\/euclid3d\/\">Euclid3D<\/a>, que le personnel de la pharmacie est plus d\u00e9tendu et a plus de temps \u00e0 consacrer aux clients.<\/p>\n<p>Simple, performant et pr\u00e9cis : tels sont les adjectifs associ\u00e9s au robot Pharmathek. Une aide pr\u00e9cieuse dans l&rsquo;ensemble du traitement des articles, depuis le chargement automatis\u00e9 jusqu&rsquo;\u00e0 la livraison aux pharmaciens de boites avec la bonne date de p\u00e9remption. <strong>Plus d&rsquo;efficacit\u00e9<\/strong> et, en m\u00eame temps, <strong>moins d&rsquo;erreurs<\/strong> : les avantages que l&rsquo;automatisation g\u00e9n\u00e8re chaque jour ont fait de SINTESI \u00ab\u00a0<strong>l&rsquo;investissement le plus gratifiant de toutes les r\u00e9novations introduites dans la pharmacie<\/strong>\u00ab\u00a0.<\/p>\n<p>Lisez l&rsquo;interview compl\u00e8te du titulaire.[\/vc_column_text][vc_empty_space][\/vc_column][\/vc_row][vc_row full_width=\u00a0\u00bbstretch_row_content\u00a0\u00bb equal_height=\u00a0\u00bbyes\u00a0\u00bb content_placement=\u00a0\u00bbmiddle\u00a0\u00bb bg_type=\u00a0\u00bbbg_color\u00a0\u00bb bg_override=\u00a0\u00bbfull\u00a0\u00bb bg_color_value=\u00a0\u00bb#eeeeef\u00a0\u00bb][vc_column css=\u00a0\u00bb.vc_custom_1524126751494{padding-right: 0px !important;padding-left: 0px !important;}\u00a0\u00bb offset=\u00a0\u00bbvc_hidden-lg\u00a0\u00bb el_class=\u00a0\u00bbfull-width-no-padding\u00a0\u00bb][vc_single_image image=\u00a0\u00bb30970&Prime; img_size=\u00a0\u00bbfull\u00a0\u00bb][vc_empty_space]<div id=\"ultimate-heading-189569f9d448dfc0c\" class=\"uvc-heading ult-adjust-bottom-margin ultimate-heading-189569f9d448dfc0c uvc-6980 head-section-title uvc-heading-default-font-sizes\" data-hspacer=\"no_spacer\"  data-halign=\"center\" style=\"text-align:center\"><div class=\"uvc-heading-spacer no_spacer\" style=\"top\"><\/div><div class=\"uvc-main-heading ult-responsive\"  data-ultimate-target='.uvc-heading.ultimate-heading-189569f9d448dfc0c p'  data-responsive-json-new='{\"font-size\":\"\",\"line-height\":\"\"}' ><p style=\"--font-weight:theme;\">PHARMACIE NEGLIA<\/p><\/div><\/div>[vc_empty_space][vc_column_text el_class=\u00a0\u00bbtext-justify\u00a0\u00bb]Attir\u00e9 par les <strong>avantages de l&rsquo;automatisation<\/strong>, le titulaire de la Pharmacie Neglia a d\u00e9cid\u00e9 de faire confiance \u00e0 Pharmathek pour moderniser la gestion de son entrep\u00f4t.<\/p>\n<p>Aujourd&rsquo;hui, en entrant dans la pharmacie, on remarque imm\u00e9diatement les 2 syst\u00e8mes de transporte plac\u00e9s derri\u00e8re les postes des pharmaciens qui font glisser d\u00e9licatement les articles du haut vers le comptoir.<\/p>\n<p>C&rsquo;est gr\u00e2ce au <a href=\"https:\/\/www.pharmathek.com\/fr\/sintesi\/\">robot SINTESI<\/a>, \u00e9quip\u00e9 du chargeur automatique <a href=\"https:\/\/www.pharmathek.com\/fr\/pharmaload\/\">Pharmaload<\/a> et du bras avec stockage temporaire <a href=\"https:\/\/www.pharmathek.com\/fr\/euclid3d\/\">Euclid3D<\/a>, que le personnel de la pharmacie est plus d\u00e9tendu et a plus de temps \u00e0 consacrer aux clients.<\/p>\n<p>Simple, performant et pr\u00e9cis : tels sont les adjectifs associ\u00e9s au robot Pharmathek. Une aide pr\u00e9cieuse dans l&rsquo;ensemble du traitement des articles, depuis le chargement automatis\u00e9 jusqu&rsquo;\u00e0 la livraison aux pharmaciens de boites avec la bonne date de p\u00e9remption. <strong>Plus d&rsquo;efficacit\u00e9<\/strong> et, en m\u00eame temps, <strong>moins d&rsquo;erreurs<\/strong> : les avantages que l&rsquo;automatisation g\u00e9n\u00e8re chaque jour ont fait de SINTESI \u00ab\u00a0<strong>l&rsquo;investissement le plus gratifiant de toutes les r\u00e9novations introduites dans la pharmacie<\/strong>\u00ab\u00a0.<\/p>\n<p>Lisez l&rsquo;interview compl\u00e8te du titulaire.[\/vc_column_text][vc_empty_space][\/vc_column][\/vc_row][vc_row][vc_column offset=\u00a0\u00bbvc_hidden-md vc_hidden-sm vc_hidden-xs\u00a0\u00bb][vc_empty_space height=\u00a0\u00bb100px\u00a0\u00bb]<div id=\"ultimate-heading-444469f9d448dfc90\" class=\"uvc-heading ult-adjust-bottom-margin ultimate-heading-444469f9d448dfc90 uvc-9827 head-section-title uvc-heading-default-font-sizes\" data-hspacer=\"no_spacer\"  data-halign=\"center\" style=\"text-align:center\"><div class=\"uvc-heading-spacer no_spacer\" style=\"top\"><\/div><div class=\"uvc-main-heading ult-responsive\"  data-ultimate-target='.uvc-heading.ultimate-heading-444469f9d448dfc90 p'  data-responsive-json-new='{\"font-size\":\"\",\"line-height\":\"\"}' ><p style=\"--font-weight:theme;\">LA PAROLE AU PHARMACIEN<\/p><\/div><\/div>[vc_empty_space][vc_column_text el_class=\u00a0\u00bbtext-justify\u00a0\u00bb]<\/p>\n<h4>M. Neglia, pourquoi avez-vous d\u00e9cid\u00e9 d\u2019installer un robot dans la pharmacie ?<\/h4>\n<p>Certains coll\u00e8gues m\u2019avaient bien parl\u00e9 de Pharmathek et de tous les avantages du robot, alors j\u2019ai d\u00e9cid\u00e9 de m\u2019informer.<\/p>\n<p>&nbsp;<\/p>\n<h4>Qu\u2019est-ce qui vous a amen\u00e9 \u00e0 choisir Pharmathek ?<\/h4>\n<p>L\u2019agent \u00e9tait tr\u00e8s exhaustif, aussi un coll\u00e8gue d\u2019une pharmacie de ma ville \u00e9tait tr\u00e8s satisfait de votre robot et m\u2019en a tr\u00e8s bien parl\u00e9.<\/p>\n<p>&nbsp;<\/p>\n<h4>Comment le travail en pharmacie a-t-il chang\u00e9 depuis l\u2019installation du robot ?<\/h4>\n<p>Nous avons imm\u00e9diatement constat\u00e9 une grande am\u00e9lioration tant du point de vue organisationnel que du contr\u00f4le de la date de p\u00e9remption des produits. Depuis que nous avons install\u00e9 le robot, nous avons plus de temps \u00e0 consacrer \u00e0 nos clients.<\/p>\n<p>&nbsp;<\/p>\n<h4>Selon vous, le robot SINTESI est-il facile \u00e0 utiliser ?<\/h4>\n<p>Oui, je le trouve tr\u00e8s intuitif et simple \u00e0 utiliser.<\/p>\n<p>&nbsp;<\/p>\n<h4>Selon vos collaborateurs, quelle est la fonction la plus importante de SINTESI ?<\/h4>\n<p>Parmi les diff\u00e9rentes caract\u00e9ristiques de SINTESI notre pr\u00e9f\u00e9r\u00e9e est certainement le positionnement des produits qui est excellent.<\/p>\n<p>&nbsp;<\/p>\n<h4>Que pensez-vous du chargeur automatique Pharmaload ?<\/h4>\n<p>Je suis pleinement satisfait de l\u2019avoir achet\u00e9, non seulement le robot nous permet de gagner du temps mais all\u00e8ge \u00e9galement notre charge de travail d\u2019un point de vue mental.<\/p>\n<p>&nbsp;<\/p>\n<h4>D\u2019apr\u00e8s votre exp\u00e9rience, recommanderiez-vous Pharmathek \u00e0 vos coll\u00e8gues ?<\/h4>\n<p>Absolument oui, car il est tr\u00e8s simple \u00e0 utiliser et en m\u00eame temps il est tr\u00e8s efficace. De plus, il y a une grande disponibilit\u00e9 de la part de l\u2019assistance Pharmathek qui est toujours disponible par t\u00e9l\u00e9phone.<\/p>\n<p>&nbsp;<\/p>\n<h4>Voulez-vous ajouter quelque chose ?<\/h4>\n<p>Le robot SINTESI est sans aucun doute l\u2019achat le plus rentable que j\u2019ai fait parmi toutes les r\u00e9novations de ma pharmacie.[\/vc_column_text][vc_empty_space height=\u00a0\u00bb100px\u00a0\u00bb][\/vc_column][\/vc_row][vc_row][vc_column offset=\u00a0\u00bbvc_hidden-lg\u00a0\u00bb][vc_empty_space height=\u00a0\u00bb50px\u00a0\u00bb]<div id=\"ultimate-heading-353569f9d448dfd0b\" class=\"uvc-heading ult-adjust-bottom-margin ultimate-heading-353569f9d448dfd0b uvc-5235 head-section-title uvc-heading-default-font-sizes\" data-hspacer=\"no_spacer\"  data-halign=\"center\" style=\"text-align:center\"><div class=\"uvc-heading-spacer no_spacer\" style=\"top\"><\/div><div class=\"uvc-main-heading ult-responsive\"  data-ultimate-target='.uvc-heading.ultimate-heading-353569f9d448dfd0b p'  data-responsive-json-new='{\"font-size\":\"\",\"line-height\":\"\"}' ><p style=\"--font-weight:theme;\">LA PAROLE AU PHARMACIEN<\/p><\/div><\/div>[vc_empty_space][vc_column_text el_class=\u00a0\u00bbtext-justify\u00a0\u00bb]<\/p>\n<h4>M. Neglia, pourquoi avez-vous d\u00e9cid\u00e9 d\u2019installer un robot dans la pharmacie ?<\/h4>\n<p>Certains coll\u00e8gues m\u2019avaient bien parl\u00e9 de Pharmathek et de tous les avantages du robot, alors j\u2019ai d\u00e9cid\u00e9 de m\u2019informer.<\/p>\n<p>&nbsp;<\/p>\n<h4>Qu\u2019est-ce qui vous a amen\u00e9 \u00e0 choisir Pharmathek ?<\/h4>\n<p>L\u2019agent \u00e9tait tr\u00e8s exhaustif, aussi un coll\u00e8gue d\u2019une pharmacie de ma ville \u00e9tait tr\u00e8s satisfait de votre robot et m\u2019en a tr\u00e8s bien parl\u00e9.<\/p>\n<p>&nbsp;<\/p>\n<h4>Comment le travail en pharmacie a-t-il chang\u00e9 depuis l\u2019installation du robot ?<\/h4>\n<p>Nous avons imm\u00e9diatement constat\u00e9 une grande am\u00e9lioration tant du point de vue organisationnel que du contr\u00f4le de la date de p\u00e9remption des produits. Depuis que nous avons install\u00e9 le robot, nous avons plus de temps \u00e0 consacrer \u00e0 nos clients.<\/p>\n<p>&nbsp;<\/p>\n<h4>Selon vous, le robot SINTESI est-il facile \u00e0 utiliser ?<\/h4>\n<p>Oui, je le trouve tr\u00e8s intuitif et simple \u00e0 utiliser.<\/p>\n<p>&nbsp;<\/p>\n<h4>Selon vos collaborateurs, quelle est la fonction la plus importante de SINTESI ?<\/h4>\n<p>Parmi les diff\u00e9rentes caract\u00e9ristiques de SINTESI notre pr\u00e9f\u00e9r\u00e9e est certainement le positionnement des produits qui est excellent.<\/p>\n<p>&nbsp;<\/p>\n<h4>Que pensez-vous du chargeur automatique Pharmaload ?<\/h4>\n<p>Je suis pleinement satisfait de l\u2019avoir achet\u00e9, non seulement le robot nous permet de gagner du temps mais all\u00e8ge \u00e9galement notre charge de travail d\u2019un point de vue mental.<\/p>\n<p>&nbsp;<\/p>\n<h4>D\u2019apr\u00e8s votre exp\u00e9rience, recommanderiez-vous Pharmathek \u00e0 vos coll\u00e8gues ?<\/h4>\n<p>Absolument oui, car il est tr\u00e8s simple \u00e0 utiliser et en m\u00eame temps il est tr\u00e8s efficace. De plus, il y a une grande disponibilit\u00e9 de la part de l\u2019assistance Pharmathek qui est toujours disponible par t\u00e9l\u00e9phone.<\/p>\n<p>&nbsp;<\/p>\n<h4>Voulez-vous ajouter quelque chose ?<\/h4>\n<p>Le robot SINTESI est sans aucun doute l\u2019achat le plus rentable que j\u2019ai fait parmi toutes les r\u00e9novations de ma pharmacie.[\/vc_column_text][vc_empty_space height=\u00a0\u00bb50px\u00a0\u00bb][\/vc_column][\/vc_row][vc_row full_width=\u00a0\u00bbstretch_row\u00a0\u00bb bg_type=\u00a0\u00bbbg_color\u00a0\u00bb bg_override=\u00a0\u00bbfull\u00a0\u00bb bg_color_value=\u00a0\u00bb#eeeeef\u00a0\u00bb][vc_column offset=\u00a0\u00bbvc_hidden-md vc_hidden-sm vc_hidden-xs\u00a0\u00bb][vc_empty_space height=\u00a0\u00bb100px\u00a0\u00bb]<div id=\"ultimate-heading-368069f9d448dfd85\" class=\"uvc-heading ult-adjust-bottom-margin ultimate-heading-368069f9d448dfd85 uvc-8420 head-section-title uvc-heading-default-font-sizes\" data-hspacer=\"no_spacer\"  data-halign=\"center\" style=\"text-align:center\"><div class=\"uvc-heading-spacer no_spacer\" style=\"top\"><\/div><div class=\"uvc-main-heading ult-responsive\"  data-ultimate-target='.uvc-heading.ultimate-heading-368069f9d448dfd85 h2'  data-responsive-json-new='{\"font-size\":\"\",\"line-height\":\"\"}' ><h2 style=\"--font-weight:theme;\">GALERIE<\/h2><\/div><\/div>[vc_empty_space height=\u00a0\u00bb50px\u00a0\u00bb][vc_masonry_media_grid element_width=\u00a0\u00bb3&Prime; gap=\u00a0\u00bb10&Prime; grid_id=\u00a0\u00bbvc_gid:1690544541059-025eba58-b516-5&Prime; include=\u00a0\u00bb36053,36060,36067,36074&Prime;][vc_empty_space height=\u00a0\u00bb100px\u00a0\u00bb][\/vc_column][\/vc_row][vc_row full_width=\u00a0\u00bbstretch_row\u00a0\u00bb bg_type=\u00a0\u00bbbg_color\u00a0\u00bb bg_override=\u00a0\u00bbfull\u00a0\u00bb bg_color_value=\u00a0\u00bb#eeeeef\u00a0\u00bb][vc_column offset=\u00a0\u00bbvc_hidden-lg\u00a0\u00bb][vc_empty_space height=\u00a0\u00bb50px\u00a0\u00bb]<div id=\"ultimate-heading-449069f9d448dfdfb\" class=\"uvc-heading ult-adjust-bottom-margin ultimate-heading-449069f9d448dfdfb uvc-6676 head-section-title uvc-heading-default-font-sizes\" data-hspacer=\"no_spacer\"  data-halign=\"center\" style=\"text-align:center\"><div class=\"uvc-heading-spacer no_spacer\" style=\"top\"><\/div><div class=\"uvc-main-heading ult-responsive\"  data-ultimate-target='.uvc-heading.ultimate-heading-449069f9d448dfdfb h2'  data-responsive-json-new='{\"font-size\":\"\",\"line-height\":\"\"}' ><h2 style=\"--font-weight:theme;\">GALERIE<\/h2><\/div><\/div>[vc_empty_space height=\u00a0\u00bb50px\u00a0\u00bb][vc_masonry_media_grid element_width=\u00a0\u00bb3&Prime; gap=\u00a0\u00bb10&Prime; grid_id=\u00a0\u00bbvc_gid:1690544541062-45f90f07-6964-4&Prime; include=\u00a0\u00bb36053,36060,36067,36074&Prime;][vc_empty_space height=\u00a0\u00bb50px\u00a0\u00bb][\/vc_column][\/vc_row][vc_row full_width=\u00a0\u00bbstretch_row\u00a0\u00bb bg_type=\u00a0\u00bbimage\u00a0\u00bb parallax_style=\u00a0\u00bbvcpb-default\u00a0\u00bb bg_image_new=\u00a0\u00bbid^1166|url^http:\/\/www.pharmathek.com\/wp-content\/uploads\/2018\/03\/farmacia-specifiche-background.jpg|caption^null|alt^null|title^farmacia-specifiche-background|description^null\u00a0\u00bb bg_image_repeat=\u00a0\u00bbno-repeat\u00a0\u00bb bg_override=\u00a0\u00bbfull\u00a0\u00bb][vc_column][vc_empty_space height=\u00a0\u00bb100px\u00a0\u00bb]<div id=\"ultimate-heading-735269f9d448dfe70\" class=\"uvc-heading ult-adjust-bottom-margin ultimate-heading-735269f9d448dfe70 uvc-7133 head-section-title text-white uvc-heading-default-font-sizes\" data-hspacer=\"no_spacer\"  data-halign=\"center\" style=\"text-align:center\"><div class=\"uvc-heading-spacer no_spacer\" style=\"top\"><\/div><div class=\"uvc-main-heading ult-responsive\"  data-ultimate-target='.uvc-heading.ultimate-heading-735269f9d448dfe70 h2'  data-responsive-json-new='{\"font-size\":\"\",\"line-height\":\"\"}' ><h2 style=\"--font-weight:theme;\">LE PROJET<\/h2><\/div><\/div>[vc_empty_space height=\u00a0\u00bb50px\u00a0\u00bb][vc_separator color=\u00a0\u00bbwhite\u00a0\u00bb][vc_separator color=\u00a0\u00bbwhite\u00a0\u00bb][vc_row_inner][vc_column_inner width=\u00a0\u00bb1\/2&Prime;][vc_column_text el_class=\u00a0\u00bbprogetto-voci\u00a0\u00bb]SOLUTIONS PHARMATHEK[\/vc_column_text][\/vc_column_inner][vc_column_inner width=\u00a0\u00bb1\/2&Prime;][vc_column_text el_class=\u00a0\u00bbprogetto-voci-valori\u00a0\u00bb]SINTESI + PHARMALOAD + EUCLID3D[\/vc_column_text][\/vc_column_inner][\/vc_row_inner][vc_separator color=\u00a0\u00bbwhite\u00a0\u00bb][vc_row_inner][vc_column_inner width=\u00a0\u00bb1\/2&Prime;][vc_column_text el_class=\u00a0\u00bbprogetto-voci\u00a0\u00bb]DIMENSIONS DU ROBOT[\/vc_column_text][\/vc_column_inner][vc_column_inner width=\u00a0\u00bb1\/2&Prime;][vc_column_text el_class=\u00a0\u00bbprogetto-voci-valori\u00a0\u00bb]L 3.500 x H 3.400 mm[\/vc_column_text][\/vc_column_inner][\/vc_row_inner][vc_separator color=\u00a0\u00bbwhite\u00a0\u00bb][vc_row_inner][vc_column_inner width=\u00a0\u00bb1\/2&Prime;][vc_column_text el_class=\u00a0\u00bbprogetto-voci\u00a0\u00bb]CAPACIT\u00c9 BO\u00ceTES[\/vc_column_text][\/vc_column_inner][vc_column_inner width=\u00a0\u00bb1\/2&Prime;][vc_column_text el_class=\u00a0\u00bbprogetto-voci-valori\u00a0\u00bb]8.100[\/vc_column_text][\/vc_column_inner][\/vc_row_inner][vc_separator color=\u00a0\u00bbwhite\u00a0\u00bb][vc_row_inner][vc_column_inner width=\u00a0\u00bb1\/2&Prime;][vc_column_text el_class=\u00a0\u00bbprogetto-voci\u00a0\u00bb]POSITION DU ROBOT PAR RAPPORT AU COMPTOIR[\/vc_column_text][\/vc_column_inner][vc_column_inner width=\u00a0\u00bb1\/2&Prime;][vc_column_text el_class=\u00a0\u00bbprogetto-voci-valori\u00a0\u00bb]DERRI\u00c8RE LE COMPTOIR[\/vc_column_text][\/vc_column_inner][\/vc_row_inner][vc_separator color=\u00a0\u00bbwhite\u00a0\u00bb][vc_row_inner][vc_column_inner width=\u00a0\u00bb1\/2&Prime;][vc_column_text el_class=\u00a0\u00bbprogetto-voci\u00a0\u00bb]PRODUITS EN MOUVEMENT[\/vc_column_text][\/vc_column_inner][vc_column_inner width=\u00a0\u00bb1\/2&Prime;][vc_column_text el_class=\u00a0\u00bbprogetto-voci-valori\u00a0\u00bb]Entre 500 e 1.000[\/vc_column_text][\/vc_column_inner][\/vc_row_inner][vc_separator color=\u00a0\u00bbwhite\u00a0\u00bb][vc_empty_space height=\u00a0\u00bb100px\u00a0\u00bb][\/vc_column][\/vc_row][vc_row full_width=\u00a0\u00bbstretch_row_content_no_spaces\u00a0\u00bb][vc_column el_class=\u00a0\u00bbfull-width-no-padding\u00a0\u00bb][vc_single_image image=\u00a0\u00bb36044&Prime; img_size=\u00a0\u00bbfull\u00a0\u00bb alignment=\u00a0\u00bbcenter\u00a0\u00bb]<style type=\"text\/css\" data-type=\"the7_shortcodes-inline-css\">#default-btn-593216d85eeb0681a183355dd95abfa5.ico-right-side > i {\n  margin-right: 0px;\n  margin-left: 8px;\n}\n#default-btn-593216d85eeb0681a183355dd95abfa5 > i {\n  margin-right: 8px;\n}\n<\/style><div class=\"btn-align-center\"><a href=\"https:\/\/www.pharmathek.com\/fr\/installations\/\" class=\"default-btn-shortcode dt-btn dt-btn-l link-hover-off weight-300 full-width-btn \" id=\"default-btn-593216d85eeb0681a183355dd95abfa5\"><span>Retour \u00e0 la liste des installations<\/span><\/a><\/div>[\/vc_column][\/vc_row]<\/p>\n<\/div>","protected":false},"excerpt":{"rendered":"<p>Caltagirone (Italie)<\/p>\n","protected":false},"author":3,"featured_media":31002,"parent":0,"menu_order":0,"comment_status":"closed","ping_status":"closed","template":"","meta":{"inline_featured_image":false,"footnotes":""},"categories":[45,47],"tags":[],"class_list":["post-36579","page","type-page","status-publish","has-post-thumbnail","hentry","category-installations","category-pharmacies","description-off"],"_links":{"self":[{"href":"https:\/\/www.pharmathek.com\/fr\/wp-json\/wp\/v2\/pages\/36579","targetHints":{"allow":["GET"]}}],"collection":[{"href":"https:\/\/www.pharmathek.com\/fr\/wp-json\/wp\/v2\/pages"}],"about":[{"href":"https:\/\/www.pharmathek.com\/fr\/wp-json\/wp\/v2\/types\/page"}],"author":[{"embeddable":true,"href":"https:\/\/www.pharmathek.com\/fr\/wp-json\/wp\/v2\/users\/3"}],"replies":[{"embeddable":true,"href":"https:\/\/www.pharmathek.com\/fr\/wp-json\/wp\/v2\/comments?post=36579"}],"version-history":[{"count":4,"href":"https:\/\/www.pharmathek.com\/fr\/wp-json\/wp\/v2\/pages\/36579\/revisions"}],"predecessor-version":[{"id":41194,"href":"https:\/\/www.pharmathek.com\/fr\/wp-json\/wp\/v2\/pages\/36579\/revisions\/41194"}],"wp:featuredmedia":[{"embeddable":true,"href":"https:\/\/www.pharmathek.com\/fr\/wp-json\/wp\/v2\/media\/31002"}],"wp:attachment":[{"href":"https:\/\/www.pharmathek.com\/fr\/wp-json\/wp\/v2\/media?parent=36579"}],"wp:term":[{"taxonomy":"category","embeddable":true,"href":"https:\/\/www.pharmathek.com\/fr\/wp-json\/wp\/v2\/categories?post=36579"},{"taxonomy":"post_tag","embeddable":true,"href":"https:\/\/www.pharmathek.com\/fr\/wp-json\/wp\/v2\/tags?post=36579"}],"curies":[{"name":"wp","href":"https:\/\/api.w.org\/{rel}","templated":true}]}}