{"id":79000,"date":"2025-01-16T09:12:20","date_gmt":"2025-01-16T08:12:20","guid":{"rendered":"https:\/\/www.pharmathek.com\/guida-incentivi-fiscali-farmacie\/"},"modified":"2025-06-16T15:32:58","modified_gmt":"2025-06-16T13:32:58","slug":"livre-blanc-ai-robot-pharmacie","status":"publish","type":"page","link":"https:\/\/www.pharmathek.com\/fr\/livre-blanc-ai-robot-pharmacie\/","title":{"rendered":"Landing Page &#8211; Livre blanc robot et ai"},"content":{"rendered":"<div class=\"wpb-content-wrapper\"><p>[vc_row bg_type=\u00a0\u00bbvideo\u00a0\u00bb video_url=\u00a0\u00bbhttps:\/\/www.pharmathek.com\/wp-content\/uploads\/2025\/01\/Automazione-Pharmathek-arancione.mp4&Prime; video_opts=\u00a0\u00bbloop,muted\u00a0\u00bb video_poster=\u00a0\u00bbid^67940|url^https:\/\/www.pharmathek.com\/wp-content\/uploads\/2025\/01\/header-interno-robot-farmacia-pharmathek-scaled.jpg|caption^null|alt^null|title^header-interno-robot-farmacia-pharmathek|description^null\u00a0\u00bb viewport_vdo=\u00a0\u00bbviewport_play\u00a0\u00bb bg_override=\u00a0\u00bbfull\u00a0\u00bb css=\u00a0\u00bb.vc_custom_1737033220921{padding-top: 50px !important;padding-right: 10px !important;padding-bottom: 50px !important;padding-left: 10px !important;}\u00a0\u00bb][vc_column width=\u00a0\u00bb1\/2&Prime; css=\u00a0\u00bb.vc_custom_1737023325673{background-color: rgba(255,107,0,0.35) !important;*background-color: rgb(255,107,0) !important;}\u00a0\u00bb][vc_empty_space height=\u00a0\u00bb40px\u00a0\u00bb][vc_column_text css=\u00a0\u00bb\u00a0\u00bb]<\/p>\n<h4><img loading=\"lazy\" decoding=\"async\" class=\"alignnone wp-image-81450\" src=\"https:\/\/www.pharmathek.com\/wp-content\/uploads\/2025\/06\/PTK_logo_oriz_all_white.svg\" alt=\"\" width=\"293\" height=\"33\" \/><\/h4>\n<h4><\/h4>\n<h4><\/h4>\n<p>&nbsp;<\/p>\n<h4>LE LIVRE BLANC \u00c0 T\u00c9L\u00c9CHARGER :<\/h4>\n<p>[\/vc_column_text][vc_empty_space height=\u00a0\u00bb15px\u00a0\u00bb][vc_column_text css=\u00a0\u00bb\u00a0\u00bb]<\/p>\n<h1><span style=\"color: #ffffff;\">ROBOTISATION ET IA EN PHARMACIE<\/span><\/h1>\n<p>[\/vc_column_text][vc_empty_space][vc_column_text css=\u00a0\u00bb\u00a0\u00bb]<\/p>\n<div id=\"element-99\" class=\"widget item-absolute paragraph \" data-at=\"paragraph\">\n<div class=\"contents\">\n<p class=\"x_8b236db7 x_504bdd99\"><span class=\"x_920b4f4f\" style=\"font-size: 18px;\">Vous entendez parler d\u2019IA, de robotisation, d\u2019optimisation\u2026 mais concr\u00e8tement, qu\u2019est-ce que cela peut vraiment changer dans votre quotidien de pharmacien ?<\/span><\/p>\n<\/div>\n<\/div>\n<div id=\"element-103\" class=\"widget item-absolute \">\n<div class=\"contents cropped item-block\" data-at=\"image-cropp\"><\/div>\n<\/div>\n<p>[\/vc_column_text][vc_empty_space][vc_empty_space height=\u00a0\u00bb42px\u00a0\u00bb][\/vc_column][vc_column width=\u00a0\u00bb1\/2&Prime; css=\u00a0\u00bb.vc_custom_1749827401837{margin-top: 0px !important;padding-right: 50px !important;padding-left: 50px !important;background-color: #ffffff !important;border-radius: 15px !important;}\u00a0\u00bb][vc_column_text css=\u00a0\u00bb\u00a0\u00bb]<a name=\"contact\"><\/a>[\/vc_column_text][vc_empty_space height=\u00a0\u00bb40px\u00a0\u00bb][vc_column_text css=\u00a0\u00bb\u00a0\u00bb]<\/p>\n<h4 style=\"text-align: center;\"><span style=\"color: #ff6b00;\">Pour recevoir votre livre blanc, veuillez remplir le formulaire ci-dessous !<\/span><\/h4>\n<p>[\/vc_column_text][vc_empty_space]\n<div class=\"wpcf7 no-js\" id=\"wpcf7-f82174-o1\" lang=\"\" dir=\"ltr\" data-wpcf7-id=\"82174\">\n<div class=\"screen-reader-response\"><p role=\"status\" aria-live=\"polite\" aria-atomic=\"true\"><\/p> <ul><\/ul><\/div>\n<form action=\"\/fr\/wp-json\/wp\/v2\/pages\/79000#wpcf7-f82174-o1\" method=\"post\" class=\"wpcf7-form init\" aria-label=\"Formulaire de contact\" novalidate=\"novalidate\" data-status=\"init\">\n<fieldset class=\"hidden-fields-container\"><input type=\"hidden\" name=\"_wpcf7\" value=\"82174\" \/><input type=\"hidden\" name=\"_wpcf7_version\" value=\"6.1.5\" \/><input type=\"hidden\" name=\"_wpcf7_locale\" value=\"\" \/><input type=\"hidden\" name=\"_wpcf7_unit_tag\" value=\"wpcf7-f82174-o1\" \/><input type=\"hidden\" name=\"_wpcf7_container_post\" value=\"0\" \/><input type=\"hidden\" name=\"_wpcf7_posted_data_hash\" value=\"\" \/><input type=\"hidden\" name=\"_wpcf7_recaptcha_response\" value=\"\" \/>\n<\/fieldset>\n<div class=\"content-column one_half first\">\n\t<p><label><span class=\"wpcf7-form-control-wrap\" data-name=\"nome\"><input size=\"40\" maxlength=\"400\" class=\"wpcf7-form-control wpcf7-text wpcf7-validates-as-required\" aria-required=\"true\" aria-invalid=\"false\" placeholder=\"Nom et pr\u00e9nom *\" value=\"\" type=\"text\" name=\"nome\" \/><\/span><\/label>\n\t<\/p>\n<\/div>\n<div class=\"content-column one_half second\">\n\t<p><label><span class=\"wpcf7-form-control-wrap\" data-name=\"azienda\"><input size=\"40\" maxlength=\"400\" class=\"wpcf7-form-control wpcf7-text wpcf7-validates-as-required\" aria-required=\"true\" aria-invalid=\"false\" placeholder=\"Nom Entreprise\/Pharmacie *\" value=\"\" type=\"text\" name=\"azienda\" \/><\/span><\/label>\n\t<\/p>\n<\/div>\n<div class=\"content-column one_half first\">\n\t<p><label><span class=\"wpcf7-form-control-wrap\" data-name=\"indirizzo\"><input size=\"40\" maxlength=\"400\" class=\"wpcf7-form-control wpcf7-text wpcf7-validates-as-required\" aria-required=\"true\" aria-invalid=\"false\" placeholder=\"Adresse *\" value=\"\" type=\"text\" name=\"indirizzo\" \/><\/span><\/label>\n\t<\/p>\n<\/div>\n<div class=\"content-column one_half second\">\n\t<p><label><span class=\"wpcf7-form-control-wrap\" data-name=\"citta\"><input size=\"40\" maxlength=\"400\" class=\"wpcf7-form-control wpcf7-text wpcf7-validates-as-required\" aria-required=\"true\" aria-invalid=\"false\" placeholder=\"Ville *\" value=\"\" type=\"text\" name=\"citta\" \/><\/span><\/label>\n\t<\/p>\n<\/div>\n<div class=\"content-column one_half first\">\n\t<p><label><span class=\"wpcf7-form-control-wrap\" data-name=\"email\"><input size=\"40\" maxlength=\"400\" class=\"wpcf7-form-control wpcf7-email wpcf7-validates-as-required wpcf7-text wpcf7-validates-as-email\" aria-required=\"true\" aria-invalid=\"false\" placeholder=\"E-mail *\" value=\"\" type=\"email\" name=\"email\" \/><\/span><\/label>\n\t<\/p>\n<\/div>\n<div class=\"content-column one_half second\">\n\t<p><label><span class=\"wpcf7-form-control-wrap\" data-name=\"telefono\"><input size=\"40\" maxlength=\"400\" class=\"wpcf7-form-control wpcf7-tel wpcf7-text wpcf7-validates-as-tel\" aria-invalid=\"false\" placeholder=\"T\u00e9l\u00e9phone\" value=\"\" type=\"tel\" name=\"telefono\" \/><\/span><\/label>\n\t<\/p>\n<\/div>\n<div class=\"form-group group1\">\n\t<div class=\"col-sm-12\">\n\t\t<p><span class=\"wpcf7-form-control-wrap\" data-name=\"acceptance-57\"><span class=\"wpcf7-form-control wpcf7-acceptance\"><span class=\"wpcf7-list-item\"><input type=\"checkbox\" name=\"acceptance-57\" value=\"1\" aria-invalid=\"false\" \/><\/span><\/span><\/span>&nbsp;&nbsp;<span style=\"font-size:11px\">Je d\u00e9clare \u00eatre majeur.e et consentir au traitement de mes donn\u00e9es, comme indiqu\u00e9 sur la <a href='\/fr\/privacy-policy\/' target='_blank' style=\"color:#ff6b00\" >politique de Confidentialit\u00e9<\/a>.<\/span>\n\t\t<\/p>\n\t<\/div>\n\t<div class=\"col-sm-12\">\n\t\t<p><span class=\"wpcf7-form-control-wrap\" data-name=\"acceptance-58\"><span class=\"wpcf7-form-control wpcf7-acceptance optional\"><span class=\"wpcf7-list-item\"><input type=\"checkbox\" name=\"acceptance-58\" value=\"1\" aria-invalid=\"false\" \/><\/span><\/span><\/span>&nbsp;&nbsp;<span style=\"font-size:11px\">J\u2019autorise le traitement de mes donn\u00e9es personnelles \u00e0 des fins de marketing direct.<\/span>\n\t\t<\/p>\n\t<\/div>\n\t<div class=\"col-sm-12\" style=\"text-align:right;\">\n\t\t<p><input class=\"wpcf7-form-control wpcf7-submit has-spinner my_btn\" id=\"submit-lp-scarica-guida\" type=\"submit\" value=\"JE T\u00c9L\u00c9CHARGE\" \/>\n\t\t<\/p>\n\t<\/div>\n<\/div><input type='hidden' class='wpcf7-pum' value='{\"closepopup\":false,\"closedelay\":0,\"openpopup\":false,\"openpopup_id\":0}' \/><div class=\"wpcf7-response-output\" aria-hidden=\"true\"><\/div>\n<\/form>\n<\/div>\n[vc_empty_space][\/vc_column][\/vc_row][vc_row bg_type=\u00a0\u00bbbg_color\u00a0\u00bb bg_override=\u00a0\u00bbfull\u00a0\u00bb bg_color_value=\u00a0\u00bb#725ad8&Prime;][vc_column][vc_empty_space height=\u00a0\u00bb20px\u00a0\u00bb][vc_column_text css=\u00a0\u00bb.vc_custom_1748259705739{background-position: center !important;background-repeat: no-repeat !important;background-size: contain !important;}\u00a0\u00bb el_class=\u00a0\u00bbhead-section-title-landing\u00a0\u00bb]<\/p>\n<p style=\"text-align: center;\"><span style=\"color: #ffffff;\"><strong>Dans ce livre blanc pour pourrez d\u00e9couvrir : <\/strong><\/span><\/p>\n<p>[\/vc_column_text][vc_empty_space height=\u00a0\u00bb20px\u00a0\u00bb][\/vc_column][\/vc_row][vc_row bg_type=\u00a0\u00bbbg_color\u00a0\u00bb bg_override=\u00a0\u00bbfull\u00a0\u00bb][vc_column][vc_empty_space height=\u00a0\u00bb15px\u00a0\u00bb][vc_single_image image=\u00a0\u00bb79460&Prime; img_size=\u00a0\u00bbfull\u00a0\u00bb alignment=\u00a0\u00bbcenter\u00a0\u00bb css=\u00a0\u00bb\u00a0\u00bb][\/vc_column][\/vc_row][vc_row css=\u00a0\u00bb.vc_custom_1522420176594{background-color: #ffffff !important;}\u00a0\u00bb][vc_column width=\u00a0\u00bb1\/3&Prime;][vc_empty_space height=\u00a0\u00bb15px\u00a0\u00bb][vc_column_text css=\u00a0\u00bb.vc_custom_1748260413504{padding-top: 20px !important;padding-right: 20px !important;padding-bottom: 20px !important;padding-left: 20px !important;}\u00a0\u00bb]<\/p>\n<h4 style=\"text-align: center;\"><span style=\"color: #ff6b00;\">QUELS SONT LES DOMAINES D&rsquo;APPLICATION DE L&rsquo;IA EN PHARMACIE ? IA ET ROBOTISATION, POURQUOI LES ASSOCIER?<\/span><\/h4>\n<p>[\/vc_column_text][vc_empty_space height=\u00a0\u00bb15px\u00a0\u00bb][\/vc_column][vc_column width=\u00a0\u00bb1\/3&Prime;][vc_empty_space height=\u00a0\u00bb15px\u00a0\u00bb][vc_column_text css=\u00a0\u00bb.vc_custom_1749827828167{padding-top: 20px !important;padding-right: 20px !important;padding-bottom: 20px !important;padding-left: 20px !important;}\u00a0\u00bb]<\/p>\n<h4 style=\"text-align: center;\"><span style=\"color: #ff6b00;\"><strong>COMMENT S\u00c9CURISER CHAQUE \u00c9TAPE DE LA D\u00c9LIVRANCE ? QUELLES SONT LES TECHNOLOGIES DISPONIBILES ?<\/strong><\/span><\/h4>\n<p>[\/vc_column_text][vc_empty_space height=\u00a0\u00bb15px\u00a0\u00bb][\/vc_column][vc_column width=\u00a0\u00bb1\/3&Prime;][vc_empty_space height=\u00a0\u00bb15px\u00a0\u00bb][vc_column_text css=\u00a0\u00bb.vc_custom_1749827897830{padding-top: 20px !important;padding-right: 20px !important;padding-bottom: 20px !important;padding-left: 20px !important;}\u00a0\u00bb]<\/p>\n<h4 style=\"text-align: center;\"><span style=\"color: #ff6b00;\">QUELS SONT LES B\u00c9N\u00c9FICES DIRECTS POUR L&rsquo;\u00c9QUIPE OFFICINALE ? QUELS SONT LES RETOURS DE PHARMACIENS D\u00c9J\u00c0 EQUIP\u00c9S ?<\/span><\/h4>\n<p>[\/vc_column_text][vc_empty_space height=\u00a0\u00bb15px\u00a0\u00bb][\/vc_column][\/vc_row][vc_row bg_type=\u00a0\u00bbbg_color\u00a0\u00bb bg_override=\u00a0\u00bbfull\u00a0\u00bb][vc_column][vc_empty_space height=\u00a0\u00bb30px\u00a0\u00bb]<div class=\" ubtn-ctn-center \"><a class=\"ubtn-link ult-adjust-bottom-margin ubtn-center ubtn-normal \" href=\"#contact\" ><button type=\"button\" id=\"ubtn-1805\" onclick=\"scroll-behavior: smooth;\" class=\"ubtn ult-adjust-bottom-margin ult-responsive ubtn-normal ubtn-fade-bg  none  ubtn-center   tooltip-69f0a10e1f02d\"  data-hover=\"#ffffff\" data-border-color=\"\" data-bg=\"#725ad8\" data-hover-bg=\"#ff6b00\" data-border-hover=\"\" data-shadow-hover=\"\" data-shadow-click=\"none\" data-shadow=\"\" data-shd-shadow=\"\"  data-ultimate-target='#ubtn-1805'  data-responsive-json-new='{\"font-size\":\"desktop:18px;\",\"line-height\":\"\"}'  style=\"font-weight:bold;border:none;background: #725ad8;color: #ffffff;\"><span class=\"ubtn-hover\" style=\"background-color:#ff6b00\"><\/span><span class=\"ubtn-data ubtn-text \" >JE T\u00c9L\u00c9CHARGE LE GUIDE<\/span><\/button><\/a><\/div>[vc_empty_space height=\u00a0\u00bb50px\u00a0\u00bb][\/vc_column][\/vc_row][vc_row full_width=\u00a0\u00bbstretch_row\u00a0\u00bb bg_type=\u00a0\u00bbbg_color\u00a0\u00bb bg_override=\u00a0\u00bbfull\u00a0\u00bb bg_color_value=\u00a0\u00bb#ff6b00&Prime;][vc_column][vc_empty_space height=\u00a0\u00bb40px\u00a0\u00bb][vc_single_image image=\u00a0\u00bb12341&Prime; alignment=\u00a0\u00bbcenter\u00a0\u00bb css=\u00a0\u00bb\u00a0\u00bb][vc_empty_space height=\u00a0\u00bb30px\u00a0\u00bb][\/vc_column][\/vc_row]<\/p>\n<\/div>","protected":false},"excerpt":{"rendered":"<p>[vc_row bg_type=\u00a0\u00bbvideo\u00a0\u00bb video_url=\u00a0\u00bbhttps:\/\/www.pharmathek.com\/wp-content\/uploads\/2025\/01\/Automazione-Pharmathek-arancione.mp4&Prime; video_opts=\u00a0\u00bbloop,muted\u00a0\u00bb video_poster=\u00a0\u00bbid^67940|url^https:\/\/www.pharmathek.com\/wp-content\/uploads\/2025\/01\/header-interno-robot-farmacia-pharmathek-scaled.jpg|caption^null|alt^null|title^header-interno-robot-farmacia-pharmathek|description^null\u00a0\u00bb viewport_vdo=\u00a0\u00bbviewport_play\u00a0\u00bb bg_override=\u00a0\u00bbfull\u00a0\u00bb css=\u00a0\u00bb.vc_custom_1737033220921{padding-top: 50px !important;padding-right: 10px !important;padding-bottom: 50px !important;padding-left: 10px !important;}\u00a0\u00bb][vc_column width=\u00a0\u00bb1\/2&Prime; css=\u00a0\u00bb.vc_custom_1737023325673{background-color: rgba(255,107,0,0.35) !important;*background-color: rgb(255,107,0) !important;}\u00a0\u00bb][vc_empty_space height=\u00a0\u00bb40px\u00a0\u00bb][vc_column_text css=\u00a0\u00bb\u00a0\u00bb] &nbsp;&hellip;<\/p>\n","protected":false},"author":3,"featured_media":82167,"parent":0,"menu_order":0,"comment_status":"closed","ping_status":"closed","template":"template-microsite.php","meta":{"inline_featured_image":false,"footnotes":""},"categories":[],"tags":[],"class_list":["post-79000","page","type-page","status-publish","has-post-thumbnail","hentry","description-off"],"_links":{"self":[{"href":"https:\/\/www.pharmathek.com\/fr\/wp-json\/wp\/v2\/pages\/79000","targetHints":{"allow":["GET"]}}],"collection":[{"href":"https:\/\/www.pharmathek.com\/fr\/wp-json\/wp\/v2\/pages"}],"about":[{"href":"https:\/\/www.pharmathek.com\/fr\/wp-json\/wp\/v2\/types\/page"}],"author":[{"embeddable":true,"href":"https:\/\/www.pharmathek.com\/fr\/wp-json\/wp\/v2\/users\/3"}],"replies":[{"embeddable":true,"href":"https:\/\/www.pharmathek.com\/fr\/wp-json\/wp\/v2\/comments?post=79000"}],"version-history":[{"count":32,"href":"https:\/\/www.pharmathek.com\/fr\/wp-json\/wp\/v2\/pages\/79000\/revisions"}],"predecessor-version":[{"id":82230,"href":"https:\/\/www.pharmathek.com\/fr\/wp-json\/wp\/v2\/pages\/79000\/revisions\/82230"}],"wp:featuredmedia":[{"embeddable":true,"href":"https:\/\/www.pharmathek.com\/fr\/wp-json\/wp\/v2\/media\/82167"}],"wp:attachment":[{"href":"https:\/\/www.pharmathek.com\/fr\/wp-json\/wp\/v2\/media?parent=79000"}],"wp:term":[{"taxonomy":"category","embeddable":true,"href":"https:\/\/www.pharmathek.com\/fr\/wp-json\/wp\/v2\/categories?post=79000"},{"taxonomy":"post_tag","embeddable":true,"href":"https:\/\/www.pharmathek.com\/fr\/wp-json\/wp\/v2\/tags?post=79000"}],"curies":[{"name":"wp","href":"https:\/\/api.w.org\/{rel}","templated":true}]}}