{"id":100082,"date":"2018-04-03T17:08:39","date_gmt":"2018-04-03T15:08:39","guid":{"rendered":"https:\/\/www.pharmathek.com\/assistenza\/"},"modified":"2025-10-10T15:40:18","modified_gmt":"2025-10-10T13:40:18","slug":"assistencia","status":"publish","type":"page","link":"https:\/\/www.pharmathek.com\/pt\/assistencia\/","title":{"rendered":"ASSIST\u00caNCIA"},"content":{"rendered":"<div class=\"wpb-content-wrapper\"><p>[vc_row full_width=&#8221;stretch_row_content&#8221; full_height=&#8221;yes&#8221; columns_placement=&#8221;bottom&#8221; bg_type=&#8221;image&#8221; parallax_style=&#8221;vcpb-default&#8221; bg_image_new=&#8221;id^4000|url^http:\/\/www.pharmathek.com\/wp-content\/uploads\/2018\/07\/assistenza-clienti-neutro-1.jpg|caption^null|alt^null|title^assistenza-clienti-neutro|description^null&#8221; bg_image_repeat=&#8221;no-repeat&#8221; bg_override=&#8221;ex-full&#8221; enable_overlay=&#8221;enable_overlay_value&#8221; css=&#8221;.vc_custom_1587560759930{border-top-width: 0px !important;border-bottom-width: 0px !important;padding-top: 200px !important;padding-right: 70px !important;padding-bottom: 25px !important;padding-left: 70px !important;}&#8221;][vc_column][vc_column_text css_animation=&#8221;fadeInRight&#8221; css=&#8221;&#8221; el_class=&#8221;font-soluzioni text-white&#8221;]<\/p>\n<p style=\"text-align: right;\">TTODAS AS VANTAGENS<br \/>\nDE TER<br \/>\nUMA EQUIPA SEMPRE<br \/>\n<strong>AO SEU LADO<\/strong><\/p>\n<p>[\/vc_column_text][vc_empty_space][vc_btn title=&#8221;&#8221; style=&#8221;flat&#8221; shape=&#8221;square&#8221; color=&#8221;default&#8221; align=&#8221;right&#8221; i_icon_fontawesome=&#8221;fa fa-angle-double-down&#8221; add_icon=&#8221;true&#8221; smooth_scroll=&#8221;true&#8221; link=&#8221;url:%23!%2Ftop-a|||&#8221;][\/vc_column][\/vc_row][vc_row el_id=&#8221;top-a&#8221;][vc_column offset=&#8221;vc_hidden-xs&#8221;][vc_empty_space height=&#8221;100px&#8221;]<div id=\"ultimate-heading-318669dbd4d7dbc11\" class=\"uvc-heading ult-adjust-bottom-margin ultimate-heading-318669dbd4d7dbc11 uvc-967 head-section-title-h1-testo uvc-heading-default-font-sizes\" data-hspacer=\"no_spacer\"  data-halign=\"center\" style=\"text-align:center\"><div class=\"uvc-heading-spacer no_spacer\" style=\"top\"><\/div><div class=\"uvc-main-heading ult-responsive\"  data-ultimate-target='.uvc-heading.ultimate-heading-318669dbd4d7dbc11 h1'  data-responsive-json-new='{\"font-size\":\"\",\"line-height\":\"\"}' ><h1 style=\"font-weight:bold;\">A ASSIST\u00caNCIA PHARMATHEK<\/h1><\/div><\/div>[vc_empty_space][vc_column_text css=&#8221;&#8221; el_class=&#8221;text-justify&#8221;]Escolher a Pharmathek n\u00e3o significa apenas confiar na tecnologia das nossas solu\u00e7\u00f5es durante a instala\u00e7\u00e3o, escolher a Pharmathek tamb\u00e9m significa ter a certeza de receber toda a ajuda necess\u00e1ria de profissionais prontos para ajud\u00e1-lo em todos os momentos.<\/p>\n<p><strong>EQUIPA ESPECIALIZADA<\/strong><\/p>\n<p>O pessoal da Pharmathek recebe forma\u00e7\u00e3o espec\u00edfica e cont\u00ednua para responder a todas as necessidades de gest\u00e3o automatizada das farm\u00e1cias. A efic\u00e1cia da interven\u00e7\u00e3o e a satisfa\u00e7\u00e3o do cliente s\u00e3o constantemente monitorizadas para garantir um servi\u00e7o cada vez melhor.<\/p>\n<p><strong>SUPORTE 24\/7<\/strong><\/p>\n<p>Os nossos t\u00e9cnicos preocupam-se com a satisfa\u00e7\u00e3o dos nossos clientes e dos seus clientes-pacientes. A resposta atempada a qualquer imprevisto faz parte da filosofia dos especialistas da Pharmathek, que se concretiza na forma\u00e7\u00e3o do pessoal da farm\u00e1cia e no apoio telef\u00f3nico.<\/p>\n<p><strong>VIDEOVIGIL\u00c2NCIA<\/strong><\/p>\n<p>A solu\u00e7\u00e3o de um problema muitas vezes \u00e9 poss\u00edvel antes mesmo que este se manifeste. Por este motivo, implementamos um sistema eficaz de monitoriza\u00e7\u00e3o remota que fornece videovigil\u00e2ncia dos robot instalados, para que possamos ser imediatamente atualizados sobre quaisquer anomalias e intervir em tempo real.[\/vc_column_text][vc_empty_space height=&#8221;100px&#8221;][vc_single_image image=&#8221;1479&#8243; img_size=&#8221;full&#8221; alignment=&#8221;center&#8221;][vc_empty_space height=&#8221;100px&#8221;][\/vc_column][\/vc_row][vc_row][vc_column offset=&#8221;vc_hidden-lg vc_hidden-md vc_hidden-sm&#8221;][vc_empty_space height=&#8221;100px&#8221;]<div id=\"ultimate-heading-786169dbd4d7dbcb4\" class=\"uvc-heading ult-adjust-bottom-margin ultimate-heading-786169dbd4d7dbcb4 uvc-7545 head-section-title uvc-heading-default-font-sizes\" data-hspacer=\"no_spacer\"  data-halign=\"center\" style=\"text-align:center\"><div class=\"uvc-heading-spacer no_spacer\" style=\"top\"><\/div><div class=\"uvc-main-heading ult-responsive\"  data-ultimate-target='.uvc-heading.ultimate-heading-786169dbd4d7dbcb4 h3'  data-responsive-json-new='{\"font-size\":\"\",\"line-height\":\"\"}' ><h3 style=\"--font-weight:theme;\">A ASSIST\u00caNCIA PHARMATHEK<\/h3><\/div><\/div>[vc_empty_space][vc_column_text css=&#8221;&#8221; el_class=&#8221;text-justify&#8221;]Escolher a Pharmathek n\u00e3o significa apenas confiar na tecnologia das nossas solu\u00e7\u00f5es durante a instala\u00e7\u00e3o, escolher a Pharmathek tamb\u00e9m significa ter a certeza de receber toda a ajuda necess\u00e1ria de profissionais prontos para ajud\u00e1-lo em todos os momentos.<\/p>\n<p><strong>EQUIPA ESPECIALIZADA<\/strong><\/p>\n<p>O pessoal da Pharmathek recebe forma\u00e7\u00e3o espec\u00edfica e cont\u00ednua para responder a todas as necessidades de gest\u00e3o automatizada das farm\u00e1cias. A efic\u00e1cia da interven\u00e7\u00e3o e a satisfa\u00e7\u00e3o do cliente s\u00e3o constantemente monitorizadas para garantir um servi\u00e7o cada vez melhor.<\/p>\n<p><strong>SUPORTE 24\/7<\/strong><\/p>\n<p>Os nossos t\u00e9cnicos preocupam-se com a satisfa\u00e7\u00e3o dos nossos clientes e dos seus clientes-pacientes. A resposta atempada a qualquer imprevisto faz parte da filosofia dos especialistas da Pharmathek, que se concretiza na forma\u00e7\u00e3o do pessoal da farm\u00e1cia e no apoio telef\u00f3nico.<\/p>\n<p><strong>VIDEOVIGIL\u00c2NCIA<\/strong><\/p>\n<p>A solu\u00e7\u00e3o de um problema muitas vezes \u00e9 poss\u00edvel antes mesmo que este se manifeste. Por este motivo, implementamos um sistema eficaz de monitoriza\u00e7\u00e3o remota que fornece videovigil\u00e2ncia dos robot instalados, para que possamos ser imediatamente atualizados sobre quaisquer anomalias e intervir em tempo real.[\/vc_column_text][vc_empty_space height=&#8221;50px&#8221;][vc_single_image image=&#8221;1479&#8243; img_size=&#8221;full&#8221; alignment=&#8221;center&#8221;][vc_empty_space height=&#8221;50px&#8221;][\/vc_column][\/vc_row][vc_row][vc_column offset=&#8221;vc_hidden-xs&#8221;][vc_cta h2=&#8221;Ligue agora para obter assist\u00eancia&#8221; txt_align=&#8221;center&#8221; shape=&#8221;square&#8221; style=&#8221;flat&#8221; css_animation=&#8221;fadeInDown&#8221; css=&#8221;&#8221; el_class=&#8221;cta-numero-verde&#8221;]<strong><a href=\"tel:+390452321319\">Ligue para 045 2321319<\/a><\/strong>[\/vc_cta][vc_empty_space height=&#8221;100px&#8221;][\/vc_column][\/vc_row][vc_row full_width=&#8221;stretch_row_content_no_spaces&#8221;][vc_column offset=&#8221;vc_hidden-lg vc_hidden-md vc_hidden-sm&#8221; el_class=&#8221;full-width-no-padding&#8221;][vc_cta h2=&#8221;Ligue agora para obter assist\u00eancia&#8221; txt_align=&#8221;center&#8221; shape=&#8221;square&#8221; style=&#8221;flat&#8221; css_animation=&#8221;none&#8221; css=&#8221;&#8221; el_class=&#8221;cta-numero-verde&#8221;]<strong><a href=\"tel:+390452321319\">Ligue para 045 2321319<\/a><\/strong>[\/vc_cta][vc_empty_space height=&#8221;50px&#8221;][\/vc_column][\/vc_row]<\/p>\n<\/div>","protected":false},"excerpt":{"rendered":"<p>[vc_row full_width=&#8221;stretch_row_content&#8221; full_height=&#8221;yes&#8221; columns_placement=&#8221;bottom&#8221; bg_type=&#8221;image&#8221; parallax_style=&#8221;vcpb-default&#8221; bg_image_new=&#8221;id^4000|url^http:\/\/www.pharmathek.com\/wp-content\/uploads\/2018\/07\/assistenza-clienti-neutro-1.jpg|caption^null|alt^null|title^assistenza-clienti-neutro|description^null&#8221; bg_image_repeat=&#8221;no-repeat&#8221; bg_override=&#8221;ex-full&#8221; enable_overlay=&#8221;enable_overlay_value&#8221; css=&#8221;.vc_custom_1587560759930{border-top-width: 0px !important;border-bottom-width: 0px !important;padding-top: 200px !important;padding-right: 70px !important;padding-bottom: 25px !important;padding-left: 70px !important;}&#8221;][vc_column][vc_column_text css_animation=&#8221;fadeInRight&#8221; css=&#8221;&#8221;&hellip;<\/p>\n","protected":false},"author":1,"featured_media":0,"parent":0,"menu_order":0,"comment_status":"closed","ping_status":"closed","template":"","meta":{"inline_featured_image":false,"footnotes":""},"categories":[],"tags":[],"class_list":["post-100082","page","type-page","status-publish","hentry","description-off"],"_links":{"self":[{"href":"https:\/\/www.pharmathek.com\/pt\/wp-json\/wp\/v2\/pages\/100082","targetHints":{"allow":["GET"]}}],"collection":[{"href":"https:\/\/www.pharmathek.com\/pt\/wp-json\/wp\/v2\/pages"}],"about":[{"href":"https:\/\/www.pharmathek.com\/pt\/wp-json\/wp\/v2\/types\/page"}],"author":[{"embeddable":true,"href":"https:\/\/www.pharmathek.com\/pt\/wp-json\/wp\/v2\/users\/1"}],"replies":[{"embeddable":true,"href":"https:\/\/www.pharmathek.com\/pt\/wp-json\/wp\/v2\/comments?post=100082"}],"version-history":[{"count":6,"href":"https:\/\/www.pharmathek.com\/pt\/wp-json\/wp\/v2\/pages\/100082\/revisions"}],"predecessor-version":[{"id":100097,"href":"https:\/\/www.pharmathek.com\/pt\/wp-json\/wp\/v2\/pages\/100082\/revisions\/100097"}],"wp:attachment":[{"href":"https:\/\/www.pharmathek.com\/pt\/wp-json\/wp\/v2\/media?parent=100082"}],"wp:term":[{"taxonomy":"category","embeddable":true,"href":"https:\/\/www.pharmathek.com\/pt\/wp-json\/wp\/v2\/categories?post=100082"},{"taxonomy":"post_tag","embeddable":true,"href":"https:\/\/www.pharmathek.com\/pt\/wp-json\/wp\/v2\/tags?post=100082"}],"curies":[{"name":"wp","href":"https:\/\/api.w.org\/{rel}","templated":true}]}}