{"id":100169,"date":"2018-03-27T12:28:19","date_gmt":"2018-03-27T10:28:19","guid":{"rendered":"https:\/\/www.pharmathek.com\/news\/"},"modified":"2026-01-13T16:05:29","modified_gmt":"2026-01-13T15:05:29","slug":"noticias","status":"publish","type":"page","link":"https:\/\/www.pharmathek.com\/pt\/noticias\/","title":{"rendered":"NOT\u00cdCIAS"},"content":{"rendered":"<div class=\"wpb-content-wrapper\"><p>[vc_row full_width=&#8221;stretch_row&#8221;][vc_column]<div id=\"ultimate-heading-921969dbd4d99d98c\" class=\"uvc-heading ult-adjust-bottom-margin ultimate-heading-921969dbd4d99d98c uvc-9041 head-section-title-news\" data-hspacer=\"no_spacer\"  data-halign=\"center\" style=\"text-align:center\"><div class=\"uvc-heading-spacer no_spacer\" style=\"top\"><\/div><div class=\"uvc-main-heading ult-responsive\"  data-ultimate-target='.uvc-heading.ultimate-heading-921969dbd4d99d98c h1'  data-responsive-json-new='{\"font-size\":\"desktop:26px;\",\"line-height\":\"\"}' ><h1 style=\"font-family:&#039;Cantata One&#039;;font-weight:bold;\">NOT\u00cdCIAS DO MUNDO PHARMATHEK<\/h1><\/div><\/div>[vc_empty_space][\/vc_column][\/vc_row][vc_row][vc_column offset=&#8221;vc_hidden-xs&#8221;][vc_column_text css=&#8221;.vc_custom_1768316726237{padding-top: 30px !important;padding-bottom: 30px !important;}&#8221;]<div class=\"ptk-news-grid ptk-news-grid-dots\" data-category=\"nouveautes\" data-per-page=\"9\" data-excerpt=\"22\" data-orderby=\"date\" data-order=\"DESC\" data-page=\"1\" data-total=\"1\"><div class=\"ptk-news-items\" aria-live=\"polite\"><article class=\"ptk-news-item\"><a class=\"ptk-news-thumb\" href=\"https:\/\/www.pharmathek.com\/pt\/cosmofarma-2026\/\"><img decoding=\"async\" loading=\"lazy\" src=\"https:\/\/www.pharmathek.com\/wp-content\/uploads\/2026\/03\/cosmofarma-2026-ptk-1024x622.jpg\" alt=\"Cosmofarma 2026: a arte de integrar a automa\u00e7\u00e3o na farm\u00e1cia\"><\/a><h3 class=\"ptk-news-title\"><a href=\"https:\/\/www.pharmathek.com\/pt\/cosmofarma-2026\/\">Cosmofarma 2026: a arte de integrar a automa\u00e7\u00e3o na farm\u00e1cia<\/a><\/h3><div class=\"ptk-news-meta\">26 de Mar\u00e7o, 2026<\/div><div class=\"ptk-news-excerpt\">Pharmathek na Cosmofarma 2026: automa\u00e7\u00e3o integrada, SINTESI d\u2019Art e solu\u00e7\u00f5es para uma farm\u00e1cia mais eficiente. Agende uma reuni\u00e3o.<\/div><div class=\"ptk-news-readmore\"><a href=\"https:\/\/www.pharmathek.com\/pt\/cosmofarma-2026\/\">READ MORE<\/a><\/div><\/article><article class=\"ptk-news-item\"><a class=\"ptk-news-thumb\" href=\"https:\/\/www.pharmathek.com\/pt\/sintesi-arte-2026\/\"><img decoding=\"async\" loading=\"lazy\" src=\"https:\/\/www.pharmathek.com\/wp-content\/uploads\/2025\/12\/sintesi-arte-2026-1024x625.jpg\" alt=\"SINTESI d\u2019Arte: quando a automa\u00e7\u00e3o se torna linguagem\"><\/a><h3 class=\"ptk-news-title\"><a href=\"https:\/\/www.pharmathek.com\/pt\/sintesi-arte-2026\/\">SINTESI d\u2019Arte: quando a automa\u00e7\u00e3o se torna linguagem<\/a><\/h3><div class=\"ptk-news-meta\">18 de Mar\u00e7o, 2026<\/div><div class=\"ptk-news-excerpt\">SINTESI d\u2019Arte combina automa\u00e7\u00e3o avan\u00e7ada e criatividade art\u00edstica, criando uma combina\u00e7\u00e3o rara no setor: uma tecnologia que emociona, al\u00e9m de funcionar.<\/div><div class=\"ptk-news-readmore\"><a href=\"https:\/\/www.pharmathek.com\/pt\/sintesi-arte-2026\/\">READ MORE<\/a><\/div><\/article><article class=\"ptk-news-item\"><a class=\"ptk-news-thumb\" href=\"https:\/\/www.pharmathek.com\/pt\/infarma-2026\/\"><img decoding=\"async\" loading=\"lazy\" src=\"https:\/\/www.pharmathek.com\/wp-content\/uploads\/2025\/12\/Infarma2026-1024x622.png\" alt=\"Infarma 2026: tecnologia que se integra, valor que se v\u00ea\"><\/a><h3 class=\"ptk-news-title\"><a href=\"https:\/\/www.pharmathek.com\/pt\/infarma-2026\/\">Infarma 2026: tecnologia que se integra, valor que se v\u00ea<\/a><\/h3><div class=\"ptk-news-meta\">2 de Mar\u00e7o, 2026<\/div><div class=\"ptk-news-excerpt\">Descubra a Pharmathek na Infarma 2026: automa\u00e7\u00e3o integrada, SINTESI em edi\u00e7\u00e3o street art, solu\u00e7\u00f5es self-service e ferramentas para avaliar se a sua&hellip;<\/div><div class=\"ptk-news-readmore\"><a href=\"https:\/\/www.pharmathek.com\/pt\/infarma-2026\/\">READ MORE<\/a><\/div><\/article><article class=\"ptk-news-item\"><a class=\"ptk-news-thumb\" href=\"https:\/\/www.pharmathek.com\/pt\/novo-robo-sintesi-xl\/\"><img decoding=\"async\" loading=\"lazy\" src=\"https:\/\/www.pharmathek.com\/wp-content\/uploads\/2025\/12\/robot-sintesi-xl-news-eng-1024x625.jpg\" alt=\"Nasce SINTESI XL, o novo rob\u00f4 da Pharmathek: mais capacidade, mesma efici\u00eancia\"><\/a><h3 class=\"ptk-news-title\"><a href=\"https:\/\/www.pharmathek.com\/pt\/novo-robo-sintesi-xl\/\">Nasce SINTESI XL, o novo rob\u00f4 da Pharmathek: mais capacidade, mesma efici\u00eancia<\/a><\/h3><div class=\"ptk-news-meta\">4 de Dezembro, 2025<\/div><div class=\"ptk-news-excerpt\">Descubra a SINTESI XL, o rob\u00f4 da Pharmathek com maior capacidade e densidade de armazenamento aumentada. Mais espa\u00e7o, mesma efici\u00eancia\u2026<\/div><div class=\"ptk-news-readmore\"><a href=\"https:\/\/www.pharmathek.com\/pt\/novo-robo-sintesi-xl\/\">READ MORE<\/a><\/div><\/article><article class=\"ptk-news-item\"><a class=\"ptk-news-thumb\" href=\"https:\/\/www.pharmathek.com\/pt\/ahws-2025\/\"><img decoding=\"async\" loading=\"lazy\" src=\"https:\/\/www.pharmathek.com\/wp-content\/uploads\/2025\/09\/ahws-2025-cover-1024x625.jpg\" alt=\"Pharmathek na AHWS 2025: inova\u00e7\u00e3o ao servi\u00e7o da farm\u00e1cia\"><\/a><h3 class=\"ptk-news-title\"><a href=\"https:\/\/www.pharmathek.com\/pt\/ahws-2025\/\">Pharmathek na AHWS 2025: inova\u00e7\u00e3o ao servi\u00e7o da farm\u00e1cia<\/a><\/h3><div class=\"ptk-news-meta\">9 de Outubro, 2025<\/div><div class=\"ptk-news-excerpt\">Automatizar n\u00e3o significa tirar humanidade, mas devolv\u00ea-la. Descubra a Pharmathek no AHWS 2025 juntamente com a Bluestream.<\/div><div class=\"ptk-news-readmore\"><a href=\"https:\/\/www.pharmathek.com\/pt\/ahws-2025\/\">READ MORE<\/a><\/div><\/article><article class=\"ptk-news-item\"><a class=\"ptk-news-thumb\" href=\"https:\/\/www.pharmathek.com\/pt\/sede-madrid\/\"><img decoding=\"async\" loading=\"lazy\" src=\"https:\/\/www.pharmathek.com\/wp-content\/uploads\/2025\/10\/pharmathek-madrid-uk-1024x622.png\" alt=\"Em Madrid, um novo ponto de encontro para a inova\u00e7\u00e3o da farm\u00e1cia\"><\/a><h3 class=\"ptk-news-title\"><a href=\"https:\/\/www.pharmathek.com\/pt\/sede-madrid\/\">Em Madrid, um novo ponto de encontro para a inova\u00e7\u00e3o da farm\u00e1cia<\/a><\/h3><div class=\"ptk-news-meta\">30 de Setembro, 2025<\/div><div class=\"ptk-news-excerpt\">No dia 24 de setembro foi inaugurada em Madrid a nova sede da Pharmathek, um verdadeiro centro de inova\u00e7\u00e3o dedicado \u00e0s farm\u00e1cias&hellip;<\/div><div class=\"ptk-news-readmore\"><a href=\"https:\/\/www.pharmathek.com\/pt\/sede-madrid\/\">READ MORE<\/a><\/div><\/article><\/div><\/div>[\/vc_column_text][\/vc_column][\/vc_row][vc_row][vc_column offset=&#8221;vc_hidden-lg vc_hidden-md vc_hidden-sm&#8221;][vc_basic_grid post_type=&#8221;post&#8221; max_items=&#8221;-1&#8243; style=&#8221;lazy&#8221; items_per_page=&#8221;3&#8243; gap=&#8221;20&#8243; item=&#8221;102748&#8243; initial_loading_animation=&#8221;none&#8221; css=&#8221;&#8221; grid_id=&#8221;vc_gid:1768316716769-94f71f215c697c28275e567933f36fa6-8&#8243; taxonomies=&#8221;21&#8243;][\/vc_column][\/vc_row]<\/p>\n<\/div>","protected":false},"excerpt":{"rendered":"<p>[vc_row full_width=&#8221;stretch_row&#8221;][vc_column][vc_empty_space][\/vc_column][\/vc_row][vc_row][vc_column offset=&#8221;vc_hidden-xs&#8221;][vc_column_text css=&#8221;.vc_custom_1768316726237{padding-top: 30px !important;padding-bottom: 30px !important;}&#8221;][\/vc_column_text][\/vc_column][\/vc_row][vc_row][vc_column offset=&#8221;vc_hidden-lg vc_hidden-md vc_hidden-sm&#8221;][vc_basic_grid post_type=&#8221;post&#8221; max_items=&#8221;-1&#8243; style=&#8221;lazy&#8221; items_per_page=&#8221;3&#8243; gap=&#8221;20&#8243; item=&#8221;102748&#8243; initial_loading_animation=&#8221;none&#8221; css=&#8221;&#8221; grid_id=&#8221;vc_gid:1768316716769-94f71f215c697c28275e567933f36fa6-8&#8243; taxonomies=&#8221;21&#8243;][\/vc_column][\/vc_row]<\/p>\n","protected":false},"author":1,"featured_media":0,"parent":0,"menu_order":0,"comment_status":"closed","ping_status":"closed","template":"","meta":{"inline_featured_image":false,"footnotes":""},"categories":[],"tags":[],"class_list":["post-100169","page","type-page","status-publish","hentry","category-193","description-off"],"_links":{"self":[{"href":"https:\/\/www.pharmathek.com\/pt\/wp-json\/wp\/v2\/pages\/100169","targetHints":{"allow":["GET"]}}],"collection":[{"href":"https:\/\/www.pharmathek.com\/pt\/wp-json\/wp\/v2\/pages"}],"about":[{"href":"https:\/\/www.pharmathek.com\/pt\/wp-json\/wp\/v2\/types\/page"}],"author":[{"embeddable":true,"href":"https:\/\/www.pharmathek.com\/pt\/wp-json\/wp\/v2\/users\/1"}],"replies":[{"embeddable":true,"href":"https:\/\/www.pharmathek.com\/pt\/wp-json\/wp\/v2\/comments?post=100169"}],"version-history":[{"count":12,"href":"https:\/\/www.pharmathek.com\/pt\/wp-json\/wp\/v2\/pages\/100169\/revisions"}],"predecessor-version":[{"id":110261,"href":"https:\/\/www.pharmathek.com\/pt\/wp-json\/wp\/v2\/pages\/100169\/revisions\/110261"}],"wp:attachment":[{"href":"https:\/\/www.pharmathek.com\/pt\/wp-json\/wp\/v2\/media?parent=100169"}],"wp:term":[{"taxonomy":"category","embeddable":true,"href":"https:\/\/www.pharmathek.com\/pt\/wp-json\/wp\/v2\/categories?post=100169"},{"taxonomy":"post_tag","embeddable":true,"href":"https:\/\/www.pharmathek.com\/pt\/wp-json\/wp\/v2\/tags?post=100169"}],"curies":[{"name":"wp","href":"https:\/\/api.w.org\/{rel}","templated":true}]}}