{"id":100182,"date":"2021-07-23T11:06:42","date_gmt":"2021-07-23T09:06:42","guid":{"rendered":"https:\/\/www.pharmathek.com\/home-2021\/"},"modified":"2025-10-10T16:17:27","modified_gmt":"2025-10-10T14:17:27","slug":"home-2021","status":"publish","type":"page","link":"https:\/\/www.pharmathek.com\/pt\/","title":{"rendered":"Home 2021"},"content":{"rendered":"<div class=\"wpb-content-wrapper\"><p>[vc_row el_class=&#8221;intro-box&#8221;][vc_column][vc_column_text css=&#8221;&#8221;]<\/p>\n<h2 class=\"title-home\" style=\"text-align: center;\">PHARMATHEK APRESENTA A 3<sup>a<\/sup> GERA\u00c7\u00c3O DE SINTESI,<br \/>\nA EVOLU\u00c7\u00c3O DA ROB\u00d3TICA EM FARM\u00c1CIA.<\/h2>\n<p style=\"text-align: center;\">A Pharmathek apresenta a 3<sup>a<\/sup> gera\u00e7\u00e3o de SINTESI, a evolu\u00e7\u00e3o do armaz\u00e9m rob\u00f3tico que combina um desempenho melhorado com uma experi\u00eancia de utilizador avan\u00e7ada.<br \/>\nA nova interface de utilizador inclui o modo de ecr\u00e3 t\u00e1til num novo monitor grande e um sistema de conectividade de smartphone para acesso remoto.<br \/>\nSintesi encaixa-se perfeitamente no fluxo de trabalho e no layout de cada farm\u00e1cia, nova ou em reforma: as diferentes possibilidades de personaliza\u00e7\u00e3o e a ampla gama de materiais e acabamentos, que podem ser combinados com o mobili\u00e1rio, ajudam a comunicar a identidade da farm\u00e1cia.<\/p>\n<p>[\/vc_column_text][vc_empty_space height=&#8221;64px&#8221;][\/vc_column][\/vc_row][vc_row][vc_column][vc_column_text css=&#8221;&#8221; el_class=&#8221;box-automazione&#8221;]<\/p>\n<p style=\"text-align: center;\"><a href=\"https:\/\/www.pharmathek.com\/pt\/contactos\/\">DESEJA AUTOMATIZAR A SUA FARM\u00c1CIA?<img loading=\"lazy\" decoding=\"async\" class=\"alignright size-full wp-image-12102\" src=\"http:\/\/www.pharmathek.com\/wp-content\/uploads\/2021\/07\/trio-frecce.png\" alt=\"\" width=\"127\" height=\"66\" \/><br \/>\n<strong>Contacte-nos para mais informa\u00e7\u00f5es.<\/strong><\/a><\/p>\n<p>[\/vc_column_text][\/vc_column][\/vc_row][vc_row][vc_column][vc_empty_space height=&#8221;64px&#8221;][vc_column_text css=&#8221;&#8221;]<\/p>\n<h2 class=\"title-home\" style=\"text-align: center;\">ELEVE O SEU ROBOT SINTESI \u00c0 POT\u00caNCIA M\u00c1XIMA COM <span class=\"arancio\">EUCLID3D<\/span> E <span class=\"arancio\">PHARMALOAD<\/span><\/h2>\n<p>[\/vc_column_text][vc_empty_space height=&#8221;12,5px&#8221;][\/vc_column][\/vc_row][vc_row gap=&#8221;35&#8243; equal_height=&#8221;yes&#8221;][vc_column width=&#8221;1\/2&#8243; css=&#8221;.vc_custom_1752574900994{background-image: url(https:\/\/www.pharmathek.com\/wp-content\/uploads\/2025\/07\/EUCLID3d-light.jpg?id=85794) !important;}&#8221; el_class=&#8221;home-product-box home-product-box-left&#8221;][vc_column_text css=&#8221;&#8221;]<\/p>\n<div class=\"logo-container\"><img loading=\"lazy\" decoding=\"async\" class=\"product-logo alignleft wp-image-12119 size-full\" src=\"http:\/\/www.pharmathek.com\/wp-content\/uploads\/2021\/07\/euclided-home.png\" alt=\"\" width=\"963\" height=\"192\" srcset=\"https:\/\/www.pharmathek.com\/wp-content\/uploads\/2021\/07\/euclided-home.png 963w, https:\/\/www.pharmathek.com\/wp-content\/uploads\/2021\/07\/euclided-home-300x60.png 300w, https:\/\/www.pharmathek.com\/wp-content\/uploads\/2021\/07\/euclided-home-768x153.png 768w\" sizes=\"auto, (max-width: 963px) 100vw, 963px\" \/><\/div>\n<div class=\"bottom\"><a href=\"https:\/\/www.pharmathek.com\/euclid3d\/\">Descubra o manipulador que acelera os tempos de entrega, o \u00fanico com armazenamento tempor\u00e1rio<\/a><\/div>\n<p>[\/vc_column_text][\/vc_column][vc_column width=&#8221;1\/2&#8243; el_class=&#8221;home-product-box home-product-box-right&#8221; css=&#8221;.vc_custom_1632386998606{background-image: url(http:\/\/www.pharmathek.com\/wp-content\/uploads\/2021\/09\/PHARMALOAD.jpg?id=13214) !important;}&#8221;][vc_column_text css=&#8221;&#8221;]<\/p>\n<div class=\"logo-container\"><img loading=\"lazy\" decoding=\"async\" class=\"product-logo alignleft wp-image-12148 size-full\" src=\"http:\/\/www.pharmathek.com\/wp-content\/uploads\/2021\/07\/pharmaload-home-1.png\" alt=\"\" width=\"1469\" height=\"192\" srcset=\"https:\/\/www.pharmathek.com\/wp-content\/uploads\/2021\/07\/pharmaload-home-1.png 1469w, https:\/\/www.pharmathek.com\/wp-content\/uploads\/2021\/07\/pharmaload-home-1-300x39.png 300w, https:\/\/www.pharmathek.com\/wp-content\/uploads\/2021\/07\/pharmaload-home-1-1024x134.png 1024w, https:\/\/www.pharmathek.com\/wp-content\/uploads\/2021\/07\/pharmaload-home-1-768x100.png 768w\" sizes=\"auto, (max-width: 1469px) 100vw, 1469px\" \/><\/div>\n<div class=\"bottom\"><a href=\"https:\/\/www.pharmathek.com\/pharmaload\/\">Descubra o carregador autom\u00e1tico que l\u00ea datas de validade e carrega at\u00e9 300 caixas\/h<\/a><\/div>\n<p>[\/vc_column_text][\/vc_column][\/vc_row][vc_row][vc_column][vc_empty_space][\/vc_column][\/vc_row][vc_row el_class=&#8221;box-futuro&#8221;][vc_column width=&#8221;1\/2&#8243;][vc_single_image image=&#8221;12419&#8243; img_size=&#8221;full&#8221;][\/vc_column][vc_column width=&#8221;1\/2&#8243;][vc_column_text css=&#8221;&#8221;]<\/p>\n<h2 class=\"title-home\">O FUTURO DA AUTOMA\u00c7\u00c3O DAS FARM\u00c1CIAS \u00c9 O NOSSO PRESENTE.<\/h2>\n<p>A Pharmathek desenvolve, fabrica e instala armaz\u00e9ns e robot automatizados para todas as farm\u00e1cias. Nascido dentro do Grupo Th.Kohl gra\u00e7as \u00e0 paix\u00e3o pela mecatr\u00f3nica e rob\u00f3tica do Eng. Alexander Von Liechtenstein e o profundo conhecimento do mundo farmac\u00eautico italiano por parte da propriedade e gest\u00e3o da empresa, desenvolveu-se para uma posi\u00e7\u00e3o de lideran\u00e7a na automa\u00e7\u00e3o e gest\u00e3o da farm\u00e1cia robotizada. Desde h\u00e1 quase um s\u00e9culo, a Th.Kohl e Pharmathek interpretam a complexa din\u00e2mica de gest\u00e3o do sector farmac\u00eautico e apoiam gera\u00e7\u00f5es de propriet\u00e1rios na cont\u00ednua transforma\u00e7\u00e3o de sua profiss\u00e3o.<\/p>\n<p class=\"btn-container\" style=\"text-align: right;\"><a class=\"clab-btn\" href=\"https:\/\/www.pharmathek.com\/pt\/empresa\/\">DESCUBRA MAIS<\/a><\/p>\n<p>[\/vc_column_text][\/vc_column][\/vc_row][vc_row][vc_column][vc_empty_space][vc_column_text css=&#8221;&#8221;]<\/p>\n<h2 class=\"title-home\" style=\"text-align: center;\">\u00daLTIMAS REALIZA\u00c7\u00d5ES<\/h2>\n<p>[\/vc_column_text][vc_empty_space height=&#8221;30px&#8221;][\/vc_column][\/vc_row][vc_row gap=&#8221;4&#8243; disable_element=&#8221;yes&#8221;][vc_column width=&#8221;1\/3&#8243; el_class=&#8221;box-realizzazione&#8221;][vc_single_image image=&#8221;5211&#8243; img_size=&#8221;full&#8221; el_class=&#8221;foto-farmacia&#8221;][vc_row_inner][vc_column_inner][vc_column_text]<img loading=\"lazy\" decoding=\"async\" class=\"alignleft size-medium wp-image-5264 dottore\" src=\"http:\/\/www.pharmathek.com\/wp-content\/uploads\/2019\/01\/comgiottoarezzo-dottoressa-256x300.png\" alt=\"\" width=\"256\" height=\"300\" srcset=\"https:\/\/www.pharmathek.com\/wp-content\/uploads\/2019\/01\/comgiottoarezzo-dottoressa-256x300.png 256w, https:\/\/www.pharmathek.com\/wp-content\/uploads\/2019\/01\/comgiottoarezzo-dottoressa.png 529w\" sizes=\"auto, (max-width: 256px) 100vw, 256px\" \/><span class=\"caption\">\u201cIl robot \u00e8 utilissimo per il controllo delle scadenze, dei lotti ritirati e per la sicurezza del prodotto in farmacia.\u201d<\/span>[\/vc_column_text][vc_column_text]<\/p>\n<div class=\"bottom\"><a href=\"https:\/\/www.pharmathek.com\/farmacia-comunale-giotto-arezzo\/\">Dott.ssa Gloria Fiorini<br \/>\n<span class=\"lower\">Farmacia comunale Giotto &#8211; Arezzo<\/span><\/a><\/div>\n<p>[\/vc_column_text][\/vc_column_inner][\/vc_row_inner][\/vc_column][vc_column width=&#8221;1\/3&#8243; el_class=&#8221;box-realizzazione&#8221;][vc_single_image image=&#8221;10089&#8243; img_size=&#8221;full&#8221; el_class=&#8221;foto-farmacia&#8221;][vc_row_inner][vc_column_inner][vc_column_text]<span class=\"caption\">\u201cIl robot permette al nostro personale di garantire un servizio attento e continuativo ai cittadini\u201d<\/span>[\/vc_column_text][vc_column_text]<\/p>\n<div class=\"bottom\"><a href=\"https:\/\/www.pharmathek.com\/farmacia-comunale-san-miniato-basso\/\">Farmacia Comunale<br \/>\n<span class=\"lower\">San Miniato Basso (PI)<\/span><\/a><\/div>\n<p>[\/vc_column_text][\/vc_column_inner][\/vc_row_inner][\/vc_column][vc_column width=&#8221;1\/3&#8243; el_class=&#8221;box-realizzazione&#8221;][vc_single_image image=&#8221;5325&#8243; img_size=&#8221;full&#8221; el_class=&#8221;foto-farmacia&#8221;][vc_row_inner][vc_column_inner][vc_column_text]<img loading=\"lazy\" decoding=\"async\" class=\"alignleft size-medium wp-image-5376 foto-dottore\" src=\"http:\/\/www.pharmathek.com\/wp-content\/uploads\/2019\/01\/morandi-dott-256x300.png\" alt=\"\" width=\"256\" height=\"300\" srcset=\"https:\/\/www.pharmathek.com\/wp-content\/uploads\/2019\/01\/morandi-dott-256x300.png 256w, https:\/\/www.pharmathek.com\/wp-content\/uploads\/2019\/01\/morandi-dott.png 529w\" sizes=\"auto, (max-width: 256px) 100vw, 256px\" \/><span class=\"caption\">\u201cIn poco tempo io e la mia squadra abbiamo preso dimestichezza con il robot: ora fa parte al 100% del nostro sistema di lavoro\u201d<\/span>[\/vc_column_text][vc_column_text]<\/p>\n<div class=\"bottom\"><a href=\"https:\/\/www.pharmathek.com\/farmacia-morandi-lonato-del-garda\/\">Dott. A. Swierczynski<br \/>\n<span class=\"lower\">Farmacia Morandi &#8211; Lonato del Garda<\/span><\/a><\/div>\n<p>[\/vc_column_text][\/vc_column_inner][\/vc_row_inner][\/vc_column][\/vc_row][vc_row][vc_column][vc_basic_grid post_type=&#8221;page&#8221; max_items=&#8221;3&#8243; gap=&#8221;10&#8243; item=&#8221;102664&#8243; initial_loading_animation=&#8221;fadeInLeft&#8221; css=&#8221;&#8221; grid_id=&#8221;vc_gid:1760090013375-183e9165-c9ee-1&#8243; taxonomies=&#8221;18&#8243;][\/vc_column][\/vc_row][vc_row][vc_column][vc_empty_space height=&#8221;64px&#8221;][vc_empty_space][vc_column_text css=&#8221;&#8221;]<\/p>\n<h2 class=\"title-home\" style=\"text-align: center;\">NOT\u00cdCIAS DO MUNDO PHARMATHEK<\/h2>\n<p>[\/vc_column_text][vc_empty_space height=&#8221;30px&#8221;][\/vc_column][\/vc_row][vc_row][vc_column width=&#8221;1\/12&#8243;][\/vc_column][vc_column width=&#8221;10\/12&#8243;][vc_basic_grid post_type=&#8221;post&#8221; max_items=&#8221;3&#8243; gap=&#8221;20&#8243; item=&#8221;1053&#8243; initial_loading_animation=&#8221;fadeInLeft&#8221; grid_id=&#8221;vc_gid:1760090013380-06a3a5de-e151-10&#8243; taxonomies=&#8221;21&#8243;][\/vc_column][vc_column width=&#8221;1\/12&#8243;][\/vc_column][\/vc_row]<\/p>\n<\/div>","protected":false},"excerpt":{"rendered":"<p>[vc_row el_class=&#8221;intro-box&#8221;][vc_column][vc_column_text css=&#8221;&#8221;] PHARMATHEK APRESENTA A 3a GERA\u00c7\u00c3O DE SINTESI, A EVOLU\u00c7\u00c3O DA ROB\u00d3TICA EM FARM\u00c1CIA. A Pharmathek apresenta a 3a gera\u00e7\u00e3o de SINTESI, a&hellip;<\/p>\n","protected":false},"author":1,"featured_media":0,"parent":0,"menu_order":0,"comment_status":"closed","ping_status":"closed","template":"","meta":{"inline_featured_image":false,"footnotes":""},"categories":[],"tags":[],"class_list":["post-100182","page","type-page","status-publish","hentry","description-off"],"_links":{"self":[{"href":"https:\/\/www.pharmathek.com\/pt\/wp-json\/wp\/v2\/pages\/100182","targetHints":{"allow":["GET"]}}],"collection":[{"href":"https:\/\/www.pharmathek.com\/pt\/wp-json\/wp\/v2\/pages"}],"about":[{"href":"https:\/\/www.pharmathek.com\/pt\/wp-json\/wp\/v2\/types\/page"}],"author":[{"embeddable":true,"href":"https:\/\/www.pharmathek.com\/pt\/wp-json\/wp\/v2\/users\/1"}],"replies":[{"embeddable":true,"href":"https:\/\/www.pharmathek.com\/pt\/wp-json\/wp\/v2\/comments?post=100182"}],"version-history":[{"count":10,"href":"https:\/\/www.pharmathek.com\/pt\/wp-json\/wp\/v2\/pages\/100182\/revisions"}],"predecessor-version":[{"id":102878,"href":"https:\/\/www.pharmathek.com\/pt\/wp-json\/wp\/v2\/pages\/100182\/revisions\/102878"}],"wp:attachment":[{"href":"https:\/\/www.pharmathek.com\/pt\/wp-json\/wp\/v2\/media?parent=100182"}],"wp:term":[{"taxonomy":"category","embeddable":true,"href":"https:\/\/www.pharmathek.com\/pt\/wp-json\/wp\/v2\/categories?post=100182"},{"taxonomy":"post_tag","embeddable":true,"href":"https:\/\/www.pharmathek.com\/pt\/wp-json\/wp\/v2\/tags?post=100182"}],"curies":[{"name":"wp","href":"https:\/\/api.w.org\/{rel}","templated":true}]}}