{"id":101056,"date":"2018-04-18T09:49:41","date_gmt":"2018-04-18T07:49:41","guid":{"rendered":"https:\/\/www.pharmathek.com\/cookies-policy\/"},"modified":"2025-10-10T16:17:37","modified_gmt":"2025-10-10T14:17:37","slug":"politica-de-cookies","status":"publish","type":"page","link":"https:\/\/www.pharmathek.com\/pt\/politica-de-cookies\/","title":{"rendered":"Pol\u00edtica de Cookies"},"content":{"rendered":"<div class=\"wpb-content-wrapper\"><p>[vc_row][vc_column]<div id=\"ultimate-heading-101169dbc1e7a752c\" class=\"uvc-heading ult-adjust-bottom-margin ultimate-heading-101169dbc1e7a752c uvc-3802  uvc-heading-default-font-sizes\" data-hspacer=\"no_spacer\"  data-halign=\"left\" style=\"text-align:left\"><div class=\"uvc-heading-spacer no_spacer\" style=\"top\"><\/div><div class=\"uvc-main-heading ult-responsive\"  data-ultimate-target='.uvc-heading.ultimate-heading-101169dbc1e7a752c h1'  data-responsive-json-new='{\"font-size\":\"\",\"line-height\":\"\"}' ><h1 style=\"--font-weight:theme;\">Pol\u00edtica de Cookies<\/h1><\/div><\/div>[vc_empty_space height=&#8221;50px&#8221;][vc_column_text css=&#8221;&#8221;]<\/p>\n<h2><strong>O que \u00e9 um cookie e para que serve?<\/strong><\/h2>\n<p>Um cookie \u00e9 um pequeno ficheiro que \u00e9 enviado para o navegador e guardado no dispositivo do utilizador, ao aceder e utilizar o s\u00edtio web <a href=\"http:\/\/www.pharmathek.com\">www.pharmathek.com<\/a> a seguir, mesmo apenas (&#8220;S\u00edtio&#8221;). Os cookies permitem o funcionamento eficiente do s\u00edtio e melhoram o seu desempenho, incluindo atrav\u00e9s da recolha e an\u00e1lise de informa\u00e7\u00f5es agregadas, o que permite ao operador do s\u00edtio compreender como melhorar a estrutura do s\u00edtio e das suas sec\u00e7\u00f5es. Por meio dos cookies, tamb\u00e9m \u00e9 poss\u00edvel recolher informa\u00e7\u00f5es para fins estat\u00edsticos, principalmente para personalizar a experi\u00eancia de navega\u00e7\u00e3o do utilizador, ao recordar-se das suas prefer\u00eancias (por exemplo, idioma, moeda, etc.).<\/p>\n<p>&nbsp;<\/p>\n<h2><strong>Tipos de cookies utilizados<\/strong><\/h2>\n<h3><strong>Cookies t\u00e9cnicos<\/strong><\/h3>\n<p>Os cookies t\u00e9cnicos podem ser divididos em <strong>cookies de navega\u00e7\u00e3o ou de sess\u00e3o<\/strong>, que garantem a navega\u00e7\u00e3o e o uso normais do s\u00edtio web (permitindo, por exemplo, coordenar os m\u00f3dulos que comp\u00f5em as p\u00e1ginas do s\u00edtio web ou correlacionar as p\u00e1ginas visitadas \u00e0 mesma sess\u00e3o de trabalho) e <strong>cookies anal\u00edticos<\/strong>, semelhantes aos cookies t\u00e9cnicos somente se usados com a finalidade de otimizar o s\u00edtio web diretamente pelo operador do pr\u00f3prio s\u00edtio web (os chamados cookies anal\u00edticos prim\u00e1rios), que podem recolher informa\u00e7\u00f5es de forma agregada sobre o n\u00famero de utilizadores e sobre como estes visitam o s\u00edtio web (por exemplo, para criar estat\u00edsticas das p\u00e1ginas mais visitadas, para recolher dados agregados de visitas por sistema operativo, por navegador, etc.).<\/p>\n<p>A utiliza\u00e7\u00e3o <strong>de cookies de sess\u00e3o<\/strong> \u00e9 estritamente limitada \u00e0 transmiss\u00e3o de identificadores de sess\u00e3o (constitu\u00eddos por n\u00fameros aleat\u00f3rios gerados pelo servidor) e dados de utiliza\u00e7\u00e3o de software necess\u00e1rios para permitir a explora\u00e7\u00e3o segura e eficiente do s\u00edtio web: as vari\u00e1veis de sess\u00e3o (os chamados cookies) podem evitar a utiliza\u00e7\u00e3o de t\u00e9cnicas inform\u00e1ticas potencialmente prejudiciais para a confidencialidade da navega\u00e7\u00e3o dos utilizadores e n\u00e3o permitem a aquisi\u00e7\u00e3o de dados pessoais que identifiquem o utilizador. Os cookies de sess\u00e3o n\u00e3o s\u00e3o armazenados persistentemente no dispositivo do utilizador, mas s\u00e3o gravados localmente por per\u00edodos de tempo estabelecidos de acordo com as vari\u00e1veis de sess\u00e3o (cujos valores armazenados no disco r\u00edgido do dispositivo ainda podem ser eliminados; tamb\u00e9m pode desativar os cookies ao seguir as instru\u00e7\u00f5es fornecidas pelos navegadores principais).<\/p>\n<p>&nbsp;<\/p>\n<h3><strong>Cookies de perfil<\/strong><\/h3>\n<p>Estes s\u00e3o cookies permanentes utilizados para identificar (de forma an\u00f3nima e n\u00e3o) as suas prefer\u00eancias e melhorar a sua experi\u00eancia de navega\u00e7\u00e3o.<\/p>\n<h3><strong>Cookies de terceiros<\/strong><\/h3>\n<p>Os cookies de terceiros s\u00e3o configurados por um s\u00edtio diferente daquele que o utilizador est\u00e1 a visitar e residem em servidores diferentes daquele do s\u00edtio visitado. Por conseguinte, a utiliza\u00e7\u00e3o dos dados recolhidos por estes operadores externos atrav\u00e9s de cookies est\u00e1 sujeita \u00e0s respetivas pol\u00edticas de privacidade. O uso de cookies de terceiros \u00e9 limitado ao necess\u00e1rio para a navega\u00e7\u00e3o segura e eficiente do s\u00edtio e n\u00e3o envolve a aquisi\u00e7\u00e3o direta pelo Controlador de Dados dos dados de identifica\u00e7\u00e3o pessoal do utilizador.<\/p>\n<p>O s\u00edtio web incorpora bot\u00f5es e widgets do facebook, instagram, twitter e youtube. Estes servi\u00e7os permitem efetuar intera\u00e7\u00f5es com as redes sociais ou com outras plataformas externas, diretamente da p\u00e1gina do s\u00edtio web.<\/p>\n<p>As intera\u00e7\u00f5es e as informa\u00e7\u00f5es adquiridas atrav\u00e9s destas ferramentas encontram-se, em qualquer caso, sujeitas \u00e0s configura\u00e7\u00f5es de privacidade do utilizador relativas a cada rede social, e acess\u00edveis exclusivamente aos operadores das mesmas plataformas.<\/p>\n<p>Para obter mais informa\u00e7\u00f5es sobre os m\u00e9todos de processamento de dados recolhidos pelas redes sociais, consulte as pol\u00edticas de privacidade dos provedores dos mesmos servi\u00e7os.<\/p>\n<p>&nbsp;<\/p>\n<p>Algumas p\u00e1ginas do s\u00edtio web incorporam o Google Maps. Quando visita uma p\u00e1gina que cont\u00e9m mapas do Google Maps ou interage com o mapa (atrav\u00e9s da fun\u00e7\u00e3o de zoom ou clicando nele para ampli\u00e1-lo), os cookies do Google podem ser chamados.<\/p>\n<p>Para obter mais informa\u00e7\u00f5es sobre a recolha de dados atrav\u00e9s dos servi\u00e7os da Google, consulte a pol\u00edtica de privacidade <a href=\"https:\/\/policies.google.com\/privacy?hl=it\">https:\/\/policies.google.com\/privacy?hl=it<\/a>.<\/p>\n<p>O seu uso do servi\u00e7o Google Maps tamb\u00e9m est\u00e1 sujeito aos Termos de servi\u00e7o adicionais relevantes. <a href=\"https:\/\/privacy.google.com\/businesses\/mapscontrollerterms\/\">https:\/\/privacy.google.com\/businesses\/mapscontrollerterms\/<\/a>.<\/p>\n<h2><strong>Como desativar os cookies<\/strong><\/h2>\n<p>A maioria dos navegadores est\u00e1 configurada para aceitar, controlar ou possivelmente desativar os cookies atrav\u00e9s das configura\u00e7\u00f5es. Observe, no entanto, que a desativa\u00e7\u00e3o, mesmo parcial, de cookies t\u00e9cnicos pode comprometer o funcionamento do s\u00edtio wb e\/ou limitar a sua funcionalidade.<\/p>\n<p>A desativa\u00e7\u00e3o dos cookies de terceiros, por outro lado, n\u00e3o afeta de forma alguma a navegabilidade.<\/p>\n<p>Seguem abaixo os links para as instru\u00e7\u00f5es fornecidas pelos principais navegadores para a gest\u00e3o das configura\u00e7\u00f5es de instala\u00e7\u00e3o de cookies:<\/p>\n<p>Chrome: <a href=\"https:\/\/support.google.com\/chrome\/answer\/95647?hl=it\">https:\/\/support.google.com\/chrome\/answer\/95647?hl=it<\/a><\/p>\n<p>Firefox: <a href=\"https:\/\/support.mozilla.org\/it\/kb\/Gestione%20dei%20cookie\">https:\/\/support.mozilla.org\/it\/kb\/Gestione%20dei%20cookie<\/a><\/p>\n<p>Internet Explorer: <a href=\"https:\/\/support.microsoft.com\/en-us\/help\/17442\/windows-internet-explorer-delete-manage-cookies\">https:\/\/support.microsoft.com\/en-us\/help\/17442\/windows-internet-explorer-delete-manage-cookies<\/a><\/p>\n<p>Safari: <a href=\"http:\/\/support.apple.com\/kb\/HT1677?viewlocale=it_IT\">http:\/\/support.apple.com\/kb\/HT1677?viewlocale=it_IT<\/a>[\/vc_column_text][\/vc_column][\/vc_row]<\/p>\n<\/div>","protected":false},"excerpt":{"rendered":"<p>[vc_row][vc_column][vc_empty_space height=&#8221;50px&#8221;][vc_column_text css=&#8221;&#8221;] O que \u00e9 um cookie e para que serve? Um cookie \u00e9 um pequeno ficheiro que \u00e9 enviado para o navegador e&hellip;<\/p>\n","protected":false},"author":1,"featured_media":0,"parent":0,"menu_order":0,"comment_status":"closed","ping_status":"closed","template":"","meta":{"inline_featured_image":false,"footnotes":""},"categories":[],"tags":[],"class_list":["post-101056","page","type-page","status-publish","hentry","description-off"],"_links":{"self":[{"href":"https:\/\/www.pharmathek.com\/pt\/wp-json\/wp\/v2\/pages\/101056","targetHints":{"allow":["GET"]}}],"collection":[{"href":"https:\/\/www.pharmathek.com\/pt\/wp-json\/wp\/v2\/pages"}],"about":[{"href":"https:\/\/www.pharmathek.com\/pt\/wp-json\/wp\/v2\/types\/page"}],"author":[{"embeddable":true,"href":"https:\/\/www.pharmathek.com\/pt\/wp-json\/wp\/v2\/users\/1"}],"replies":[{"embeddable":true,"href":"https:\/\/www.pharmathek.com\/pt\/wp-json\/wp\/v2\/comments?post=101056"}],"version-history":[{"count":5,"href":"https:\/\/www.pharmathek.com\/pt\/wp-json\/wp\/v2\/pages\/101056\/revisions"}],"predecessor-version":[{"id":101701,"href":"https:\/\/www.pharmathek.com\/pt\/wp-json\/wp\/v2\/pages\/101056\/revisions\/101701"}],"wp:attachment":[{"href":"https:\/\/www.pharmathek.com\/pt\/wp-json\/wp\/v2\/media?parent=101056"}],"wp:term":[{"taxonomy":"category","embeddable":true,"href":"https:\/\/www.pharmathek.com\/pt\/wp-json\/wp\/v2\/categories?post=101056"},{"taxonomy":"post_tag","embeddable":true,"href":"https:\/\/www.pharmathek.com\/pt\/wp-json\/wp\/v2\/tags?post=101056"}],"curies":[{"name":"wp","href":"https:\/\/api.w.org\/{rel}","templated":true}]}}