{"id":99452,"date":"2016-06-28T01:40:45","date_gmt":"2016-06-28T00:40:45","guid":{"rendered":"https:\/\/www.pharmathek.com\/contatti\/"},"modified":"2025-10-13T17:02:05","modified_gmt":"2025-10-13T15:02:05","slug":"contactos","status":"publish","type":"page","link":"https:\/\/www.pharmathek.com\/pt\/contactos\/","title":{"rendered":"Contactos"},"content":{"rendered":"<div class=\"wpb-content-wrapper\"><p>[vc_row full_width=&#8221;stretch_row_content&#8221; full_height=&#8221;yes&#8221; columns_placement=&#8221;bottom&#8221; bg_type=&#8221;image&#8221; parallax_style=&#8221;vcpb-default&#8221; bg_image_new=&#8221;id^1534|url^http:\/\/www.pharmathek.com\/wp-content\/uploads\/2018\/04\/pharmathek-contatti.jpg|caption^null|alt^null|title^pharmathek-contatti|description^null&#8221; bg_image_repeat=&#8221;no-repeat&#8221; bg_override=&#8221;ex-full&#8221; enable_overlay=&#8221;enable_overlay_value&#8221; overlay_color=&#8221;#000000&#8243; css=&#8221;.vc_custom_1524049377070{border-top-width: 0px !important;border-bottom-width: 0px !important;padding-top: 60px !important;padding-right: 70px !important;padding-bottom: 25px !important;padding-left: 70px !important;}&#8221;][vc_column][vc_column_text css_animation=&#8221;fadeInRight&#8221; css=&#8221;&#8221; el_class=&#8221;font-soluzioni text-white&#8221;]<\/p>\n<p style=\"text-align: right;\">A SUA FARM\u00c1CIA<br \/>\nMERECE UMA<br \/>\n<strong>SOLU\u00c7\u00c3O \u00c0 MEDIDA<\/strong><\/p>\n<p>[\/vc_column_text][vc_empty_space][vc_btn title=&#8221;&#8221; style=&#8221;flat&#8221; shape=&#8221;square&#8221; color=&#8221;default&#8221; align=&#8221;right&#8221; i_icon_fontawesome=&#8221;fa fa-angle-double-down&#8221; add_icon=&#8221;true&#8221; smooth_scroll=&#8221;true&#8221; link=&#8221;url:%23!%2Ftop-a|||&#8221;][\/vc_column][\/vc_row][vc_row el_id=&#8221;top-a&#8221;][vc_column][vc_empty_space height=&#8221;50px&#8221;]<div id=\"ultimate-heading-507569dbc1ea2ab33\" class=\"uvc-heading ult-adjust-bottom-margin ultimate-heading-507569dbc1ea2ab33 uvc-9103 title-crenatura uvc-heading-default-font-sizes\" data-hspacer=\"no_spacer\"  data-halign=\"center\" style=\"text-align:center\"><div class=\"uvc-heading-spacer no_spacer\" style=\"top\"><\/div><div class=\"uvc-main-heading ult-responsive\"  data-ultimate-target='.uvc-heading.ultimate-heading-507569dbc1ea2ab33 h4'  data-responsive-json-new='{\"font-size\":\"\",\"line-height\":\"\"}' ><h4 style=\"font-weight:bold;\">SOLICITAR INFORMA\u00c7\u00d5ES<\/h4><\/div><\/div>[vc_empty_space]\n<div class=\"wpcf7 no-js\" id=\"wpcf7-f100823-o1\" lang=\"\" dir=\"ltr\" data-wpcf7-id=\"100823\">\n<div class=\"screen-reader-response\"><p role=\"status\" aria-live=\"polite\" aria-atomic=\"true\"><\/p> <ul><\/ul><\/div>\n<form action=\"\/pt\/wp-json\/wp\/v2\/pages\/99452#wpcf7-f100823-o1\" method=\"post\" class=\"wpcf7-form init\" aria-label=\"Formul\u00e1rio de contacto\" novalidate=\"novalidate\" data-status=\"init\">\n<fieldset class=\"hidden-fields-container\"><input type=\"hidden\" name=\"_wpcf7\" value=\"100823\" \/><input type=\"hidden\" name=\"_wpcf7_version\" value=\"6.1.5\" \/><input type=\"hidden\" name=\"_wpcf7_locale\" value=\"\" \/><input type=\"hidden\" name=\"_wpcf7_unit_tag\" value=\"wpcf7-f100823-o1\" \/><input type=\"hidden\" name=\"_wpcf7_container_post\" value=\"0\" \/><input type=\"hidden\" name=\"_wpcf7_posted_data_hash\" value=\"\" \/><input type=\"hidden\" name=\"_wpcf7_recaptcha_response\" value=\"\" \/>\n<\/fieldset>\n<div class=\"content-column one_half first\">\n\t<p><label><span class=\"wpcf7-form-control-wrap\" data-name=\"nome\"><input size=\"40\" maxlength=\"400\" class=\"wpcf7-form-control wpcf7-text wpcf7-validates-as-required\" aria-required=\"true\" aria-invalid=\"false\" placeholder=\"Nome e Apelido *\" value=\"\" type=\"text\" name=\"nome\" \/><\/span><\/label>\n\t<\/p>\n<\/div>\n<div class=\"content-column one_half second\">\n\t<p><label><span class=\"wpcf7-form-control-wrap\" data-name=\"azienda\"><input size=\"40\" maxlength=\"400\" class=\"wpcf7-form-control wpcf7-text wpcf7-validates-as-required\" aria-required=\"true\" aria-invalid=\"false\" placeholder=\"Nome da Empresa\/Farm\u00e1cia *\" value=\"\" type=\"text\" name=\"azienda\" \/><\/span><\/label>\n\t<\/p>\n<\/div>\n<div class=\"content-column one_half first\">\n\t<p><label><span class=\"wpcf7-form-control-wrap\" data-name=\"indirizzo\"><input size=\"40\" maxlength=\"400\" class=\"wpcf7-form-control wpcf7-text wpcf7-validates-as-required\" aria-required=\"true\" aria-invalid=\"false\" placeholder=\"Endere\u00e7o *\" value=\"\" type=\"text\" name=\"indirizzo\" \/><\/span><\/label>\n\t<\/p>\n<\/div>\n<div class=\"content-column one_half second\">\n\t<p><label><span class=\"wpcf7-form-control-wrap\" data-name=\"citta\"><input size=\"40\" maxlength=\"400\" class=\"wpcf7-form-control wpcf7-text wpcf7-validates-as-required\" aria-required=\"true\" aria-invalid=\"false\" placeholder=\"Cidade *\" value=\"\" type=\"text\" name=\"citta\" \/><\/span><\/label>\n\t<\/p>\n<\/div>\n<div class=\"content-column one_half first\">\n\t<p><label><span class=\"wpcf7-form-control-wrap\" data-name=\"email\"><input size=\"40\" maxlength=\"400\" class=\"wpcf7-form-control wpcf7-email wpcf7-validates-as-required wpcf7-text wpcf7-validates-as-email\" aria-required=\"true\" aria-invalid=\"false\" placeholder=\"Email *\" value=\"\" type=\"email\" name=\"email\" \/><\/span><\/label>\n\t<\/p>\n<\/div>\n<div class=\"content-column one_half second\">\n\t<p><label><span class=\"wpcf7-form-control-wrap\" data-name=\"telefono\"><input size=\"40\" maxlength=\"400\" class=\"wpcf7-form-control wpcf7-tel wpcf7-text wpcf7-validates-as-tel\" aria-invalid=\"false\" placeholder=\"Telefone\" value=\"\" type=\"tel\" name=\"telefono\" \/><\/span><\/label>\n\t<\/p>\n<\/div>\n<p><label><span class=\"wpcf7-form-control-wrap\" data-name=\"messaggio\"><textarea cols=\"40\" rows=\"10\" maxlength=\"2000\" class=\"wpcf7-form-control wpcf7-textarea\" aria-invalid=\"false\" placeholder=\"Mensagem\" name=\"messaggio\"><\/textarea><\/span><\/label>\n<\/p>\n<div class=\"form-group group1\">\n\t<div class=\"col-sm-12\">\n\t\t<p><span class=\"wpcf7-form-control-wrap\" data-name=\"acceptance-57\"><span class=\"wpcf7-form-control wpcf7-acceptance\"><span class=\"wpcf7-list-item\"><input type=\"checkbox\" name=\"acceptance-57\" value=\"1\" aria-invalid=\"false\" \/><\/span><\/span><\/span>&nbsp;&nbsp;Declaro que sou maior de idade e concordo com o processamento dos meus dados, conforme indicado na <a href='\/pt\/politica-de-privacidade\/' target='_blank'>Pol\u00edtica de Privacidade<\/a>.\n\t\t<\/p>\n\t<\/div>\n\t<div class=\"col-sm-12\">\n\t\t<p><span class=\"wpcf7-form-control-wrap\" data-name=\"acceptance-58\"><span class=\"wpcf7-form-control wpcf7-acceptance optional\"><span class=\"wpcf7-list-item\"><input type=\"checkbox\" name=\"acceptance-58\" value=\"1\" aria-invalid=\"false\" \/><\/span><\/span><\/span>&nbsp;&nbsp;Autorizo o processamento dos meus dados pessoais para fins de marketing direto.\n\t\t<\/p>\n\t<\/div>\n\t<div class=\"col-sm-12\">\n\t\t<p><span class=\"wpcf7-form-control-wrap\" data-name=\"acceptance-59\"><span class=\"wpcf7-form-control wpcf7-acceptance optional\"><span class=\"wpcf7-list-item\"><input type=\"checkbox\" name=\"acceptance-59\" value=\"1\" aria-invalid=\"false\" \/><\/span><\/span><\/span>&nbsp;&nbsp;Autorizo o processamento dos meus dados pessoais para fins de defini\u00e7\u00e3o de perfis.\n\t\t<\/p>\n\t<\/div>\n\t<div class=\"col-sm-12\">\n\t\t<p><span class=\"wpcf7-form-control-wrap\" data-name=\"acceptance-60\"><span class=\"wpcf7-form-control wpcf7-acceptance optional\"><span class=\"wpcf7-list-item\"><input type=\"checkbox\" name=\"acceptance-60\" value=\"1\" aria-invalid=\"false\" \/><\/span><\/span><\/span>&nbsp;&nbsp;Autorizo o processamento dos meus dados pessoais para comunica\u00e7\u00e3o a terceiros para fins de marketing direto.\n\t\t<\/p>\n\t<\/div>\n\t<div class=\"col-sm-12\" style=\"text-align:right;\">\n\t\t<p><input class=\"wpcf7-form-control wpcf7-submit has-spinner my_btn\" type=\"submit\" value=\"ENVIAR\" \/>\n\t\t<\/p>\n\t<\/div>\n<\/div><input type='hidden' class='wpcf7-pum' value='{\"closepopup\":false,\"closedelay\":0,\"openpopup\":false,\"openpopup_id\":0}' \/><div class=\"wpcf7-response-output\" aria-hidden=\"true\"><\/div>\n<\/form>\n<\/div>\n[vc_empty_space height=&#8221;50px&#8221;][\/vc_column][\/vc_row][vc_row full_width=&#8221;stretch_row&#8221; bg_type=&#8221;bg_color&#8221; bg_override=&#8221;full&#8221; bg_color_value=&#8221;#ffffff&#8221;][vc_column][vc_empty_space height=&#8221;50px&#8221;][vc_gmaps link=&#8221;#E-8_JTNDaWZyYW1lJTIwc3JjJTNEJTIyaHR0cHMlM0ElMkYlMkZ3d3cuZ29vZ2xlLmNvbSUyRm1hcHMlMkZlbWJlZCUzRnBiJTNEJTIxMW0xOCUyMTFtMTIlMjExbTMlMjExZDMwMzUuOTk4NTI3ODU2NTA3NyUyMTJkLTMuNTg2ODA5MTIzNTk2Mzk5NSUyMTNkNDAuNDUzMTY5NTUzNDIwMDc1JTIxMm0zJTIxMWYwJTIxMmYwJTIxM2YwJTIxM20yJTIxMWkxMDI0JTIxMmk3NjglMjE0ZjEzLjElMjEzbTMlMjExbTIlMjExczB4ZDQyMmZkNWNkYjdmOWZkJTI1M0EweDIzZWQ2MzcwNmM4MzkzMjQlMjEyc0MuJTI1MjBUcmVzcGFkZXJuZSUyNTJDJTI1MjAyOSUyNTJDJTI1MjBCYXJhamFzJTI1MkMlMjUyMDI4MDQyJTI1MjBNYWRyaWQlMjUyQyUyNTIwU3BhZ25hJTIxNWUwJTIxM20yJTIxMXNpdCUyMTJzaXQlMjE0djE3NTk5OTkxMDYwNzglMjE1bTIlMjExc2l0JTIxMnNpdCUyMiUyMHdpZHRoJTNEJTIyNjAwJTIyJTIwaGVpZ2h0JTNEJTIyNDUwJTIyJTIwc3R5bGUlM0QlMjJib3JkZXIlM0EwJTNCJTIyJTIwYWxsb3dmdWxsc2NyZWVuJTNEJTIyJTIyJTIwbG9hZGluZyUzRCUyMmxhenklMjIlMjByZWZlcnJlcnBvbGljeSUzRCUyMm5vLXJlZmVycmVyLXdoZW4tZG93bmdyYWRlJTIyJTNFJTNDJTJGaWZyYW1lJTNF&#8221; css=&#8221;&#8221;][vc_empty_space height=&#8221;50px&#8221;][vc_column_text css=&#8221;&#8221;]<\/p>\n<p style=\"text-align: center;\"><strong>Sistemas de Automatizaci\u00f3n Pharmathek S.L.<\/strong><br \/>\nCalle Trespaderne, 29 | 28042 Madrid &#8211; Espa\u00f1a<br \/>\nTel. <span data-olk-copy-source=\"MessageBody\">+34 949 69 02 04<\/span><br \/>\n<a href=\"mailto:info@pharmathek.es\">info@pharmathek.es<\/a><\/p>\n<p>[\/vc_column_text][vc_empty_space height=&#8221;50px&#8221;][\/vc_column][\/vc_row]<\/p>\n<\/div>","protected":false},"excerpt":{"rendered":"<p>[vc_row full_width=&#8221;stretch_row_content&#8221; full_height=&#8221;yes&#8221; columns_placement=&#8221;bottom&#8221; bg_type=&#8221;image&#8221; parallax_style=&#8221;vcpb-default&#8221; bg_image_new=&#8221;id^1534|url^http:\/\/www.pharmathek.com\/wp-content\/uploads\/2018\/04\/pharmathek-contatti.jpg|caption^null|alt^null|title^pharmathek-contatti|description^null&#8221; bg_image_repeat=&#8221;no-repeat&#8221; bg_override=&#8221;ex-full&#8221; enable_overlay=&#8221;enable_overlay_value&#8221; overlay_color=&#8221;#000000&#8243; css=&#8221;.vc_custom_1524049377070{border-top-width: 0px !important;border-bottom-width: 0px !important;padding-top: 60px !important;padding-right: 70px !important;padding-bottom: 25px !important;padding-left: 70px !important;}&#8221;][vc_column][vc_column_text css_animation=&#8221;fadeInRight&#8221;&hellip;<\/p>\n","protected":false},"author":1,"featured_media":0,"parent":0,"menu_order":4,"comment_status":"closed","ping_status":"closed","template":"","meta":{"inline_featured_image":false,"footnotes":""},"categories":[],"tags":[],"class_list":["post-99452","page","type-page","status-publish","hentry","description-off"],"_links":{"self":[{"href":"https:\/\/www.pharmathek.com\/pt\/wp-json\/wp\/v2\/pages\/99452","targetHints":{"allow":["GET"]}}],"collection":[{"href":"https:\/\/www.pharmathek.com\/pt\/wp-json\/wp\/v2\/pages"}],"about":[{"href":"https:\/\/www.pharmathek.com\/pt\/wp-json\/wp\/v2\/types\/page"}],"author":[{"embeddable":true,"href":"https:\/\/www.pharmathek.com\/pt\/wp-json\/wp\/v2\/users\/1"}],"replies":[{"embeddable":true,"href":"https:\/\/www.pharmathek.com\/pt\/wp-json\/wp\/v2\/comments?post=99452"}],"version-history":[{"count":10,"href":"https:\/\/www.pharmathek.com\/pt\/wp-json\/wp\/v2\/pages\/99452\/revisions"}],"predecessor-version":[{"id":109982,"href":"https:\/\/www.pharmathek.com\/pt\/wp-json\/wp\/v2\/pages\/99452\/revisions\/109982"}],"wp:attachment":[{"href":"https:\/\/www.pharmathek.com\/pt\/wp-json\/wp\/v2\/media?parent=99452"}],"wp:term":[{"taxonomy":"category","embeddable":true,"href":"https:\/\/www.pharmathek.com\/pt\/wp-json\/wp\/v2\/categories?post=99452"},{"taxonomy":"post_tag","embeddable":true,"href":"https:\/\/www.pharmathek.com\/pt\/wp-json\/wp\/v2\/tags?post=99452"}],"curies":[{"name":"wp","href":"https:\/\/api.w.org\/{rel}","templated":true}]}}